{"id":544,"date":"2023-11-26T18:33:44","date_gmt":"2023-11-26T17:33:44","guid":{"rendered":"https:\/\/wordpress.nibis.de\/kgssalzh\/?page_id=544"},"modified":"2026-02-25T12:39:37","modified_gmt":"2026-02-25T11:39:37","slug":"mitarbeiterinnen","status":"publish","type":"page","link":"https:\/\/wordpress.nibis.de\/kgssalzh\/mitarbeiterinnen\/","title":{"rendered":"Mitarbeiter*innen"},"content":{"rendered":"\n<p class=\"has-text-align-center tw-mb-4 has-large-font-size\"><strong>Das Sekretariat<\/strong><\/p>\n\n\n\n<div class=\"wp-block-columns alignwide tw-cols-stack-sm is-layout-flex wp-container-core-columns-is-layout-abceabcf wp-block-columns-is-layout-flex\">\n<div class=\"wp-block-column is-layout-flow wp-block-column-is-layout-flow\">\n<figure class=\"wp-block-image size-full is-resized is-style-tw-rounded-corners\"><a href=\"https:\/\/wordpress.nibis.de\/kgssalzh\/melanie-siegesmund\/\"><img loading=\"lazy\" decoding=\"async\" width=\"1708\" height=\"2560\" src=\"https:\/\/wordpress.nibis.de\/kgssalzh\/files\/2023\/10\/2023_Personen_-Siegesmund-scaled.jpg\" alt=\"\" class=\"wp-image-384\" style=\"aspect-ratio:0.6671887235708692;object-fit:cover;width:auto;height:300px\" srcset=\"https:\/\/wordpress.nibis.de\/kgssalzh\/files\/2023\/10\/2023_Personen_-Siegesmund-scaled.jpg 1708w, https:\/\/wordpress.nibis.de\/kgssalzh\/files\/2023\/10\/2023_Personen_-Siegesmund-768x1151.jpg 768w, https:\/\/wordpress.nibis.de\/kgssalzh\/files\/2023\/10\/2023_Personen_-Siegesmund-1025x1536.jpg 1025w, https:\/\/wordpress.nibis.de\/kgssalzh\/files\/2023\/10\/2023_Personen_-Siegesmund-1367x2048.jpg 1367w\" sizes=\"auto, (max-width: 1708px) 100vw, 1708px\" \/><\/a><\/figure>\n\n\n\n<h3 class=\"wp-block-heading tw-mb-1 has-medium-font-size\">Melanie Siegesmund<\/h3>\n\n\n\n<p class=\"has-small-font-size\">Gesch\u00e4ftszimmer<\/p>\n<\/div>\n\n\n\n<div class=\"wp-block-column is-layout-flow wp-block-column-is-layout-flow\">\n<figure class=\"wp-block-image size-full is-resized is-style-tw-rounded-corners\"><img loading=\"lazy\" decoding=\"async\" width=\"1827\" height=\"2560\" src=\"https:\/\/wordpress.nibis.de\/kgssalzh\/files\/2026\/02\/Klemt-scaled.jpg\" alt=\"\" class=\"wp-image-5023\" style=\"width:auto;height:300px\" srcset=\"https:\/\/wordpress.nibis.de\/kgssalzh\/files\/2026\/02\/Klemt-scaled.jpg 1827w, https:\/\/wordpress.nibis.de\/kgssalzh\/files\/2026\/02\/Klemt-768x1076.jpg 768w, https:\/\/wordpress.nibis.de\/kgssalzh\/files\/2026\/02\/Klemt-100x140.jpg 100w, https:\/\/wordpress.nibis.de\/kgssalzh\/files\/2026\/02\/Klemt-1096x1536.jpg 1096w, https:\/\/wordpress.nibis.de\/kgssalzh\/files\/2026\/02\/Klemt-1462x2048.jpg 1462w\" sizes=\"auto, (max-width: 1827px) 100vw, 1827px\" \/><\/figure>\n\n\n\n<h3 class=\"wp-block-heading tw-mb-1 has-medium-font-size\">Elisabeth Klemt<\/h3>\n\n\n\n<p class=\"has-small-font-size\">Gesch\u00e4ftszimmer<\/p>\n<\/div>\n\n\n\n<div class=\"wp-block-column is-layout-flow wp-block-column-is-layout-flow\">\n<figure class=\"wp-block-image size-full is-resized is-style-tw-rounded-corners\"><img loading=\"lazy\" decoding=\"async\" width=\"1708\" height=\"2560\" src=\"https:\/\/wordpress.nibis.de\/kgssalzh\/files\/2024\/08\/Personen_1-scaled.jpg\" alt=\"\" class=\"wp-image-1595\" style=\"aspect-ratio:0.6671887235708692;object-fit:cover;width:auto;height:300px\" srcset=\"https:\/\/wordpress.nibis.de\/kgssalzh\/files\/2024\/08\/Personen_1-scaled.jpg 1708w, https:\/\/wordpress.nibis.de\/kgssalzh\/files\/2024\/08\/Personen_1-768x1151.jpg 768w, https:\/\/wordpress.nibis.de\/kgssalzh\/files\/2024\/08\/Personen_1-1025x1536.jpg 1025w, https:\/\/wordpress.nibis.de\/kgssalzh\/files\/2024\/08\/Personen_1-1367x2048.jpg 1367w\" sizes=\"auto, (max-width: 1708px) 100vw, 1708px\" \/><\/figure>\n\n\n\n<h3 class=\"wp-block-heading tw-mb-1 has-medium-font-size\">Katrin Gro\u00df<\/h3>\n\n\n\n<p class=\"has-small-font-size\">Sch\u00fclersekretariat<\/p>\n<\/div>\n\n\n\n<div class=\"wp-block-column is-layout-flow wp-block-column-is-layout-flow\">\n<figure class=\"wp-block-image size-full is-resized is-style-tw-rounded-corners\"><a href=\"https:\/\/wordpress.nibis.de\/kgssalzh\/sabine-fuhrmeister\/\"><img loading=\"lazy\" decoding=\"async\" width=\"1708\" height=\"2560\" src=\"https:\/\/wordpress.nibis.de\/kgssalzh\/files\/2023\/10\/2023_Personen_Fuhrmeister-scaled.jpg\" alt=\"\" class=\"wp-image-386\" style=\"aspect-ratio:0.6671887235708692;object-fit:cover;width:auto;height:300px\" srcset=\"https:\/\/wordpress.nibis.de\/kgssalzh\/files\/2023\/10\/2023_Personen_Fuhrmeister-scaled.jpg 1708w, https:\/\/wordpress.nibis.de\/kgssalzh\/files\/2023\/10\/2023_Personen_Fuhrmeister-768x1151.jpg 768w, https:\/\/wordpress.nibis.de\/kgssalzh\/files\/2023\/10\/2023_Personen_Fuhrmeister-1025x1536.jpg 1025w, https:\/\/wordpress.nibis.de\/kgssalzh\/files\/2023\/10\/2023_Personen_Fuhrmeister-1367x2048.jpg 1367w\" sizes=\"auto, (max-width: 1708px) 100vw, 1708px\" \/><\/a><\/figure>\n\n\n\n<h3 class=\"wp-block-heading tw-mb-1 has-medium-font-size\">Sabine Fuhrmeister<\/h3>\n\n\n\n<p class=\"has-small-font-size\">Sch\u00fclersekretariat<\/p>\n<\/div>\n<\/div>\n\n\n\n<p class=\"has-text-align-center tw-mb-4 has-large-font-size\"><strong>Schulsozialarbeit<\/strong><\/p>\n\n\n\n<div class=\"wp-block-columns alignwide tw-mb-0 tw-mt-0 tw-cols-stack-sm is-layout-flex wp-container-core-columns-is-layout-abceabcf wp-block-columns-is-layout-flex\">\n<div class=\"wp-block-column is-layout-flow wp-block-column-is-layout-flow\">\n<figure class=\"wp-block-image size-full is-resized is-style-tw-rounded-corners\"><img loading=\"lazy\" decoding=\"async\" width=\"400\" height=\"600\" src=\"https:\/\/wordpress.nibis.de\/kgssalzh\/files\/2026\/02\/Wonneberger.jpg\" alt=\"\" class=\"wp-image-4994\" style=\"width:302px;height:453px\" srcset=\"https:\/\/wordpress.nibis.de\/kgssalzh\/files\/2026\/02\/Wonneberger.jpg 400w, https:\/\/wordpress.nibis.de\/kgssalzh\/files\/2026\/02\/Wonneberger-100x150.jpg 100w\" sizes=\"auto, (max-width: 400px) 100vw, 400px\" \/><\/figure>\n\n\n\n<h3 class=\"wp-block-heading tw-mb-1 has-medium-font-size\">Janine Wonneberger<\/h3>\n\n\n\n<p class=\"has-small-font-size\">Sozialp\u00e4dagogin B. A.<\/p>\n<\/div>\n\n\n\n<div class=\"wp-block-column is-layout-flow wp-block-column-is-layout-flow\">\n<figure class=\"wp-block-image size-full is-resized is-style-tw-rounded-corners\"><img loading=\"lazy\" decoding=\"async\" width=\"400\" height=\"600\" src=\"https:\/\/wordpress.nibis.de\/kgssalzh\/files\/2026\/02\/Stoever.jpg\" alt=\"\" class=\"wp-image-4995\" style=\"width:304px;height:455px\" srcset=\"https:\/\/wordpress.nibis.de\/kgssalzh\/files\/2026\/02\/Stoever.jpg 400w, https:\/\/wordpress.nibis.de\/kgssalzh\/files\/2026\/02\/Stoever-100x150.jpg 100w\" sizes=\"auto, (max-width: 400px) 100vw, 400px\" \/><\/figure>\n\n\n\n<h3 class=\"wp-block-heading tw-mb-1 has-medium-font-size\">Meike St\u00f6ver<\/h3>\n\n\n\n<p class=\"has-small-font-size\">Diplom P\u00e4dagogin<\/p>\n<\/div>\n<\/div>\n\n\n\n<p class=\"has-text-align-center tw-mb-4 tw-mt-0 has-large-font-size\"><strong>P\u00e4dagogische Mitarbeiter*innen<\/strong><\/p>\n\n\n\n<div class=\"wp-block-columns alignwide tw-mb-0 tw-mt-0 tw-cols-stack-sm is-layout-flex wp-container-core-columns-is-layout-abceabcf wp-block-columns-is-layout-flex\">\n<div class=\"wp-block-column is-layout-flow wp-block-column-is-layout-flow\">\n<figure class=\"wp-block-image size-full is-style-tw-rounded-corners\"><a href=\"&#x6d;a&#x69;l&#x74;&#111;&#x3a;&#109;a&#x72;k&#x2e;&#98;&#x72;&#97;&#x6e;&#100;e&#x73;&#64;&#x6b;&#103;&#x73;&#45;&#x73;&#x61;l&#x7a;h&#x65;&#109;&#x6d;&#101;n&#x64;o&#x72;&#102;&#x2e;&#101;&#x75;\"><img loading=\"lazy\" decoding=\"async\" width=\"1717\" height=\"2560\" src=\"https:\/\/wordpress.nibis.de\/kgssalzh\/files\/2024\/02\/2023_Personen_Brandes-scaled.jpg\" alt=\"\" class=\"wp-image-1003\" srcset=\"https:\/\/wordpress.nibis.de\/kgssalzh\/files\/2024\/02\/2023_Personen_Brandes-scaled.jpg 1717w, https:\/\/wordpress.nibis.de\/kgssalzh\/files\/2024\/02\/2023_Personen_Brandes-768x1145.jpg 768w, https:\/\/wordpress.nibis.de\/kgssalzh\/files\/2024\/02\/2023_Personen_Brandes-1030x1536.jpg 1030w, https:\/\/wordpress.nibis.de\/kgssalzh\/files\/2024\/02\/2023_Personen_Brandes-1374x2048.jpg 1374w\" sizes=\"auto, (max-width: 1717px) 100vw, 1717px\" \/><\/a><\/figure>\n\n\n\n<h3 class=\"wp-block-heading tw-mb-1 has-medium-font-size\">Herr Brandes<\/h3>\n\n\n\n<p class=\"has-small-font-size\">Schulassistent und Schulbuchausleihe<\/p>\n<\/div>\n\n\n\n<div class=\"wp-block-column is-layout-flow wp-block-column-is-layout-flow\">\n<figure class=\"wp-block-image size-full is-style-tw-rounded-corners\"><a href=\"https:\/\/wordpress.nibis.de\/kgssalzh\/cafeteria\/\"><img loading=\"lazy\" decoding=\"async\" width=\"1708\" height=\"2560\" src=\"https:\/\/wordpress.nibis.de\/kgssalzh\/files\/2023\/12\/2023_Personen_Schacht-scaled.jpg\" alt=\"\" class=\"wp-image-811\" srcset=\"https:\/\/wordpress.nibis.de\/kgssalzh\/files\/2023\/12\/2023_Personen_Schacht-scaled.jpg 1708w, https:\/\/wordpress.nibis.de\/kgssalzh\/files\/2023\/12\/2023_Personen_Schacht-768x1151.jpg 768w, https:\/\/wordpress.nibis.de\/kgssalzh\/files\/2023\/12\/2023_Personen_Schacht-1025x1536.jpg 1025w, https:\/\/wordpress.nibis.de\/kgssalzh\/files\/2023\/12\/2023_Personen_Schacht-1367x2048.jpg 1367w\" sizes=\"auto, (max-width: 1708px) 100vw, 1708px\" \/><\/a><\/figure>\n\n\n\n<h3 class=\"wp-block-heading tw-mb-1 has-medium-font-size\">Frau Schacht<\/h3>\n\n\n\n<p class=\"has-small-font-size\">Mitarbeiterin Cafeteria und Hausaufgabenbetreuung<\/p>\n<\/div>\n\n\n\n<div class=\"wp-block-column is-layout-flow wp-block-column-is-layout-flow\">\n<figure class=\"wp-block-image size-full is-style-tw-rounded-corners\"><img loading=\"lazy\" decoding=\"async\" width=\"400\" height=\"600\" src=\"https:\/\/wordpress.nibis.de\/kgssalzh\/files\/2026\/02\/Tanya-1.jpg\" alt=\"\" class=\"wp-image-5001\" srcset=\"https:\/\/wordpress.nibis.de\/kgssalzh\/files\/2026\/02\/Tanya-1.jpg 400w, https:\/\/wordpress.nibis.de\/kgssalzh\/files\/2026\/02\/Tanya-1-100x150.jpg 100w\" sizes=\"auto, (max-width: 400px) 100vw, 400px\" \/><\/figure>\n\n\n\n<h3 class=\"wp-block-heading tw-mb-1 has-medium-font-size\">Frau Chebykina<\/h3>\n\n\n\n<p class=\"has-small-font-size\">F\u00f6rderung Deutsch als Zweitsprache<\/p>\n<\/div>\n\n\n\n<div class=\"wp-block-column is-layout-flow wp-block-column-is-layout-flow\">\n<figure class=\"wp-block-image size-full is-style-tw-rounded-corners\"><img loading=\"lazy\" decoding=\"async\" width=\"400\" height=\"600\" src=\"https:\/\/wordpress.nibis.de\/kgssalzh\/files\/2026\/02\/Jaeger.jpg\" alt=\"\" class=\"wp-image-5002\" srcset=\"https:\/\/wordpress.nibis.de\/kgssalzh\/files\/2026\/02\/Jaeger.jpg 400w, https:\/\/wordpress.nibis.de\/kgssalzh\/files\/2026\/02\/Jaeger-100x150.jpg 100w\" sizes=\"auto, (max-width: 400px) 100vw, 400px\" \/><\/figure>\n\n\n\n<h3 class=\"wp-block-heading tw-mb-1 has-medium-font-size\">Frau J\u00e4ger<\/h3>\n\n\n\n<p class=\"has-small-font-size\">F\u00f6rderung Deutsch als Zweitsprache<\/p>\n<\/div>\n<\/div>\n\n\n\n<div class=\"wp-block-columns alignwide tw-mb-0 tw-mt-0 tw-cols-stack-sm is-layout-flex wp-container-core-columns-is-layout-abceabcf wp-block-columns-is-layout-flex\">\n<div class=\"wp-block-column is-layout-flow wp-block-column-is-layout-flow\">\n<figure class=\"wp-block-image size-full is-style-tw-rounded-corners\"><img loading=\"lazy\" decoding=\"async\" width=\"400\" height=\"600\" src=\"https:\/\/wordpress.nibis.de\/kgssalzh\/files\/2026\/02\/Goette.jpg\" alt=\"\" class=\"wp-image-4996\" srcset=\"https:\/\/wordpress.nibis.de\/kgssalzh\/files\/2026\/02\/Goette.jpg 400w, https:\/\/wordpress.nibis.de\/kgssalzh\/files\/2026\/02\/Goette-100x150.jpg 100w\" sizes=\"auto, (max-width: 400px) 100vw, 400px\" \/><\/figure>\n\n\n\n<h3 class=\"wp-block-heading tw-mb-1 has-medium-font-size\">Herr G\u00f6tte<\/h3>\n\n\n\n<p class=\"has-small-font-size\">Nachmittagsbetreuung<\/p>\n<\/div>\n\n\n\n<div class=\"wp-block-column is-layout-flow wp-block-column-is-layout-flow\">\n<figure class=\"wp-block-image size-full is-style-tw-rounded-corners\"><img loading=\"lazy\" decoding=\"async\" width=\"400\" height=\"600\" src=\"https:\/\/wordpress.nibis.de\/kgssalzh\/files\/2026\/02\/Eisenbruger.jpg\" alt=\"\" class=\"wp-image-4997\" srcset=\"https:\/\/wordpress.nibis.de\/kgssalzh\/files\/2026\/02\/Eisenbruger.jpg 400w, https:\/\/wordpress.nibis.de\/kgssalzh\/files\/2026\/02\/Eisenbruger-100x150.jpg 100w\" sizes=\"auto, (max-width: 400px) 100vw, 400px\" \/><\/figure>\n\n\n\n<h3 class=\"wp-block-heading tw-mb-1 has-medium-font-size\">Frau Eisenburger<\/h3>\n\n\n\n<p class=\"has-small-font-size\">Hausaufgaben- und Randstundenbetreuung<\/p>\n<\/div>\n\n\n\n<div class=\"wp-block-column is-layout-flow wp-block-column-is-layout-flow\">\n<figure class=\"wp-block-image size-full is-style-tw-rounded-corners\"><img loading=\"lazy\" decoding=\"async\" width=\"400\" height=\"600\" src=\"https:\/\/wordpress.nibis.de\/kgssalzh\/files\/2026\/02\/Brockmann.jpg\" alt=\"\" class=\"wp-image-4999\" srcset=\"https:\/\/wordpress.nibis.de\/kgssalzh\/files\/2026\/02\/Brockmann.jpg 400w, https:\/\/wordpress.nibis.de\/kgssalzh\/files\/2026\/02\/Brockmann-100x150.jpg 100w\" sizes=\"auto, (max-width: 400px) 100vw, 400px\" \/><\/figure>\n\n\n\n<h3 class=\"wp-block-heading tw-mb-1 has-medium-font-size\">Frau Brockmann<\/h3>\n\n\n\n<p class=\"has-small-font-size\">Hausaufgaben- und Randstundenbetreuung<\/p>\n<\/div>\n<\/div>\n\n\n\n<p class=\"has-text-align-center tw-mb-4 tw-mt-0 has-large-font-size\"><strong>Hausmeister<\/strong><\/p>\n\n\n\n<div class=\"wp-block-columns alignwide tw-mb-0 tw-mt-0 tw-cols-stack-sm is-layout-flex wp-container-core-columns-is-layout-abceabcf wp-block-columns-is-layout-flex\">\n<div class=\"wp-block-column is-layout-flow wp-block-column-is-layout-flow\">\n<figure class=\"wp-block-image size-full is-resized is-style-tw-rounded-corners\"><a href=\"&#x6d;&#97;i&#x6c;&#x74;&#111;:&#x74;&#104;o&#x72;&#x73;&#116;e&#x6e;&#46;m&#x65;&#x69;&#98;o&#x6d;&#x40;&#107;&#x67;&#x73;&#45;s&#x61;&#x6c;&#122;h&#x65;&#109;m&#x65;&#x6e;&#100;o&#x72;&#102;&#46;&#x65;&#x75;\"><img loading=\"lazy\" decoding=\"async\" width=\"1707\" height=\"2560\" src=\"https:\/\/wordpress.nibis.de\/kgssalzh\/files\/2023\/12\/2023_Personen_Meibom-scaled.jpg\" alt=\"\" class=\"wp-image-812\" style=\"width:288px;height:431px\" srcset=\"https:\/\/wordpress.nibis.de\/kgssalzh\/files\/2023\/12\/2023_Personen_Meibom-scaled.jpg 1707w, https:\/\/wordpress.nibis.de\/kgssalzh\/files\/2023\/12\/2023_Personen_Meibom-768x1152.jpg 768w, https:\/\/wordpress.nibis.de\/kgssalzh\/files\/2023\/12\/2023_Personen_Meibom-1024x1536.jpg 1024w, https:\/\/wordpress.nibis.de\/kgssalzh\/files\/2023\/12\/2023_Personen_Meibom-1365x2048.jpg 1365w\" sizes=\"auto, (max-width: 1707px) 100vw, 1707px\" \/><\/a><\/figure>\n\n\n\n<h3 class=\"wp-block-heading tw-mb-1 has-medium-font-size\">Thorsten Meibom<\/h3>\n\n\n\n<p class=\"has-small-font-size\">Hausmeister<\/p>\n<\/div>\n\n\n\n<div class=\"wp-block-column is-layout-flow wp-block-column-is-layout-flow\">\n<figure class=\"wp-block-image size-full is-resized is-style-tw-rounded-corners\"><a href=\"&#109;&#x61;&#105;&#x6c;&#116;&#x6f;:&#x6a;u&#101;&#x72;&#103;&#x65;&#110;&#x2e;n&#x65;u&#106;&#x61;&#104;&#x72;&#64;&#x6b;&#103;&#x73;-&#x73;a&#108;&#x7a;&#104;&#x65;&#109;&#x6d;e&#x6e;d&#111;&#x72;&#102;&#x2e;&#101;&#x75;\"><img loading=\"lazy\" decoding=\"async\" width=\"1707\" height=\"2560\" src=\"https:\/\/wordpress.nibis.de\/kgssalzh\/files\/2023\/12\/2023_Personen_Neujahr-scaled.jpg\" alt=\"\" class=\"wp-image-813\" style=\"width:288px;height:432px\" srcset=\"https:\/\/wordpress.nibis.de\/kgssalzh\/files\/2023\/12\/2023_Personen_Neujahr-scaled.jpg 1707w, https:\/\/wordpress.nibis.de\/kgssalzh\/files\/2023\/12\/2023_Personen_Neujahr-768x1152.jpg 768w, https:\/\/wordpress.nibis.de\/kgssalzh\/files\/2023\/12\/2023_Personen_Neujahr-1024x1536.jpg 1024w, https:\/\/wordpress.nibis.de\/kgssalzh\/files\/2023\/12\/2023_Personen_Neujahr-1365x2048.jpg 1365w\" sizes=\"auto, (max-width: 1707px) 100vw, 1707px\" \/><\/a><\/figure>\n\n\n\n<h3 class=\"wp-block-heading tw-mb-1 has-medium-font-size\">J\u00fcrgen Neujahr<\/h3>\n\n\n\n<p class=\"has-small-font-size\">Hausmeister<\/p>\n<\/div>\n<\/div>\n","protected":false},"excerpt":{"rendered":"<p>Das Sekretariat Melanie Siegesmund Gesch\u00e4ftszimmer Elisabeth Klemt Gesch\u00e4ftszimmer Katrin Gro\u00df Sch\u00fclersekretariat Sabine Fuhrmeister Sch\u00fclersekretariat Schulsozialarbeit Janine Wonneberger Sozialp\u00e4dagogin B. A. Meike St\u00f6ver Diplom P\u00e4dagogin P\u00e4dagogische &hellip; <\/p>\n","protected":false},"author":9194300,"featured_media":0,"parent":0,"menu_order":0,"comment_status":"closed","ping_status":"closed","template":"","meta":{"footnotes":""},"class_list":["post-544","page","type-page","status-publish","hentry"],"_links":{"self":[{"href":"https:\/\/wordpress.nibis.de\/kgssalzh\/wp-json\/wp\/v2\/pages\/544","targetHints":{"allow":["GET"]}}],"collection":[{"href":"https:\/\/wordpress.nibis.de\/kgssalzh\/wp-json\/wp\/v2\/pages"}],"about":[{"href":"https:\/\/wordpress.nibis.de\/kgssalzh\/wp-json\/wp\/v2\/types\/page"}],"author":[{"embeddable":true,"href":"https:\/\/wordpress.nibis.de\/kgssalzh\/wp-json\/wp\/v2\/users\/9194300"}],"replies":[{"embeddable":true,"href":"https:\/\/wordpress.nibis.de\/kgssalzh\/wp-json\/wp\/v2\/comments?post=544"}],"version-history":[{"count":45,"href":"https:\/\/wordpress.nibis.de\/kgssalzh\/wp-json\/wp\/v2\/pages\/544\/revisions"}],"predecessor-version":[{"id":5028,"href":"https:\/\/wordpress.nibis.de\/kgssalzh\/wp-json\/wp\/v2\/pages\/544\/revisions\/5028"}],"wp:attachment":[{"href":"https:\/\/wordpress.nibis.de\/kgssalzh\/wp-json\/wp\/v2\/media?parent=544"}],"curies":[{"name":"wp","href":"https:\/\/api.w.org\/{rel}","templated":true}]}}