{"id":569,"date":"2023-11-26T18:45:58","date_gmt":"2023-11-26T17:45:58","guid":{"rendered":"https:\/\/wordpress.nibis.de\/kgssalzh\/?page_id=569"},"modified":"2024-08-04T19:32:12","modified_gmt":"2024-08-04T17:32:12","slug":"medienprofil","status":"publish","type":"page","link":"https:\/\/wordpress.nibis.de\/kgssalzh\/medienprofil\/","title":{"rendered":"Medienprofil"},"content":{"rendered":"\n<p class=\"has-text-align-center has-large-font-size\"><strong>Medienprofilschule<\/strong><\/p>\n\n\n\n<div class=\"wp-block-columns is-layout-flex wp-container-core-columns-is-layout-abceabcf wp-block-columns-is-layout-flex\">\n<div class=\"wp-block-column is-layout-flow wp-block-column-is-layout-flow\" style=\"--col-width:66.66%;flex-basis:66.66%\">\n<p>Seit 2009 beteiligt sich die KGS Salzhemmendorf an der &#8222;Landesinitiative n-21: Schulen in Niedersachsen online&#8220; und wurde mehrfach mit dem Pr\u00e4dikat &#8222;Medienprofilschule&#8220; ausgezeichnet.<\/p>\n\n\n\n<p>Das Konzept der &#8222;Notebookklassen&#8220;, an denen die Sch\u00fclerinnen und Sch\u00fcler auf Wunsch teilnehmen konnten, gen\u00fcgt mittlerweile nicht mehr den Anforderungen einer umfassenden Medienkompetenzschulung.<\/p>\n\n\n\n<p>Seit 2014 hat die Schule ihr Medienkonzept auf mobile Tabletklassen umgestellt. Nach der EDV-Grundbildung im 5. bis 7. Schuljahr erhalten nun zu ausgew\u00e4hlten Themen alle Sch\u00fclerinnen und Sch\u00fcler ab Klasse 8 in den verschiedenen F\u00e4chern eine umfassende Medienschulung.<\/p>\n\n\n\n<p>Zus\u00e4tzlich verf\u00fcgt die Schule \u00fcber zwei fest Computerr\u00e4ume; \u00fcber 40 Klassen- und Fachr\u00e4ume sind mit ActivBoards\/Beamern ausgestattet.<\/p>\n\n\n\n<p>In verschiedenen Arbeitsgemeinschaften (Alt und Jung gemeinsam: Ran an den Computer! ) k\u00f6nnen die Sch\u00fclerinnen und Sch\u00fcler ihr Grundwissen vertiefen.<\/p>\n<\/div>\n\n\n\n<div class=\"wp-block-column is-layout-flow wp-block-column-is-layout-flow\" style=\"--col-width:33.33%;flex-basis:33.33%\">\n<figure class=\"wp-block-image size-full\"><a href=\"https:\/\/wordpress.nibis.de\/kgssalzh\/frau-fischer\/\"><img loading=\"lazy\" decoding=\"async\" width=\"1700\" height=\"2560\" src=\"https:\/\/wordpress.nibis.de\/kgssalzh\/files\/2024\/08\/Personen_2023_Fischer-scaled.jpg\" alt=\"\" class=\"wp-image-1564\" srcset=\"https:\/\/wordpress.nibis.de\/kgssalzh\/files\/2024\/08\/Personen_2023_Fischer-scaled.jpg 1700w, https:\/\/wordpress.nibis.de\/kgssalzh\/files\/2024\/08\/Personen_2023_Fischer-768x1156.jpg 768w, https:\/\/wordpress.nibis.de\/kgssalzh\/files\/2024\/08\/Personen_2023_Fischer-1020x1536.jpg 1020w, https:\/\/wordpress.nibis.de\/kgssalzh\/files\/2024\/08\/Personen_2023_Fischer-1360x2048.jpg 1360w\" sizes=\"auto, (max-width: 1700px) 100vw, 1700px\" \/><\/a><figcaption>Beauftragte f\u00fcr Medienbildung Frau Fischer<\/figcaption><\/figure>\n<\/div>\n<\/div>\n\n\n\n<figure class=\"wp-block-embed is-type-video is-provider-youtube wp-block-embed-youtube wp-embed-aspect-4-3 wp-has-aspect-ratio\"><div class=\"wp-block-embed__wrapper\">\n<iframe loading=\"lazy\"  style=\"display: block; margin: 0px auto;\"  id=\"_ytid_46965\"  width=\"800\" height=\"450\"  data-origwidth=\"800\" data-origheight=\"450\" src=\"https:\/\/www.youtube.com\/embed\/OqCG2qQqeRI?enablejsapi=1&#038;autoplay=0&#038;cc_load_policy=0&#038;cc_lang_pref=&#038;iv_load_policy=1&#038;loop=0&#038;rel=1&#038;fs=1&#038;playsinline=0&#038;autohide=2&#038;theme=dark&#038;color=red&#038;controls=1&#038;disablekb=0&#038;\" class=\"__youtube_prefs__  epyt-is-override  no-lazyload\" title=\"YouTube player\"  allow=\"fullscreen; accelerometer; autoplay; clipboard-write; encrypted-media; gyroscope; picture-in-picture; web-share\" referrerpolicy=\"strict-origin-when-cross-origin\" allowfullscreen data-no-lazy=\"1\" data-skipgform_ajax_framebjll=\"\"><\/iframe>\n<\/div><\/figure>\n\n\n\n<figure class=\"wp-block-image size-full is-resized\"><img loading=\"lazy\" decoding=\"async\" src=\"https:\/\/wordpress.nibis.de\/kgssalzh\/files\/2024\/08\/EDV_MedienUnterrichtUebersicht.jpg\" alt=\"\" class=\"wp-image-1565\" width=\"914\" height=\"745\" \/><\/figure>\n","protected":false},"excerpt":{"rendered":"<p>Medienprofilschule Seit 2009 beteiligt sich die KGS Salzhemmendorf an der &#8222;Landesinitiative n-21: Schulen in Niedersachsen online&#8220; und wurde mehrfach mit dem Pr\u00e4dikat &#8222;Medienprofilschule&#8220; ausgezeichnet. Das &hellip; <\/p>\n","protected":false},"author":9194300,"featured_media":0,"parent":0,"menu_order":0,"comment_status":"closed","ping_status":"closed","template":"","meta":{"footnotes":""},"class_list":["post-569","page","type-page","status-publish","hentry"],"_links":{"self":[{"href":"https:\/\/wordpress.nibis.de\/kgssalzh\/wp-json\/wp\/v2\/pages\/569","targetHints":{"allow":["GET"]}}],"collection":[{"href":"https:\/\/wordpress.nibis.de\/kgssalzh\/wp-json\/wp\/v2\/pages"}],"about":[{"href":"https:\/\/wordpress.nibis.de\/kgssalzh\/wp-json\/wp\/v2\/types\/page"}],"author":[{"embeddable":true,"href":"https:\/\/wordpress.nibis.de\/kgssalzh\/wp-json\/wp\/v2\/users\/9194300"}],"replies":[{"embeddable":true,"href":"https:\/\/wordpress.nibis.de\/kgssalzh\/wp-json\/wp\/v2\/comments?post=569"}],"version-history":[{"count":4,"href":"https:\/\/wordpress.nibis.de\/kgssalzh\/wp-json\/wp\/v2\/pages\/569\/revisions"}],"predecessor-version":[{"id":1574,"href":"https:\/\/wordpress.nibis.de\/kgssalzh\/wp-json\/wp\/v2\/pages\/569\/revisions\/1574"}],"wp:attachment":[{"href":"https:\/\/wordpress.nibis.de\/kgssalzh\/wp-json\/wp\/v2\/media?parent=569"}],"curies":[{"name":"wp","href":"https:\/\/api.w.org\/{rel}","templated":true}]}}