{"id":577,"date":"2023-11-26T18:47:20","date_gmt":"2023-11-26T17:47:20","guid":{"rendered":"https:\/\/wordpress.nibis.de\/kgssalzh\/?page_id=577"},"modified":"2026-02-25T10:48:57","modified_gmt":"2026-02-25T09:48:57","slug":"deutsch","status":"publish","type":"page","link":"https:\/\/wordpress.nibis.de\/kgssalzh\/deutsch\/","title":{"rendered":"Deutsch"},"content":{"rendered":"\n<p class=\"has-text-align-center has-large-font-size\"><strong>Der Fachbereich Deutsch<\/strong><\/p>\n\n\n\n<div class=\"wp-block-columns is-layout-flex wp-container-core-columns-is-layout-abceabcf wp-block-columns-is-layout-flex\">\n<div class=\"wp-block-column is-layout-flow wp-block-column-is-layout-flow\" style=\"--col-width:66.66%;flex-basis:66.66%\">\n<p>Der Fachbereich Deutsch hat ein breites Veranstaltungskonzept: Beim M\u00e4rchen- und Balladenerz\u00e4hler, bei Theaterbesuchen, Autorenlesungen und Theaterworkshops k\u00f6nnen unsere Sch\u00fclerinnen und Sch\u00fcler Literatur und Sprache erleben. Und wenn sie selbst auf der B\u00fchne stehen, beim Vorlesewettbewerb oder beim Poetry Slam, werden sie sogar zu Produzentinnen und Produzenten von Kultur. Diesem Prinzip folgt auch unser Deutschunterricht, zu dessen wichtigem Bestandteil das Schaffen vielf\u00e4ltiger produktionsorientierter und kreativer Schreibanl\u00e4sse z\u00e4hlt, etwa szenische Interpretation und Rollenspiele. Grundlage sind die jeweiligen Kerncurricula, deren Kompetenzbereiche f\u00fcr alle Schulformen und Altersstufen gleich formuliert sind:<\/p>\n\n\n\n<p>\u2022&nbsp;&nbsp; Sprechen und Zuh\u00f6ren<\/p>\n\n\n\n<p>\u2022&nbsp;&nbsp; Schreiben<\/p>\n\n\n\n<p>\u2022&nbsp;&nbsp; Sprache und Sprachgebrauch untersuchen<\/p>\n\n\n\n<p>\u2022&nbsp;&nbsp; Lesen \u2013 Umgang mit Texten und Medien<\/p>\n\n\n\n<p>Darauf basieren die konkreten Unterrichtsinhalte, fachbezogenen Methoden und Arbeitstechniken unseres Deutschunterrichts. Dar\u00fcber hinaus haben wir uns die individuelle F\u00f6rderung und Forderung unserer Sch\u00fclerinnen und Sch\u00fcler auf die Fahnen geschrieben. So f\u00fchren wir z.B. im f\u00fcnften Jahrgang die Online-Diagnose durch und erstellen, ausgehend von den Ergebnisse, f\u00fcr jede Sch\u00fclerin und jeden Sch\u00fcler individuelles Arbeitsmaterial.<\/p>\n<\/div>\n\n\n\n<div class=\"wp-block-column is-layout-flow wp-block-column-is-layout-flow\" style=\"--col-width:33.33%;flex-basis:33.33%\">\n<figure class=\"wp-block-image size-full\"><a href=\"https:\/\/wordpress.nibis.de\/kgssalzh\/sina-deiss\/\"><img loading=\"lazy\" decoding=\"async\" width=\"400\" height=\"600\" src=\"https:\/\/wordpress.nibis.de\/kgssalzh\/files\/2026\/02\/Dei.jpg\" alt=\"\" class=\"wp-image-5006\" srcset=\"https:\/\/wordpress.nibis.de\/kgssalzh\/files\/2026\/02\/Dei.jpg 400w, https:\/\/wordpress.nibis.de\/kgssalzh\/files\/2026\/02\/Dei-100x150.jpg 100w\" sizes=\"auto, (max-width: 400px) 100vw, 400px\" \/><\/a><figcaption class=\"wp-element-caption\">Fachbereichsleitung: Frau Dei\u00df<\/figcaption><\/figure>\n\n\n\n<figure class=\"wp-block-embed is-type-video is-provider-youtube wp-block-embed-youtube wp-embed-aspect-4-3 wp-has-aspect-ratio\"><div class=\"wp-block-embed__wrapper\">\n<iframe loading=\"lazy\"  style=\"display: block; margin: 0px auto;\"  id=\"_ytid_92164\"  width=\"800\" height=\"450\"  data-origwidth=\"800\" data-origheight=\"450\" src=\"https:\/\/www.youtube.com\/embed\/JgkE-TqshUE?enablejsapi=1&#038;autoplay=0&#038;cc_load_policy=0&#038;cc_lang_pref=&#038;iv_load_policy=1&#038;loop=0&#038;rel=1&#038;fs=1&#038;playsinline=0&#038;autohide=2&#038;theme=dark&#038;color=red&#038;controls=1&#038;disablekb=0&#038;\" class=\"__youtube_prefs__  epyt-is-override  no-lazyload\" title=\"YouTube player\"  allow=\"fullscreen; accelerometer; autoplay; clipboard-write; encrypted-media; gyroscope; picture-in-picture; web-share\" referrerpolicy=\"strict-origin-when-cross-origin\" allowfullscreen data-no-lazy=\"1\" data-skipgform_ajax_framebjll=\"\"><\/iframe>\n<\/div><\/figure>\n<\/div>\n<\/div>\n\n\n\n<p class=\"has-text-align-center has-background has-large-font-size\" style=\"background-color:#a8d18e\">Berichte aus dem Fachbereich Deutsch<\/p>\n\n\n<ul class=\"wp-block-latest-posts__list is-grid columns-4 has-dates alignwide tw-heading-size-small tw-img-ratio-3-2 tw-stretched-link wp-block-latest-posts\"><li><div class=\"wp-block-latest-posts__featured-image\"><img loading=\"lazy\" decoding=\"async\" width=\"600\" height=\"503\" src=\"https:\/\/wordpress.nibis.de\/kgssalzh\/files\/2026\/02\/Eroeffnung-Bibliothek-Foto.jpg\" class=\"attachment-large size-large wp-post-image\" alt=\"\" style=\"\" srcset=\"https:\/\/wordpress.nibis.de\/kgssalzh\/files\/2026\/02\/Eroeffnung-Bibliothek-Foto.jpg 600w, https:\/\/wordpress.nibis.de\/kgssalzh\/files\/2026\/02\/Eroeffnung-Bibliothek-Foto-100x84.jpg 100w\" sizes=\"auto, (max-width: 600px) 100vw, 600px\" \/><\/div><a class=\"wp-block-latest-posts__post-title\" href=\"https:\/\/wordpress.nibis.de\/kgssalzh\/eroeffnung-der-schulbibliothek\/\">Er\u00f6ffnung der Schulbibliothek<\/a><time datetime=\"2026-02-04T21:06:09+01:00\" class=\"wp-block-latest-posts__post-date\">4. Februar 2026<\/time><\/li>\n<li><div class=\"wp-block-latest-posts__featured-image\"><img loading=\"lazy\" decoding=\"async\" width=\"1200\" height=\"675\" src=\"https:\/\/wordpress.nibis.de\/kgssalzh\/files\/2025\/12\/20251211_Deutsch-Vorlesewettbewerb-Plakat-1200x675.jpeg\" class=\"attachment-large size-large wp-post-image\" alt=\"\" style=\"\" srcset=\"https:\/\/wordpress.nibis.de\/kgssalzh\/files\/2025\/12\/20251211_Deutsch-Vorlesewettbewerb-Plakat-1200x675.jpeg 1200w, https:\/\/wordpress.nibis.de\/kgssalzh\/files\/2025\/12\/20251211_Deutsch-Vorlesewettbewerb-Plakat-850x478.jpeg 850w, https:\/\/wordpress.nibis.de\/kgssalzh\/files\/2025\/12\/20251211_Deutsch-Vorlesewettbewerb-Plakat-250x141.jpeg 250w\" sizes=\"auto, (max-width: 1200px) 100vw, 1200px\" \/><\/div><a class=\"wp-block-latest-posts__post-title\" href=\"https:\/\/wordpress.nibis.de\/kgssalzh\/magische-momente-in-der-weihnachtszeit\/\">Magische Momente in der Weihnachtszeit<\/a><time datetime=\"2025-12-11T12:44:44+01:00\" class=\"wp-block-latest-posts__post-date\">11. Dezember 2025<\/time><\/li>\n<li><div class=\"wp-block-latest-posts__featured-image\"><img loading=\"lazy\" decoding=\"async\" width=\"1200\" height=\"675\" src=\"https:\/\/wordpress.nibis.de\/kgssalzh\/files\/2025\/12\/IMG_7964-1200x675.jpeg\" class=\"attachment-large size-large wp-post-image\" alt=\"\" style=\"\" srcset=\"https:\/\/wordpress.nibis.de\/kgssalzh\/files\/2025\/12\/IMG_7964-1200x675.jpeg 1200w, https:\/\/wordpress.nibis.de\/kgssalzh\/files\/2025\/12\/IMG_7964-850x478.jpeg 850w, https:\/\/wordpress.nibis.de\/kgssalzh\/files\/2025\/12\/IMG_7964-250x141.jpeg 250w\" sizes=\"auto, (max-width: 1200px) 100vw, 1200px\" \/><\/div><a class=\"wp-block-latest-posts__post-title\" href=\"https:\/\/wordpress.nibis.de\/kgssalzh\/bundesweiter-vorlesetag-an-der-kgs-salzhemmendorf-ein-tag-voller-geschichten-staunen-und-fluegelgeklapper\/\">Bundesweiter Vorlesetag an der KGS Salzhemmendorf \u2013 Ein Tag voller Geschichten, Staunen und Fl\u00fcgelgeklapper<\/a><time datetime=\"2025-12-09T19:57:33+01:00\" class=\"wp-block-latest-posts__post-date\">9. Dezember 2025<\/time><\/li>\n<li><div class=\"wp-block-latest-posts__featured-image\"><img loading=\"lazy\" decoding=\"async\" width=\"900\" height=\"675\" src=\"https:\/\/wordpress.nibis.de\/kgssalzh\/files\/2024\/12\/20241205-Stimmung-900x675.jpg\" class=\"attachment-large size-large wp-post-image\" alt=\"\" style=\"\" \/><\/div><a class=\"wp-block-latest-posts__post-title\" href=\"https:\/\/wordpress.nibis.de\/kgssalzh\/vorlesewettbewerb-2024-an-der-kgs-salzhemmendorf-ein-spannender-wettstreit-der-sechsten-klassen\/\">Vorlesewettbewerb 2024 an der KGS Salzhemmendorf: Ein spannender Wettstreit der sechsten Klassen<\/a><time datetime=\"2024-12-05T12:21:45+01:00\" class=\"wp-block-latest-posts__post-date\">5. Dezember 2024<\/time><\/li>\n<\/ul>","protected":false},"excerpt":{"rendered":"<p>Der Fachbereich Deutsch Der Fachbereich Deutsch hat ein breites Veranstaltungskonzept: Beim M\u00e4rchen- und Balladenerz\u00e4hler, bei Theaterbesuchen, Autorenlesungen und Theaterworkshops k\u00f6nnen unsere Sch\u00fclerinnen und Sch\u00fcler Literatur &hellip; <\/p>\n","protected":false},"author":9194300,"featured_media":0,"parent":0,"menu_order":0,"comment_status":"closed","ping_status":"closed","template":"","meta":{"footnotes":""},"class_list":["post-577","page","type-page","status-publish","hentry"],"_links":{"self":[{"href":"https:\/\/wordpress.nibis.de\/kgssalzh\/wp-json\/wp\/v2\/pages\/577","targetHints":{"allow":["GET"]}}],"collection":[{"href":"https:\/\/wordpress.nibis.de\/kgssalzh\/wp-json\/wp\/v2\/pages"}],"about":[{"href":"https:\/\/wordpress.nibis.de\/kgssalzh\/wp-json\/wp\/v2\/types\/page"}],"author":[{"embeddable":true,"href":"https:\/\/wordpress.nibis.de\/kgssalzh\/wp-json\/wp\/v2\/users\/9194300"}],"replies":[{"embeddable":true,"href":"https:\/\/wordpress.nibis.de\/kgssalzh\/wp-json\/wp\/v2\/comments?post=577"}],"version-history":[{"count":10,"href":"https:\/\/wordpress.nibis.de\/kgssalzh\/wp-json\/wp\/v2\/pages\/577\/revisions"}],"predecessor-version":[{"id":5014,"href":"https:\/\/wordpress.nibis.de\/kgssalzh\/wp-json\/wp\/v2\/pages\/577\/revisions\/5014"}],"wp:attachment":[{"href":"https:\/\/wordpress.nibis.de\/kgssalzh\/wp-json\/wp\/v2\/media?parent=577"}],"curies":[{"name":"wp","href":"https:\/\/api.w.org\/{rel}","templated":true}]}}