{"id":579,"date":"2023-11-26T18:47:40","date_gmt":"2023-11-26T17:47:40","guid":{"rendered":"https:\/\/wordpress.nibis.de\/kgssalzh\/?page_id=579"},"modified":"2026-02-25T10:47:29","modified_gmt":"2026-02-25T09:47:29","slug":"fremdsprachen","status":"publish","type":"page","link":"https:\/\/wordpress.nibis.de\/kgssalzh\/fremdsprachen\/","title":{"rendered":"Fremdsprachen"},"content":{"rendered":"\n<p class=\"has-text-align-center has-large-font-size\"><strong>Der Fachbereich Fremdsprachen<\/strong><\/p>\n\n\n\n<div class=\"wp-block-columns is-layout-flex wp-container-core-columns-is-layout-abceabcf wp-block-columns-is-layout-flex\">\n<div class=\"wp-block-column is-layout-flow wp-block-column-is-layout-flow\" style=\"--col-width:66.66%;flex-basis:66.66%\">\n<p>Der Fachbereich Fremdsprachen erm\u00f6glicht unseren Sch\u00fclern, Sprachkompetenzen in Englisch, Franz\u00f6sisch, Latein und Spanisch zu erwerben. Dabei wird Englisch als fortgef\u00fchrte Fremdsprache aus der Grundschule in allen&nbsp; drei Schulzweigen unterrichtet. Ab Klasse 6 stehen Franz\u00f6sisch oder Latein als verpflichtende zweite Fremdsprache im Gymnasialschulzweig zur Auswahl. Franz\u00f6sisch kann auch als Wahlpflichtfach im Realschulzweig gew\u00e4hlt werden. Im Rahmen des Wahlpfichtunterrichts ab Klasse 8 kann Spanisch als Wahlpflichtfach angew\u00e4hlt werden.<\/p>\n\n\n\n<p>In der Oberstufe k\u00f6nnen Latein, Franz\u00f6sisch oder Spanisch als neu einsetzende oder als dritte Fremdsprache belegt werden. In Latein kann das \u201eKleine Latinum\u201c, das \u201eLatinum\u201c oder das \u201eGro\u00dfe Latinum\u201c abgelegt werden \u2013 je nach Belegung und nach Erf\u00fcllung bestimmter Vorgaben.<\/p>\n\n\n\n<p>Besondere M\u00f6glichkeiten f\u00fcr den modernen Fremdsprachenunterricht ergeben sich durch die gute Ausstattung unserer Schule mit Beamerm und Active-Boards. So kann auch im Hinblick auf die neue Kompetenzorientierung das Seh- und&nbsp; H\u00f6rverstehen besonders gut sowohl mit lehrwerksbezogener Unterrichtssoftware als auch mit authentischem&nbsp; Material geschult werden.<\/p>\n\n\n\n<p>Weitere Schwerpunkte bilden verschiedene Projekte, wie z.B. der Frankreichaustausch und der Austausch mit den Niederlanden.&nbsp; Auch schulzweig\u00fcbergreifende Arbeitsgemeinschaften f\u00fcr Franz\u00f6sisch als Zusatzunterricht (Erwerb des Sprachzertifikats \u201eDELF\u201c) und Spanisch f\u00fcr Anf\u00e4nger ab Klasse 7 sowie das einmal im Jahr durchgef\u00fchrte \u201eSprachendorf\u201c im gesamten 8. Jahrgang sind fester Bestandteil des Bereichs Fremdsprachen.<\/p>\n\n\n\n<p><\/p>\n\n\n\n<p><\/p>\n<\/div>\n\n\n\n<div class=\"wp-block-column is-layout-flow wp-block-column-is-layout-flow\" style=\"--col-width:33.33%;flex-basis:33.33%\">\n<figure class=\"wp-block-image size-full\"><img loading=\"lazy\" decoding=\"async\" width=\"800\" height=\"400\" src=\"https:\/\/wordpress.nibis.de\/kgssalzh\/files\/2023\/10\/LogoName.png\" alt=\"\" class=\"wp-image-61\" srcset=\"https:\/\/wordpress.nibis.de\/kgssalzh\/files\/2023\/10\/LogoName.png 800w, https:\/\/wordpress.nibis.de\/kgssalzh\/files\/2023\/10\/LogoName-768x384.png 768w\" sizes=\"auto, (max-width: 800px) 100vw, 800px\" \/><figcaption class=\"wp-element-caption\">Fachbereichsleitung: vakant<\/figcaption><\/figure>\n\n\n\n<figure class=\"wp-block-embed is-type-video is-provider-youtube wp-block-embed-youtube wp-embed-aspect-16-9 wp-has-aspect-ratio\"><div class=\"wp-block-embed__wrapper\">\n<iframe loading=\"lazy\"  style=\"display: block; margin: 0px auto;\"  id=\"_ytid_83642\"  width=\"800\" height=\"450\"  data-origwidth=\"800\" data-origheight=\"450\" src=\"https:\/\/www.youtube.com\/embed\/qdkN07kCAnI?enablejsapi=1&#038;autoplay=0&#038;cc_load_policy=0&#038;cc_lang_pref=&#038;iv_load_policy=1&#038;loop=0&#038;rel=1&#038;fs=1&#038;playsinline=0&#038;autohide=2&#038;theme=dark&#038;color=red&#038;controls=1&#038;disablekb=0&#038;\" class=\"__youtube_prefs__  epyt-is-override  no-lazyload\" title=\"YouTube player\"  allow=\"fullscreen; accelerometer; autoplay; clipboard-write; encrypted-media; gyroscope; picture-in-picture; web-share\" referrerpolicy=\"strict-origin-when-cross-origin\" allowfullscreen data-no-lazy=\"1\" data-skipgform_ajax_framebjll=\"\"><\/iframe>\n<\/div><\/figure>\n<\/div>\n<\/div>\n\n\n\n<div class=\"wp-block-columns is-layout-flex wp-container-core-columns-is-layout-abceabcf wp-block-columns-is-layout-flex\">\n<div class=\"wp-block-column is-layout-flow wp-block-column-is-layout-flow\">\n<div class=\"wp-block-file\"><a id=\"wp-block-file--media-87f50ee2-a57c-4e43-bcb6-d02c3bdef854\" href=\"https:\/\/wordpress.nibis.de\/kgssalzh\/files\/2024\/02\/Fremdsprache_2024_02_04_Flyer-2024-Fremdsprachen_komplett_Homepage.pdf\">Flyer Fremdsprachen<\/a><a href=\"https:\/\/wordpress.nibis.de\/kgssalzh\/files\/2024\/02\/Fremdsprache_2024_02_04_Flyer-2024-Fremdsprachen_komplett_Homepage.pdf\" class=\"wp-block-file__button wp-element-button\" download aria-describedby=\"wp-block-file--media-87f50ee2-a57c-4e43-bcb6-d02c3bdef854\">Herunterladen<\/a><\/div>\n<\/div>\n\n\n\n<div class=\"wp-block-column is-layout-flow wp-block-column-is-layout-flow\">\n<div class=\"wp-block-file\"><a id=\"wp-block-file--media-c6c81145-ba46-47bf-b949-e51019d0ff72\" href=\"https:\/\/wordpress.nibis.de\/kgssalzh\/files\/2024\/02\/Fremdsprache_2024_02_04_Konzept-Fachbereich-Fremdsprachen-Stand-26-01-24.pdf\">Konzept Fremdsprachen<\/a><a href=\"https:\/\/wordpress.nibis.de\/kgssalzh\/files\/2024\/02\/Fremdsprache_2024_02_04_Konzept-Fachbereich-Fremdsprachen-Stand-26-01-24.pdf\" class=\"wp-block-file__button wp-element-button\" download aria-describedby=\"wp-block-file--media-c6c81145-ba46-47bf-b949-e51019d0ff72\">Herunterladen<\/a><\/div>\n<\/div>\n\n\n\n<div class=\"wp-block-column is-layout-flow wp-block-column-is-layout-flow\"><\/div>\n<\/div>\n\n\n\n<div class=\"wp-block-columns is-layout-flex wp-container-core-columns-is-layout-abceabcf wp-block-columns-is-layout-flex\">\n<div class=\"wp-block-column has-background is-layout-flow wp-block-column-is-layout-flow\" style=\"background-color:#a8d18e\">\n<p class=\"has-text-align-center\"><strong>Englisch<\/strong><\/p>\n<\/div>\n\n\n\n<div class=\"wp-block-column has-background is-layout-flow wp-block-column-is-layout-flow\" style=\"background-color:#a8d18e\">\n<p class=\"has-text-align-center\"><strong>Franz\u00f6sisch<\/strong><\/p>\n<\/div>\n\n\n\n<div class=\"wp-block-column has-background is-layout-flow wp-block-column-is-layout-flow\" style=\"background-color:#a8d18e\">\n<p class=\"has-text-align-center\"><strong>Latein<\/strong><\/p>\n<\/div>\n\n\n\n<div class=\"wp-block-column has-background is-layout-flow wp-block-column-is-layout-flow\" style=\"background-color:#a8d18e\">\n<p class=\"has-text-align-center\"><strong>Spanisch<\/strong><\/p>\n<\/div>\n<\/div>\n\n\n\n<div class=\"wp-block-columns is-layout-flex wp-container-core-columns-is-layout-abceabcf wp-block-columns-is-layout-flex\">\n<div class=\"wp-block-column is-layout-flow wp-block-column-is-layout-flow\">\n<p>Bei uns, als&#8230;.<\/p>\n\n\n\n<ul class=\"wp-block-list\">\n<li>&#8230; erste Fremdsprache in allen Schulzweigen von Klasse 6 bs 11.<\/li>\n<\/ul>\n<\/div>\n\n\n\n<div class=\"wp-block-column is-layout-flow wp-block-column-is-layout-flow\">\n<p>Wer Franz\u00f6sisch lernt, kann sich nicht nur in unseren Nachbarl\u00e4ndern verst\u00e4ndigen. Franz\u00f6sisch ist eine internationale Sprache, auch au\u00dferhalb Europas. Es ist die Amts- und Verkehrssprache in vielen L\u00e4ndern der Welt und bietet damit nicht nur einen Einblick in eine andere Kultur, sondern auch bessere Chancen im Beruf.<\/p>\n\n\n\n<p>Bei uns, als&#8230;.<\/p>\n\n\n\n<ul class=\"wp-block-list\">\n<li>&#8230;zweite Fremdsprache ab Klasse 6 im Realschulzweig<\/li>\n\n\n\n<li>&#8230;zweite Fremdsprache ab Klasse 6 im Gymnasialzweig<\/li>\n\n\n\n<li>&#8230;neu beginnende Fremdsprache ab Klasse 11 (als 2. oder 3. Fremdsprache)<\/li>\n\n\n\n<li>&#8230;AG-Angebot mit der M\u00f6glichkeit, ein Sprachzertifikat zu erwerben<\/li>\n\n\n\n<li>&#8230; Wahlpflichtangebot \u201eEntdecke Frankreich\u201c im Realschulzweig<\/li>\n<\/ul>\n<\/div>\n\n\n\n<div class=\"wp-block-column is-layout-flow wp-block-column-is-layout-flow\">\n<p><strong>AUDIO &#8211; VIDEO &#8211; DISCO<\/strong><\/p>\n\n\n\n<p>\u201eIch h\u00f6re, sehe und lerne.\u201c Diese drei W\u00f6rter befanden sich \u00fcber dem Eingang einer r\u00f6mischen Schule.<\/p>\n\n\n\n<p>Schon dieses Beispiel zeigt, wie sehr unsere Alltagssprache von der lateinischen Sprache gepr\u00e4gt ist. Aber Latein ist noch viel mehr. Latein war und ist die Sprache der Wissenschaft. Das Vokabular der Geistes- und Naturwissenschaften, der Technik und Wirtschaft ist in der Regel lateinischer Herkunft.<\/p>\n\n\n\n<p>Bei uns, als&#8230;.<\/p>\n\n\n\n<ul class=\"wp-block-list\">\n<li>&#8230;zweite Fremdsprache ab Klasse 6 im Realschulzweig<\/li>\n\n\n\n<li>&#8230;zweite Fremdsprache ab Klasse 6 im Gymnasialzweig<\/li>\n\n\n\n<li>&#8230;neu beginnende Fremdsprache ab Klasse 11 (als 2. oder 3. Fremdsprache)<\/li>\n<\/ul>\n<\/div>\n\n\n\n<div class=\"wp-block-column is-layout-flow wp-block-column-is-layout-flow\">\n<p>Spanisch ist Muttersprache von ca. 500 Millionen Menschen auf vier Erdteilen und ist so neben Mandarin und Englisch eine der meistgesprochenen Sprachen der Welt. Als Welthandels- und Konferenzsprache gewinnt Spanisch zunehmend an Bedeutung, ist UNO-Sprache und als Amts- und Verkehrssprache in vielen anderen internationalen Organisationen vertreten. Auch durch Urlaube, Fu\u00dfball oder zum Beispiel popul\u00e4re Musik gewinnt Spanisch an Attraktivit\u00e4t.<\/p>\n\n\n\n<p>Bei uns, als&#8230;.<\/p>\n\n\n\n<ul class=\"wp-block-list\">\n<li>&#8230;neu beginnende Fremdsprache ab Klasse 11 (als 2. oder 3. Fremdsprache)<\/li>\n\n\n\n<li>&#8230; Wahlpflichtangebot Jahrgang 8<\/li>\n<\/ul>\n<\/div>\n<\/div>\n\n\n\n<p class=\"has-text-align-center has-background has-large-font-size\" style=\"background-color:#a8d18e\">Berichte aus dem Fachbereich Fremdsprachen<\/p>\n\n\n<ul class=\"wp-block-latest-posts__list is-grid columns-4 has-dates alignwide tw-heading-size-small tw-img-ratio-3-2 tw-stretched-link wp-block-latest-posts\"><li><div class=\"wp-block-latest-posts__featured-image\"><img loading=\"lazy\" decoding=\"async\" width=\"600\" height=\"675\" src=\"https:\/\/wordpress.nibis.de\/kgssalzh\/files\/2026\/03\/20260316_Sprachendorf-Anflug-600x675.jpg\" class=\"attachment-large size-large wp-post-image\" alt=\"\" style=\"\" \/><\/div><a class=\"wp-block-latest-posts__post-title\" href=\"https:\/\/wordpress.nibis.de\/kgssalzh\/sprachendorf-an-der-kgs-salzhemmendorf-eine-reise-nach-hollywood\/\">Sprachendorf an der KGS Salzhemmendorf: Eine Reise nach Hollywood<\/a><time datetime=\"2026-03-16T10:33:46+01:00\" class=\"wp-block-latest-posts__post-date\">16. M\u00e4rz 2026<\/time><\/li>\n<li><div class=\"wp-block-latest-posts__featured-image\"><img loading=\"lazy\" decoding=\"async\" width=\"600\" height=\"450\" src=\"https:\/\/wordpress.nibis.de\/kgssalzh\/files\/2025\/10\/Kennlernspiele.jpg\" class=\"attachment-large size-large wp-post-image\" alt=\"\" style=\"\" \/><\/div><a class=\"wp-block-latest-posts__post-title\" href=\"https:\/\/wordpress.nibis.de\/kgssalzh\/unser-frankreich-austausch-vom-29-09-07-10-25\/\">Unser Frankreich-Austausch vom 29.09.\u201307.10.25<\/a><time datetime=\"2025-10-09T12:47:09+02:00\" class=\"wp-block-latest-posts__post-date\">9. Oktober 2025<\/time><\/li>\n<li><div class=\"wp-block-latest-posts__featured-image\"><img loading=\"lazy\" decoding=\"async\" width=\"900\" height=\"675\" src=\"https:\/\/wordpress.nibis.de\/kgssalzh\/files\/2025\/02\/Fremdsprachen_20250212-I-2-900x675.jpg\" class=\"attachment-large size-large wp-post-image\" alt=\"\" style=\"\" \/><\/div><a class=\"wp-block-latest-posts__post-title\" href=\"https:\/\/wordpress.nibis.de\/kgssalzh\/sprachendorf-2025-kurztrip-von-salzhemmendorf-nach-hollywood\/\">\u201eSprachendorf\u201c 2025 \u2013 Kurztrip von Salzhemmendorf nach Hollywood<\/a><time datetime=\"2025-02-25T09:52:30+01:00\" class=\"wp-block-latest-posts__post-date\">25. Februar 2025<\/time><\/li>\n<li><div class=\"wp-block-latest-posts__featured-image\"><img loading=\"lazy\" decoding=\"async\" width=\"900\" height=\"675\" src=\"https:\/\/wordpress.nibis.de\/kgssalzh\/files\/2024\/11\/20241113-DELF-Zetifikate.jpg\" class=\"attachment-large size-large wp-post-image\" alt=\"\" style=\"\" srcset=\"https:\/\/wordpress.nibis.de\/kgssalzh\/files\/2024\/11\/20241113-DELF-Zetifikate.jpg 900w, https:\/\/wordpress.nibis.de\/kgssalzh\/files\/2024\/11\/20241113-DELF-Zetifikate-768x576.jpg 768w\" sizes=\"auto, (max-width: 900px) 100vw, 900px\" \/><\/div><a class=\"wp-block-latest-posts__post-title\" href=\"https:\/\/wordpress.nibis.de\/kgssalzh\/erfolgreiche-uebergabe-der-delf-zertifikate-an-schueler-innen\/\">Erfolgreiche \u00dcbergabe der DELF-Zertifikate an Sch\u00fcler\/innen<\/a><time datetime=\"2024-11-15T07:07:00+01:00\" class=\"wp-block-latest-posts__post-date\">15. November 2024<\/time><\/li>\n<\/ul>","protected":false},"excerpt":{"rendered":"<p>Der Fachbereich Fremdsprachen Der Fachbereich Fremdsprachen erm\u00f6glicht unseren Sch\u00fclern, Sprachkompetenzen in Englisch, Franz\u00f6sisch, Latein und Spanisch zu erwerben. Dabei wird Englisch als fortgef\u00fchrte Fremdsprache aus &hellip; <\/p>\n","protected":false},"author":9194300,"featured_media":0,"parent":0,"menu_order":0,"comment_status":"closed","ping_status":"closed","template":"","meta":{"footnotes":""},"class_list":["post-579","page","type-page","status-publish","hentry"],"_links":{"self":[{"href":"https:\/\/wordpress.nibis.de\/kgssalzh\/wp-json\/wp\/v2\/pages\/579","targetHints":{"allow":["GET"]}}],"collection":[{"href":"https:\/\/wordpress.nibis.de\/kgssalzh\/wp-json\/wp\/v2\/pages"}],"about":[{"href":"https:\/\/wordpress.nibis.de\/kgssalzh\/wp-json\/wp\/v2\/types\/page"}],"author":[{"embeddable":true,"href":"https:\/\/wordpress.nibis.de\/kgssalzh\/wp-json\/wp\/v2\/users\/9194300"}],"replies":[{"embeddable":true,"href":"https:\/\/wordpress.nibis.de\/kgssalzh\/wp-json\/wp\/v2\/comments?post=579"}],"version-history":[{"count":18,"href":"https:\/\/wordpress.nibis.de\/kgssalzh\/wp-json\/wp\/v2\/pages\/579\/revisions"}],"predecessor-version":[{"id":5010,"href":"https:\/\/wordpress.nibis.de\/kgssalzh\/wp-json\/wp\/v2\/pages\/579\/revisions\/5010"}],"wp:attachment":[{"href":"https:\/\/wordpress.nibis.de\/kgssalzh\/wp-json\/wp\/v2\/media?parent=579"}],"curies":[{"name":"wp","href":"https:\/\/api.w.org\/{rel}","templated":true}]}}