{"id":581,"date":"2023-11-26T18:48:04","date_gmt":"2023-11-26T17:48:04","guid":{"rendered":"https:\/\/wordpress.nibis.de\/kgssalzh\/?page_id=581"},"modified":"2026-02-25T10:48:13","modified_gmt":"2026-02-25T09:48:13","slug":"g-s-w","status":"publish","type":"page","link":"https:\/\/wordpress.nibis.de\/kgssalzh\/g-s-w\/","title":{"rendered":"GSW"},"content":{"rendered":"\n<p class=\"has-text-align-center has-large-font-size\"><strong>Der Fachbereich Gesellschaftswissenschaften<\/strong><\/p>\n\n\n\n<div class=\"wp-block-columns is-layout-flex wp-container-core-columns-is-layout-abceabcf wp-block-columns-is-layout-flex\">\n<div class=\"wp-block-column is-layout-flow wp-block-column-is-layout-flow\" style=\"--col-width:66.66%;flex-basis:66.66%\">\n<p>Zum Fachbereich GSW geh\u00f6ren die <u><strong>g<\/strong><\/u>esell<strong>s<\/strong>chafts<strong>w<\/strong>issenschaftlichen Unterrichtsf\u00e4cher Geschichte, Erdkunde und Politik\/Wirtschaft, wobei diese F\u00e4cher in der Regel 1-2-st\u00fcndig ab Jahrgangstufe 5 (Politik ab Jahrgang 7) in allen Schulformen der KGS Salzhemmendorf durchgehend unterrichtet werden.<\/p>\n\n\n\n<p>Zu den zentralen Aufgaben dieser F\u00e4cher z\u00e4hlt die Vermittlung von handlungs- und problem-orientierten Kompetenzen, die die Sch\u00fcler*innen unserer Schule zu selbstst\u00e4ndigen, m\u00fcndigen und verantwortungsbewussten B\u00fcrger*innen unserer Gesellschaft machen sollen. Das Verst\u00e4ndnis historischer Zusammenh\u00e4nge und Entwicklungen, die Auseinandersetzung mit geographischen Inhalten auf lokaler, regionaler und globaler Ebene sowie die Akzeptanz demokratisch &#8211; pluralistischer Grundstrukturen unseres gesellschaftlichen Zusammenlebens und das Verst\u00e4ndnis grundlegender Wirtschaftsstrukturen und -zusammenh\u00e4nge stehen hierbei im Vordergrund p\u00e4dagogischen Handelns und einer bestm\u00f6glichen F\u00f6rderung der Sch\u00fcler*innen.<\/p>\n\n\n\n<p>Diese Zielsetzungen sollen nicht nur durch einen medial abwechslungsreichen Fachunterricht, sondern auch durch die Teilnahme an Sch\u00fclerwettbewerben, wie zum Beispiel der regelm\u00e4\u00dfigen Teilnahme (von zuletzt ca. 500 Sch\u00fcler*innen) am Geographie-Wissen-Wettbewerb, an Projekten (z. B. der Aufarbeitung des Schicksals sowjetischer Kriegsgefangener in Salzhemmendorf) und&nbsp; politischen Diskussionen (z.B. Podiumsdiskussion mit lokalen Politikern aller Parteien zur letzten Landratswahl), um nur einige j\u00fcngere Beispiele zu nennen, erreicht werden.<\/p>\n\n\n\n<p>Auch das Lernen an au\u00dferschulischen Lernorten ist integraler Bestandteil des Fachbereiches GSW, um den Sch\u00fcler*innen \u201eoriginale Begegnungen\u201c erfahrbar zu machen und Lernprozesse in Gang zu setzen und nachhaltiges, individuelles Lernen zu unterst\u00fctzen. Innerhalb unseres Exkursions-konzeptes werden z. B. Exkursionen zum Ort der Varusschlacht, zu unterschiedliche KZ-Gedenkst\u00e4tten, wie z. B. Bergen-Belsen oder Mohringen, zum Klimahaus in Bremerhaven, zum Landtag in Hannover sowie in der Sekundarstufe II mehrt\u00e4gige Exkursionen zum Bundestag und unterschiedlichen Museen in Berlin und auch geographische Exkursionen, z. B. in vom Strukturwandel betroffene Regionen Ostdeutschlands durchgef\u00fchrt, die den Sch\u00fcler*innen h\u00e4ufig lange positiv in Erinnerung bleiben.<\/p>\n\n\n\n<p>In regelm\u00e4\u00dfig stattfindenden Fachbereichskonferenzen und Dienstbesprechungen werden h\u00e4ufig auch Fachreferenten eingeladen, um aktuelle Impulse f\u00fcr die Weiterentwicklung im Fachbereich GSW zu erhalten. Ein Fachraum mit einer Sammlung aktueller Unterrichtsmaterialien steht den Kolleg*innen zur Verf\u00fcgung.<\/p>\n\n\n\n<p>Der Fachbereichsleiter GSW ist Herr Vieting.<\/p>\n<\/div>\n\n\n\n<div class=\"wp-block-column is-layout-flow wp-block-column-is-layout-flow\" style=\"--col-width:33.33%;flex-basis:33.33%\">\n<figure class=\"wp-block-image size-full\"><a href=\"https:\/\/wordpress.nibis.de\/kgssalzh\/jens-vieting\/\"><img loading=\"lazy\" decoding=\"async\" width=\"400\" height=\"600\" src=\"https:\/\/wordpress.nibis.de\/kgssalzh\/files\/2026\/02\/Vi.jpg\" alt=\"\" class=\"wp-image-5011\" srcset=\"https:\/\/wordpress.nibis.de\/kgssalzh\/files\/2026\/02\/Vi.jpg 400w, https:\/\/wordpress.nibis.de\/kgssalzh\/files\/2026\/02\/Vi-100x150.jpg 100w\" sizes=\"auto, (max-width: 400px) 100vw, 400px\" \/><\/a><figcaption class=\"wp-element-caption\">Fachbereichsleitung: Herr Vieting<\/figcaption><\/figure>\n\n\n\n<figure class=\"wp-block-embed is-type-video is-provider-youtube wp-block-embed-youtube wp-embed-aspect-16-9 wp-has-aspect-ratio\"><div class=\"wp-block-embed__wrapper\">\n<iframe loading=\"lazy\"  style=\"display: block; margin: 0px auto;\"  id=\"_ytid_54302\"  width=\"800\" height=\"450\"  data-origwidth=\"800\" data-origheight=\"450\" src=\"https:\/\/www.youtube.com\/embed\/MSo1GBJ86iU?enablejsapi=1&#038;autoplay=0&#038;cc_load_policy=0&#038;cc_lang_pref=&#038;iv_load_policy=1&#038;loop=0&#038;rel=1&#038;fs=1&#038;playsinline=0&#038;autohide=2&#038;theme=dark&#038;color=red&#038;controls=1&#038;disablekb=0&#038;\" class=\"__youtube_prefs__  epyt-is-override  no-lazyload\" title=\"YouTube player\"  allow=\"fullscreen; accelerometer; autoplay; clipboard-write; encrypted-media; gyroscope; picture-in-picture; web-share\" referrerpolicy=\"strict-origin-when-cross-origin\" allowfullscreen data-no-lazy=\"1\" data-skipgform_ajax_framebjll=\"\"><\/iframe>\n<\/div><\/figure>\n<\/div>\n<\/div>\n\n\n\n<p class=\"has-text-align-center has-background has-large-font-size\" style=\"background-color:#a8d18e\">Berichte aus dem Fachbereich GSW<\/p>\n\n\n<ul class=\"wp-block-latest-posts__list is-grid columns-4 has-dates alignwide tw-heading-size-small tw-img-ratio-3-2 tw-stretched-link wp-block-latest-posts\"><li><div class=\"wp-block-latest-posts__featured-image\"><img loading=\"lazy\" decoding=\"async\" width=\"900\" height=\"675\" src=\"https:\/\/wordpress.nibis.de\/kgssalzh\/files\/2025\/07\/GSW20250630-VII-900x675.jpg\" class=\"attachment-large size-large wp-post-image\" alt=\"\" style=\"\" \/><\/div><a class=\"wp-block-latest-posts__post-title\" href=\"https:\/\/wordpress.nibis.de\/kgssalzh\/projekttage-demokratie-freiheit-frieden-am-30-06-und-01-07-2025\/\">Projekttage &#8220; Demokratie \/Freiheit \/ Frieden&#8220; am 30.06. und 01.07.2025<\/a><time datetime=\"2025-07-14T21:52:00+02:00\" class=\"wp-block-latest-posts__post-date\">14. Juli 2025<\/time><\/li>\n<li><div class=\"wp-block-latest-posts__featured-image\"><img loading=\"lazy\" decoding=\"async\" width=\"900\" height=\"599\" src=\"https:\/\/wordpress.nibis.de\/kgssalzh\/files\/2025\/06\/20250620_GSW_Gruppenfoto.jpg\" class=\"attachment-large size-large wp-post-image\" alt=\"\" style=\"\" srcset=\"https:\/\/wordpress.nibis.de\/kgssalzh\/files\/2025\/06\/20250620_GSW_Gruppenfoto.jpg 900w, https:\/\/wordpress.nibis.de\/kgssalzh\/files\/2025\/06\/20250620_GSW_Gruppenfoto-768x511.jpg 768w, https:\/\/wordpress.nibis.de\/kgssalzh\/files\/2025\/06\/20250620_GSW_Gruppenfoto-700x465.jpg 700w\" sizes=\"auto, (max-width: 900px) 100vw, 900px\" \/><\/div><a class=\"wp-block-latest-posts__post-title\" href=\"https:\/\/wordpress.nibis.de\/kgssalzh\/umweltminister-christian-meyer-zeichnet-zehn-niedersaechsische-schulen-fuer-klimaschutz-engagement-aus\/\">Umweltminister Christian Meyer zeichnet zehn nieders\u00e4chsische Schulen f\u00fcr Klimaschutz-Engagement aus<\/a><time datetime=\"2025-06-20T08:42:26+02:00\" class=\"wp-block-latest-posts__post-date\">20. Juni 2025<\/time><\/li>\n<li><div class=\"wp-block-latest-posts__featured-image\"><img loading=\"lazy\" decoding=\"async\" width=\"1200\" height=\"675\" src=\"https:\/\/wordpress.nibis.de\/kgssalzh\/files\/2025\/06\/MittelbauDora-scaled-e1750344179725-1200x675.jpg\" class=\"attachment-large size-large wp-post-image\" alt=\"\" style=\"\" srcset=\"https:\/\/wordpress.nibis.de\/kgssalzh\/files\/2025\/06\/MittelbauDora-scaled-e1750344179725-1200x675.jpg 1200w, https:\/\/wordpress.nibis.de\/kgssalzh\/files\/2025\/06\/MittelbauDora-scaled-e1750344179725-850x478.jpg 850w, https:\/\/wordpress.nibis.de\/kgssalzh\/files\/2025\/06\/MittelbauDora-scaled-e1750344179725-250x141.jpg 250w\" sizes=\"auto, (max-width: 1200px) 100vw, 1200px\" \/><\/div><a class=\"wp-block-latest-posts__post-title\" href=\"https:\/\/wordpress.nibis.de\/kgssalzh\/exkursion-zur-kz-gedenkstaette-mittelbau-dora-nordhausen\/\">Exkursion zur KZ-Gedenkst\u00e4tte Mittelbau-Dora (Nordhausen)<\/a><time datetime=\"2025-06-19T16:43:07+02:00\" class=\"wp-block-latest-posts__post-date\">19. Juni 2025<\/time><\/li>\n<li><div class=\"wp-block-latest-posts__featured-image\"><img loading=\"lazy\" decoding=\"async\" width=\"1200\" height=\"675\" src=\"https:\/\/wordpress.nibis.de\/kgssalzh\/files\/2025\/03\/20250324_094224-1200x675.jpg\" class=\"attachment-large size-large wp-post-image\" alt=\"\" style=\"\" srcset=\"https:\/\/wordpress.nibis.de\/kgssalzh\/files\/2025\/03\/20250324_094224-1200x675.jpg 1200w, https:\/\/wordpress.nibis.de\/kgssalzh\/files\/2025\/03\/20250324_094224-850x478.jpg 850w, https:\/\/wordpress.nibis.de\/kgssalzh\/files\/2025\/03\/20250324_094224-250x141.jpg 250w\" sizes=\"auto, (max-width: 1200px) 100vw, 1200px\" \/><\/div><a class=\"wp-block-latest-posts__post-title\" href=\"https:\/\/wordpress.nibis.de\/kgssalzh\/diercke-wissen-geographie-wettbewerb\/\">Diercke Wissen Geographie-Wettbewerb<\/a><time datetime=\"2025-03-28T10:55:56+01:00\" class=\"wp-block-latest-posts__post-date\">28. M\u00e4rz 2025<\/time><\/li>\n<\/ul>","protected":false},"excerpt":{"rendered":"<p>Der Fachbereich Gesellschaftswissenschaften Zum Fachbereich GSW geh\u00f6ren die gesellschaftswissenschaftlichen Unterrichtsf\u00e4cher Geschichte, Erdkunde und Politik\/Wirtschaft, wobei diese F\u00e4cher in der Regel 1-2-st\u00fcndig ab Jahrgangstufe 5 (Politik &hellip; <\/p>\n","protected":false},"author":9194300,"featured_media":0,"parent":0,"menu_order":0,"comment_status":"closed","ping_status":"closed","template":"","meta":{"footnotes":""},"class_list":["post-581","page","type-page","status-publish","hentry"],"_links":{"self":[{"href":"https:\/\/wordpress.nibis.de\/kgssalzh\/wp-json\/wp\/v2\/pages\/581","targetHints":{"allow":["GET"]}}],"collection":[{"href":"https:\/\/wordpress.nibis.de\/kgssalzh\/wp-json\/wp\/v2\/pages"}],"about":[{"href":"https:\/\/wordpress.nibis.de\/kgssalzh\/wp-json\/wp\/v2\/types\/page"}],"author":[{"embeddable":true,"href":"https:\/\/wordpress.nibis.de\/kgssalzh\/wp-json\/wp\/v2\/users\/9194300"}],"replies":[{"embeddable":true,"href":"https:\/\/wordpress.nibis.de\/kgssalzh\/wp-json\/wp\/v2\/comments?post=581"}],"version-history":[{"count":11,"href":"https:\/\/wordpress.nibis.de\/kgssalzh\/wp-json\/wp\/v2\/pages\/581\/revisions"}],"predecessor-version":[{"id":5012,"href":"https:\/\/wordpress.nibis.de\/kgssalzh\/wp-json\/wp\/v2\/pages\/581\/revisions\/5012"}],"wp:attachment":[{"href":"https:\/\/wordpress.nibis.de\/kgssalzh\/wp-json\/wp\/v2\/media?parent=581"}],"curies":[{"name":"wp","href":"https:\/\/api.w.org\/{rel}","templated":true}]}}