{"id":585,"date":"2023-11-26T18:48:51","date_gmt":"2023-11-26T17:48:51","guid":{"rendered":"https:\/\/wordpress.nibis.de\/kgssalzh\/?page_id=585"},"modified":"2024-07-30T17:19:18","modified_gmt":"2024-07-30T15:19:18","slug":"mu-ku-bi","status":"publish","type":"page","link":"https:\/\/wordpress.nibis.de\/kgssalzh\/mu-ku-bi\/","title":{"rendered":"MuKuBi"},"content":{"rendered":"\n<p class=\"has-text-align-center has-large-font-size\"><strong>Der Fachbereich Musisch-Kulturelle-Bildung<\/strong><\/p>\n\n\n\n<div class=\"wp-block-columns is-layout-flex wp-container-core-columns-is-layout-abceabcf wp-block-columns-is-layout-flex\">\n<div class=\"wp-block-column is-layout-flow wp-block-column-is-layout-flow\" style=\"--col-width:66.66%;flex-basis:66.66%\">\n<p>Der Fachbereich Musisch \u2013 kulturelle Bildung, kurz MukuBi genannt, umfasst die F\u00e4cher <strong>Kunst, Musik, Gestaltendes Werken, Textiles Gestalten und Darstellendes Spiel<\/strong>. Die Unterrichtsf\u00e4cher orientieren sich trotz ihrer Verschiedenheit insbesondere an der Bildenden und Darstellenden Kunst. MukuBi macht sich zum Ziel, die Sch\u00fclerinnen und Sch\u00fcler f\u00fcr kulturelles Lernen und Schaffen zu motivieren, um sie so aktiv an der Gestaltung von Kultur in unserer Gesellschaft zu beteiligen.<\/p>\n\n\n\n<p>F\u00fcr die Pers\u00f6nlichkeitsentwicklung ist die musisch-kulturelle Bildung ein enorm wichtiger Faktor. Der musisch-k\u00fcnstlerische Lernbereich bietet besondere Formen des Lernens, die neue Lernmodelle und -wege er\u00f6ffnen. Den Sch\u00fclerinnen und Sch\u00fclern sollen mithilfe des Fachbereichs MukuBi zahlreiche kulturelle Angebote gemacht werden. Eine musisch-kulturelle Ausbildung an unserer Schule bef\u00e4higt dazu, sich selbst und die Welt um sich herum besser zu verstehen und intensiver mitzugestalten.<\/p>\n<\/div>\n\n\n\n<div class=\"wp-block-column is-layout-flow wp-block-column-is-layout-flow\" style=\"--col-width:33.33%;flex-basis:33.33%\">\n<figure class=\"wp-block-image size-full\"><a href=\"https:\/\/wordpress.nibis.de\/kgssalzh\/kathrin-schwinge\/\"><img loading=\"lazy\" decoding=\"async\" width=\"1708\" height=\"2560\" src=\"https:\/\/wordpress.nibis.de\/kgssalzh\/files\/2023\/12\/2023_Personen_Schwinge-scaled.jpg\" alt=\"\" class=\"wp-image-661\" srcset=\"https:\/\/wordpress.nibis.de\/kgssalzh\/files\/2023\/12\/2023_Personen_Schwinge-scaled.jpg 1708w, https:\/\/wordpress.nibis.de\/kgssalzh\/files\/2023\/12\/2023_Personen_Schwinge-768x1151.jpg 768w, https:\/\/wordpress.nibis.de\/kgssalzh\/files\/2023\/12\/2023_Personen_Schwinge-1025x1536.jpg 1025w, https:\/\/wordpress.nibis.de\/kgssalzh\/files\/2023\/12\/2023_Personen_Schwinge-1367x2048.jpg 1367w\" sizes=\"auto, (max-width: 1708px) 100vw, 1708px\" \/><\/a><figcaption>Fachbereichsleitung: Frau Schwinge<\/figcaption><\/figure>\n\n\n\n<figure class=\"wp-block-embed is-type-video is-provider-youtube wp-block-embed-youtube wp-embed-aspect-16-9 wp-has-aspect-ratio\"><div class=\"wp-block-embed__wrapper\">\n<iframe loading=\"lazy\"  style=\"display: block; margin: 0px auto;\"  id=\"_ytid_12143\"  width=\"800\" height=\"450\"  data-origwidth=\"800\" data-origheight=\"450\" src=\"https:\/\/www.youtube.com\/embed\/LGydhkUsm5M?enablejsapi=1&#038;autoplay=0&#038;cc_load_policy=0&#038;cc_lang_pref=&#038;iv_load_policy=1&#038;loop=0&#038;rel=1&#038;fs=1&#038;playsinline=0&#038;autohide=2&#038;theme=dark&#038;color=red&#038;controls=1&#038;disablekb=0&#038;\" class=\"__youtube_prefs__  epyt-is-override  no-lazyload\" title=\"YouTube player\"  allow=\"fullscreen; accelerometer; autoplay; clipboard-write; encrypted-media; gyroscope; picture-in-picture; web-share\" referrerpolicy=\"strict-origin-when-cross-origin\" allowfullscreen data-no-lazy=\"1\" data-skipgform_ajax_framebjll=\"\"><\/iframe>\n<\/div><\/figure>\n<\/div>\n<\/div>\n\n\n\n<div class=\"wp-block-columns is-layout-flex wp-container-core-columns-is-layout-abceabcf wp-block-columns-is-layout-flex\">\n<div class=\"wp-block-column has-background is-layout-flow wp-block-column-is-layout-flow\" style=\"background-color:#a8d18e\">\n<p class=\"has-text-align-center\"><strong>Darstellendes Spiel<\/strong><\/p>\n<\/div>\n\n\n\n<div class=\"wp-block-column has-background is-layout-flow wp-block-column-is-layout-flow\" style=\"background-color:#a8d18e\">\n<p class=\"has-text-align-center\"><strong>Gestaltenes Werken<\/strong><\/p>\n<\/div>\n\n\n\n<div class=\"wp-block-column has-background is-layout-flow wp-block-column-is-layout-flow\" style=\"background-color:#a8d18e\">\n<p class=\"has-text-align-center\"><strong>Kunst<\/strong><\/p>\n<\/div>\n\n\n\n<div class=\"wp-block-column has-background is-layout-flow wp-block-column-is-layout-flow\" style=\"background-color:#a8d18e\">\n<p class=\"has-text-align-center\"><strong>Musik<\/strong><\/p>\n<\/div>\n\n\n\n<div class=\"wp-block-column has-background is-layout-flow wp-block-column-is-layout-flow\" style=\"background-color:#a8d18e\">\n<p class=\"has-text-align-center\"><strong>Textiles Gestalten<\/strong><\/p>\n<\/div>\n<\/div>\n\n\n\n<div class=\"wp-block-columns is-layout-flex wp-container-core-columns-is-layout-abceabcf wp-block-columns-is-layout-flex\">\n<div class=\"wp-block-column is-layout-flow wp-block-column-is-layout-flow\">\n<p>Das hat doch so etwas mit Theater zu tun, oder?<\/p>\n\n\n\n<p>Nicht ganz, aber das Theaterspiel steht nat\u00fcrlich im Mittelpunkt der Arbeit.<\/p>\n\n\n\n<p>Im Gegensatz zum klassischen Theater geht es zuerst um die Sch\u00fclerinnen und Sch\u00fcler und erst dann um eine m\u00f6gliche Auff\u00fchrung. Darstellendes Spiel f\u00f6rdert die Darstellungsm\u00f6glichkeiten des Einzelnen und hilft so, sich in Rollen hineinzuversetzen, die man im wahren Leben nie spielen w\u00fcrde.<\/p>\n<\/div>\n\n\n\n<div class=\"wp-block-column is-layout-flow wp-block-column-is-layout-flow\">\n<p>Das Fach <em>Gestaltendes Werken<\/em> befasst sich mit Ph\u00e4nomenen aus Natur, Kultur, Kunst, Design, Architektur, Handwerk und Technik. Es er\u00f6ffnet einen<br>wahrnehmungs- und gestaltungsbezogenen Zugang zu sich und ihrer Welt. Es gibt die M\u00f6glichkeit mit unterschiedlichsten Werkstoffen und Werkzeugen zu arbeiten, um so Einblicke in Produktgestaltung, Gestaltungsgrunds\u00e4tze, Entwicklungsprozesse und die erforderliche Fachsprache zu erhalten.<\/p>\n<\/div>\n\n\n\n<div class=\"wp-block-column is-layout-flow wp-block-column-is-layout-flow\">\n<p>Zentraler Gegenstand der Kunst bzw. des Kunstunterrichts sind Bilder, die als umfassende Informationen f\u00fcr unsere visuell gepr\u00e4gte Welt verstanden werden. Die Bildsprache dominiert in zunehmendem Ma\u00dfe das private und \u00f6ffentliche Leben wie auch auch die Welt von Kindern und Jugendlichen. Um diese neue Sprache verstehen zu k\u00f6nnen und um sie aktiv nutzen zu k\u00f6nnen, wird unseren Sch\u00fclerinnen und Sch\u00fclern im Kunstunterricht die entsprechenden Kompetenzbereiche vermittelt. <\/p>\n<\/div>\n\n\n\n<div class=\"wp-block-column is-layout-flow wp-block-column-is-layout-flow\">\n<p>Das musikalische Leben in der KGS Salzhemmendorf gestaltet sich bunt und vielf\u00e4ltig. Es gibt verschiedene M\u00f6glichkeiten, sich musikalisch zu bet\u00e4tigen. Einzel- und Gruppenunterricht in der Musikschule, Arbeitsgemeinschaften sowie Auftritte zu besonderen Anl\u00e4ssen decken fast das volle Spektrum an musikalischen Aktivit\u00e4ten ab.<br>Wir freuen uns besonders \u00fcber die gute Ausstattung. Neben drei Fachr\u00e4umen bieten vier kleinere Zusatzr\u00e4ume reichlich Platz zur musikalischen Entfaltung.<\/p>\n<\/div>\n\n\n\n<div class=\"wp-block-column is-layout-flow wp-block-column-is-layout-flow\">\n<p>Das Fach <em>Textiles Gestalten<\/em> vermittelt einen \u00dcberblick \u00fcber die verschiedenen Arten von Textilien. Die Sch\u00fclerinnen und Sch\u00fcler entdecken hier Schritt f\u00fcr Schritt ihre F\u00e4higkeiten und Fertigkeiten im haptischen und gestalterischen Bereich. Der Fachbereich verf\u00fcgt u.a. \u00fcber einen Klassensatz N\u00e4hmaschinen und ein umfassendes Stofflager.<\/p>\n<\/div>\n<\/div>\n\n\n\n<p class=\"has-text-align-center has-large-font-size\">Berichte aus dem Fachbereich MuKuBi<\/p>\n\n\n<ul class=\"wp-block-latest-posts__list is-grid columns-4 has-dates alignwide tw-heading-size-small tw-img-ratio-3-2 tw-stretched-link wp-block-latest-posts\"><li><div class=\"wp-block-latest-posts__featured-image\"><img loading=\"lazy\" decoding=\"async\" width=\"1200\" height=\"675\" src=\"https:\/\/wordpress.nibis.de\/kgssalzh\/files\/2026\/03\/IMG_20260310_084718-1200x675.jpg\" class=\"attachment-large size-large wp-post-image\" alt=\"\" style=\"\" srcset=\"https:\/\/wordpress.nibis.de\/kgssalzh\/files\/2026\/03\/IMG_20260310_084718-1200x675.jpg 1200w, https:\/\/wordpress.nibis.de\/kgssalzh\/files\/2026\/03\/IMG_20260310_084718-850x478.jpg 850w, https:\/\/wordpress.nibis.de\/kgssalzh\/files\/2026\/03\/IMG_20260310_084718-250x141.jpg 250w\" sizes=\"auto, (max-width: 1200px) 100vw, 1200px\" \/><\/div><a class=\"wp-block-latest-posts__post-title\" href=\"https:\/\/wordpress.nibis.de\/kgssalzh\/orgel-hautnah\/\">Orgel hautnah<\/a><time datetime=\"2026-03-12T07:48:04+01:00\" class=\"wp-block-latest-posts__post-date\">12. M\u00e4rz 2026<\/time><\/li>\n<li><div class=\"wp-block-latest-posts__featured-image\"><img loading=\"lazy\" decoding=\"async\" width=\"900\" height=\"675\" src=\"https:\/\/wordpress.nibis.de\/kgssalzh\/files\/2025\/07\/MuKuBi20250702-II.jpg\" class=\"attachment-large size-large wp-post-image\" alt=\"\" style=\"\" srcset=\"https:\/\/wordpress.nibis.de\/kgssalzh\/files\/2025\/07\/MuKuBi20250702-II.jpg 900w, https:\/\/wordpress.nibis.de\/kgssalzh\/files\/2025\/07\/MuKuBi20250702-II-768x576.jpg 768w\" sizes=\"auto, (max-width: 900px) 100vw, 900px\" \/><\/div><a class=\"wp-block-latest-posts__post-title\" href=\"https:\/\/wordpress.nibis.de\/kgssalzh\/zwei-pinguine-verreisen-kunstprojekt-der-5ra\/\">&#8222;Zwei Pinguine verreisen&#8220; &#8211; Kunstprojekt der 5Ra<\/a><time datetime=\"2025-07-14T21:39:20+02:00\" class=\"wp-block-latest-posts__post-date\">14. Juli 2025<\/time><\/li>\n<li><div class=\"wp-block-latest-posts__featured-image\"><img loading=\"lazy\" decoding=\"async\" width=\"1200\" height=\"675\" src=\"https:\/\/wordpress.nibis.de\/kgssalzh\/files\/2025\/05\/Schulband_Schlagzeuguebergabe-1200x675.jpg\" class=\"attachment-large size-large wp-post-image\" alt=\"\" style=\"\" srcset=\"https:\/\/wordpress.nibis.de\/kgssalzh\/files\/2025\/05\/Schulband_Schlagzeuguebergabe-1200x675.jpg 1200w, https:\/\/wordpress.nibis.de\/kgssalzh\/files\/2025\/05\/Schulband_Schlagzeuguebergabe-850x478.jpg 850w, https:\/\/wordpress.nibis.de\/kgssalzh\/files\/2025\/05\/Schulband_Schlagzeuguebergabe-250x141.jpg 250w\" sizes=\"auto, (max-width: 1200px) 100vw, 1200px\" \/><\/div><a class=\"wp-block-latest-posts__post-title\" href=\"https:\/\/wordpress.nibis.de\/kgssalzh\/ein-starkes-zeichen-der-verbundenheit-ehemaliger-schueler-peter-gall-spendet-schlagzeug-an-die-schulband\/\">Ein starkes Zeichen der Verbundenheit: Ehemaliger Sch\u00fcler Peter Gall spendet Schlagzeug an die Schulband<\/a><time datetime=\"2025-05-20T07:39:16+02:00\" class=\"wp-block-latest-posts__post-date\">20. Mai 2025<\/time><\/li>\n<li><div class=\"wp-block-latest-posts__featured-image\"><img loading=\"lazy\" decoding=\"async\" width=\"1200\" height=\"675\" src=\"https:\/\/wordpress.nibis.de\/kgssalzh\/files\/2025\/05\/MuKuBi_Vernisage-05052025-1200x675.jpg\" class=\"attachment-large size-large wp-post-image\" alt=\"\" style=\"\" srcset=\"https:\/\/wordpress.nibis.de\/kgssalzh\/files\/2025\/05\/MuKuBi_Vernisage-05052025-1200x675.jpg 1200w, https:\/\/wordpress.nibis.de\/kgssalzh\/files\/2025\/05\/MuKuBi_Vernisage-05052025-850x478.jpg 850w, https:\/\/wordpress.nibis.de\/kgssalzh\/files\/2025\/05\/MuKuBi_Vernisage-05052025-250x141.jpg 250w\" sizes=\"auto, (max-width: 1200px) 100vw, 1200px\" \/><\/div><a class=\"wp-block-latest-posts__post-title\" href=\"https:\/\/wordpress.nibis.de\/kgssalzh\/kunst-workshop-am-07-mai-und-anschliessende-vernissage-am-09-mai\/\">Kunst-Workshop am 07. Mai und anschlie\u00dfende Vernissage am 09. Mai<\/a><time datetime=\"2025-05-05T20:00:19+02:00\" class=\"wp-block-latest-posts__post-date\">5. Mai 2025<\/time><\/li>\n<\/ul>","protected":false},"excerpt":{"rendered":"<p>Der Fachbereich Musisch-Kulturelle-Bildung Der Fachbereich Musisch \u2013 kulturelle Bildung, kurz MukuBi genannt, umfasst die F\u00e4cher Kunst, Musik, Gestaltendes Werken, Textiles Gestalten und Darstellendes Spiel. Die &hellip; <\/p>\n","protected":false},"author":9194300,"featured_media":0,"parent":0,"menu_order":0,"comment_status":"closed","ping_status":"closed","template":"","meta":{"footnotes":""},"class_list":["post-585","page","type-page","status-publish","hentry"],"_links":{"self":[{"href":"https:\/\/wordpress.nibis.de\/kgssalzh\/wp-json\/wp\/v2\/pages\/585","targetHints":{"allow":["GET"]}}],"collection":[{"href":"https:\/\/wordpress.nibis.de\/kgssalzh\/wp-json\/wp\/v2\/pages"}],"about":[{"href":"https:\/\/wordpress.nibis.de\/kgssalzh\/wp-json\/wp\/v2\/types\/page"}],"author":[{"embeddable":true,"href":"https:\/\/wordpress.nibis.de\/kgssalzh\/wp-json\/wp\/v2\/users\/9194300"}],"replies":[{"embeddable":true,"href":"https:\/\/wordpress.nibis.de\/kgssalzh\/wp-json\/wp\/v2\/comments?post=585"}],"version-history":[{"count":11,"href":"https:\/\/wordpress.nibis.de\/kgssalzh\/wp-json\/wp\/v2\/pages\/585\/revisions"}],"predecessor-version":[{"id":1383,"href":"https:\/\/wordpress.nibis.de\/kgssalzh\/wp-json\/wp\/v2\/pages\/585\/revisions\/1383"}],"wp:attachment":[{"href":"https:\/\/wordpress.nibis.de\/kgssalzh\/wp-json\/wp\/v2\/media?parent=585"}],"curies":[{"name":"wp","href":"https:\/\/api.w.org\/{rel}","templated":true}]}}