{"id":587,"date":"2023-11-26T18:49:13","date_gmt":"2023-11-26T17:49:13","guid":{"rendered":"https:\/\/wordpress.nibis.de\/kgssalzh\/?page_id=587"},"modified":"2026-02-25T10:50:11","modified_gmt":"2026-02-25T09:50:11","slug":"nw","status":"publish","type":"page","link":"https:\/\/wordpress.nibis.de\/kgssalzh\/nw\/","title":{"rendered":"NW"},"content":{"rendered":"\n<p class=\"has-text-align-center has-large-font-size\"><strong>Der Fachbereich Naturwissenschaften<\/strong><\/p>\n\n\n\n<div class=\"wp-block-columns is-layout-flex wp-container-core-columns-is-layout-abceabcf wp-block-columns-is-layout-flex\">\n<div class=\"wp-block-column is-layout-flow wp-block-column-is-layout-flow\" style=\"--col-width:66.66%;flex-basis:66.66%\">\n<p>Der Fachbereich der Naturwissenschaften gliedert sich in die drei F\u00e4cher Biologie, Chemie und Physik. Diese drei F\u00e4cher werden in allen Schulzweigen und Jahrg\u00e4ngen unterrichtet. F\u00fcr die Sekundarstufe II besteht in allen naturwissenschaftlichen Bereichen die M\u00f6glichkeit der Wahl eines Kurses auf grundlegendem bzw. erh\u00f6htem Niveau.<\/p>\n\n\n\n<p>Im Allgemeinen steht f\u00fcr uns als Kollegen und Kolleginnen des Fachbereichs der Naturwissenschaften stets die <strong>Handlungsorientiertheit<\/strong>&nbsp;des Unterrichts im Fokus. Dar\u00fcber hinaus m\u00f6chten wir aber auch die nat\u00fcrliche Neugier und Freude am Entdecken nutzen und entsprechend f\u00f6rdern, indem wir in allen naturwissenschaftlichen F\u00e4chern das<strong> Experimentieren<\/strong>&nbsp;und&nbsp;<strong>Forschen mittels individueller Lernwege<\/strong>&nbsp;forcieren. Den Sch\u00fcler und Sch\u00fclerinnen wird das Wissen nicht einfach als Gegebenheit mitgeteilt, vielmehr durchschreiten sie aktiv und eigenst\u00e4ndig den&nbsp;<strong>naturwissenschaftlichen Erkenntnisweg<\/strong>, was nachweislich zu einer h\u00f6heren Nachhaltigkeit des Lernens f\u00fchrt.<\/p>\n\n\n\n<p>F\u00fcr den naturwissenschaftlichen Unterricht stehen uns insgesamt acht Fachr\u00e4ume zur Verf\u00fcgung: drei Chemie-, drei Physik und zwei Biologier\u00e4ume. Alle naturwissenschaftlichen R\u00e4ume sind mit interaktiven Whiteboards und festinstallierten Beamern ausger\u00fcstet. Der Aufbau der Fachr\u00e4ume eignet sich im Besonderen f\u00fcr <strong>Kleingruppenarbeiten<\/strong>, um die <strong>sozialen und kooperativen<\/strong>&nbsp;<strong>F\u00e4higkeiten<\/strong>&nbsp;der Sch\u00fcler und Sch\u00fclerinnen weiter auszubauen und um ein Lernen miteinander und voneinander zu f\u00f6rdern.<\/p>\n<\/div>\n\n\n\n<div class=\"wp-block-column is-layout-flow wp-block-column-is-layout-flow\" style=\"--col-width:33.33%;flex-basis:33.33%\">\n<figure class=\"wp-block-image size-full is-resized\"><a href=\"https:\/\/wordpress.nibis.de\/kgssalzh\/michele-stock\/\"><img loading=\"lazy\" decoding=\"async\" width=\"400\" height=\"600\" src=\"https:\/\/wordpress.nibis.de\/kgssalzh\/files\/2026\/02\/Stk.jpg\" alt=\"\" class=\"wp-image-5017\" style=\"width:308px\" srcset=\"https:\/\/wordpress.nibis.de\/kgssalzh\/files\/2026\/02\/Stk.jpg 400w, https:\/\/wordpress.nibis.de\/kgssalzh\/files\/2026\/02\/Stk-100x150.jpg 100w\" sizes=\"auto, (max-width: 400px) 100vw, 400px\" \/><\/a><figcaption class=\"wp-element-caption\">Fachbereichsleitung: Frau Stock<\/figcaption><\/figure>\n\n\n\n<figure class=\"wp-block-embed is-type-video is-provider-youtube wp-block-embed-youtube wp-embed-aspect-4-3 wp-has-aspect-ratio\"><div class=\"wp-block-embed__wrapper\">\n<iframe loading=\"lazy\"  style=\"display: block; margin: 0px auto;\"  id=\"_ytid_74001\"  width=\"800\" height=\"450\"  data-origwidth=\"800\" data-origheight=\"450\" src=\"https:\/\/www.youtube.com\/embed\/yr1meQr8ySA?enablejsapi=1&#038;autoplay=0&#038;cc_load_policy=0&#038;cc_lang_pref=&#038;iv_load_policy=1&#038;loop=0&#038;rel=1&#038;fs=1&#038;playsinline=0&#038;autohide=2&#038;theme=dark&#038;color=red&#038;controls=1&#038;disablekb=0&#038;\" class=\"__youtube_prefs__  epyt-is-override  no-lazyload\" title=\"YouTube player\"  allow=\"fullscreen; accelerometer; autoplay; clipboard-write; encrypted-media; gyroscope; picture-in-picture; web-share\" referrerpolicy=\"strict-origin-when-cross-origin\" allowfullscreen data-no-lazy=\"1\" data-skipgform_ajax_framebjll=\"\"><\/iframe>\n<\/div><\/figure>\n\n\n\n<p><\/p>\n<\/div>\n<\/div>\n\n\n\n<p class=\"has-text-align-center has-background has-large-font-size\" style=\"background-color:#a8d18e\">Berichte aus dem Fachbereich Naturwissenschaften<\/p>\n\n\n<ul class=\"wp-block-latest-posts__list is-grid columns-4 has-dates alignwide tw-heading-size-small tw-img-ratio-3-2 tw-stretched-link wp-block-latest-posts\"><li><div class=\"wp-block-latest-posts__featured-image\"><img loading=\"lazy\" decoding=\"async\" width=\"800\" height=\"600\" src=\"https:\/\/wordpress.nibis.de\/kgssalzh\/files\/2024\/09\/NW_2024_09_05_BeSmartDontStart-2.jpg\" class=\"attachment-large size-large wp-post-image\" alt=\"\" style=\"\" srcset=\"https:\/\/wordpress.nibis.de\/kgssalzh\/files\/2024\/09\/NW_2024_09_05_BeSmartDontStart-2.jpg 800w, https:\/\/wordpress.nibis.de\/kgssalzh\/files\/2024\/09\/NW_2024_09_05_BeSmartDontStart-2-768x576.jpg 768w\" sizes=\"auto, (max-width: 800px) 100vw, 800px\" \/><\/div><a class=\"wp-block-latest-posts__post-title\" href=\"https:\/\/wordpress.nibis.de\/kgssalzh\/be-smart-dont-start\/\">Be smart \u2013 don\u00b4t start!<\/a><time datetime=\"2024-09-05T19:06:51+02:00\" class=\"wp-block-latest-posts__post-date\">5. September 2024<\/time><\/li>\n<li><div class=\"wp-block-latest-posts__featured-image\"><img loading=\"lazy\" decoding=\"async\" width=\"1200\" height=\"675\" src=\"https:\/\/wordpress.nibis.de\/kgssalzh\/files\/2024\/02\/NW_2023_Planetarium_2-1200x675.jpeg\" class=\"attachment-large size-large wp-post-image\" alt=\"\" style=\"\" srcset=\"https:\/\/wordpress.nibis.de\/kgssalzh\/files\/2024\/02\/NW_2023_Planetarium_2-1200x675.jpeg 1200w, https:\/\/wordpress.nibis.de\/kgssalzh\/files\/2024\/02\/NW_2023_Planetarium_2-850x478.jpeg 850w, https:\/\/wordpress.nibis.de\/kgssalzh\/files\/2024\/02\/NW_2023_Planetarium_2-250x141.jpeg 250w\" sizes=\"auto, (max-width: 1200px) 100vw, 1200px\" \/><\/div><a class=\"wp-block-latest-posts__post-title\" href=\"https:\/\/wordpress.nibis.de\/kgssalzh\/ein-planetarium-in-salzhemmendorf\/\">Ein Planetarium in Salzhemmendorf<\/a><time datetime=\"2024-02-04T11:57:03+01:00\" class=\"wp-block-latest-posts__post-date\">4. Februar 2024<\/time><\/li>\n<li><a class=\"wp-block-latest-posts__post-title\" href=\"https:\/\/wordpress.nibis.de\/kgssalzh\/kinder-werden-zu-forschern-miniphaenomenta-an-der-kgs-salzhemmendorf\/\">Kinder werden zu Forschern \u2013 Miniph\u00e4nomenta an der KGS Salzhemmendorf<\/a><time datetime=\"2024-02-04T11:55:04+01:00\" class=\"wp-block-latest-posts__post-date\">4. Februar 2024<\/time><\/li>\n<li><div class=\"wp-block-latest-posts__featured-image\"><img loading=\"lazy\" decoding=\"async\" width=\"1000\" height=\"675\" src=\"https:\/\/wordpress.nibis.de\/kgssalzh\/files\/2024\/02\/NW_2023_LebensraumWald-1000x675.jpg\" class=\"attachment-large size-large wp-post-image\" alt=\"\" style=\"\" \/><\/div><a class=\"wp-block-latest-posts__post-title\" href=\"https:\/\/wordpress.nibis.de\/kgssalzh\/lebensraum-wald\/\">Lebensraum Wald<\/a><time datetime=\"2024-02-04T11:54:08+01:00\" class=\"wp-block-latest-posts__post-date\">4. Februar 2024<\/time><\/li>\n<\/ul>","protected":false},"excerpt":{"rendered":"<p>Der Fachbereich Naturwissenschaften Der Fachbereich der Naturwissenschaften gliedert sich in die drei F\u00e4cher Biologie, Chemie und Physik. Diese drei F\u00e4cher werden in allen Schulzweigen und &hellip; <\/p>\n","protected":false},"author":9194300,"featured_media":0,"parent":0,"menu_order":0,"comment_status":"closed","ping_status":"closed","template":"","meta":{"footnotes":""},"class_list":["post-587","page","type-page","status-publish","hentry"],"_links":{"self":[{"href":"https:\/\/wordpress.nibis.de\/kgssalzh\/wp-json\/wp\/v2\/pages\/587","targetHints":{"allow":["GET"]}}],"collection":[{"href":"https:\/\/wordpress.nibis.de\/kgssalzh\/wp-json\/wp\/v2\/pages"}],"about":[{"href":"https:\/\/wordpress.nibis.de\/kgssalzh\/wp-json\/wp\/v2\/types\/page"}],"author":[{"embeddable":true,"href":"https:\/\/wordpress.nibis.de\/kgssalzh\/wp-json\/wp\/v2\/users\/9194300"}],"replies":[{"embeddable":true,"href":"https:\/\/wordpress.nibis.de\/kgssalzh\/wp-json\/wp\/v2\/comments?post=587"}],"version-history":[{"count":8,"href":"https:\/\/wordpress.nibis.de\/kgssalzh\/wp-json\/wp\/v2\/pages\/587\/revisions"}],"predecessor-version":[{"id":5018,"href":"https:\/\/wordpress.nibis.de\/kgssalzh\/wp-json\/wp\/v2\/pages\/587\/revisions\/5018"}],"wp:attachment":[{"href":"https:\/\/wordpress.nibis.de\/kgssalzh\/wp-json\/wp\/v2\/media?parent=587"}],"curies":[{"name":"wp","href":"https:\/\/api.w.org\/{rel}","templated":true}]}}