{"id":591,"date":"2023-11-26T18:50:07","date_gmt":"2023-11-26T17:50:07","guid":{"rendered":"https:\/\/wordpress.nibis.de\/kgssalzh\/?page_id=591"},"modified":"2026-02-25T10:50:58","modified_gmt":"2026-02-25T09:50:58","slug":"sport","status":"publish","type":"page","link":"https:\/\/wordpress.nibis.de\/kgssalzh\/sport\/","title":{"rendered":"Sport"},"content":{"rendered":"\n<p class=\"has-text-align-center has-large-font-size\"><strong>Der Fachbereich Sport<\/strong><\/p>\n\n\n\n<div class=\"wp-block-columns is-layout-flex wp-container-core-columns-is-layout-abceabcf wp-block-columns-is-layout-flex\">\n<div class=\"wp-block-column is-layout-flow wp-block-column-is-layout-flow\" style=\"--col-width:66.66%;flex-basis:66.66%\">\n<p>Das Fach Sport wird an der KGS Salzhemmendorf in integrativen Kursen unterrichtet, d.h., der Unterricht wird von Jahrgang 5 bis 10 nicht im Klassenverband erteilt, sondern Sch\u00fcler*innen&nbsp; aller Schulformen treffen sich hier zum gemeinsamen Sporttreiben. In der Oberstufe k\u00f6nnen die Sch\u00fcler*innen zwischen unterschiedlichen Kursthemen, Individual- und Mannschaftssportarten, w\u00e4hlen<\/p>\n\n\n\n<p>Die KGS Salzhemmendorf verf\u00fcgt neben einer gro\u00dfen Sporthalle mit Kletterwand und einer weitl\u00e4ufigen Au\u00dfensportanlage auch \u00fcber ein Hallenbad, in dem alle Sch\u00fclerinnen und Sch\u00fcler unserer Schule das Schwimmen erlernen.<\/p>\n\n\n\n<p>Die Vermittlung sportmotorischer Basiskompetenzen im Turnen, in der Leichtathletik, in den Ballsportarten, bei den R\u00fcckschlagspielen und dem Schwimmen stehen im Vordergrund.<\/p>\n\n\n\n<p>Dem Sportbereich der KGS kommt insgesamt eine gro\u00dfe Bedeutung zu, weil er in besonderem Ma\u00dfe die Integration aller Sch\u00fclerinnen und Sch\u00fcler und ihren Zusammenhalt st\u00e4rkt. Unter einem gro\u00dfen Angebot, das neben den g\u00e4ngigen Sportarten auch f\u00fcr eine Schule eher au\u00dfergew\u00f6hnliche Sportarten wie Klettern, Reiten, Parcours, Headis, Kinball &#8230;beinhaltet, k\u00f6nnen die Kinder und Jugendlichen die f\u00fcr sie passende sportliche Bet\u00e4tigung finden.<\/p>\n\n\n\n<p>2012 wurde die KGS Salzhemmendorf zum ersten, 2017 zum zweiten Mal, mit dem Zertifikat &#8222;Sportfreundliche Schule&#8220; ausgezeichnet.<\/p>\n\n\n\n<p><em>Seit dem Jahr 1984 haben die wintersportlich interessierten Sch\u00fclerinnen und Sch\u00fcler der KGS die M\u00f6glichkeit, bei der Ski-Exkursion, fr\u00fcher im Bayerischen Wald, inzwischen im Hochpustertal in \u00d6sterreich, sowohl in Anf\u00e4nger- als auch in Fortgeschritten-Kursen das Ski-Fahren zu erlernen oder bereits vorhandenes K\u00f6nnen zu vertiefen.<\/em><\/p>\n\n\n\n<p><em>Neben dem regul\u00e4ren Schulsportangebot schulen ausgebildete Sportf\u00f6rder-Lehrer Nichtschwimmerinnen und -schwimmer im Schwimmf\u00f6rder- und die motorisch eingeschr\u00e4nkten Kinder im Sportf\u00f6rder-Unterricht.<\/em><\/p>\n\n\n\n<p><em>In Arbeitsgemeinschaften und dem `Sport-Profil` werden diverse Sportarten angeboten, die im regul\u00e4ren Sportunterricht h\u00e4ufig zu kurz kommen; das Reiten, Einradfahren, das Springen auf den gro\u00dfen Trampolinen und noch viel mehr.<\/em><\/p>\n\n\n\n<p><em>Schulsport-Teams der M\u00e4dchen und Jungen unterschiedlicher Altersstufen nehmen an den jeweiligen Wettbewerben `Jugend trainiert f\u00fcr Olympia` teil.<\/em><\/p>\n\n\n\n<p>Um den Sch\u00fcler*Innen aktuelle Trends und neue Sportarten vermitteln zu k\u00f6nnen, bilden sich die Sportkolleg*innen regelm\u00e4\u00dfig fort.<\/p>\n<\/div>\n\n\n\n<div class=\"wp-block-column is-layout-flow wp-block-column-is-layout-flow\" style=\"--col-width:33.33%;flex-basis:33.33%\">\n<figure class=\"wp-block-image size-full\"><a href=\"https:\/\/wordpress.nibis.de\/kgssalzh\/oliver-steffan\/\"><img loading=\"lazy\" decoding=\"async\" width=\"400\" height=\"600\" src=\"https:\/\/wordpress.nibis.de\/kgssalzh\/files\/2026\/02\/Sff.jpg\" alt=\"\" class=\"wp-image-5020\" srcset=\"https:\/\/wordpress.nibis.de\/kgssalzh\/files\/2026\/02\/Sff.jpg 400w, https:\/\/wordpress.nibis.de\/kgssalzh\/files\/2026\/02\/Sff-100x150.jpg 100w\" sizes=\"auto, (max-width: 400px) 100vw, 400px\" \/><\/a><figcaption class=\"wp-element-caption\">Fachbereichsleitung: Herr Steffan<\/figcaption><\/figure>\n\n\n\n<figure class=\"wp-block-embed is-type-video is-provider-youtube wp-block-embed-youtube wp-embed-aspect-4-3 wp-has-aspect-ratio\"><div class=\"wp-block-embed__wrapper\">\n<iframe loading=\"lazy\"  style=\"display: block; margin: 0px auto;\"  id=\"_ytid_77364\"  width=\"800\" height=\"450\"  data-origwidth=\"800\" data-origheight=\"450\" src=\"https:\/\/www.youtube.com\/embed\/GyqWOmQJCNE?enablejsapi=1&#038;autoplay=0&#038;cc_load_policy=0&#038;cc_lang_pref=&#038;iv_load_policy=1&#038;loop=0&#038;rel=1&#038;fs=1&#038;playsinline=0&#038;autohide=2&#038;theme=dark&#038;color=red&#038;controls=1&#038;disablekb=0&#038;\" class=\"__youtube_prefs__  epyt-is-override  no-lazyload\" title=\"YouTube player\"  allow=\"fullscreen; accelerometer; autoplay; clipboard-write; encrypted-media; gyroscope; picture-in-picture; web-share\" referrerpolicy=\"strict-origin-when-cross-origin\" allowfullscreen data-no-lazy=\"1\" data-skipgform_ajax_framebjll=\"\"><\/iframe>\n<\/div><\/figure>\n<\/div>\n<\/div>\n\n\n\n<p class=\"has-text-align-center has-background has-large-font-size\" style=\"background-color:#a8d18e\">Berichte aus dem Fachbereich Sport<\/p>\n\n\n<ul class=\"wp-block-latest-posts__list is-grid columns-4 has-dates alignwide tw-heading-size-small tw-img-ratio-3-2 tw-stretched-link wp-block-latest-posts\"><li><div class=\"wp-block-latest-posts__featured-image\"><img loading=\"lazy\" decoding=\"async\" width=\"1200\" height=\"675\" src=\"https:\/\/wordpress.nibis.de\/kgssalzh\/files\/2026\/04\/IMG_0345-1200x675.jpeg\" class=\"attachment-large size-large wp-post-image\" alt=\"\" style=\"\" srcset=\"https:\/\/wordpress.nibis.de\/kgssalzh\/files\/2026\/04\/IMG_0345-1200x675.jpeg 1200w, https:\/\/wordpress.nibis.de\/kgssalzh\/files\/2026\/04\/IMG_0345-850x478.jpeg 850w, https:\/\/wordpress.nibis.de\/kgssalzh\/files\/2026\/04\/IMG_0345-250x141.jpeg 250w\" sizes=\"auto, (max-width: 1200px) 100vw, 1200px\" \/><\/div><a class=\"wp-block-latest-posts__post-title\" href=\"https:\/\/wordpress.nibis.de\/kgssalzh\/sam-gala-am-2026-im-theater-hameln\/\">SAM Gala am 2026 im Theater Hameln<\/a><time datetime=\"2026-04-15T08:44:50+02:00\" class=\"wp-block-latest-posts__post-date\">15. April 2026<\/time><\/li>\n<li><div class=\"wp-block-latest-posts__featured-image\"><img loading=\"lazy\" decoding=\"async\" width=\"600\" height=\"338\" src=\"https:\/\/wordpress.nibis.de\/kgssalzh\/files\/2026\/03\/20260330-Ladies-Cup-Gruppemit-Sophie.jpg\" class=\"attachment-large size-large wp-post-image\" alt=\"\" style=\"\" srcset=\"https:\/\/wordpress.nibis.de\/kgssalzh\/files\/2026\/03\/20260330-Ladies-Cup-Gruppemit-Sophie.jpg 600w, https:\/\/wordpress.nibis.de\/kgssalzh\/files\/2026\/03\/20260330-Ladies-Cup-Gruppemit-Sophie-250x141.jpg 250w, https:\/\/wordpress.nibis.de\/kgssalzh\/files\/2026\/03\/20260330-Ladies-Cup-Gruppemit-Sophie-100x56.jpg 100w\" sizes=\"auto, (max-width: 600px) 100vw, 600px\" \/><\/div><a class=\"wp-block-latest-posts__post-title\" href=\"https:\/\/wordpress.nibis.de\/kgssalzh\/xix-kgs-ladies-cup-der-sparkasse-hameln-schiller-maedels-das-mass-aller-dinge\/\">XIX. KGS Ladies-Cup der Sparkasse Hameln-Schiller-M\u00e4dels das Ma\u00df aller Dinge!<\/a><time datetime=\"2026-03-30T11:43:13+02:00\" class=\"wp-block-latest-posts__post-date\">30. M\u00e4rz 2026<\/time><\/li>\n<li><div class=\"wp-block-latest-posts__featured-image\"><img loading=\"lazy\" decoding=\"async\" width=\"900\" height=\"600\" src=\"https:\/\/wordpress.nibis.de\/kgssalzh\/files\/2025\/03\/Sport_20250331-II.jpg\" class=\"attachment-large size-large wp-post-image\" alt=\"\" style=\"\" srcset=\"https:\/\/wordpress.nibis.de\/kgssalzh\/files\/2025\/03\/Sport_20250331-II.jpg 900w, https:\/\/wordpress.nibis.de\/kgssalzh\/files\/2025\/03\/Sport_20250331-II-768x512.jpg 768w\" sizes=\"auto, (max-width: 900px) 100vw, 900px\" \/><\/div><a class=\"wp-block-latest-posts__post-title\" href=\"https:\/\/wordpress.nibis.de\/kgssalzh\/xix-kgs-ladies-cup-der-sparkasse-hameln-weserbergland\/\">XIX. KGS-Ladies-Cup der Sparkasse Hameln-Weserbergland<\/a><time datetime=\"2026-03-17T10:05:41+01:00\" class=\"wp-block-latest-posts__post-date\">17. M\u00e4rz 2026<\/time><\/li>\n<li><div class=\"wp-block-latest-posts__featured-image\"><img loading=\"lazy\" decoding=\"async\" width=\"1200\" height=\"675\" src=\"https:\/\/wordpress.nibis.de\/kgssalzh\/files\/2026\/03\/20260303_Sport_Volleyball-1200x675.jpeg\" class=\"attachment-large size-large wp-post-image\" alt=\"\" style=\"\" srcset=\"https:\/\/wordpress.nibis.de\/kgssalzh\/files\/2026\/03\/20260303_Sport_Volleyball-1200x675.jpeg 1200w, https:\/\/wordpress.nibis.de\/kgssalzh\/files\/2026\/03\/20260303_Sport_Volleyball-850x478.jpeg 850w, https:\/\/wordpress.nibis.de\/kgssalzh\/files\/2026\/03\/20260303_Sport_Volleyball-250x141.jpeg 250w\" sizes=\"auto, (max-width: 1200px) 100vw, 1200px\" \/><\/div><a class=\"wp-block-latest-posts__post-title\" href=\"https:\/\/wordpress.nibis.de\/kgssalzh\/ein-spannendes-turnier-kgs-salzhemmendorf-siegt\/\">Ein spannendes Turnier &#8211; KGS Salzhemmendorf siegt!<\/a><time datetime=\"2026-03-03T21:18:19+01:00\" class=\"wp-block-latest-posts__post-date\">3. M\u00e4rz 2026<\/time><\/li>\n<\/ul>","protected":false},"excerpt":{"rendered":"<p>Der Fachbereich Sport Das Fach Sport wird an der KGS Salzhemmendorf in integrativen Kursen unterrichtet, d.h., der Unterricht wird von Jahrgang 5 bis 10 nicht &hellip; <\/p>\n","protected":false},"author":9194300,"featured_media":0,"parent":0,"menu_order":0,"comment_status":"closed","ping_status":"closed","template":"","meta":{"footnotes":""},"class_list":["post-591","page","type-page","status-publish","hentry"],"_links":{"self":[{"href":"https:\/\/wordpress.nibis.de\/kgssalzh\/wp-json\/wp\/v2\/pages\/591","targetHints":{"allow":["GET"]}}],"collection":[{"href":"https:\/\/wordpress.nibis.de\/kgssalzh\/wp-json\/wp\/v2\/pages"}],"about":[{"href":"https:\/\/wordpress.nibis.de\/kgssalzh\/wp-json\/wp\/v2\/types\/page"}],"author":[{"embeddable":true,"href":"https:\/\/wordpress.nibis.de\/kgssalzh\/wp-json\/wp\/v2\/users\/9194300"}],"replies":[{"embeddable":true,"href":"https:\/\/wordpress.nibis.de\/kgssalzh\/wp-json\/wp\/v2\/comments?post=591"}],"version-history":[{"count":8,"href":"https:\/\/wordpress.nibis.de\/kgssalzh\/wp-json\/wp\/v2\/pages\/591\/revisions"}],"predecessor-version":[{"id":5021,"href":"https:\/\/wordpress.nibis.de\/kgssalzh\/wp-json\/wp\/v2\/pages\/591\/revisions\/5021"}],"wp:attachment":[{"href":"https:\/\/wordpress.nibis.de\/kgssalzh\/wp-json\/wp\/v2\/media?parent=591"}],"curies":[{"name":"wp","href":"https:\/\/api.w.org\/{rel}","templated":true}]}}