{"id":593,"date":"2023-11-26T18:50:34","date_gmt":"2023-11-26T17:50:34","guid":{"rendered":"https:\/\/wordpress.nibis.de\/kgssalzh\/?page_id=593"},"modified":"2024-08-04T19:38:14","modified_gmt":"2024-08-04T17:38:14","slug":"inklusion","status":"publish","type":"page","link":"https:\/\/wordpress.nibis.de\/kgssalzh\/inklusion\/","title":{"rendered":"Inklusion"},"content":{"rendered":"\n<p class=\"has-text-align-center has-large-font-size\"><strong>Inklusive Schule<\/strong><\/p>\n\n\n\n<div class=\"wp-block-columns is-layout-flex wp-container-core-columns-is-layout-abceabcf wp-block-columns-is-layout-flex\">\n<div class=\"wp-block-column is-layout-flow wp-block-column-is-layout-flow\" style=\"--col-width:66.66%;flex-basis:66.66%\">\n<div class=\"wp-block-image\"><figure class=\"alignleft is-resized\"><img loading=\"lazy\" decoding=\"async\" src=\"https:\/\/wordpress.nibis.de\/kgssalzh\/files\/2024\/08\/Inkluion_2023.jpg\" alt=\"\" class=\"wp-image-1578\" width=\"289\" height=\"192\" srcset=\"https:\/\/wordpress.nibis.de\/kgssalzh\/files\/2024\/08\/Inkluion_2023.jpg 800w, https:\/\/wordpress.nibis.de\/kgssalzh\/files\/2024\/08\/Inkluion_2023-768x514.jpg 768w, https:\/\/wordpress.nibis.de\/kgssalzh\/files\/2024\/08\/Inkluion_2023-700x465.jpg 700w\" sizes=\"auto, (max-width: 289px) 100vw, 289px\" \/><figcaption>Bild: Josef Hinterleitner In: Pfarrbriefservice.de<\/figcaption><\/figure><\/div>\n\n\n\n<p>Die KGS Salzhemmendorf hat keinen bestimmten F\u00f6rderschwerpunkt; vielmehr nehmen wir alle Kinder auf, egal, mit welchem F\u00f6rderbedarf sie zu uns kommen.<\/p>\n\n\n\n<p>Bei der Klassenzuweisung achten wir darauf, dass ein Kind mit F\u00f6rderbedarf m\u00f6glichst bei seinen Klassenkameraden aus der Grundschule bleibt.<\/p>\n\n\n\n<p>Inzwischen gibt es in allen Jahrg\u00e4ngen von 5 bis 12 und in allen drei Schulformen Sch\u00fclerinnen und Sch\u00fcler mit verschiedenen F\u00f6rderbedarfen, die meist entweder von Lehrkr\u00e4ften der F\u00f6rderschulen, Schulbegleitern oder p\u00e4dagogischen Mitarbeitern zus\u00e4tzlich zu den Klassenlehrkr\u00e4ften betreut werden.<\/p>\n\n\n\n<p><em><strong>Sie haben ein Kind mit F\u00f6rderbedarf und \u00fcberlegen, Ihre Tochter oder Ihren Sohn in der KGS Salzhemmendorf anzumelden?<\/strong><\/em><\/p>\n\n\n\n<p>Ganz wichtig ist, dass Sie fr\u00fchzeitig \u00fcber das Sekretariat (05153\/80760) zu uns Kontakt aufnehmen, damit wir gemeinsam \u00fcber die Schullaufbahn Ihres Kindes beraten k\u00f6nnen. An einem ersten Gespr\u00e4ch in unserem Hause sollten dann m\u00f6glichst auch die Klassenlehrerin\/der Klassenlehrer aus der Grundschule und die Personen, die bisher Ihr Kind in der Schule begleitet haben, dabei sein.<\/p>\n\n\n\n<p><strong>Die Inklusionsbeauftragte der Schule, Frau Fritz, ist Ihre erste Ansprechpartnerin.<\/strong><\/p>\n\n\n\n<p>Sollte Ihr Kind eine bestimmte Ausstattung ben\u00f6tigen, so \u00fcbermitteln Sie uns bitte fr\u00fchzeitig das entsprechende Gutachten, damit wir eventuell Umbauma\u00dfnahmen in die Wege leiten oder aber die Ausstattung bestellen k\u00f6nnen.<\/p>\n<\/div>\n\n\n\n<div class=\"wp-block-column is-layout-flow wp-block-column-is-layout-flow\" style=\"--col-width:33.33%;flex-basis:33.33%\">\n<figure class=\"wp-block-image size-full\"><img loading=\"lazy\" decoding=\"async\" width=\"1700\" height=\"2560\" src=\"https:\/\/wordpress.nibis.de\/kgssalzh\/files\/2024\/08\/Personen_Fritz-scaled.jpg\" alt=\"\" class=\"wp-image-1570\" srcset=\"https:\/\/wordpress.nibis.de\/kgssalzh\/files\/2024\/08\/Personen_Fritz-scaled.jpg 1700w, https:\/\/wordpress.nibis.de\/kgssalzh\/files\/2024\/08\/Personen_Fritz-768x1156.jpg 768w, https:\/\/wordpress.nibis.de\/kgssalzh\/files\/2024\/08\/Personen_Fritz-1020x1536.jpg 1020w, https:\/\/wordpress.nibis.de\/kgssalzh\/files\/2024\/08\/Personen_Fritz-1360x2048.jpg 1360w\" sizes=\"auto, (max-width: 1700px) 100vw, 1700px\" \/><figcaption>Inklusionsbeauftragte: Fr. Fritz<\/figcaption><\/figure>\n<\/div>\n<\/div>\n","protected":false},"excerpt":{"rendered":"<p>Inklusive Schule Die KGS Salzhemmendorf hat keinen bestimmten F\u00f6rderschwerpunkt; vielmehr nehmen wir alle Kinder auf, egal, mit welchem F\u00f6rderbedarf sie zu uns kommen. Bei der &hellip; <\/p>\n","protected":false},"author":9194300,"featured_media":0,"parent":0,"menu_order":0,"comment_status":"closed","ping_status":"closed","template":"","meta":{"footnotes":""},"class_list":["post-593","page","type-page","status-publish","hentry"],"_links":{"self":[{"href":"https:\/\/wordpress.nibis.de\/kgssalzh\/wp-json\/wp\/v2\/pages\/593","targetHints":{"allow":["GET"]}}],"collection":[{"href":"https:\/\/wordpress.nibis.de\/kgssalzh\/wp-json\/wp\/v2\/pages"}],"about":[{"href":"https:\/\/wordpress.nibis.de\/kgssalzh\/wp-json\/wp\/v2\/types\/page"}],"author":[{"embeddable":true,"href":"https:\/\/wordpress.nibis.de\/kgssalzh\/wp-json\/wp\/v2\/users\/9194300"}],"replies":[{"embeddable":true,"href":"https:\/\/wordpress.nibis.de\/kgssalzh\/wp-json\/wp\/v2\/comments?post=593"}],"version-history":[{"count":5,"href":"https:\/\/wordpress.nibis.de\/kgssalzh\/wp-json\/wp\/v2\/pages\/593\/revisions"}],"predecessor-version":[{"id":1582,"href":"https:\/\/wordpress.nibis.de\/kgssalzh\/wp-json\/wp\/v2\/pages\/593\/revisions\/1582"}],"wp:attachment":[{"href":"https:\/\/wordpress.nibis.de\/kgssalzh\/wp-json\/wp\/v2\/media?parent=593"}],"curies":[{"name":"wp","href":"https:\/\/api.w.org\/{rel}","templated":true}]}}