{"id":610,"date":"2023-11-26T18:56:44","date_gmt":"2023-11-26T17:56:44","guid":{"rendered":"https:\/\/wordpress.nibis.de\/kgssalzh\/?page_id=610"},"modified":"2025-09-26T13:46:03","modified_gmt":"2025-09-26T11:46:03","slug":"offener-ganztag","status":"publish","type":"page","link":"https:\/\/wordpress.nibis.de\/kgssalzh\/offener-ganztag\/","title":{"rendered":"Offener Ganztag"},"content":{"rendered":"\n<p class=\"has-large-font-size\"><strong>Das offene Ganztagsangebot der KGS Salzhemmendor<\/strong>f<\/p>\n\n\n\n<div class=\"wp-block-columns is-layout-flex wp-container-core-columns-is-layout-abceabcf wp-block-columns-is-layout-flex\">\n<div class=\"wp-block-column is-layout-flow wp-block-column-is-layout-flow\" style=\"--col-width:66.66%;flex-basis:66.66%\">\n<p>Das Konzept der Ganztagsschule geht davon aus, dass es f\u00fcr die Entwicklung von Kinder und Jugendlichen gut ist, wenn sie einen gro\u00dfen Teil des Tages gemeinsam mit anderen Kindern und Jugendlichen lernen und leben. Ganztagsschule als ist mehr als die zeitliche Verl\u00e4ngerung der Halbtagsschule um Mittagsessen und Aufgabenbetreuung. Neben der Vermittlung und Erweiterung von Wissen, Fertigkeiten und Einstellungen wendet sich die Ganztagsschule bewusst der Aufgabe zu, soziale F\u00e4higkeiten zu st\u00e4rken und auch Freizeitbed\u00fcrfnisse zu befriedigen.<\/p>\n\n\n\n<p>Nicht nur im Unterricht, sondern gerade auch in der Freizeit, in Arbeitsgemeinschaften und am Mittagstisch lernen Sch\u00fclerinnen und Sch\u00fcler, eigene Interessen und Ziele zu verfolgen, ohne die Bed\u00fcrfnisse der Anderen aus dem Auge zu verlieren.<\/p>\n\n\n\n<p>Der Ganztagsbereich ist der Fachbereich der Schule, der sich um die \u201eZur-Verf\u00fcgungstellung\u201c von Zeiten und Orten f\u00fcr diese Erfahrungen k\u00fcmmert. Das offene Ganztagsangebot der KGS Salzhemmendorf besteht daher aus mehreren Bausteinen:<\/p>\n\n\n\n<figure class=\"wp-block-pullquote is-style-default\"><blockquote><p>Konzeption\/Organisation Ganztag: <\/p><p>Frau Multhoff (FBL Ganztag), Frau M\u00fcller (Did. Leitung)<\/p><\/blockquote><\/figure>\n\n\n\n<figure class=\"wp-block-pullquote\"><blockquote><p>Koordination HA-Betreuung: Frau Multhoff (FBL Ganztag)<\/p><\/blockquote><\/figure>\n\n\n\n<figure class=\"wp-block-pullquote\"><blockquote><p>Randstundenbetreuung: Frau M\u00fcller (Did. Leitung)<\/p><\/blockquote><\/figure>\n\n\n\n<figure class=\"wp-block-pullquote\"><blockquote><p><strong>F\u00fcr die SuS, die im Nachmittagsbereich angemeldet sind, gilt: Alle bleiben immer! Wenn der Unterricht fr\u00fcher als geplant endet, begeben sich die SuS in die Ganztagsr\u00e4ume (Randstundenbetreuung).<\/strong><\/p><\/blockquote><\/figure>\n<\/div>\n\n\n\n<div class=\"wp-block-column is-layout-flow wp-block-column-is-layout-flow\" style=\"--col-width:33.33%;flex-basis:33.33%\">\n<figure class=\"wp-block-image size-full\"><a href=\"https:\/\/wordpress.nibis.de\/kgssalzh\/christina-mueller\/\"><img loading=\"lazy\" decoding=\"async\" width=\"1708\" height=\"2560\" src=\"https:\/\/wordpress.nibis.de\/kgssalzh\/files\/2023\/10\/Mueller-scaled.jpg\" alt=\"\" class=\"wp-image-251\" srcset=\"https:\/\/wordpress.nibis.de\/kgssalzh\/files\/2023\/10\/Mueller-scaled.jpg 1708w, https:\/\/wordpress.nibis.de\/kgssalzh\/files\/2023\/10\/Mueller-768x1151.jpg 768w, https:\/\/wordpress.nibis.de\/kgssalzh\/files\/2023\/10\/Mueller-1025x1536.jpg 1025w, https:\/\/wordpress.nibis.de\/kgssalzh\/files\/2023\/10\/Mueller-1367x2048.jpg 1367w\" sizes=\"auto, (max-width: 1708px) 100vw, 1708px\" \/><\/a><figcaption>Didaktische Leitung: Fr. M\u00fcller<\/figcaption><\/figure>\n\n\n\n<figure class=\"wp-block-image size-full\"><a href=\"https:\/\/wordpress.nibis.de\/kgssalzh\/anne-multhoff\/\"><img loading=\"lazy\" decoding=\"async\" width=\"1708\" height=\"2560\" src=\"https:\/\/wordpress.nibis.de\/kgssalzh\/files\/2024\/07\/2023_Personen_Multhoff-scaled.jpg\" alt=\"\" class=\"wp-image-1365\" srcset=\"https:\/\/wordpress.nibis.de\/kgssalzh\/files\/2024\/07\/2023_Personen_Multhoff-scaled.jpg 1708w, https:\/\/wordpress.nibis.de\/kgssalzh\/files\/2024\/07\/2023_Personen_Multhoff-768x1151.jpg 768w, https:\/\/wordpress.nibis.de\/kgssalzh\/files\/2024\/07\/2023_Personen_Multhoff-1025x1536.jpg 1025w, https:\/\/wordpress.nibis.de\/kgssalzh\/files\/2024\/07\/2023_Personen_Multhoff-1367x2048.jpg 1367w\" sizes=\"auto, (max-width: 1708px) 100vw, 1708px\" \/><\/a><figcaption>Fachbereichsleiterin Fr. Multhoff<\/figcaption><\/figure>\n\n\n\n<figure class=\"wp-block-image size-large is-resized\"><img loading=\"lazy\" decoding=\"async\" src=\"https:\/\/wordpress.nibis.de\/kgssalzh\/files\/2024\/07\/Ganztag_alles_unter_einem_Dach-1200x675.png\" alt=\"\" class=\"wp-image-1537\" width=\"335\" height=\"188\" srcset=\"https:\/\/wordpress.nibis.de\/kgssalzh\/files\/2024\/07\/Ganztag_alles_unter_einem_Dach-1200x675.png 1200w, https:\/\/wordpress.nibis.de\/kgssalzh\/files\/2024\/07\/Ganztag_alles_unter_einem_Dach-850x478.png 850w, https:\/\/wordpress.nibis.de\/kgssalzh\/files\/2024\/07\/Ganztag_alles_unter_einem_Dach-250x141.png 250w\" sizes=\"auto, (max-width: 335px) 100vw, 335px\" \/><\/figure>\n<\/div>\n<\/div>\n\n\n\n<p>Montag bis Donnerstag finden Arbeitsgemeinschaften f\u00fcr alle Jahrg\u00e4nge statt.<\/p>\n\n\n\n<p>Die Randstundenbetreuung findet immer in der 1.,5. und 6. Stunde statt.<\/p>\n\n\n\n<p>Hausaufgaben- und Nachmittagsbetreuung findet in der 7.\/8. Stunde statt.<\/p>\n\n\n\n<p><strong>Die Attraktivit\u00e4t der Angebote steigt mit der Vielfalt. Gern k\u00f6nnen Sie als Eltern oder Verein Angebote einbringen. Ob kurzzeitig f\u00fcr wenige Wochen oder als langfristige Kooperation f\u00fcr ein Halbjahr. Sprechen Sie unsere Fachbereichsleiterin Frau Multhoff an.<\/strong><\/p>\n\n\n\n<h2 class=\"wp-block-heading\">Arbeitsgemeinschaften<\/h2>\n\n\n\n<h2 class=\"wp-block-heading\">Nachmittags- und Randstundenbetreuung<\/h2>\n\n\n\n<h2 class=\"wp-block-heading\">Schulcatering \/ Mittagessen<\/h2>\n","protected":false},"excerpt":{"rendered":"<p>Das offene Ganztagsangebot der KGS Salzhemmendorf Das Konzept der Ganztagsschule geht davon aus, dass es f\u00fcr die Entwicklung von Kinder und Jugendlichen gut ist, wenn &hellip; <\/p>\n","protected":false},"author":9194300,"featured_media":0,"parent":0,"menu_order":0,"comment_status":"closed","ping_status":"closed","template":"","meta":{"footnotes":""},"class_list":["post-610","page","type-page","status-publish","hentry"],"_links":{"self":[{"href":"https:\/\/wordpress.nibis.de\/kgssalzh\/wp-json\/wp\/v2\/pages\/610","targetHints":{"allow":["GET"]}}],"collection":[{"href":"https:\/\/wordpress.nibis.de\/kgssalzh\/wp-json\/wp\/v2\/pages"}],"about":[{"href":"https:\/\/wordpress.nibis.de\/kgssalzh\/wp-json\/wp\/v2\/types\/page"}],"author":[{"embeddable":true,"href":"https:\/\/wordpress.nibis.de\/kgssalzh\/wp-json\/wp\/v2\/users\/9194300"}],"replies":[{"embeddable":true,"href":"https:\/\/wordpress.nibis.de\/kgssalzh\/wp-json\/wp\/v2\/comments?post=610"}],"version-history":[{"count":8,"href":"https:\/\/wordpress.nibis.de\/kgssalzh\/wp-json\/wp\/v2\/pages\/610\/revisions"}],"predecessor-version":[{"id":3105,"href":"https:\/\/wordpress.nibis.de\/kgssalzh\/wp-json\/wp\/v2\/pages\/610\/revisions\/3105"}],"wp:attachment":[{"href":"https:\/\/wordpress.nibis.de\/kgssalzh\/wp-json\/wp\/v2\/media?parent=610"}],"curies":[{"name":"wp","href":"https:\/\/api.w.org\/{rel}","templated":true}]}}