{"id":612,"date":"2023-11-26T18:56:55","date_gmt":"2023-11-26T17:56:55","guid":{"rendered":"https:\/\/wordpress.nibis.de\/kgssalzh\/?page_id=612"},"modified":"2024-08-06T18:21:31","modified_gmt":"2024-08-06T16:21:31","slug":"aktionen","status":"publish","type":"page","link":"https:\/\/wordpress.nibis.de\/kgssalzh\/aktionen\/","title":{"rendered":"Aktionen"},"content":{"rendered":"\n<p class=\"has-text-align-center has-large-font-size\" id=\"Aktionen\"><strong>Vielf\u00e4ltige Aktionen an der KGS Salzhemmendorf<\/strong><\/p>\n\n\n\n<p>Unter anderen haben wir folgende Aktionen die an der KGS Salzhemmendorf laufen. Klicken Sie sich einfach durch!<\/p>\n\n\n\n<p><img loading=\"lazy\" decoding=\"async\" width=\"17\" height=\"30\" class=\"wp-image-1551\" style=\"width: 17px\" src=\"https:\/\/wordpress.nibis.de\/kgssalzh\/files\/2024\/08\/grafik-2.png\" alt=\"\"><strong><a href=\"#Young\">Die Young Americans<\/a>, <\/strong><img loading=\"lazy\" decoding=\"async\" width=\"17\" height=\"30\" class=\"wp-image-1551\" style=\"width: 17px\" src=\"https:\/\/wordpress.nibis.de\/kgssalzh\/files\/2024\/08\/grafik-2.png\" alt=\"\"><strong><a href=\"#Sprachendorf\" data-type=\"internal\" data-id=\"#Sprachendorf\">das Sprachendorf<\/a>, <\/strong><img loading=\"lazy\" decoding=\"async\" width=\"17\" height=\"30\" class=\"wp-image-1551\" style=\"width: 17px\" src=\"https:\/\/wordpress.nibis.de\/kgssalzh\/files\/2024\/08\/grafik-2.png\" alt=\"\"><strong><a href=\"#Spieleturnier\">die Spieleturniere<\/a>, <\/strong><img loading=\"lazy\" decoding=\"async\" width=\"17\" height=\"30\" class=\"wp-image-1551\" style=\"width: 17px\" src=\"https:\/\/wordpress.nibis.de\/kgssalzh\/files\/2024\/08\/grafik-2.png\" alt=\"\"><strong><a href=\"#Ladys\">der Ladys Cup<\/a>, <\/strong><img loading=\"lazy\" decoding=\"async\" width=\"17\" height=\"30\" class=\"wp-image-1551\" style=\"width: 17px\" src=\"https:\/\/wordpress.nibis.de\/kgssalzh\/files\/2024\/08\/grafik-2.png\" alt=\"\"><strong><a href=\"#Christmas\">der Christmas Cup<\/a>, <\/strong><img loading=\"lazy\" decoding=\"async\" width=\"17\" height=\"30\" class=\"wp-image-1551\" style=\"width: 17px\" src=\"https:\/\/wordpress.nibis.de\/kgssalzh\/files\/2024\/08\/grafik-2.png\" alt=\"\"><strong><a href=\"#Ski\">die Ski-Exkursion<\/a>, <\/strong><img loading=\"lazy\" decoding=\"async\" width=\"17\" height=\"30\" class=\"wp-image-1551\" style=\"width: 17px\" src=\"https:\/\/wordpress.nibis.de\/kgssalzh\/files\/2024\/08\/grafik-2.png\" alt=\"\"><strong><a href=\"#Diercke\">der Diercke Wissenswettbewerb<\/a>, <\/strong><img loading=\"lazy\" decoding=\"async\" width=\"17\" height=\"30\" class=\"wp-image-1551\" style=\"width: 17px\" src=\"https:\/\/wordpress.nibis.de\/kgssalzh\/files\/2024\/08\/grafik-2.png\" alt=\"\"><strong><a href=\"#K\u00e4nguru\">der K\u00e4nguru Wettbewerb<\/a>.<\/strong><\/p>\n\n\n\n<p>Die KGS Salzhemmendorf ist stolz auf ihre umfassende Teilnahme an zahlreichen au\u00dferunterrichtlichen Aktivit\u00e4ten und Programmen. Diese engagierte Beteiligung zeigt sich in den vielf\u00e4ltigen M\u00f6glichkeiten, die den Sch\u00fclerinnen und Sch\u00fclern geboten werden, um ihre F\u00e4higkeiten und Interessen \u00fcber den regul\u00e4ren Unterricht hinaus zu entfalten.<\/p>\n\n\n\n<p>Das Angebot an au\u00dferunterrichtlichen Aktivit\u00e4ten an der KGS Salzhemmendorf umfasst zahlreiche Projekte, Programme, schulische Wettbewerbe und mehr. Die Sch\u00fclerinnen und Sch\u00fcler k\u00f6nnen sich in verschiedenen Bereichen wie Wissenschaft, Kunst, Musik oder Sport einbringen, was ihre Lern- und Entwicklungsm\u00f6glichkeiten erheblich erweitert.<\/p>\n\n\n\n<p>Au\u00dferunterrichtliche Aktivit\u00e4ten sind von gro\u00dfer Bedeutung f\u00fcr die Sch\u00fclerinnen und Sch\u00fcler, da sie zahlreiche Vorteile f\u00fcr deren pers\u00f6nliche und akademische Entwicklung bieten. Diese Aktivit\u00e4ten erg\u00e4nzen den regul\u00e4ren Unterricht, indem sie den Sch\u00fclerinnen und Sch\u00fclern erm\u00f6glichen, ihre Interessen und Talente in einem anderen Kontext zu verfolgen. Sie f\u00f6rdern nicht nur spezielle F\u00e4higkeiten, sondern auch allgemeine Kompetenzen wie Teamarbeit, Organisation und kreatives Denken.<\/p>\n\n\n\n<p>Zus\u00e4tzlich tragen au\u00dferunterrichtliche Programme dazu bei, das Selbstbewusstsein der Sch\u00fclerinnen und Sch\u00fcler zu st\u00e4rken. Durch die Teilnahme an verschiedenen Projekten k\u00f6nnen sie neue F\u00e4higkeiten entdecken, ihre St\u00e4rken erkennen und Vertrauen in ihre eigenen F\u00e4higkeiten gewinnen. Dies wirkt sich positiv auf ihre Motivation und ihr Engagement im schulischen Alltag aus.<\/p>\n\n\n\n<p>Zusammengefasst bieten au\u00dferunterrichtliche Aktivit\u00e4ten den Sch\u00fclerinnen und Sch\u00fclern der KGS Salzhemmendorf wertvolle zus\u00e4tzliche Lern- und Entwicklungsm\u00f6glichkeiten. Sie f\u00f6rdern nicht nur spezifische Interessen und Talente, sondern unterst\u00fctzen auch die Entwicklung wichtiger pers\u00f6nlicher und sozialer Kompetenzen. Die KGS Salzhemmendorf ist daher bestrebt, ein reichhaltiges Programm an au\u00dferunterrichtlichen Aktivit\u00e4ten anzubieten, um den Sch\u00fclerinnen und Sch\u00fclern eine umfassende und bereichernde Bildungserfahrung zu erm\u00f6glichen.<\/p>\n\n\n\n<p class=\"has-medium-font-size\" id=\"Young\"><strong>Young Americans<\/strong><\/p>\n\n\n\n<p style=\"font-size:18px\">Die Young Americans sind eine Gruppe junger, vielseitig talentierter Amerikaner, die lieber Mathematik gegen Tanzen und Biologie gegen Singen eintauschen. Sie bieten weltweit Workshops an weiterf\u00fchrenden Schulen an, bei denen Teilnehmer im Alter von 8 bis 21 Jahren mitmachen k\u00f6nnen. Seit vielen Jahren findet der Workshop an der KGS Salzhemmendorf statt.<\/p>\n\n\n\n<p>Der Workshop beginnt in der Regel am Montag mit einer beeindruckenden Vorf\u00fchrung der Young Americans vor der gesamten Sch\u00fcler*innen- und Lehrer*innenschaft der Schule am Kanstein. Am Nachmittag starten dann die knapp zweihundertf\u00fcnfzig Sch\u00fclerinnen und Sch\u00fcler in die praktischen Workshops, die Singen, Tanzen und weitere k\u00fcnstlerische Aktivit\u00e4ten umfassen. Dabei liegt der Fokus nicht nur auf der Performance, sondern auch auf dem Spa\u00df, der Gemeinschaft und dem herzlichen Verh\u00e4ltnis zwischen den Teilnehmern und den energiegeladenen Lehrern.<\/p>\n\n\n\n<p>Wichtige Botschaften der Young Americans sind Toleranz, Gemeinschaft und Respekt voreinander. Von Klasse f\u00fcnf bis Klasse zw\u00f6lf kann jeder teilnehmen und zum Gesamtergebnis beitragen. Ein bisschen Ausdauer ist dabei von Vorteil, denn die fitten Young Americans halten ihre Sch\u00fctzlinge ordentlich auf Trab. Neben Tanzen und Singen geh\u00f6ren auch kreatives Schreiben \u00fcber W\u00fcnsche und Gedanken zum Programm, was f\u00fcr manche eine willkommene Pause darstellt.<\/p>\n\n\n\n<p>W\u00e4hrend ihres Aufenthalts leben die jungen Erwachsenen meist zu zweit in Gastfamilien, mit denen sie jedoch aufgrund des straffen Programms nur wenig Zeit verbringen k\u00f6nnen. Den Abschluss des Workshops bildet eine zweist\u00fcndige Show in der Sporthalle der KGS. Im ersten Teil pr\u00e4sentieren die Young Americans allein ihr K\u00f6nnen, im zweiten stehen die Workshopteilnehmer im Rampenlicht. <\/p>\n\n\n\n<figure class=\"wp-block-embed is-type-video is-provider-youtube wp-block-embed-youtube wp-embed-aspect-16-9 wp-has-aspect-ratio\"><div class=\"wp-block-embed__wrapper\">\n<iframe loading=\"lazy\"  style=\"display: block; margin: 0px auto;\"  id=\"_ytid_79553\"  width=\"800\" height=\"450\"  data-origwidth=\"800\" data-origheight=\"450\" src=\"https:\/\/www.youtube.com\/embed\/VuJzjRKlckU?enablejsapi=1&#038;autoplay=0&#038;cc_load_policy=0&#038;cc_lang_pref=&#038;iv_load_policy=1&#038;loop=0&#038;rel=1&#038;fs=1&#038;playsinline=0&#038;autohide=2&#038;theme=dark&#038;color=red&#038;controls=1&#038;disablekb=0&#038;\" class=\"__youtube_prefs__  epyt-is-override  no-lazyload\" title=\"YouTube player\"  allow=\"fullscreen; accelerometer; autoplay; clipboard-write; encrypted-media; gyroscope; picture-in-picture; web-share\" referrerpolicy=\"strict-origin-when-cross-origin\" allowfullscreen data-no-lazy=\"1\" data-skipgform_ajax_framebjll=\"\"><\/iframe>\n<\/div><\/figure>\n\n\n\n<p class=\"has-pale-cyan-blue-color has-text-color\"><strong><a href=\"#Aktionen\"><span style=\"color:#cf2e2e\" class=\"tadv-color\">nach oben<\/span><\/a><\/strong><\/p>\n\n\n\n<p class=\"has-medium-font-size\" id=\"Sprachendorf\"><strong>Das Sprachendorf<\/strong><\/p>\n\n\n\n<p>Die Sch\u00fcler*innen des gesamten achten Jahrgangs der KGS Salzhemmendorf reisen regelm\u00e4\u00dfig mit Kanstein Airlines nach \u201eHollywood\u201c, um ihre Fremdsprachenkenntnisse in der Praxis zu testen. Schon w\u00e4hrend des \u201eFluges\u201c erhalten sie englische und franz\u00f6sische \u201eSicherheitshinweise\u201c und Informationen zur Einreise. Der Zugang zum \u201eSprachendorf\u201c ist nur mit einem entsprechenden \u201eReisepass\u201c m\u00f6glich, der bei der \u201eAusreise\u201c wieder abgegeben wird. Auf den Reisep\u00e4ssen wird der Besuch der einzelnen Stationen abgestempelt.<\/p>\n\n\n\n<p>Im Sprachendorf haben die Sch\u00fcler verschiedene M\u00f6glichkeiten, ihre Sprachkenntnisse anzuwenden: Im Hotel k\u00f6nnen sie einchecken, im \u201eBeverly Cinema\u201c einen Kinofilm ansehen, eine Postkarte schreiben oder in der Karaoke-Bar mit anderen Stars singen. In den beiden Restaurants bestellen die Sch\u00fcler auf Englisch oder Franz\u00f6sisch, wobei die Gerichte leider nur als Fotos serviert werden. \u201eEchte\u201c Getr\u00e4nke und ein kleiner Nachtisch stehen jedoch zur Verf\u00fcgung.<\/p>\n\n\n\n<p>Das \u201eHollywood Hospital\u201c ist f\u00fcr Notf\u00e4lle bereit, und nach erfolgreicher Behandlung gibt es in der \u201ePharmacy\u201c entsprechende Medikamente in Form von Gummib\u00e4rchen. Auch Sch\u00fcler, die Latein lernen, haben praxisorientierte Aufgaben im Rahmen der \u201eProbatio Linguae Latinae\u201c.<\/p>\n\n\n\n<p>An der \u201eWall of Fame\u201c verewigen sich die G\u00e4ste in Hollywood mit ihrer Unterschrift und lassen sich auf dem roten Teppich fotografieren. Polizei und Sicherheitsdienst sorgen f\u00fcr einen reibungslosen Ablauf. Ein Gef\u00e4ngnis, das nur nach der Bearbeitung spezieller Vokabeltests wieder verlassen werden darf, rundet das Erlebnis ab.<\/p>\n\n\n\n<p>Das Projekt wird einmal im Jahr organisiert, wobei Oberstufensch\u00fcler nicht nur die Fremdsprachenlehrer bei der Vorbereitung der einzelnen Stationen unterst\u00fctzen, sondern auch die Rolle der Experten \u00fcbernehmen.<\/p>\n\n\n\n<p class=\"has-pale-cyan-blue-color has-text-color\"><strong><a href=\"#Aktionen\"><span style=\"color:#cf2e2e\" class=\"tadv-color\">nach oben<\/span><\/a><\/strong><\/p>\n\n\n\n<p class=\"has-medium-font-size\" id=\"Spieleturnier\"><strong>Spieleturniere<\/strong><\/p>\n\n\n\n<p>An der KGS Salzhemmendorf finden jedes Jahr aufregende Spieleturniere f\u00fcr die Jahrg\u00e4nge 5 bis 7 statt. Ob Brennball, Basketball, Korbball oder Dodgeball \u2013 jede Sportart bietet den Sch\u00fclerinnen und Sch\u00fclern eine neue Herausforderung. Die Jahrg\u00e4nge teilen sich in Teams auf und treten in spannenden Wettk\u00e4mpfen gegeneinander an.<\/p>\n\n\n\n<p>Diese Turniere f\u00f6rdern nicht nur den sportlichen Ehrgeiz und Teamgeist, sondern auch den Zusammenhalt und die Fairness unter den Sch\u00fclern. Die Vorfreude und Begeisterung sind gro\u00df, wenn es wieder hei\u00dft: Auf die Pl\u00e4tze, fertig, los!<\/p>\n\n\n\n<p class=\"has-pale-cyan-blue-color has-text-color\"><strong><a href=\"#Aktionen\"><span style=\"color:#cf2e2e\" class=\"tadv-color\">nach oben<\/span><\/a><\/strong><\/p>\n\n\n\n<p class=\"has-medium-font-size\" id=\"Ladys\"><strong>Lady\u00b4s Cup<\/strong><\/p>\n\n\n\n<p>Der &#8222;KGS-Ladies-Cup&#8220; an der KGS Salzhemmendorf ist ein j\u00e4hrliches Fu\u00dfballturnier f\u00fcr M\u00e4dchen, das traditionell am letzten Tag vor den Osterferien stattfindet. Dieses Turnier hat sich im Laufe der Jahre zu einem bedeutenden Ereignis entwickelt, das Teams aus verschiedenen Schulen der Region anzieht.<\/p>\n\n\n\n<p>Der Ladies-Cup bietet den jungen Spielerinnen die M\u00f6glichkeit, ihr K\u00f6nnen unter Beweis zu stellen und sich sportlich zu messen. Die Teams bestehen oft aus Sch\u00fclerinnen, die bereits in Vereinen oder Auswahlmannschaften aktiv sind, was f\u00fcr ein hohes spielerisches Niveau und spannende Wettk\u00e4mpfe sorgt. Neben den sportlichen Leistungen steht auch der Spa\u00df und die Freude am Spiel im Vordergrund.<\/p>\n\n\n\n<p>Der Cup wird in der Sporthalle der KGS Salzhemmendorf ausgetragen, und die Spiele finden auf Tore mit den Ma\u00dfen f\u00fcnf mal zwei Meter statt. Jedes Spiel dauert zehn Minuten, und die Teilnehmerinnen k\u00e4mpfen um den begehrten Wanderpokal sowie individuelle Auszeichnungen f\u00fcr die beste Torsch\u00fctzin, die beste Torfrau und die beste Spielerin des Turniers.<\/p>\n\n\n\n<p>Das Turnier wird von der Sparkasse Weserbergland gesponsert und von der KGS organisiert. Sch\u00fcler*innen der Technik-AG sorgen f\u00fcr die passende musikalische Untermalung, und die Partien werden von erfahrenen Schiedsrichter*innen geleitet. Auch f\u00fcr das leibliche Wohl der Zuschauer wird gesorgt, indem die angehenden Abiturienten Speisen und Getr\u00e4nke anbieten.<\/p>\n\n\n\n<p>Das Turnier bietet eine Plattform f\u00fcr junge Talente, ihre F\u00e4higkeiten zu zeigen und wertvolle Erfahrungen zu sammeln.<\/p>\n\n\n\n<p class=\"has-pale-cyan-blue-color has-text-color\"><strong><a href=\"#Aktionen\"><span style=\"color:#cf2e2e\" class=\"tadv-color\">nach oben<\/span><\/a><\/strong><\/p>\n\n\n\n<p class=\"has-medium-font-size\" id=\"Christmas\"><strong>Christmas Cup<\/strong><\/p>\n\n\n\n<p>Der Christmas Cup der KGS Salzhemmendorf ist ein j\u00e4hrliches Fu\u00dfball-Hallenturnier, das seit 2001 kurz vor den Weihnachtsferien stattfindet. Das Turnier, das offiziell als KGS-Postbank-Christmas-Cup bekannt ist, zieht Sch\u00fcler der U17 aus der Region an und wird in der Sporthalle der Schule ausgetragen.<\/p>\n\n\n\n<p>In diesem Wettkampf treten acht Mannschaften gegeneinander an, darunter Teams von der Theodor-Heuss-Realschule, der IGS Hameln, dem Schiller-Gymnasium Hameln, dem Humboldt-Gymnasium aus Bad Pyrmont, der KGS Pattensen, dem Gymnasium Alfeld sowie zwei Mannschaften der KGS Salzhemmendorf selbst. Das Turnier ist bekannt f\u00fcr seine spannenden Spiele und die hohe fu\u00dfballerische Qualit\u00e4t der Teilnehmer, von Kreis- bis Landesligaspielern.<\/p>\n\n\n\n<p>Besonders herausragend sind die Leistungen des Schiller-Gymnasiums, das als Seriensieger gilt, sowie der Theodor-Heuss-Realschule, die ebenfalls h\u00e4ufig Favoritenstatus haben. Das Turnier beginnt am fr\u00fchen Morgen und endet am Mittag, wobei neben den sportlichen Wettk\u00e4mpfen auch zahlreiche unterhaltsame Pauseneinlagen wie Trampolinkunstst\u00fccke und Spiele zwischen Sch\u00fclern und Lehrern stattfinden.<\/p>\n\n\n\n<p>F\u00fcr das leibliche Wohl sorgen die Abiturienten, die Speisen und Getr\u00e4nke zu erschwinglichen Preisen anbieten. Die besten Spieler werden in den Kategorien bester Torh\u00fcter, bester Feldspieler und bester Torsch\u00fctze ausgezeichnet. H\u00f6hepunkt des Turniers ist die Siegerehrung, bei der das Gewinnerteam den 70 cm hohen Christmas Cup entgegennehmen darf.<\/p>\n\n\n\n<p>Das Event f\u00f6rdert nicht nur den sportlichen Ehrgeiz der Sch\u00fcler, sondern auch den Gemeinschaftssinn und die festliche Stimmung kurz vor den Weihnachtsferien.<\/p>\n\n\n\n<p class=\"has-pale-cyan-blue-color has-text-color\"><strong><a href=\"#Aktionen\"><span style=\"color:#cf2e2e\" class=\"tadv-color\">nach oben<\/span><\/a><\/strong><\/p>\n\n\n\n<p class=\"has-medium-font-size\" id=\"Ski\"><strong>Ski Exkursionen<\/strong><\/p>\n\n\n\n<p>Die Ski-Exkursion der KGS Salzhemmendorf ist ein j\u00e4hrliches Highlight f\u00fcr viele Sch\u00fclerinnen und Sch\u00fcler der Schule. Ziel dieser Exkursion ist das Skigebiet Sillian in Osttirol, \u00d6sterreich. Dieses einw\u00f6chige Event, das meist im Februar stattfindet, bietet den Teilnehmern nicht nur die Gelegenheit, ihre Skif\u00e4higkeiten zu verbessern, sondern auch eine Menge Spa\u00df und Gemeinschaftserlebnisse.<\/p>\n\n\n\n<p>Die Exkursion steht Sch\u00fclerinnen und Sch\u00fclern verschiedener Jahrg\u00e4nge offen und bietet eine gute Mischung aus Skikursen, Freizeitaktivit\u00e4ten und gemeinsamen Abendveranstaltungen. Die Teilnehmer sind in der Regel in einer Jugendherberge untergebracht, die sich in unmittelbarer N\u00e4he der Skipisten befindet. Tags\u00fcber werden die Sch\u00fcler in unterschiedlichen Leistungsgruppen von erfahrenen Skilehrern unterrichtet, wobei sowohl Anf\u00e4nger als auch Fortgeschrittene auf ihre Kosten kommen.<\/p>\n\n\n\n<p>Neben dem Skifahren sind auch andere winterliche Aktivit\u00e4ten wie Rodeln oder Schneewanderungen Teil des Programms. Abends stehen meist gemeinsame Spiele, Filme oder thematische Abende auf dem Programm, die den Zusammenhalt und das Gemeinschaftsgef\u00fchl st\u00e4rken. Die Sch\u00fcler sch\u00e4tzen besonders die Abwechslung vom Schulalltag und die M\u00f6glichkeit, neue Freundschaften zu kn\u00fcpfen.<\/p>\n\n\n\n<p>Die Ski-Exkursion wird von Lehrkr\u00e4ften der KGS Salzhemmendorf organisiert und betreut, die nicht nur f\u00fcr das sportliche Programm verantwortlich sind, sondern auch die Sicherheit und das Wohl der Sch\u00fcler gew\u00e4hrleisten. Jahr f\u00fcr Jahr erfreut sich diese Veranstaltung gro\u00dfer Beliebtheit und bleibt f\u00fcr viele Teilnehmer ein unvergessliches Erlebnis.<\/p>\n\n\n\n<p class=\"has-pale-cyan-blue-color has-text-color\"><strong><a href=\"#Aktionen\"><span style=\"color:#cf2e2e\" class=\"tadv-color\">nach oben<\/span><\/a><\/strong><\/p>\n\n\n\n<p class=\"has-medium-font-size\" id=\"Diercke\"><strong>Diercke Wissenswettbewerb an der KGS Salzhemmendorf<\/strong><\/p>\n\n\n\n<p>Der Diercke Wissenswettbewerb ist eine traditionsreiche Veranstaltung an der KGS Salzhemmendorf, die jedes Jahr Sch\u00fclerinnen und Sch\u00fcler der Sekundarstufe I begeistert. Dieser Erdkunde-Wettbewerb fordert die Teilnehmer heraus, ihr geografisches Wissen unter Beweis zu stellen. \u00dcber mehrere Runden hinweg werden die besten Geografen der Schule ermittelt. Besonders erfolgreich waren in der Vergangenheit Teilnehmer, die sich durch hervorragende Leistungen f\u00fcr weiterf\u00fchrende Wettbewerbe auf Landes- und Bundesebene qualifizieren konnten. Der Wettbewerb f\u00f6rdert nicht nur das Interesse an Erdkunde, sondern auch die Freude am Lernen und Entdecken neuer geografischer Zusammenh\u00e4nge.<\/p>\n\n\n\n<p class=\"has-pale-cyan-blue-color has-text-color\"><strong><a href=\"#Aktionen\"><span style=\"color:#cf2e2e\" class=\"tadv-color\">nach oben<\/span><\/a><\/strong><\/p>\n\n\n\n<p class=\"has-medium-font-size\" id=\"K\u00e4nguru\"><strong>K\u00e4nguru-Wettbewerb an der KGS Salzhemmendorf<\/strong><\/p>\n\n\n\n<p>Auch der K\u00e4nguru-Wettbewerb ist ein fester Bestandteil des Schullebens an der KGS Salzhemmendorf. Dieser international ausgerichtete Mathematikwettbewerb bietet Sch\u00fclerinnen und Sch\u00fclern die M\u00f6glichkeit, in 75 Minuten knifflige Aufgaben zu l\u00f6sen und ihr mathematisches K\u00f6nnen zu beweisen. Jedes Jahr nehmen zahlreiche Sch\u00fcler aus verschiedenen Jahrgangsstufen daran teil. Besonders erfolgreiche Teilnehmer, die zu den besten 5% deutschlandweit geh\u00f6ren, werden mit Preisen ausgezeichnet. Der Wettbewerb f\u00f6rdert das logische Denken und die mathematischen F\u00e4higkeiten der Sch\u00fcler und macht zudem viel Spa\u00df.<\/p>\n\n\n\n<p>Beide Wettbewerbe tragen zur F\u00f6rderung von Wissen und F\u00e4higkeiten der Sch\u00fclerinnen und Sch\u00fcler bei und sind ein wichtiger Bestandteil des schulischen Angebots der KGS Salzhemmendorf.<\/p>\n\n\n\n<p class=\"has-pale-cyan-blue-color has-text-color\"><strong><a href=\"#Aktionen\"><span style=\"color:#cf2e2e\" class=\"tadv-color\">nach oben<\/span><\/a><\/strong><\/p>\n","protected":false},"excerpt":{"rendered":"<p>Vielf\u00e4ltige Aktionen an der KGS Salzhemmendorf Unter anderen haben wir folgende Aktionen die an der KGS Salzhemmendorf laufen. Klicken Sie sich einfach durch! Die Young &hellip; <\/p>\n","protected":false},"author":9194300,"featured_media":0,"parent":0,"menu_order":0,"comment_status":"closed","ping_status":"closed","template":"","meta":{"footnotes":""},"class_list":["post-612","page","type-page","status-publish","hentry"],"_links":{"self":[{"href":"https:\/\/wordpress.nibis.de\/kgssalzh\/wp-json\/wp\/v2\/pages\/612","targetHints":{"allow":["GET"]}}],"collection":[{"href":"https:\/\/wordpress.nibis.de\/kgssalzh\/wp-json\/wp\/v2\/pages"}],"about":[{"href":"https:\/\/wordpress.nibis.de\/kgssalzh\/wp-json\/wp\/v2\/types\/page"}],"author":[{"embeddable":true,"href":"https:\/\/wordpress.nibis.de\/kgssalzh\/wp-json\/wp\/v2\/users\/9194300"}],"replies":[{"embeddable":true,"href":"https:\/\/wordpress.nibis.de\/kgssalzh\/wp-json\/wp\/v2\/comments?post=612"}],"version-history":[{"count":21,"href":"https:\/\/wordpress.nibis.de\/kgssalzh\/wp-json\/wp\/v2\/pages\/612\/revisions"}],"predecessor-version":[{"id":1668,"href":"https:\/\/wordpress.nibis.de\/kgssalzh\/wp-json\/wp\/v2\/pages\/612\/revisions\/1668"}],"wp:attachment":[{"href":"https:\/\/wordpress.nibis.de\/kgssalzh\/wp-json\/wp\/v2\/media?parent=612"}],"curies":[{"name":"wp","href":"https:\/\/api.w.org\/{rel}","templated":true}]}}