{"id":614,"date":"2023-11-26T18:57:12","date_gmt":"2023-11-26T17:57:12","guid":{"rendered":"https:\/\/wordpress.nibis.de\/kgssalzh\/?page_id=614"},"modified":"2024-08-04T20:27:21","modified_gmt":"2024-08-04T18:27:21","slug":"austauschprogramme","status":"publish","type":"page","link":"https:\/\/wordpress.nibis.de\/kgssalzh\/austauschprogramme\/","title":{"rendered":"Austauschprogramme"},"content":{"rendered":"\n<p class=\"has-text-align-center has-large-font-size\"><strong>Austauschprogramme an der KGS Salzhemmendorf<\/strong><\/p>\n\n\n\n<p>Die KGS Salzhemmendorf nimmt regelm\u00e4\u00dfig an Sch\u00fcleraustauschen mit den Niederlanden und Frankreich teil. Ein Sch\u00fcleraustausch ist ein Programm, bei dem Sch\u00fcler f\u00fcr einen bestimmten Zeitraum in das Ausland reisen, um dort die Kultur und den Schulalltag kennenzulernen, und gleichzeitig Gastsch\u00fcler aus dem Partnerland aufnehmen. Diese Erfahrung f\u00f6rdert interkulturelles Verst\u00e4ndnis, Sprachkenntnisse und pers\u00f6nliche Entwicklung. Ansprechpartnerin f\u00fcr die Sch\u00fcleraustausche an der KGS Salzhemmendorf ist <a href=\"https:\/\/wordpress.nibis.de\/kgssalzh\/ulrike-walther\/\" data-type=\"page\" data-id=\"1368\"><strong><em>Frau Walth<\/em><\/strong>er<\/a>, die f\u00fcr die Organisation und Betreuung der Teilnehmer verantwortlich ist. Angegliedert sind die Austauschprogramm den den <strong><em><a href=\"https:\/\/wordpress.nibis.de\/kgssalzh\/fremdsprachen\/\" data-type=\"page\" data-id=\"579\">Fachbereich Fremdsprachen<\/a><\/em><\/strong>.<\/p>\n","protected":false},"excerpt":{"rendered":"<p>Austauschprogramme an der KGS Salzhemmendorf Die KGS Salzhemmendorf nimmt regelm\u00e4\u00dfig an Sch\u00fcleraustauschen mit den Niederlanden und Frankreich teil. Ein Sch\u00fcleraustausch ist ein Programm, bei dem &hellip; <\/p>\n","protected":false},"author":9194300,"featured_media":0,"parent":0,"menu_order":0,"comment_status":"closed","ping_status":"closed","template":"","meta":{"footnotes":""},"class_list":["post-614","page","type-page","status-publish","hentry"],"_links":{"self":[{"href":"https:\/\/wordpress.nibis.de\/kgssalzh\/wp-json\/wp\/v2\/pages\/614","targetHints":{"allow":["GET"]}}],"collection":[{"href":"https:\/\/wordpress.nibis.de\/kgssalzh\/wp-json\/wp\/v2\/pages"}],"about":[{"href":"https:\/\/wordpress.nibis.de\/kgssalzh\/wp-json\/wp\/v2\/types\/page"}],"author":[{"embeddable":true,"href":"https:\/\/wordpress.nibis.de\/kgssalzh\/wp-json\/wp\/v2\/users\/9194300"}],"replies":[{"embeddable":true,"href":"https:\/\/wordpress.nibis.de\/kgssalzh\/wp-json\/wp\/v2\/comments?post=614"}],"version-history":[{"count":4,"href":"https:\/\/wordpress.nibis.de\/kgssalzh\/wp-json\/wp\/v2\/pages\/614\/revisions"}],"predecessor-version":[{"id":1619,"href":"https:\/\/wordpress.nibis.de\/kgssalzh\/wp-json\/wp\/v2\/pages\/614\/revisions\/1619"}],"wp:attachment":[{"href":"https:\/\/wordpress.nibis.de\/kgssalzh\/wp-json\/wp\/v2\/media?parent=614"}],"curies":[{"name":"wp","href":"https:\/\/api.w.org\/{rel}","templated":true}]}}