{"id":616,"date":"2023-11-26T18:57:26","date_gmt":"2023-11-26T17:57:26","guid":{"rendered":"https:\/\/wordpress.nibis.de\/kgssalzh\/?page_id=616"},"modified":"2025-09-25T12:35:36","modified_gmt":"2025-09-25T10:35:36","slug":"schuelerfirma","status":"publish","type":"page","link":"https:\/\/wordpress.nibis.de\/kgssalzh\/schuelerfirma\/","title":{"rendered":"Sch\u00fclerfirma"},"content":{"rendered":"\n<p class=\"has-text-align-center has-large-font-size\" id=\"oben\"><strong>Die Sch\u00fclergenossenschaft Kanstein<\/strong><\/p>\n\n\n\n<p>Die Sch\u00fclerfirma der KGS Salzhemmendorf ist ein innovatives Projekt, das Sch\u00fclern praktische Erfahrungen im Bereich Wirtschaft und Unternehmertum vermittelt. Unter der Anleitung von Frau Niemeyer und Frau Hummel betreiben die Sch\u00fcler ihre eigene Firma, in der sie Produkte und Dienstleistungen entwickeln, produzieren und vermarkten. Der schuleigene Shop bietet Schulkleidung, Capri-Sonne und S\u00fc\u00dfigkeiten an. Die Sch\u00fclerfirma ist fest im Profil der Realschule verankert und f\u00f6rdert wirtschaftliches Verst\u00e4ndnis, Teamarbeit, Kreativit\u00e4t und Verantwortungsbewusstsein, indem theoretisches Wissen in die Praxis umgesetzt wird.<\/p>\n\n\n\n<div class=\"wp-block-columns is-layout-flex wp-container-core-columns-is-layout-abceabcf wp-block-columns-is-layout-flex\">\n<div class=\"wp-block-column is-layout-flow wp-block-column-is-layout-flow\" style=\"--col-width:100%;flex-basis:100%\">\n<div class=\"wp-block-group\"><div class=\"wp-block-group__inner-container is-layout-flow wp-block-group-is-layout-flow\">\n<div class=\"wp-block-buttons is-content-justification-center is-layout-flex wp-container-core-buttons-is-layout-16018d1d wp-block-buttons-is-layout-flex\">\n<div class=\"wp-block-button\"><a class=\"wp-block-button__link has-white-color has-text-color\" href=\"#Verkauf\">Verkauf<\/a><\/div>\n\n\n\n<div class=\"wp-block-button\"><a class=\"wp-block-button__link has-white-color has-text-color\" href=\"#Marketing\">Marketing<\/a><\/div>\n\n\n\n<div class=\"wp-block-button\"><a class=\"wp-block-button__link has-white-color has-text-color\" href=\"#Personal\">Personal<\/a><\/div>\n\n\n\n<div class=\"wp-block-button\"><a class=\"wp-block-button__link has-white-color has-text-color\" href=\"#Finanzen\">Finanzen<\/a><\/div>\n<\/div>\n<\/div><\/div>\n<\/div>\n<\/div>\n\n\n\n<h2 class=\"wp-block-heading\" id=\"Verkauf\">Verkauf<\/h2>\n\n\n\n<div class=\"wp-block-media-text alignwide is-stacked-on-mobile\" style=\"grid-template-columns:30% auto\"><figure class=\"wp-block-media-text__media\"><img loading=\"lazy\" decoding=\"async\" width=\"1920\" height=\"2560\" src=\"https:\/\/wordpress.nibis.de\/kgssalzh\/files\/2025\/09\/SGK-2-Verkauf-scaled.jpeg\" alt=\"\" class=\"wp-image-3052 size-full\" srcset=\"https:\/\/wordpress.nibis.de\/kgssalzh\/files\/2025\/09\/SGK-2-Verkauf-scaled.jpeg 1920w, https:\/\/wordpress.nibis.de\/kgssalzh\/files\/2025\/09\/SGK-2-Verkauf-768x1024.jpeg 768w, https:\/\/wordpress.nibis.de\/kgssalzh\/files\/2025\/09\/SGK-2-Verkauf-1152x1536.jpeg 1152w, https:\/\/wordpress.nibis.de\/kgssalzh\/files\/2025\/09\/SGK-2-Verkauf-1536x2048.jpeg 1536w\" sizes=\"auto, (max-width: 1920px) 100vw, 1920px\" \/><\/figure><div class=\"wp-block-media-text__content\">\n<p>Die Verkaufsabteilung arbeitet in jeder ersten und zweiten Pause in unserem Shop im Eingangsbereich der Schule. Sie verkaufen verschiedene Produkte wie Schreibwaren, Tassen, Flaschen sowie T-Shirts und Pullover mit dem Schullogo. Doch sie verkaufen nicht nur Produkte, sie sorgen auch daf\u00fcr, dass der Shop sauber bleibt und planen Verkaufsaktionen. F\u00fcr Anregungen und neue Verkaufsideen sind sie immer offen.<br>Damit neue Produkte verkauft werden k\u00f6nnen, gibt es angegliedert an die Verkaufsabteilung auch eine Einkaufsabteilung. Wie der Name schon sagt, k\u00fcmmern sie sich um den Einkauf der ben\u00f6tigten Waren und kalkulieren Preise.<\/p>\n<\/div><\/div>\n\n\n\n<p><span style=\"color:#b92b34\" class=\"tadv-color\"><a href=\"#oben\">nach oben<\/a><\/span><\/p>\n\n\n\n<h2 class=\"wp-block-heading\" id=\"Marketing\">Marketing<\/h2>\n\n\n\n<div class=\"wp-block-media-text alignwide has-media-on-the-right is-stacked-on-mobile\" style=\"grid-template-columns:auto 40%\"><figure class=\"wp-block-media-text__media\"><img loading=\"lazy\" decoding=\"async\" width=\"2560\" height=\"1920\" src=\"https:\/\/wordpress.nibis.de\/kgssalzh\/files\/2025\/09\/SGK-5-Marketing-scaled.jpeg\" alt=\"\" class=\"wp-image-3053 size-full\" srcset=\"https:\/\/wordpress.nibis.de\/kgssalzh\/files\/2025\/09\/SGK-5-Marketing-scaled.jpeg 2560w, https:\/\/wordpress.nibis.de\/kgssalzh\/files\/2025\/09\/SGK-5-Marketing-768x576.jpeg 768w, https:\/\/wordpress.nibis.de\/kgssalzh\/files\/2025\/09\/SGK-5-Marketing-1536x1152.jpeg 1536w, https:\/\/wordpress.nibis.de\/kgssalzh\/files\/2025\/09\/SGK-5-Marketing-2048x1536.jpeg 2048w\" sizes=\"auto, (max-width: 2560px) 100vw, 2560px\" \/><\/figure><div class=\"wp-block-media-text__content\">\n<p style=\"font-size:18px\">Die Marketingabteilung ist f\u00fcr Plakate und Kreativit\u00e4t zust\u00e4ndig. Sie arbeitet viel digital, insbesondere mit der App Canva. Dabei kooperiert sie viel mit dem Verkauf, da sie Plakate, Flyer oder Preislisten f\u00fcr Verkaufsaktionen gestaltet. Im Marketing ist es zwar n\u00fctzlich zeichnen zu k\u00f6nnen, allerdings ist es viel wichtiger einen kreativen Kopf zu haben und zu wissen, wie man den Kunden ansprechen kann.<\/p>\n<\/div><\/div>\n\n\n\n<p id=\"oben\"><span style=\"color:#b92b34\" class=\"tadv-color\"><a href=\"#oben\">nach oben<\/a><\/span><\/p>\n\n\n\n<h2 class=\"wp-block-heading\" id=\"Personal\">Personal<\/h2>\n\n\n\n<div class=\"wp-block-media-text alignwide is-stacked-on-mobile\" style=\"grid-template-columns:30% auto\"><figure class=\"wp-block-media-text__media\"><img loading=\"lazy\" decoding=\"async\" width=\"1920\" height=\"2560\" src=\"https:\/\/wordpress.nibis.de\/kgssalzh\/files\/2025\/09\/SGK-3-Personal-scaled.jpeg\" alt=\"\" class=\"wp-image-3054 size-full\" srcset=\"https:\/\/wordpress.nibis.de\/kgssalzh\/files\/2025\/09\/SGK-3-Personal-scaled.jpeg 1920w, https:\/\/wordpress.nibis.de\/kgssalzh\/files\/2025\/09\/SGK-3-Personal-768x1024.jpeg 768w, https:\/\/wordpress.nibis.de\/kgssalzh\/files\/2025\/09\/SGK-3-Personal-1152x1536.jpeg 1152w, https:\/\/wordpress.nibis.de\/kgssalzh\/files\/2025\/09\/SGK-3-Personal-1536x2048.jpeg 1536w\" sizes=\"auto, (max-width: 1920px) 100vw, 1920px\" \/><\/figure><div class=\"wp-block-media-text__content\">\n<p style=\"font-size:18px\">Die Personalabteilung k\u00fcmmert sich um die Mitarbeiter. Sie organisieren E-Mails, stehen im Kontakt zu unseren Kooperationspartner und sind f\u00fcr die Arbeitsvertr\u00e4ge zust\u00e4ndig. Grunds\u00e4tzlich dokumentieren sie alles, was mit dem Personal der SGK zu tun hat und erstellen Arbeitszeugnisse. Damit behalten sie den \u00dcberblick \u00fcber alle Mitarbeiter.<\/p>\n<\/div><\/div>\n\n\n\n<p id=\"oben\"><span style=\"color:#b92b34\" class=\"tadv-color\"><a href=\"#oben\">nach oben<\/a><\/span><\/p>\n\n\n\n<h2 class=\"wp-block-heading\" id=\"Finanzen\">Finanzen<\/h2>\n\n\n\n<div class=\"wp-block-media-text alignwide has-media-on-the-right is-stacked-on-mobile\" style=\"grid-template-columns:auto 40%\"><figure class=\"wp-block-media-text__media\"><img loading=\"lazy\" decoding=\"async\" width=\"2560\" height=\"1455\" src=\"https:\/\/wordpress.nibis.de\/kgssalzh\/files\/2025\/09\/SGK-4-Finanzen-scaled.jpeg\" alt=\"\" class=\"wp-image-3055 size-full\" srcset=\"https:\/\/wordpress.nibis.de\/kgssalzh\/files\/2025\/09\/SGK-4-Finanzen-scaled.jpeg 2560w, https:\/\/wordpress.nibis.de\/kgssalzh\/files\/2025\/09\/SGK-4-Finanzen-250x141.jpeg 250w, https:\/\/wordpress.nibis.de\/kgssalzh\/files\/2025\/09\/SGK-4-Finanzen-768x436.jpeg 768w, https:\/\/wordpress.nibis.de\/kgssalzh\/files\/2025\/09\/SGK-4-Finanzen-1536x873.jpeg 1536w, https:\/\/wordpress.nibis.de\/kgssalzh\/files\/2025\/09\/SGK-4-Finanzen-2048x1164.jpeg 2048w\" sizes=\"auto, (max-width: 2560px) 100vw, 2560px\" \/><\/figure><div class=\"wp-block-media-text__content\">\n<p style=\"font-size:18px\">Die Abteilung Finanzen k\u00fcmmert sich um das Geld unserer Firma. Sie verwalten die Einahmen, also das Geld, das wir verdienen, und die Ausgaben, das Geld, das wir ausgeben. Sie f\u00fchren Listen, holen Geld von Kunden ab, zahlen es ein und verwalten die Kontoausz\u00fcge. Diese zeigen wie viel Geld auf dem Bankkonto ist. So behalten sie den \u00dcberblick \u00fcber die Finanzen der Firma.<\/p>\n<\/div><\/div>\n\n\n\n<p id=\"oben\"><span style=\"color:#b92b34\" class=\"tadv-color\"><a href=\"#oben\">nach oben<\/a><\/span><\/p>\n","protected":false},"excerpt":{"rendered":"<p>Die Sch\u00fclergenossenschaft Kanstein Die Sch\u00fclerfirma der KGS Salzhemmendorf ist ein innovatives Projekt, das Sch\u00fclern praktische Erfahrungen im Bereich Wirtschaft und Unternehmertum vermittelt. Unter der Anleitung &hellip; <\/p>\n","protected":false},"author":9194300,"featured_media":0,"parent":0,"menu_order":0,"comment_status":"closed","ping_status":"closed","template":"","meta":{"footnotes":""},"class_list":["post-616","page","type-page","status-publish","hentry"],"_links":{"self":[{"href":"https:\/\/wordpress.nibis.de\/kgssalzh\/wp-json\/wp\/v2\/pages\/616","targetHints":{"allow":["GET"]}}],"collection":[{"href":"https:\/\/wordpress.nibis.de\/kgssalzh\/wp-json\/wp\/v2\/pages"}],"about":[{"href":"https:\/\/wordpress.nibis.de\/kgssalzh\/wp-json\/wp\/v2\/types\/page"}],"author":[{"embeddable":true,"href":"https:\/\/wordpress.nibis.de\/kgssalzh\/wp-json\/wp\/v2\/users\/9194300"}],"replies":[{"embeddable":true,"href":"https:\/\/wordpress.nibis.de\/kgssalzh\/wp-json\/wp\/v2\/comments?post=616"}],"version-history":[{"count":22,"href":"https:\/\/wordpress.nibis.de\/kgssalzh\/wp-json\/wp\/v2\/pages\/616\/revisions"}],"predecessor-version":[{"id":3066,"href":"https:\/\/wordpress.nibis.de\/kgssalzh\/wp-json\/wp\/v2\/pages\/616\/revisions\/3066"}],"wp:attachment":[{"href":"https:\/\/wordpress.nibis.de\/kgssalzh\/wp-json\/wp\/v2\/media?parent=616"}],"curies":[{"name":"wp","href":"https:\/\/api.w.org\/{rel}","templated":true}]}}