{"id":622,"date":"2023-11-26T18:58:34","date_gmt":"2023-11-26T17:58:34","guid":{"rendered":"https:\/\/wordpress.nibis.de\/kgssalzh\/?page_id=622"},"modified":"2024-12-04T09:42:01","modified_gmt":"2024-12-04T08:42:01","slug":"beratungsnetzwerk","status":"publish","type":"page","link":"https:\/\/wordpress.nibis.de\/kgssalzh\/beratungsnetzwerk\/","title":{"rendered":"Beratungsnetzwerk"},"content":{"rendered":"\n<p class=\"has-text-align-center has-large-font-size\"><strong>Unser Beratungsangebot<\/strong><\/p>\n\n\n\n<div class=\"wp-block-media-text alignwide has-media-on-the-right is-stacked-on-mobile\"><figure class=\"wp-block-media-text__media\"><img loading=\"lazy\" decoding=\"async\" width=\"445\" height=\"500\" src=\"https:\/\/wordpress.nibis.de\/kgssalzh\/files\/2024\/01\/Beratung_2024_01_28_Logokl.png\" alt=\"\" class=\"wp-image-955 size-full\" \/><\/figure><div class=\"wp-block-media-text__content\">\n<p><strong><em>Manchmal hat man im Leben schlechte Karten &#8211;<br>doch mit uns hat man immer no<\/em><\/strong><em><strong>ch ein Ass im \u00c4rmel!<\/strong><\/em><\/p>\n\n\n\n<h2 class=\"wp-block-heading\">Allgemeine Spielregeln<\/h2>\n\n\n\n<p><strong>Freiwillig: <\/strong>Beratung durch uns ist immer nur ein Angebot. Man entscheidet selbst, ob man die Beratung annehmen m\u00f6chte oder nicht.<br><strong>Verschwiegenheit:<\/strong> Was uns in einem Beratungsgespr\u00e4ch erz\u00e4hlt wird, unterliegt<br>der Schweigepflicht bzw. dem Seelsorgegeheimnis. Andere Personen werden nur unter Zustimmung mit eingebunden und erfahren sonst nichts von der Beratung.<br><strong>Unser Ziel:<\/strong> Jeder soll aus der Beratung gest\u00e4rkt herausgehen und wir unterst\u00fctzen eine selbstst\u00e4ndige individuelle L\u00f6sungsfindung.<\/p>\n<\/div><\/div>\n\n\n\n<div class=\"wp-block-media-text alignwide has-media-on-the-right is-stacked-on-mobile\"><figure class=\"wp-block-media-text__media\"><\/figure><div class=\"wp-block-media-text__content\">\n<h2 class=\"wp-block-heading\">Beratung<\/h2>\n<\/div><\/div>\n\n\n\n<div class=\"wp-block-media-text alignwide is-stacked-on-mobile\"><figure class=\"wp-block-media-text__media\"><img loading=\"lazy\" decoding=\"async\" width=\"450\" height=\"668\" src=\"https:\/\/wordpress.nibis.de\/kgssalzh\/files\/2024\/01\/Beratung_2024_01_28_Beratung.png\" alt=\"\" class=\"wp-image-965 size-full\" \/><\/figure><div class=\"wp-block-media-text__content\">\n<p>Wir kommen zum Einsatz, wenn man mal nicht weiter wei\u00df oder man einfach ein offenes Ohr braucht.<\/p>\n\n\n\n<p>Heidrun Gorke, Mediatorin, Sch\u00fcler- und Lerncoach,<br><a href=\"&#x6d;a&#x69;&#108;&#x74;&#x6f;:&#x68;&#101;&#x69;&#x64;r&#x75;&#110;&#x2e;&#x67;o&#x72;&#107;&#x65;&#x40;k&#x67;&#115;&#x2d;&#x73;a&#x6c;&#122;&#x68;&#x65;m&#x6d;&#101;&#x6e;&#x64;o&#x72;&#102;&#x2e;&#x65;u\" data-type=\"mailto\" data-id=\"&#x6d;&#x61;&#x69;&#x6c;&#x74;&#x6f;&#x3a;&#104;&#101;&#105;&#100;&#114;un&#46;g&#x6f;&#x72;&#x6b;&#x65;&#x40;&#x6b;&#x67;&#x73;&#45;&#115;&#97;&#108;&#122;hemm&#x65;&#x6e;&#x64;&#x6f;&#x72;&#x66;&#x2e;&#101;&#117;\">heid&#114;&#117;&#110;&#46;&#103;&#111;&#114;&#x6b;&#x65;&#x40;&#x6b;&#x67;&#x73;&#x2d;&#x73;&#x61;lzhe&#109;&#109;&#101;&#110;&#100;&#111;&#114;&#x66;&#x2e;&#x65;&#x75;<\/a><\/p>\n\n\n\n<p>Volker Werchan, Beratungslehrer,<br><a href=\"&#109;&#x61;i&#x6c;&#x74;&#111;&#x3a;v&#x6f;&#x6c;&#107;&#x65;r&#x2e;&#x77;&#101;&#x72;c&#x68;&#x61;&#110;&#x40;k&#x67;&#x73;&#45;&#x73;a&#x6c;&#x7a;&#104;&#x65;m&#x6d;&#x65;&#110;&#x64;o&#x72;&#x66;&#46;&#x65;u\" data-type=\"mailto\" data-id=\"ma&#105;&#108;&#116;&#111;&#x3a;&#x76;&#x6f;&#x6c;&#x6b;er&#46;&#119;&#101;&#114;&#x63;&#x68;&#x61;&#x6e;&#x40;kg&#115;&#45;&#115;&#97;&#x6c;&#x7a;&#x68;&#x65;&#x6d;men&#100;&#111;&#114;&#x66;&#x2e;&#x65;&#x75;\">&#118;&#x6f;&#x6c;k&#101;&#x72;&#46;&#119;&#x65;&#x72;&#99;&#x68;&#x61;n&#64;&#x6b;g&#115;&#x2d;&#x73;&#97;&#x6c;&#x7a;h&#101;&#x6d;m&#101;&#x6e;&#x64;&#111;&#x72;&#x66;&#46;&#101;&#x75;<\/a><\/p>\n\n\n\n<p>Anja von Dufving, Beratungslehrerin, Dipl.-Motologin,<br><a href=\"&#109;&#x61;&#x69;l&#116;&#x6f;&#x3a;a&#110;&#x6a;a&#46;&#x64;&#x75;f&#118;&#x69;n&#103;&#x76;&#x6f;n&#64;&#x6b;&#x67;&#115;&#x2d;&#x73;a&#108;&#x7a;&#x68;e&#109;&#x6d;e&#110;&#x64;&#x6f;r&#102;&#x2e;e&#117;\" data-type=\"mailto\" data-id=\"mai&#108;&#116;&#111;&#x3a;&#x61;&#x6e;&#x6a;&#x61;&#x2e;duf&#118;&#105;&#110;&#103;&#x76;&#x6f;&#x6e;&#x40;&#x6b;&#x67;s-s&#97;&#108;&#122;&#x68;&#x65;&#x6d;&#x6d;&#x65;&#x6e;dor&#102;&#46;&#101;&#117;\">&#97;&#x6e;j&#97;&#x2e;d&#117;&#x66;v&#105;&#x6e;g&#118;&#x6f;&#110;&#x40;&#x6b;&#103;&#x73;&#x2d;&#115;&#x61;l&#122;&#x68;e&#109;&#x6d;e&#110;&#x64;o&#114;&#x66;&#46;&#x65;&#x75;<\/a><\/p>\n\n\n\n<p>Ricarda Sparber-Hohnroth, Schulseelsorgerin, Fachkraft Traumap\u00e4dagogik, <br><a href=\"ma&#105;&#108;&#x74;&#x6f;&#x3a;&#x72;ic&#97;&#114;&#x64;&#x61;&#x2e;&#x73;pa&#114;&#98;&#101;&#x72;&#x40;&#x6b;&#x67;s-&#115;&#97;&#x6c;&#x7a;&#x68;&#x65;mm&#101;&#110;&#x64;&#x6f;&#x72;&#x66;&#46;e&#117;\" data-type=\"mailto\" data-id=\"&#109;&#x61;&#105;&#x6c;t&#x6f;:&#114;&#x69;&#99;&#x61;&#114;&#x64;a&#x2e;s&#112;&#x61;&#114;&#x62;e&#x72;&#64;&#x6b;&#x67;&#115;&#x2d;&#115;&#x61;l&#x7a;h&#101;&#x6d;&#109;&#x65;&#110;&#x64;o&#x72;f&#46;&#x65;&#117;\">r&#105;&#x63;&#x61;&#x72;d&#97;&#46;&#x73;&#x70;a&#114;&#98;&#x65;&#x72;&#64;k&#103;&#x73;&#x2d;&#x73;a&#108;&#x7a;&#x68;&#x65;m&#109;&#101;&#x6e;&#x64;o&#114;&#102;&#x2e;&#x65;u<\/a><\/p>\n<\/div><\/div>\n\n\n\n<h2 class=\"wp-block-heading\">Sch\u00fcler-Lerncoach<\/h2>\n\n\n\n<div class=\"wp-block-media-text alignwide has-media-on-the-right is-stacked-on-mobile\"><figure class=\"wp-block-media-text__media\"><img loading=\"lazy\" decoding=\"async\" width=\"450\" height=\"623\" src=\"https:\/\/wordpress.nibis.de\/kgssalzh\/files\/2024\/01\/Beratung_2024_01_28_SLcoach.png\" alt=\"\" class=\"wp-image-977 size-full\" \/><\/figure><div class=\"wp-block-media-text__content\">\n<p>Lernen ist bl\u00f6d? Manche Sachen gehen einfach nicht in den Kopf? Eine Pr\u00e4sentation halten ist ein Graus? Dann kommen wir zum Einsatz und schauen gemeinsam, welche L\u00f6sungen es gibt.<\/p>\n\n\n\n<p>Bettina Bruhnke<br>Sch\u00fcler- und Lerncoach, Beauftragte f\u00fcr Berufsorientierung im G-Zweig<br><a href=\"&#109;&#x61;&#105;&#x6c;&#116;&#x6f;&#58;&#x62;e&#x74;t&#x69;n&#x61;&#46;&#98;&#x72;&#117;&#x68;&#110;&#x6b;&#101;&#x40;&#107;&#x67;s&#x2d;s&#x61;l&#x7a;h&#101;&#x6d;&#109;&#x65;&#110;&#x64;&#111;&#x72;&#102;&#x2e;e&#x75;\" data-type=\"mailto\" data-id=\"m&#97;&#x69;&#x6c;t&#111;&#58;&#x62;&#x65;t&#116;&#105;&#x6e;&#x61;&#46;&#98;&#x72;&#x75;&#x68;n&#107;&#x65;&#x40;k&#103;&#115;&#x2d;&#x73;a&#108;&#122;&#x68;&#x65;m&#109;&#x65;&#x6e;&#x64;o&#114;&#x66;&#x2e;eu\">&#x62;&#101;t&#x74;&#105;n&#x61;&#46;b&#x72;&#117;h&#x6e;&#107;e&#x40;&#x6b;g&#x73;&#x2d;&#115;&#x61;&#x6c;&#122;&#x68;&#x65;&#109;m&#x65;&#110;d&#x6f;&#114;f&#x2e;&#101;u<\/a> <\/p>\n\n\n\n<p>Elke B\u00f6hning<br>Sch\u00fcler- und Lerncoach<br><a href=\"&#109;&#x61;&#105;&#x6c;&#116;&#x6f;:&#x65;l&#107;&#x65;&#46;&#x62;&#111;&#x65;h&#x6e;i&#110;&#x67;&#64;&#x6b;&#103;&#x73;&#45;&#x73;a&#x6c;z&#104;&#x65;&#109;&#x6d;&#101;&#x6e;d&#x6f;r&#102;&#x2e;&#101;&#x75;\" data-type=\"mailto\" data-id=\"ma&#105;&#108;&#116;&#111;&#x3a;&#x65;&#x6c;&#x6b;&#x65;&#46;b&#111;&#101;&#104;&#110;&#x69;&#x6e;&#x67;&#x40;&#x6b;gs&#45;&#115;&#97;&#108;&#x7a;&#x68;&#x65;&#x6d;&#x6d;end&#111;&#114;&#102;&#x2e;&#x65;&#x75;\">elke&#46;&#98;&#111;&#101;&#104;&#110;&#105;&#x6e;&#x67;&#x40;&#x6b;&#x67;&#x73;&#x2d;&#x73;&#x61;lzhe&#109;&#109;&#101;&#110;&#100;&#111;&#114;&#x66;&#x2e;&#x65;&#x75;<\/a><\/p>\n\n\n\n<p>Heidrun Gorke<br>Mediatorin, Sch\u00fcler- und Lerncoach<br><a href=\"&#x6d;&#x61;&#105;l&#x74;&#x6f;&#58;&#104;e&#x69;&#x64;&#114;&#117;n&#x2e;&#x67;&#111;rk&#x65;&#x40;&#107;g&#x73;&#x2d;&#115;&#97;l&#x7a;&#x68;&#101;&#109;m&#x65;&#x6e;&#100;or&#x66;&#x2e;&#101;u\" data-type=\"mailto\" data-id=\"m&#97;&#x69;&#x6c;t&#111;&#x3a;&#x68;e&#105;&#x64;&#x72;u&#110;&#x2e;&#x67;o&#114;&#x6b;&#x65;&#64;&#107;&#103;&#x73;&#x2d;s&#97;&#x6c;&#x7a;h&#101;&#x6d;&#x6d;e&#110;&#x64;&#x6f;r&#102;&#x2e;&#x65;u\">&#x68;&#101;&#x69;&#x64;&#114;&#x75;&#x6e;&#46;&#x67;&#x6f;&#114;&#x6b;&#x65;&#64;&#x6b;&#x67;s&#x2d;&#115;a&#x6c;&#122;h&#x65;&#109;m&#x65;&#110;d&#x6f;&#114;f&#x2e;&#101;u<\/a><\/p>\n<\/div><\/div>\n\n\n\n<h2 class=\"wp-block-heading\">Berufsorientierung<\/h2>\n\n\n\n<div class=\"wp-block-media-text alignwide is-stacked-on-mobile\"><figure class=\"wp-block-media-text__media\"><img loading=\"lazy\" decoding=\"async\" width=\"450\" height=\"379\" src=\"https:\/\/wordpress.nibis.de\/kgssalzh\/files\/2024\/01\/Beratung_2024_01_28_Berufsorientierung.png\" alt=\"\" class=\"wp-image-983 size-full\" \/><\/figure><div class=\"wp-block-media-text__content\">\n<p>Schule &#8211; und dann? Mit uns hat man die besten Karten bei Fragen rund um Beruf und Ausbildung.<\/p>\n\n\n\n<p>Bettina Bruhnke<br>Sch\u00fcler- und Lerncoach, Beauftragte f\u00fcr Berufsorientierung im G-Zweig<br><a href=\"&#x6d;&#x61;&#x69;&#x6c;&#x74;&#x6f;&#x3a;&#x62;&#x65;&#x74;&#x74;&#x69;&#x6e;&#x61;&#x2e;&#x62;&#x72;&#x75;&#x68;&#x6e;&#x6b;&#x65;&#x40;&#x6b;&#x67;&#x73;&#x2d;&#x73;&#x61;&#x6c;&#x7a;&#x68;&#x65;&#x6d;&#x6d;&#x65;&#x6e;&#x64;&#x6f;&#x72;&#x66;&#x2e;&#x65;&#x75;\" data-type=\"mailto\" data-id=\"&#109;&#x61;&#x69;l&#116;&#x6f;&#x3a;b&#101;&#x74;t&#105;&#x6e;&#x61;&#46;&#98;&#x72;u&#104;&#x6e;&#x6b;e&#64;&#x6b;&#x67;&#115;&#x2d;&#x73;a&#108;&#x7a;&#x68;e&#109;&#x6d;e&#110;&#x64;&#x6f;r&#102;&#x2e;e&#117;\">&#x62;&#x65;&#116;&#116;&#105;n&#x61;&#x2e;&#x62;&#114;&#117;hn&#x6b;&#x65;&#x40;&#107;&#103;s&#x2d;&#x73;&#x61;&#108;&#122;&#104;e&#x6d;&#x6d;&#x65;&#110;&#100;or&#x66;&#x2e;&#x65;&#117;<\/a> <\/p>\n\n\n\n<p>Sabrina Niemeyer<br>Berufsorientierungscoach<br><a href=\"m&#97;&#105;&#x6c;&#x74;&#x6f;&#x3a;s&#97;&#98;&#114;&#x69;&#x6e;&#x61;&#46;n&#105;&#101;&#x6d;&#x65;&#x79;er&#64;&#107;&#x67;&#x73;&#x2d;sa&#108;&#122;&#x68;&#x65;&#x6d;me&#110;&#100;&#x6f;&#x72;&#x66;&#46;e&#117;\" data-type=\"mailto\" data-id=\"&#x6d;&#x61;&#x69;&#x6c;&#x74;&#x6f;&#x3a;&#x73;&#x61;&#x62;&#x72;&#x69;&#x6e;&#x61;&#46;&#110;&#105;&#101;&#109;&#101;&#121;&#101;&#114;&#64;&#107;gs-salzh&#x65;&#x6d;&#x6d;&#x65;&#x6e;&#x64;&#x6f;&#x72;&#x66;&#x2e;&#x65;&#x75;\">sa&#98;&#114;&#105;&#110;&#x61;&#x2e;&#x6e;&#x69;&#x65;me&#121;&#101;&#114;&#64;&#x6b;&#x67;&#x73;&#x2d;&#x73;al&#122;&#104;&#101;&#109;&#x6d;&#x65;&#x6e;&#x64;&#x6f;rf&#46;&#101;&#117;<\/a><\/p>\n<\/div><\/div>\n\n\n\n<h2 class=\"wp-block-heading\">Schulsozialarbeit<\/h2>\n\n\n\n<div class=\"wp-block-media-text alignwide has-media-on-the-right is-stacked-on-mobile\"><figure class=\"wp-block-media-text__media\"><img loading=\"lazy\" decoding=\"async\" width=\"450\" height=\"397\" src=\"https:\/\/wordpress.nibis.de\/kgssalzh\/files\/2024\/01\/Beratung_2024_01_28_Sozialp.png\" alt=\"\" class=\"wp-image-985 size-full\" \/><\/figure><div class=\"wp-block-media-text__content\">\n<p>Wir kommen zum Einsatz, wenn es Konflikte oder Sorgen gibt oder wenn einfach etwas auf der Seele brennt.<\/p>\n\n\n\n<p>Meike St\u00f6ver<br>Diplom P\u00e4dagogin<br>Beratung und Unterst\u00fctzung f\u00fcr Sch\u00fcler:innen und Erziehungsberechtigte<br>Berufsorientierung<br><a href=\"m&#97;&#105;&#108;&#x74;&#x6f;&#x3a;me&#105;&#107;&#x65;&#x2e;&#x73;&#x74;oe&#118;&#101;&#x72;&#x40;&#x6b;&#x67;s&#45;&#115;&#97;&#x6c;&#x7a;&#x68;em&#109;&#101;&#110;&#x64;&#x6f;&#x72;f&#46;&#101;&#117;\" data-type=\"mailto\" data-id=\"m&#97;&#105;&#x6c;&#x74;o&#58;&#109;&#x65;&#x69;&#x6b;e&#46;&#115;&#x74;&#x6f;ev&#101;&#x72;&#x40;&#x6b;g&#115;&#45;&#x73;&#x61;lz&#104;&#x65;&#x6d;&#x6d;e&#110;&#100;&#x6f;&#x72;f&#46;&#101;&#x75;\">&#109;&#x65;&#105;&#x6b;&#101;&#x2e;&#115;&#x74;&#111;&#x65;&#118;&#x65;r&#x40;k&#x67;s&#x2d;s&#x61;l&#x7a;h&#101;&#x6d;&#109;&#x65;&#110;&#x64;&#111;&#x72;&#102;&#x2e;&#101;&#x75;<\/a> <\/p>\n\n\n\n<p>Janine Wonneberger<br>Sozialp\u00e4dagogin B. A.,<br>Beratung und Unterst\u00fctzung f\u00fcr Sch\u00fcler:innen und Erziehungsberechtigte<br><a href=\"&#x6d;&#x61;&#105;&#108;&#116;o&#x3a;&#x6a;&#x61;&#110;&#105;ne&#x2e;&#x77;&#x6f;&#110;&#110;e&#x62;&#x65;&#x72;&#103;&#101;&#114;&#64;&#x6b;&#x67;&#x73;&#45;&#115;al&#x7a;&#x68;&#x65;&#109;&#109;e&#x6e;&#x64;&#x6f;&#114;&#102;&#46;e&#x75;\" data-type=\"mailto\" data-id=\"&#x6d;&#x61;&#x69;&#x6c;&#116;&#111;&#58;ja&#x6e;&#x69;&#x6e;&#x65;&#x2e;&#119;&#111;&#110;ne&#x62;&#x65;&#x72;&#x67;&#x65;&#114;&#64;&#107;gs&#x2d;&#x73;&#x61;&#x6c;&#x7a;&#104;&#101;&#109;me&#x6e;&#x64;&#x6f;&#x72;&#x66;&#46;&#101;&#117;\">&#x6a;a&#x6e;i&#x6e;&#101;&#x2e;&#119;o&#x6e;n&#x65;&#98;&#x65;&#114;&#x67;&#101;r&#x40;k&#x67;&#115;&#x2d;&#115;&#x61;&#x6c;z&#x68;e&#x6d;&#109;&#x65;&#110;d&#x6f;r&#x66;&#46;&#x65;&#117;<\/a><\/p>\n<\/div><\/div>\n\n\n\n<p class=\"has-text-align-center has-large-font-size\"><strong><a href=\"&#x6d;&#x61;&#x69;&#108;&#116;o:&#x62;&#x65;&#x72;&#97;&#116;un&#x67;&#x40;&#x73;&#99;&#104;ul&#x65;&#x2d;&#x6d;&#105;&#116;-a&#x75;&#x73;&#x62;&#108;&#105;ck&#x2e;&#x64;&#x65;\" data-type=\"mailto\" data-id=\"&#109;&#x61;&#105;&#x6c;&#116;&#x6f;:&#x62;e&#x72;a&#116;&#x75;&#110;&#x67;&#64;&#x73;&#99;&#x68;u&#x6c;e&#x2d;m&#105;&#x74;&#45;&#x61;&#117;&#x73;&#98;&#x6c;i&#x63;k&#x2e;d&#101;\">&#x62;&#101;&#x72;&#x61;&#116;&#x75;&#110;g&#x40;&#115;c&#x68;&#117;l&#x65;&#45;m&#x69;&#116;&#x2d;&#x61;&#117;&#x73;&#x62;&#108;&#x69;&#99;k&#x2e;&#100;e<\/a><\/strong><\/p>\n\n\n\n<p class=\"has-text-align-center has-large-font-size\"><strong>Externe Beratungsstellen<\/strong><\/p>\n\n\n\n<div class=\"wp-block-columns is-layout-flex wp-container-core-columns-is-layout-abceabcf wp-block-columns-is-layout-flex\">\n<div class=\"wp-block-column is-layout-flow wp-block-column-is-layout-flow\">\n<figure class=\"wp-block-image size-full\"><a href=\"https:\/\/www.zbe-hameln.de\/\"><img loading=\"lazy\" decoding=\"async\" width=\"459\" height=\"121\" src=\"https:\/\/wordpress.nibis.de\/kgssalzh\/files\/2023\/12\/Beratung_ZBE_Hameln.png\" alt=\"\" class=\"wp-image-872\" \/><\/a><\/figure>\n<\/div>\n\n\n\n<div class=\"wp-block-column is-layout-flow wp-block-column-is-layout-flow\">\n<figure class=\"wp-block-image size-full\"><a href=\"https:\/\/www.nummergegenkummer.de\" target=\"_blank\" rel=\"noopener\"><img loading=\"lazy\" decoding=\"async\" width=\"259\" height=\"194\" src=\"https:\/\/wordpress.nibis.de\/kgssalzh\/files\/2024\/01\/NummerGegenKummer.jpeg\" alt=\"\" class=\"wp-image-993\" \/><\/a><\/figure>\n<\/div>\n\n\n\n<div class=\"wp-block-column is-layout-flow wp-block-column-is-layout-flow\">\n<figure class=\"wp-block-image size-full\"><a href=\"https:\/\/www.azubica.de\/\"><img loading=\"lazy\" decoding=\"async\" width=\"504\" height=\"100\" src=\"https:\/\/wordpress.nibis.de\/kgssalzh\/files\/2023\/12\/Beratung_Azubica.png\" alt=\"\" class=\"wp-image-874\" \/><\/a><\/figure>\n<\/div>\n\n\n\n<div class=\"wp-block-column is-layout-flow wp-block-column-is-layout-flow\">\n<figure class=\"wp-block-image size-full\"><a href=\"https:\/\/bildungsregion-hameln-pyrmont.de\/\"><img loading=\"lazy\" decoding=\"async\" width=\"1082\" height=\"176\" src=\"https:\/\/wordpress.nibis.de\/kgssalzh\/files\/2023\/12\/Beratung_Bildungsregion.jpg\" alt=\"\" class=\"wp-image-890\" srcset=\"https:\/\/wordpress.nibis.de\/kgssalzh\/files\/2023\/12\/Beratung_Bildungsregion.jpg 1082w, https:\/\/wordpress.nibis.de\/kgssalzh\/files\/2023\/12\/Beratung_Bildungsregion-768x125.jpg 768w\" sizes=\"auto, (max-width: 1082px) 100vw, 1082px\" \/><\/a><\/figure>\n<\/div>\n<\/div>\n\n\n\n<div class=\"wp-block-columns is-layout-flex wp-container-core-columns-is-layout-abceabcf wp-block-columns-is-layout-flex\">\n<div class=\"wp-block-column is-layout-flow wp-block-column-is-layout-flow\">\n<figure class=\"wp-block-image size-full is-resized\"><a href=\"https:\/\/www.azubiyo.de\/\"><img loading=\"lazy\" decoding=\"async\" src=\"https:\/\/wordpress.nibis.de\/kgssalzh\/files\/2024\/01\/Beratung_Azubiyo.png\" alt=\"\" class=\"wp-image-936\" width=\"169\" height=\"38\" \/><\/a><\/figure>\n<\/div>\n\n\n\n<div class=\"wp-block-column is-layout-flow wp-block-column-is-layout-flow\">\n<figure class=\"wp-block-image size-full\"><a href=\"https:\/\/krisenchat.de\/\" target=\"_blank\" rel=\"noopener\"><img loading=\"lazy\" decoding=\"async\" width=\"290\" height=\"106\" src=\"https:\/\/wordpress.nibis.de\/kgssalzh\/files\/2024\/12\/Beratung_Krisenchat.png\" alt=\"\" class=\"wp-image-2083\" \/><\/a><\/figure>\n<\/div>\n\n\n\n<div class=\"wp-block-column is-layout-flow wp-block-column-is-layout-flow\">\n<figure class=\"wp-block-image size-large is-resized\"><a href=\"https:\/\/www.meine-zukunft-beginnt-hier.de\/beruf-o-mat\" target=\"_blank\" rel=\"noopener\"><img decoding=\"async\" src=\"https:\/\/wordpress.nibis.de\/kgssalzh\/files\/2023\/12\/Beratung_Berufomat-700x675.jpg\" alt=\"\" class=\"wp-image-911\" width=\"200\" \/><\/a><\/figure>\n<\/div>\n<\/div>\n","protected":false},"excerpt":{"rendered":"<p>Unser Beratungsangebot Manchmal hat man im Leben schlechte Karten &#8211;doch mit uns hat man immer noch ein Ass im \u00c4rmel! Allgemeine Spielregeln Freiwillig: Beratung durch &hellip; <\/p>\n","protected":false},"author":9194300,"featured_media":0,"parent":0,"menu_order":0,"comment_status":"closed","ping_status":"closed","template":"","meta":{"footnotes":""},"class_list":["post-622","page","type-page","status-publish","hentry"],"_links":{"self":[{"href":"https:\/\/wordpress.nibis.de\/kgssalzh\/wp-json\/wp\/v2\/pages\/622","targetHints":{"allow":["GET"]}}],"collection":[{"href":"https:\/\/wordpress.nibis.de\/kgssalzh\/wp-json\/wp\/v2\/pages"}],"about":[{"href":"https:\/\/wordpress.nibis.de\/kgssalzh\/wp-json\/wp\/v2\/types\/page"}],"author":[{"embeddable":true,"href":"https:\/\/wordpress.nibis.de\/kgssalzh\/wp-json\/wp\/v2\/users\/9194300"}],"replies":[{"embeddable":true,"href":"https:\/\/wordpress.nibis.de\/kgssalzh\/wp-json\/wp\/v2\/comments?post=622"}],"version-history":[{"count":36,"href":"https:\/\/wordpress.nibis.de\/kgssalzh\/wp-json\/wp\/v2\/pages\/622\/revisions"}],"predecessor-version":[{"id":2084,"href":"https:\/\/wordpress.nibis.de\/kgssalzh\/wp-json\/wp\/v2\/pages\/622\/revisions\/2084"}],"wp:attachment":[{"href":"https:\/\/wordpress.nibis.de\/kgssalzh\/wp-json\/wp\/v2\/media?parent=622"}],"curies":[{"name":"wp","href":"https:\/\/api.w.org\/{rel}","templated":true}]}}