{"id":624,"date":"2023-11-26T18:58:45","date_gmt":"2023-11-26T17:58:45","guid":{"rendered":"https:\/\/wordpress.nibis.de\/kgssalzh\/?page_id=624"},"modified":"2024-09-05T19:29:52","modified_gmt":"2024-09-05T17:29:52","slug":"berufsorientierung","status":"publish","type":"page","link":"https:\/\/wordpress.nibis.de\/kgssalzh\/berufsorientierung\/","title":{"rendered":"Berufsorientierung"},"content":{"rendered":"\n<div class=\"wp-block-columns is-layout-flex wp-container-core-columns-is-layout-abceabcf wp-block-columns-is-layout-flex\">\n<div class=\"wp-block-column is-layout-flow wp-block-column-is-layout-flow\" style=\"--col-width:66.66%;flex-basis:66.66%\">\n<p><\/p>\n\n\n\n<p class=\"has-large-font-size\" id=\"BO\"><strong>Berufsorientierung<\/strong><\/p>\n\n\n\n<p>Die Berusorientierung ist uns an unserer Schule sehr wichtig. Sie ist ein Teil unseres <a href=\"https:\/\/wordpress.nibis.de\/kgssalzh\/beratungsnetzwerk\/\"><em><strong>Beratungsnetzwerkes<\/strong><\/em><\/a>. <\/p>\n\n\n\n<p>Hier finden Sie wichtige Angebote unserer Schule. Klicken Sie sich gerne durch die nachfolgenden Themen. Bei Fragen wenden Sie sich gerne an mich!<\/p>\n\n\n\n<p>Sabrina Niemeyer<\/p>\n\n\n\n<p><img loading=\"lazy\" decoding=\"async\" width=\"17\" height=\"30\" class=\"wp-image-1547\" style=\"width: 17px\" src=\"https:\/\/wordpress.nibis.de\/kgssalzh\/files\/2024\/08\/grafik-1.png\" alt=\"\"><a href=\"#Schuleundwasdann\"><span style=\"color:#37629e\" class=\"tadv-color\"><strong>Schule und was dann?<\/strong><\/span><\/a><\/p>\n\n\n\n<p><img loading=\"lazy\" decoding=\"async\" width=\"17\" height=\"30\" class=\"wp-image-1547\" style=\"width: 17px\" src=\"https:\/\/wordpress.nibis.de\/kgssalzh\/files\/2024\/08\/grafik-1.png\" alt=\"\"><a href=\"#Profilwahl\"><span style=\"color:#37629e\" class=\"tadv-color\"><strong>Die Profilwahl<\/strong><\/span><\/a><\/p>\n\n\n\n<p><img loading=\"lazy\" decoding=\"async\" width=\"17\" height=\"30\" class=\"wp-image-1547\" style=\"width: 17px\" src=\"https:\/\/wordpress.nibis.de\/kgssalzh\/files\/2024\/08\/grafik-1.png\" alt=\"\"><a href=\"#Betriebspraktikum\"><span style=\"color:#37629e\" class=\"tadv-color\"><strong>Betriebspraktikum<\/strong><\/span><\/a><\/p>\n\n\n\n<p><img loading=\"lazy\" decoding=\"async\" width=\"17\" height=\"30\" class=\"wp-image-1547\" style=\"width: 17px\" src=\"https:\/\/wordpress.nibis.de\/kgssalzh\/files\/2024\/08\/grafik-1.png\" alt=\"\"><a href=\"#Bewerbungstraining\"><span style=\"color:#37629e\" class=\"tadv-color\"><strong>Bewerbungstraining<\/strong><\/span><\/a><\/p>\n\n\n\n<p><img loading=\"lazy\" decoding=\"async\" width=\"17\" height=\"30\" class=\"wp-image-1547\" style=\"width: 17px\" src=\"https:\/\/wordpress.nibis.de\/kgssalzh\/files\/2024\/08\/grafik-1.png\" alt=\"\"><a href=\"#LinksBO\"><span style=\"color:#37629e\" class=\"tadv-color\"><strong>Links rund um die Beruforientierung<\/strong><\/span><\/a><\/p>\n<\/div>\n\n\n\n<div class=\"wp-block-column is-layout-flow wp-block-column-is-layout-flow\" style=\"--col-width:33.33%;flex-basis:33.33%\">\n<figure class=\"wp-block-image size-large is-resized\"><a href=\"https:\/\/wordpress.nibis.de\/kgssalzh\/sabrina-niemeyer\/\"><img loading=\"lazy\" decoding=\"async\" src=\"https:\/\/wordpress.nibis.de\/kgssalzh\/files\/2024\/09\/BO_2024-09-05-1200x675.jpg\" alt=\"\" class=\"wp-image-1712\" width=\"308\" height=\"173\" srcset=\"https:\/\/wordpress.nibis.de\/kgssalzh\/files\/2024\/09\/BO_2024-09-05-1200x675.jpg 1200w, https:\/\/wordpress.nibis.de\/kgssalzh\/files\/2024\/09\/BO_2024-09-05-850x478.jpg 850w, https:\/\/wordpress.nibis.de\/kgssalzh\/files\/2024\/09\/BO_2024-09-05-250x141.jpg 250w\" sizes=\"auto, (max-width: 308px) 100vw, 308px\" \/><\/a><figcaption>Fachbereichsleitung Fr. Niemeyer links, BO Beauftragte f\u00fcr das Gymnasium Frau Bruhnke rechts<\/figcaption><\/figure>\n<\/div>\n<\/div>\n\n\n\n<p id=\"Schuleundwasdann\"><\/p>\n\n\n\n<h2 class=\"wp-block-heading\" id=\"Schuleundwasdann\">Schule und was dann? &#8211; wichtige Informationen f\u00fcr die Abschlussjahrg\u00e4nge 9H, 10H und 10R<\/h2>\n\n\n\n<p>Die Informationsveranstaltung \u201cSchule und was dann?&#8220; von unserer Berufsberaterin A. V\u00f6lkerding findet j\u00e4hrlich am Ende des Kalenderjahres statt. Unsere Sch\u00fclerinnen und Sch\u00fcler aus den Jahrg\u00e4ngen 9H, 10H und 10R werden \u00fcber die verschiedenen M\u00f6glichkeiten an den Hamelner Berufsbildenden Schulen (BBSen) informiert.<\/p>\n\n\n\n<ul class=\"wp-block-list\"><li>Was ist der Unterschied zwischen einer schulischen und einer dualen Ausbildung?<\/li><li>Welche Berufsbereiche\/Fachrichtungen finde ich an welcher BBS?&nbsp;<\/li><li>Welche Abschl\u00fcsse kann ich dort erwerben?&nbsp;<\/li><li>Welche Noten und welchen Abschluss ben\u00f6tige ich?&nbsp;<\/li><li>Wann muss ich mich anmelden?&nbsp;<\/li><\/ul>\n\n\n\n<p>Weitere Informationen und die Zettel zur Anmeldung zum Infoabend, sowie \u00dcberblicke der Hamelner Berufsschulen finden sie <strong><em><a href=\"https:\/\/wordpress.nibis.de\/kgssalzh\/downloads\/\" data-type=\"page\" data-id=\"631\">hier im Downloadbereich<\/a> <\/em><\/strong>unter<a href=\"#Berufsorientierung\"> Berufsorientierung<\/a>.<\/p>\n\n\n\n\n\n<p><a href=\"#BO\"><span style=\"color:#b92b34\" class=\"tadv-color\"><strong>nach oben<\/strong><\/span><\/a><\/p>\n\n\n\n<h2 class=\"wp-block-heading\" id=\"Profilwahl\">Die Profilwahl f\u00fcr die Klassen 8Ra-c<\/h2>\n\n\n\n<p>Liebe Sch\u00fclerinnen und Sch\u00fcler, liebe Eltern,<\/p>\n\n\n\n<p>Der Erlass f\u00fcr die Arbeit in der Realschule sieht vor, dass f\u00fcr die Jahrg\u00e4nge 9 und 10 mindestens zwei verschiedene Profile im Wahlpflichtbereich an der Realschule angeboten werden m\u00fcssen: An unserer Schule k\u00f6nnen unsere Sch\u00fclerinnen und Sch\u00fcler aus allen vier m\u00f6glichen Profilen w\u00e4hlen.<\/p>\n\n\n\n<p>Profil 1: WirtschaftProfil<\/p>\n\n\n\n<p>Profil 2: TechnikProfil<\/p>\n\n\n\n<p>Profil 3: Gesundheit und Soziales<\/p>\n\n\n\n<p>Profil 4: 2. Fremdsprache (Franz\u00f6sisch)<\/p>\n\n\n\n<p>Alle Informationen und Entscheidungshilfen findet ihr in den folgenden Dateien.<\/p>\n\n\n\n<p><strong>Die Wahl im ISERV<\/strong><\/p>\n\n\n\n<p>Das Wahlmodul ist f\u00fcr die Sch\u00fclerinnen und Sch\u00fcler im ISERV ab Montag, den 11.05.20, bis Mittwoch, den 20.05.20 freigeschaltet. Dort befinden sich auch weitere Informationen zu den einzelnen Profilen sowie die Informationen zur Durchf\u00fchrung der Wahl.<\/p>\n\n\n\n<p>Weitere Informationen finden sie <a href=\"https:\/\/wordpress.nibis.de\/kgssalzh\/downloads\/\" data-type=\"page\" data-id=\"631\">hier im Downloadbereich<\/a> unter Berufsorientierung.<\/p>\n\n\n\n<p><a href=\"#BO\"><\/a><a href=\"#BO\"><span style=\"color:#b92b34\" class=\"tadv-color\"><strong>nach oben<\/strong><\/span><\/a><\/p>\n\n\n\n<h2 class=\"wp-block-heading\" id=\"Betriebspraktikum\">Betriebspraktikum<\/h2>\n\n\n\n<p>Aufgabe und Ziel des Betriebspraktikums ist es, Sch\u00fclerinnen und Sch\u00fcler eigene Erfahrungen in der Arbeitswelt zu erm\u00f6glichen und ihr Verst\u00e4ndnis f\u00fcr wirtschaftliche Zusammenh\u00e4nge zu f\u00f6rdern.<\/p>\n\n\n\n<p>Es soll au\u00dferdem dazu beitragen, die Berufsorientierung zu unterst\u00fctzen und den \u00dcbergang von der Schule in Ausbildung und Berufst\u00e4tigkeit zu erleichtern.<\/p>\n\n\n\n<p>Betriebspraktika k\u00f6nnen in allen Bereichen der Arbeitswelt durchgef\u00fchrt werden: Im Handwerk, in der Industrie, in Handel und Verkehr, im Dienstleistungssektor sowie in freien Berufen.<\/p>\n\n\n\n<p>Durch T\u00e4tigkeiten in Unternehmen, durch Betriebserkundungen und Gespr\u00e4chen sollen die Sch\u00fclerinnen und Sch\u00fcler Einblick in betriebliche Zusammenh\u00e4nge und berufliche Anforderungen erhalten. Es gelten die Vorschriften des Jugendarbeitsschutzgesetzes.<\/p>\n\n\n\n<p>Danach d\u00fcrfen Jugendliche, die unabh\u00e4ngig von ihrem Alter der Vollzeitschulpflicht unterliegen, bis zu sieben Stunden t\u00e4glich und 35 Stunden w\u00f6chentlich besch\u00e4ftigt werden. Die Besch\u00e4ftigung von Jugendlichen ab 15 Jahren darf nicht mehr als 8 Stunden t\u00e4glich und h\u00f6chstens 40 Stunden w\u00f6chentlich betragen. (\u00a7 5 Absatz 2\/2 und \u00a7 8 Absatz 1 )<\/p>\n\n\n\n<p>Da das Betriebspraktikum eine schulische Veranstaltung ist, sind die Sch\u00fclerinnen und Sch\u00fcler w\u00e4hrend des Praktikums auf dem direkten Hin- und R\u00fcckweg sowie im Betrieb durch den GUV (Gemeinde- Unfallversicherungsverband Hannover) und den kommunalen Schadensausgleich versichert.<\/p>\n\n\n\n<p>F\u00fcr alle Sch\u00fclerinnen und Sch\u00fcler besteht die M\u00f6glichkeit, in den Ferien freiwillige Praktika zu absolvieren. Es ist dann eine private Versicherung zu empfehlen.<\/p>\n\n\n\n<p>Den Versicherungsantrag f\u00fcr Praktikanten findet man unter <a href=\"http:\/\/www.bev.de\">www.bev.de<\/a> oder unter <a href=\"&#x6d;&#x61;&#105;lt&#x6f;&#x3a;&#105;&#110;f&#x6f;&#x40;&#98;&#101;v&#x2e;&#x64;&#x65;\">&#105;&#110;&#x66;o&#64;&#x62;&#x65;v&#46;&#x64;&#x65;<\/a><\/p>\n\n\n\n<p>Die Sch\u00fclerinnen und Sch\u00fcler der 8. und 9. Hauptschulklassen, sowie der 9. Klassen der Realschule und der 10. Klassen des Gymnasialzweiges werden seitens der FachlehrerInnen auf die Ziele, Inhalte und Form des Praktikums vorbereitet.<\/p>\n\n\n\n<p>Die Sch\u00fcler und Sch\u00fclerinnen suchen sich ihren Praktikumsplatz in der Regel selbst, werden aber auch von der Schule beratend unterst\u00fctzt. Um erste Kontakte f\u00fcr m\u00f6gliche Praktikumsst\u00e4tten erschlie\u00dfen zu k\u00f6nnen, bietet sich der Zukunftstag an, an denen Sch\u00fclerinnen und Sch\u00fcler f\u00fcr einen Tag in einen Beruf ihrer Wahl \u201ereinschnuppern\u201c k\u00f6nnen.<\/p>\n\n\n\n<p>W\u00e4hrend des Praktikums ist eine Praktikumsmappe anzufertigen, welche die gesamte Praktikumszeit dokumentiert. Des Weiteren werden die Sch\u00fclerinnen und Sch\u00fcler w\u00e4hrend ihres Praktikums regelm\u00e4\u00dfig von der betreuenden Lehrkraft besucht.<\/p>\n\n\n\n<p>Am Ende des Betriebspraktikums erhalten die Sch\u00fclerinnen und Sch\u00fcler eine Teilnahmebescheinigung, ggf. auch eine Beurteilung seitens des Betriebes und der Schule.<\/p>\n\n\n\n<p><a href=\"#BO\"><\/a><a href=\"#BO\"><span style=\"color:#b92b34\" class=\"tadv-color\"><strong>nach oben<\/strong><\/span><\/a><\/p>\n\n\n\n<h2 class=\"wp-block-heading\" id=\"Bewerbungstraining\">Bewerbungstraining<\/h2>\n\n\n\n<div class=\"wp-block-media-text alignwide is-stacked-on-mobile\"><figure class=\"wp-block-media-text__media\"><img loading=\"lazy\" decoding=\"async\" width=\"400\" height=\"292\" src=\"https:\/\/wordpress.nibis.de\/kgssalzh\/files\/2024\/07\/2024_BO_Bewerbungstraining.jpg\" alt=\"\" class=\"wp-image-1470 size-full\" \/><\/figure><div class=\"wp-block-media-text__content\">\n<p><strong>Zweit\u00e4giger Workshop \u201eBewerbungstraining\u201c als Premiere an der Kooperativen Gesamtschule<\/strong><\/p>\n\n\n\n<p>Salzhemmendorf (ist). Anzug, schwarzer Blazer, geb\u00fcgeltes Hemd, knielanger Rock \u2013 der Dresscode der Klasse 9RB in der B\u00fccherei der KGS ist an diesem Vormittag eher ungew\u00f6hnlich, aber angemessen. Denn nicht Mathe, Englisch oder Werken stehen auf dem Stundenplan der 21 Sch\u00fclerinnen und Sch\u00fcler, sondern die Simulation eines Vorstellungsgespr\u00e4ches am Ausbildungsplatz im Rahmen des zweit\u00e4gigen Workshops \u201eBewerbungstraining\u201c. Und da machen sich Schlabber-Shirt und bauchfrei weniger gut, wei\u00df auch Eileen Kramp (16), die am zweiten Workshoptag zun\u00e4chst nerv\u00f6s und verunsichert, dann zunehmend entspannter und l\u00e4chelnd dem ungewohnten \u201eBusinesslook\u201c-Gegen\u00fcber in die Augen sieht und \u00fcber ihre \u201eSoftskills\u201c spricht, w\u00e4hrend Norbert Esser ihre Unterlagen durchbl\u00e4ttert.<\/p>\n<\/div><\/div>\n\n\n\n<p><strong>Gute Manieren als wichtigste Empfehlung<\/strong><\/p>\n\n\n\n<p>Wie ihre Klassenkameraden hat Eileen tags zuvor gelernt, dass die Bewerbungsmappe mit Eselsohren wenig Chancen auf bevorzugte Auswahl durch den Personalchef haben wird, wei\u00df, wie heute ein Lebenslauf aussehen sollte, und dass er mit blauem F\u00fcller handschriftlich zu signieren ist \u2013 alles gern auf hochwertigem Papier.<\/p>\n\n\n\n<p>Denn \u201edas Beste ist gerade gut genug f\u00fcr meine Bewerbung\u201c, steht im Workshopskript. Nichts darf \u201enullachtf\u00fcnfzehn\u201c sein, nicht das Qualifikationsprofil, nicht das Foto. Hier empfehle sich eher Marke \u201eKnaller\u201c als \u201eTr\u00fcbe Tasse\u201c \u2013 aber bittesch\u00f6n mit Wiedererkennungswert.<\/p>\n\n\n\n<p>Und beim Vorstellungsgespr\u00e4ch: Kaugummi raus, Handy aus, Pers\u00f6nlichkeit zeigen \u2013 und l\u00e4cheln. \u00dcberhaupt seien gute Manieren statt l\u00e4ssiger Coolness sowie durch Mimik und Gestik gest\u00fctzte Kommunikation die mit Abstand wichtigste Empfehlung in eigener Sache. \u201eMit klassischem Tanzstunden-Benimm kann man punkten\u201c, wei\u00df Bettina Kreis-Lacroix von der Firma Kreis B\u00fcrotechnik &amp; Personalservice in Hameln, die den Workshop moderiert. Das Konzept ist Erkenntnisumsetzung ihrer Beratert\u00e4tigkeit in vermittlungs- und bewerbungstechnischer Kundenbetreuung. Ihr professionelles Know-how aus der allt\u00e4glichen beruflichen Praxis sei zunehmend auch in Schulen gefragt, sagt sie. Insgesamt 620209 Lehrstellenbewerber standen 2008 nach Bericht der Bundesagentur f\u00fcr Arbeit 432689 Ausbildungsstellen gegen\u00fcber. Da galt und gilt es, vorbereitet zu sein, um zu den Erfolgreichen zu geh\u00f6ren.<\/p>\n\n\n\n<p><strong>Bislang nicht auf dem Lehrplan zu finden<\/strong><\/p>\n\n\n\n<p>Bewerbungstraining suche man bislang allerdings vergeblich auf dem Lehrplan; es geh\u00f6re aber unabdingbar zum Auftrag der Schule, die Jugendlichen auf die Arbeitswelt vorzubereiten, sagt Gabriele Neumann, Fachbereichsleiterin Arbeit\/Wirtschaft. \u201eDa sto\u00dfen Lehrer, die zum gro\u00dfen Teil eine Bewerbungssituation in der freien Wirtschaft selbst nie kennengelernt haben, an ihre Grenzen. Mit dem professionellen Bewerbungstraining wollen wir Selbstwertgef\u00fchl und Selbstbewusstsein unserer Sch\u00fcler und Sch\u00fclerinnen st\u00e4rken, sie f\u00fcr die aktuelle Situation auf dem Arbeitsmarkt sensibilisieren.\u201c Neumann hat den ersten Workshop dieser Art in Kooperation mit professionellem Personalservice im Landkreis an der KGS organisiert und w\u00fcrde ihn auch gern f\u00fcr die Zukunft etabliert sehen. Sie spricht von gro\u00dfem Erkenntnisgewinn f\u00fcr Sch\u00fcler und Lehrer nach diesen zwei Tagen. \u201eDas Problem ist nat\u00fcrlich die Finanzierung\u201c, sagt sie, \u201enicht alle Eltern sind bereit, daf\u00fcr zu zahlen, und nicht immer findet sich ein gro\u00dfz\u00fcgiger privater Sponsor wie jetzt in unserem Fall.\u201c<\/p>\n\n\n\n<p>Norbert Esser, langj\u00e4hriger Leiter der Unternehmenskommunikation des BHW-Konzerns, hat an diesem Tag in der KGS die Rolle des Personalchefs beim Vorstellungsgespr\u00e4ch \u00fcbernommen. \u201eUm eine derartige professionelle Unterst\u00fctzung m\u00fcssten sich eigentlich alle Schulen rei\u00dfen\u201c, sagt er. Eileen (\u201eHotelfachfrau ist seit langem mein Traumberuf\u201c) und alle anderen aus der 9RB sind sich einig: \u201eWir haben vieles dazugelernt. Dass der erste Eindruck von der Pers\u00f6nlichkeit derart wichtig ist, hatten wir nicht gedacht. Aber wir haben ja noch ein gutes Jahr Zeit, daran zu arbeiten!\u201c<\/p>\n\n\n\n<p><a href=\"#BO\"><\/a><a href=\"#BO\"><span style=\"color:#b92b34\" class=\"tadv-color\"><strong>nach oben<\/strong><\/span><\/a><\/p>\n\n\n\n<h2 class=\"wp-block-heading\" id=\"LinksBO\">Links rund um die Beruforientierung<\/h2>\n\n\n\n<div class=\"wp-block-buttons is-layout-flex wp-block-buttons-is-layout-flex\">\n<div class=\"wp-block-button\"><a class=\"wp-block-button__link\" href=\"https:\/\/www.meine-zukunft-beginnt-hier.de\/beruf-o-mat\" target=\"_blank\" rel=\"noreferrer noopener\">Beruf-O-Mat<\/a><\/div>\n\n\n\n<div class=\"wp-block-button\"><a class=\"wp-block-button__link\" href=\"https:\/\/www.arbeitsagentur.de\/vor-ort\/hameln\" target=\"_blank\" rel=\"noreferrer noopener\">Arbeitsagentur Hameln<\/a><\/div>\n\n\n\n<div class=\"wp-block-button\"><a class=\"wp-block-button__link\" href=\"https:\/\/www.arbeitsagentur.de\/jobsuche\/\" target=\"_blank\" rel=\"noreferrer noopener\">Arbeitsagentur Jobsuche<\/a><\/div>\n\n\n\n<div class=\"wp-block-button\"><a class=\"wp-block-button__link\" href=\"https:\/\/berufsorientierung-plus.de\/epaper\/\" target=\"_blank\" rel=\"noreferrer noopener\">Epaper Jobsuche<\/a><\/div>\n\n\n\n<div class=\"wp-block-button\"><a class=\"wp-block-button__link\" href=\"https:\/\/berufsorientierung-plus.de\/niedersachsen\/\" target=\"_blank\" rel=\"noreferrer noopener\">BO Plus<\/a><\/div>\n<\/div>\n\n\n\n<p><a href=\"#BO\"><\/a><a href=\"#BO\"><span style=\"color:#b92b34\" class=\"tadv-color\"><strong>nach oben<\/strong><\/span><\/a><\/p>\n","protected":false},"excerpt":{"rendered":"<p>Berufsorientierung Die Berusorientierung ist uns an unserer Schule sehr wichtig. Sie ist ein Teil unseres Beratungsnetzwerkes. Hier finden Sie wichtige Angebote unserer Schule. Klicken Sie &hellip; <\/p>\n","protected":false},"author":9194300,"featured_media":0,"parent":0,"menu_order":0,"comment_status":"closed","ping_status":"closed","template":"","meta":{"footnotes":""},"class_list":["post-624","page","type-page","status-publish","hentry"],"_links":{"self":[{"href":"https:\/\/wordpress.nibis.de\/kgssalzh\/wp-json\/wp\/v2\/pages\/624","targetHints":{"allow":["GET"]}}],"collection":[{"href":"https:\/\/wordpress.nibis.de\/kgssalzh\/wp-json\/wp\/v2\/pages"}],"about":[{"href":"https:\/\/wordpress.nibis.de\/kgssalzh\/wp-json\/wp\/v2\/types\/page"}],"author":[{"embeddable":true,"href":"https:\/\/wordpress.nibis.de\/kgssalzh\/wp-json\/wp\/v2\/users\/9194300"}],"replies":[{"embeddable":true,"href":"https:\/\/wordpress.nibis.de\/kgssalzh\/wp-json\/wp\/v2\/comments?post=624"}],"version-history":[{"count":41,"href":"https:\/\/wordpress.nibis.de\/kgssalzh\/wp-json\/wp\/v2\/pages\/624\/revisions"}],"predecessor-version":[{"id":1714,"href":"https:\/\/wordpress.nibis.de\/kgssalzh\/wp-json\/wp\/v2\/pages\/624\/revisions\/1714"}],"wp:attachment":[{"href":"https:\/\/wordpress.nibis.de\/kgssalzh\/wp-json\/wp\/v2\/media?parent=624"}],"curies":[{"name":"wp","href":"https:\/\/api.w.org\/{rel}","templated":true}]}}