{"id":626,"date":"2023-11-26T18:58:57","date_gmt":"2023-11-26T17:58:57","guid":{"rendered":"https:\/\/wordpress.nibis.de\/kgssalzh\/?page_id=626"},"modified":"2024-08-04T19:52:50","modified_gmt":"2024-08-04T17:52:50","slug":"beschwerdefuehrung","status":"publish","type":"page","link":"https:\/\/wordpress.nibis.de\/kgssalzh\/beschwerdefuehrung\/","title":{"rendered":"Beschwerdef\u00fchrung"},"content":{"rendered":"\n<p class=\"has-large-font-size\"><strong>Beschwerdef\u00fchrung an der KGS Salzhemmendorf<\/strong><\/p>\n\n\n\n<p>Die KGS Salzhemmendorf legt gro\u00dfen Wert auf die konstruktive Bearbeitung von Beschwerden und sorgt daf\u00fcr, dass alle Anliegen der Sch\u00fcler, Eltern und Lehrer ernst genommen und zeitnah behandelt werden.<\/p>\n\n\n\n<p class=\"has-medium-font-size\"><strong>Unsere Grunds\u00e4tze:<\/strong><\/p>\n\n\n\n<ul class=\"wp-block-list\"><li>Beschwerden werden dort bearbeitet, wo sie auftreten. Die n\u00e4chste Ebene wird erst dann eingeschaltet, wenn die direkt Beteiligten keine L\u00f6sung finden.<\/li><li>Alle Beteiligten sind zeitnah zu h\u00f6ren, bevor eine Bewertung der Situation oder des Beschwerdeanlasses vorgenommen wird.<\/li><li>Die Ma\u00dfnahmen werden unb\u00fcrokratisch vorgenommen, lediglich gemeinsam getroffene Vereinbarungen werden schriftlich dokumentiert.<\/li><li>Rechtliche Vorgaben und gesetzliche Beschwerdewege werden durch diesen Handlungsrahmen nicht eingeschr\u00e4nkt und bleiben unber\u00fchrt.<\/li><\/ul>\n\n\n\n<p>Die Sch\u00fclerinnen und Sch\u00fcler sollten immer versuchen, zun\u00e4chst eine Kl\u00e4rung mit der betroffenen Person anzustreben. Sie k\u00f6nnen sich dabei Unterst\u00fctzung durch Mitsch\u00fcler, die Klassensprecher oder die Klassenleitung holen. Die Klassensprecher k\u00f6nnen die Beschwerde auch auf Bitte stellvertretend f\u00fcr die Beschwerdef\u00fchrer vortragen und so bei einem Kl\u00e4rungsversuch vermitteln.<\/p>\n\n\n\n<p class=\"has-medium-font-size\"><strong>Beschwerdeablauf:<\/strong><\/p>\n\n\n\n<figure class=\"wp-block-image size-full\"><img decoding=\"async\" src=\"https:\/\/wordpress.nibis.de\/kgssalzh\/files\/2024\/07\/Beschwerde_2024_SUS.png\" alt=\"\" class=\"wp-image-1490\" \/><\/figure>\n\n\n\n<figure class=\"wp-block-image size-full\"><img decoding=\"async\" src=\"https:\/\/wordpress.nibis.de\/kgssalzh\/files\/2024\/07\/Beschwerde_2024_Erzb.png\" alt=\"\" class=\"wp-image-1493\" \/><\/figure>\n\n\n\n<figure class=\"wp-block-image size-full\"><img decoding=\"async\" src=\"https:\/\/wordpress.nibis.de\/kgssalzh\/files\/2024\/07\/Beschwerde_2024_nichtlehrPerso.png\" alt=\"\" class=\"wp-image-1495\" \/><\/figure>\n\n\n\n<figure class=\"wp-block-image size-full\"><img loading=\"lazy\" decoding=\"async\" width=\"1382\" height=\"829\" src=\"https:\/\/wordpress.nibis.de\/kgssalzh\/files\/2024\/07\/Beschwerde_2024_Lehrk.png\" alt=\"\" class=\"wp-image-1498\" srcset=\"https:\/\/wordpress.nibis.de\/kgssalzh\/files\/2024\/07\/Beschwerde_2024_Lehrk.png 1382w, https:\/\/wordpress.nibis.de\/kgssalzh\/files\/2024\/07\/Beschwerde_2024_Lehrk-768x461.png 768w\" sizes=\"auto, (max-width: 1382px) 100vw, 1382px\" \/><\/figure>\n","protected":false},"excerpt":{"rendered":"<p>Beschwerdef\u00fchrung an der KGS Salzhemmendorf Die KGS Salzhemmendorf legt gro\u00dfen Wert auf die konstruktive Bearbeitung von Beschwerden und sorgt daf\u00fcr, dass alle Anliegen der Sch\u00fcler, &hellip; <\/p>\n","protected":false},"author":9194300,"featured_media":0,"parent":0,"menu_order":0,"comment_status":"closed","ping_status":"closed","template":"","meta":{"footnotes":""},"class_list":["post-626","page","type-page","status-publish","hentry"],"_links":{"self":[{"href":"https:\/\/wordpress.nibis.de\/kgssalzh\/wp-json\/wp\/v2\/pages\/626","targetHints":{"allow":["GET"]}}],"collection":[{"href":"https:\/\/wordpress.nibis.de\/kgssalzh\/wp-json\/wp\/v2\/pages"}],"about":[{"href":"https:\/\/wordpress.nibis.de\/kgssalzh\/wp-json\/wp\/v2\/types\/page"}],"author":[{"embeddable":true,"href":"https:\/\/wordpress.nibis.de\/kgssalzh\/wp-json\/wp\/v2\/users\/9194300"}],"replies":[{"embeddable":true,"href":"https:\/\/wordpress.nibis.de\/kgssalzh\/wp-json\/wp\/v2\/comments?post=626"}],"version-history":[{"count":6,"href":"https:\/\/wordpress.nibis.de\/kgssalzh\/wp-json\/wp\/v2\/pages\/626\/revisions"}],"predecessor-version":[{"id":1593,"href":"https:\/\/wordpress.nibis.de\/kgssalzh\/wp-json\/wp\/v2\/pages\/626\/revisions\/1593"}],"wp:attachment":[{"href":"https:\/\/wordpress.nibis.de\/kgssalzh\/wp-json\/wp\/v2\/media?parent=626"}],"curies":[{"name":"wp","href":"https:\/\/api.w.org\/{rel}","templated":true}]}}