{"id":635,"date":"2023-11-26T19:01:11","date_gmt":"2023-11-26T18:01:11","guid":{"rendered":"https:\/\/wordpress.nibis.de\/kgssalzh\/?page_id=635"},"modified":"2026-02-18T12:15:42","modified_gmt":"2026-02-18T11:15:42","slug":"lernmittelausleihe","status":"publish","type":"page","link":"https:\/\/wordpress.nibis.de\/kgssalzh\/lernmittelausleihe\/","title":{"rendered":"Lernmittelausleihe"},"content":{"rendered":"\n<p class=\"has-text-align-center has-large-font-size\"><strong>Lernmittelausleihe<\/strong><\/p>\n\n\n\n<div class=\"wp-block-columns is-layout-flex wp-container-core-columns-is-layout-abceabcf wp-block-columns-is-layout-flex\">\n<div class=\"wp-block-column is-layout-flow wp-block-column-is-layout-flow\" style=\"--col-width:100%;flex-basis:100%\">\n<div class=\"wp-block-columns is-layout-flex wp-container-core-columns-is-layout-abceabcf wp-block-columns-is-layout-flex\">\n<div class=\"wp-block-column is-layout-flow wp-block-column-is-layout-flow\" style=\"--col-width:66.66%;flex-basis:66.66%\">\n<p><br>Die Schulbuchausleihe an Schulen in Niedersachsen erm\u00f6glicht es Sch\u00fclern, gegen eine geringe Geb\u00fchr Lehrb\u00fccher f\u00fcr das Schuljahr auszuleihen. Dieses System entlastet Familien finanziell und stellt sicher, dass alle Sch\u00fcler mit den gleichen Materialien arbeiten. <\/p>\n\n\n\n<p>Alternativ k\u00f6nnen sich die Sch\u00fcler die B\u00fccher auch selbst kaufen. Informationen zu den ben\u00f6tigten Schulb\u00fcchern und die entsprechenden Schulbuchlisten finden sie auf der Seite weiter unten. <\/p>\n\n\n\n<p>Besch\u00e4digte oder verlorene B\u00fccher m\u00fcssen ersetzt werden, was einen sorgf\u00e4ltigen Umgang f\u00f6rdert.<\/p>\n<\/div>\n\n\n\n<div class=\"wp-block-column is-layout-flow wp-block-column-is-layout-flow\" style=\"--col-width:33.33%;flex-basis:33.33%\">\n<figure class=\"wp-block-image size-full is-resized\"><img loading=\"lazy\" decoding=\"async\" width=\"300\" height=\"400\" src=\"https:\/\/wordpress.nibis.de\/kgssalzh\/files\/2025\/02\/Schulbuecher.jpg\" alt=\"\" class=\"wp-image-2311\" style=\"width:291px;height:388px\" \/><\/figure>\n<\/div>\n<\/div>\n<\/div>\n<\/div>\n\n\n\n<h2 class=\"wp-block-heading has-black-color has-text-color has-link-color wp-elements-b326ef935cc591d5c7c899ee84309146\">Schulbuchlisten<\/h2>\n\n\n\n<p class=\"has-text-align-left has-vivid-red-color has-text-color has-link-color has-medium-font-size wp-elements-1f1adfa359236672c10687cd24eb5735\"><br><strong><a href=\"https:\/\/wordpress.nibis.de\/kgssalzh\/files\/2026\/01\/Information-ueber-die-entgeltliche-Ausleihe-von-Lernmitteln.pdf\" target=\"_blank\" rel=\"noreferrer noopener\">Informationsschreiben \u00fcber die entgeltliche Ausleihe von Lernmitteln f\u00fcr alle Klassen<\/a><br><br><a href=\"https:\/\/wordpress.nibis.de\/kgssalzh\/files\/2026\/01\/Anmeldung-zu-der-entgeltlichen-Ausleihe-von-Lernmitteln_26_27_neu.pdf\" target=\"_blank\" rel=\"noreferrer noopener\">Anmeldeformular zur entgeltlichen Ausleihe von Lernmitteln<\/a><br><br><a href=\"https:\/\/wordpress.nibis.de\/kgssalzh\/files\/2026\/01\/Materialliste-2026-2027-fuer-Jahrgang-5.pdf\" target=\"_blank\" rel=\"noreferrer noopener\">Materialliste f\u00fcr Jahrgang 5<\/a><\/strong><\/p>\n\n\n\n<div class=\"wp-block-columns is-layout-flex wp-container-core-columns-is-layout-abceabcf wp-block-columns-is-layout-flex\">\n<div class=\"wp-block-column has-black-color has-text-color has-link-color wp-elements-218a4575e1def5160d4e2245b2b027bf is-layout-flow wp-block-column-is-layout-flow\">\n<p class=\"has-black-color has-text-color has-link-color has-medium-font-size wp-elements-87f6e3b5caec8ce27fad3c68e7bd8a5d\"><span class=\"tadv-color\"><a href=\"https:\/\/wordpress.nibis.de\/kgssalzh\/files\/2026\/01\/Schulbuch-5G_26_27.pdf\" target=\"_blank\" rel=\"noreferrer noopener\">Schulbuchliste Kl. 5 Gymnasium<\/a><i style=\"font-weight: bold\"><br><\/i><a href=\"https:\/\/wordpress.nibis.de\/kgssalzh\/files\/2026\/01\/Schulbuch-5R_26_27.pdf\" target=\"_blank\" rel=\"noreferrer noopener\">Schulbuchliste Kl. 5 Realschule<\/a><i style=\"font-weight: bold\"><br><\/i><\/span><a href=\"https:\/\/wordpress.nibis.de\/kgssalzh\/files\/2026\/01\/Schulbuch-5H_26_27.pdf\" target=\"_blank\" rel=\"noreferrer noopener\">Schulbuchliste Kl. 5 Hauptschule<\/a><\/p>\n\n\n\n<p class=\"has-black-color has-text-color has-link-color has-medium-font-size wp-elements-f808b90c90611e48353089d52bbed2c0\"><span class=\"tadv-color\" style=\"color:#0693e3\"><a href=\"https:\/\/wordpress.nibis.de\/kgssalzh\/files\/2026\/01\/Schulbuch-6G_26_27.pdf\" target=\"_blank\" rel=\"noreferrer noopener\">Schulbuchliste Kl. 6 Gymnasium<\/a><br><a href=\"https:\/\/wordpress.nibis.de\/kgssalzh\/files\/2026\/01\/Schulbuch-6R_26_27-neu.pdf\" target=\"_blank\" rel=\"noreferrer noopener\">Schulbuchliste Kl. 6 Realschule<\/a><br><\/span><a href=\"https:\/\/wordpress.nibis.de\/kgssalzh\/files\/2026\/01\/Schulbuch-6H_26_27.pdf\" target=\"_blank\" rel=\"noreferrer noopener\">Schulbuchliste Kl. 6 Hauptschule<\/a><\/p>\n\n\n\n<p class=\"has-black-color has-text-color has-link-color has-medium-font-size wp-elements-b33a932e257ab28c4ece8e8b57b8db89\"><span class=\"tadv-color\" style=\"color:#0693e3\"><a href=\"https:\/\/wordpress.nibis.de\/kgssalzh\/files\/2026\/02\/Schulbuch-7G_26_27-neu.pdf\" target=\"_blank\" rel=\"noreferrer noopener\">Schulbuchliste Kl. 7 Gymnasium<\/a><br><a href=\"https:\/\/wordpress.nibis.de\/kgssalzh\/files\/2026\/02\/Schulbuch-7R_26_27neu2.pdf\" target=\"_blank\" rel=\"noreferrer noopener\">Schulbuchliste Kl. 7 Realschule<\/a><br><\/span><a href=\"https:\/\/wordpress.nibis.de\/kgssalzh\/files\/2026\/01\/Schulbuch-7H_26_27.pdf\" target=\"_blank\" rel=\"noreferrer noopener\">Schulbuchliste Kl. 7 Hauptschule<\/a><\/p>\n<\/div>\n\n\n\n<div class=\"wp-block-column has-black-color has-text-color has-link-color wp-elements-6030b5af9b4e8eeafb2d72340ab3e75e is-layout-flow wp-block-column-is-layout-flow\">\n<p class=\"has-black-color has-text-color has-link-color has-medium-font-size wp-elements-1f31ae8adcfa9f590818bf69164a104d\"><span class=\"tadv-color\" style=\"color:#0693e3\"><a href=\"https:\/\/wordpress.nibis.de\/kgssalzh\/files\/2026\/01\/Schulbuch-8G_26_27.pdf\" target=\"_blank\" rel=\"noreferrer noopener\">Schulbuchliste Kl. 8 Gymnasium<\/a><br><a href=\"https:\/\/wordpress.nibis.de\/kgssalzh\/files\/2026\/01\/Schulbuch-8R_26_27.pdf\" target=\"_blank\" rel=\"noreferrer noopener\">Schulbuchliste Kl. 8 Realschule<\/a><br><\/span><a href=\"https:\/\/wordpress.nibis.de\/kgssalzh\/files\/2026\/01\/Schulbuch-8H_26_27.pdf\" target=\"_blank\" rel=\"noreferrer noopener\">Schulbuchliste Kl. 8 Hauptschule<\/a><\/p>\n\n\n\n<p class=\"has-black-color has-text-color has-link-color has-medium-font-size wp-elements-846632647f164a4120c8cd8257e5fa32\"><a href=\"https:\/\/wordpress.nibis.de\/kgssalzh\/files\/2026\/01\/Schulbuch-9G_26_27.pdf\" target=\"_blank\" rel=\"noreferrer noopener\"><span class=\"tadv-color\" style=\"color:#000000\">Schulbuchliste Kl. 9 Gymnasium<\/span><\/a><span class=\"tadv-color\" style=\"color:#0693e3\"><br><a href=\"https:\/\/wordpress.nibis.de\/kgssalzh\/files\/2026\/01\/Schulbuch-9R_26_27.pdf\" target=\"_blank\" rel=\"noreferrer noopener\">Schulbuchliste Kl. 9 Realschule<\/a><br><\/span><a href=\"https:\/\/wordpress.nibis.de\/kgssalzh\/files\/2026\/01\/Schulbuch-9H_26_27.pdf\" target=\"_blank\" rel=\"noreferrer noopener\">Schulbuchliste Kl. 9 Hauptschule<\/a><\/p>\n\n\n\n<p class=\"has-black-color has-text-color has-link-color has-medium-font-size wp-elements-2e10c122b4d2bc7d98bacb30dd6b6e74\"><span class=\"tadv-color\" style=\"color:#0693e3\"><a href=\"https:\/\/wordpress.nibis.de\/kgssalzh\/files\/2026\/01\/Schulbuch-10G_26_27.pdf\" target=\"_blank\" rel=\"noreferrer noopener\">Schulbuchliste Kl. 10 Gymnasium<\/a><br><\/span><a href=\"https:\/\/wordpress.nibis.de\/kgssalzh\/files\/2026\/01\/Schulbuch-10R_26_27.pdf\" target=\"_blank\" rel=\"noreferrer noopener\"><span class=\"tadv-color\" style=\"color:#000000\">Schulbuchliste Kl. 10 Realschule<\/span><\/a><span class=\"tadv-color\" style=\"color:#0693e3\"><br><\/span><a href=\"https:\/\/wordpress.nibis.de\/kgssalzh\/files\/2026\/01\/Schulbuch-10H_26_27.pdf\" target=\"_blank\" rel=\"noreferrer noopener\">Schulbuchliste Kl. 10 Hauptschule<\/a><\/p>\n<\/div>\n\n\n\n<div class=\"wp-block-column has-black-color has-text-color has-link-color wp-elements-eab553bfc919fa6f90d1dae59b91c052 is-layout-flow wp-block-column-is-layout-flow\">\n<p class=\"has-black-color has-text-color has-link-color has-medium-font-size wp-elements-2ee69c8288fee668e752d14ed771228d\"><span class=\"tadv-color\" style=\"color:#0693e3\"><a href=\"https:\/\/wordpress.nibis.de\/kgssalzh\/files\/2026\/01\/Schulbuch-11G_26_27.pdf\" target=\"_blank\" rel=\"noreferrer noopener\">Schulbuchliste Kl. 11 Gymnasium<\/a><br><\/span><a href=\"https:\/\/wordpress.nibis.de\/kgssalzh\/files\/2026\/01\/Schulbuch-12G_26_27.pdf\" target=\"_blank\" rel=\"noreferrer noopener\">Schulbuchliste Kl. 12 Gymnasium<\/a><\/p>\n\n\n\n<p class=\"has-vivid-cyan-blue-color has-text-color has-medium-font-size\"><strong><em><span class=\"tadv-color\" style=\"color:#0693e3\"><br><\/span><\/em><\/strong><\/p>\n<\/div>\n<\/div>\n\n\n\n<p><\/p>\n","protected":false},"excerpt":{"rendered":"<p>Lernmittelausleihe Die Schulbuchausleihe an Schulen in Niedersachsen erm\u00f6glicht es Sch\u00fclern, gegen eine geringe Geb\u00fchr Lehrb\u00fccher f\u00fcr das Schuljahr auszuleihen. Dieses System entlastet Familien finanziell und &hellip; <\/p>\n","protected":false},"author":9194300,"featured_media":0,"parent":0,"menu_order":0,"comment_status":"closed","ping_status":"closed","template":"","meta":{"footnotes":""},"class_list":["post-635","page","type-page","status-publish","hentry"],"_links":{"self":[{"href":"https:\/\/wordpress.nibis.de\/kgssalzh\/wp-json\/wp\/v2\/pages\/635","targetHints":{"allow":["GET"]}}],"collection":[{"href":"https:\/\/wordpress.nibis.de\/kgssalzh\/wp-json\/wp\/v2\/pages"}],"about":[{"href":"https:\/\/wordpress.nibis.de\/kgssalzh\/wp-json\/wp\/v2\/types\/page"}],"author":[{"embeddable":true,"href":"https:\/\/wordpress.nibis.de\/kgssalzh\/wp-json\/wp\/v2\/users\/9194300"}],"replies":[{"embeddable":true,"href":"https:\/\/wordpress.nibis.de\/kgssalzh\/wp-json\/wp\/v2\/comments?post=635"}],"version-history":[{"count":152,"href":"https:\/\/wordpress.nibis.de\/kgssalzh\/wp-json\/wp\/v2\/pages\/635\/revisions"}],"predecessor-version":[{"id":4937,"href":"https:\/\/wordpress.nibis.de\/kgssalzh\/wp-json\/wp\/v2\/pages\/635\/revisions\/4937"}],"wp:attachment":[{"href":"https:\/\/wordpress.nibis.de\/kgssalzh\/wp-json\/wp\/v2\/media?parent=635"}],"curies":[{"name":"wp","href":"https:\/\/api.w.org\/{rel}","templated":true}]}}