{"id":1120,"date":"2020-03-02T21:09:32","date_gmt":"2020-03-02T20:09:32","guid":{"rendered":"https:\/\/wordpress.nibis.de\/klartext\/?page_id=1120"},"modified":"2026-03-07T09:35:07","modified_gmt":"2026-03-07T08:35:07","slug":"blog-einfach-mit-klartext","status":"publish","type":"page","link":"https:\/\/wordpress.nibis.de\/klartext\/blog-einfach-mit-klartext\/","title":{"rendered":"\u00dcber"},"content":{"rendered":"\n<h1 class=\"wp-block-heading\">Was ist der Klartext-Blog?<\/h1>\n\n\n\n<h2 class=\"wp-block-heading\">Dieser Blog dient als Schaufenster, um gelungene Beispiele f\u00fcr Sch\u00fcler:innenzeitungsbeitr\u00e4ge zu zeigen.<\/h2>\n\n\n\n<p><strong>Der Blog begleitet die gleichnamige Fortbildungsma\u00dfnahme f\u00fcr Sch\u00fcler:innenzeitungen des nieders. Kultusministeriums. Dar\u00fcber hinaus sollen sich hier die Lehrkr\u00e4fte vernetzen k\u00f6nnen, die in Niedersachsen Sch\u00fcler:innenzeitungs-Blogs betreuen.<\/strong><\/p>\n\n\n\n<p>In diesem Schuljahr l\u00e4uft ein weiterer Durchgang des Projekts <strong>Blog einfach &#8211; mit Klartext!<\/strong> Mehrere Schulen, Lehrkr\u00e4fte und vor allem Sch\u00fcler:innenredaktionen bilden sich in mehreren Pr\u00e4senz- und Online-Veranstaltungen fort und erhalten Unterst\u00fctzung zum Thema &#8222;Wie baue ich einen Sch\u00fcler:innenblog auf?&#8220;. Zeitgleich finden ausgew\u00e4hlte Beitr\u00e4ge der Klartext-Schulen im 2. Hj. ihren Weg auf den Klartext-Blog.<\/p>\n\n\n\n<p>Schwerpunkt des Projekts ist das Erlernen u. a. folgender Basiskomptenzen:<\/p>\n\n\n\n<ul class=\"wp-block-list\">\n<li>Wie funktioniert ein Blog mit WordPress?<\/li>\n\n\n\n<li>Wie organisiere und etabliere ich eine Redaktion?<\/li>\n\n\n\n<li>Wie erstelle ich Beitr\u00e4ge?<\/li>\n\n\n\n<li>Wie erstelle ich mit Sch\u00fcler:innen Interviews, Berichte, Foto- und Video-Beitr\u00e4ge?<\/li>\n\n\n\n<li>Welche journalistischen Grundlagen sind zu beachten?<\/li>\n<\/ul>\n\n\n\n<p>Im Februar 2026 gab es eine Sonderveranstaltung bei <a href=\"https:\/\/wordpress.nibis.de\/klartext\/2026\/02\/04\/medienbildung-und-sprachfoerderung-schuelerinnenpressekonferenz-bei-hannover-96-mit-prof-boelz-heise-medien-sat-1-und-nlq\/\">Hannover 96 mit Prof. Marcus B\u00f6lz (FHM) und weiteren Medienpartnern (Heise Medien, SAT. 1, Hannover 96, NLQ n-report, NLQ Schul-Internetradio)<\/a>.<\/p>\n\n\n\n<p>Im Schuljahr 2025\/26 finden f\u00fcr die Klartext-Schulen Online-Sprechstunden zum Bloggen statt.<\/p>\n\n\n\n<p>Bereits zum 3. Mal in Folge nehmen die Klartext-Schulen am <strong>27.04.2026<\/strong> an der <strong>Aktion #PressefreiheitMachtSchule von <a href=\"https:\/\/journalismus-macht-schule.org\/2026\/02\/24\/pressefreiheitmachtschule-in-niedersachsen\/\">Journalismus macht Schule<\/a><\/strong> teil. Diese Aktion findet j\u00e4hrlich als Auftakt um den Tag der Pressefreiheit am 3. Mai statt. Unterst\u00fctzt von <a href=\"https:\/\/n-report.de\/\" target=\"_blank\" rel=\"noreferrer noopener\">n-report (NLQ)<\/a> treffen die Redaktionen bei dieser Abschlussveranstaltung in Pr\u00e4senz mit hochrangigen Pressevertretungen zusammen. <strong>Interessierte Schulen k\u00f6nnen sich noch bis 29.03.2026 <a href=\"https:\/\/nlc.info\/app\/edb\/event\/52984\" target=\"_blank\" rel=\"noreferrer noopener\">\u00fcber die NLC anmelden<\/a><\/strong>.<\/p>\n\n\n\n<p>Die Ergebnisse dieser Veranstaltungen k\u00f6nnen sich sehen und h\u00f6ren lassen. Hier einige Beispiele:<\/p>\n\n\n\n<h3 class=\"wp-block-heading\">2024: Anke P\u00f6rksen aus der Nieders\u00e4chsischen Staatskanzlei<\/h3>\n\n\n\n<blockquote class=\"wp-block-quote is-layout-flow wp-block-quote-is-layout-flow\">\n<p>Podcast Episode SMM 058 bei <a href=\"https:\/\/podcasts.apple.com\/de\/podcast\/schule-macht-medien-medien-machen-schule\/id1505246754?i=1000657211438\" target=\"_blank\" rel=\"noreferrer noopener\">Apple Podcasts<\/a> und bei <a href=\"https:\/\/open.spotify.com\/episode\/4Vg4AdpcTziqluGQG8lZAK?si=xwJA3w6gSvKCxLa1iDSnQg\" target=\"_blank\" rel=\"noreferrer noopener\">Spotify<\/a>.<\/p>\n<\/blockquote>\n\n\n\n<blockquote class=\"wp-block-quote is-layout-flow wp-block-quote-is-layout-flow\">\n<p>Im Interview mit Sch\u00fcler:innen spricht Anke P\u00f6rksen \u00fcber ihre Arbeit als Sprecherin f\u00fcr die Landesregierung, den Umgang mit Journalistinnen und Journalisten und den Umgang mit Sozialen Medien. Die Fragen stellte die Onlineredaktion des Spargels vom Erich K\u00e4stner Gymnasium Laatzen.<\/p>\n<\/blockquote>\n\n\n\n<blockquote class=\"wp-block-quote is-layout-flow wp-block-quote-is-layout-flow\">\n<p>Die Spargel-Version vom Interview ist redaktionell bearbeitet und daher etwas gek\u00fcrzt. Nat\u00fcrlich ist sie auf dem Blog vom Spargel zu finden und wie immer verlinkt in den Shownotes: <a href=\"https:\/\/ekg-spargel.de\/uncategorized\/es-gefaellt-mir-nicht-alles-was-die-presse-schreibt-aber-das-ist-auch-ok\/\" target=\"_blank\" rel=\"noreferrer noopener\">https:\/\/ekg-spargel.de\/uncategorized\/es-gefaellt-mir-nicht-alles-was-die-presse-schreibt-aber-das-ist-auch-ok\/<\/a>.<\/p>\n<\/blockquote>\n\n\n\n<blockquote class=\"wp-block-quote is-layout-flow wp-block-quote-is-layout-flow\">\n<p>Das Videoteam der Oberschule Lachendorf hat Teile des Interviews in einer Video-Reportage ver\u00f6ffentlicht. Bei YouTube gibt es also den Film zum Interview: <a href=\"https:\/\/youtu.be\/niwD5TmBsJ4?si=Z4v2qeC_53FAIcLS\" target=\"_blank\" rel=\"noreferrer noopener\">https:\/\/youtu.be\/niwD5TmBsJ4?si=Z4v2qeC_53FAIcLS<\/a><\/p>\n<\/blockquote>\n\n\n\n<p class=\"has-medium-font-size\"><strong>Interesse?<\/strong> Die neue Ausschreibung wird stets im 2. Halbjahr im Schulverwaltungsblatt (Nichtamtlicher Teil) ver\u00f6ffentlicht.\u00a0Bewerbungen sind nach Ausschreibung per Mail an &lt;<strong>bewerbun&#103;&#101;&#110;&#64;&#107;&#108;&#97;&#114;&#116;&#101;&#x78;&#x74;&#x2d;&#x62;&#x6c;&#x6f;&#x67;&#x2e;&#x64;&#x65;<\/strong>&gt; m\u00f6glich.<\/p>\n\n\n\n<p class=\"has-medium-font-size\">Die aktuelle <a href=\"https:\/\/wordpress.nibis.de\/klartext\/files\/2026\/03\/Ausschreibung-SVBl-5_25.pdf\" target=\"_blank\" rel=\"noreferrer noopener\">Ausschreibung f\u00fcr das Schuljahr 25\/26 gibt es hier<\/a> oder im <a href=\"https:\/\/www.mk.niedersachsen.de\/startseite\/service\/schulverwaltungsblatt\" target=\"_blank\" rel=\"noreferrer noopener\">SVBl 6\/25<\/a>. Die Bewerbungsfrist endete am 16.06.2025.<\/p>\n\n\n\n<p>Ansprechpartnerin im Kultusministerium ist Frau Katja Bauer aus Referat 25 &lt;&#x6b;&#x61;&#x74;&#x6a;&#x61;&#46;&#98;&#97;&#117;er&#64;&#x6d;&#x6b;&#x2e;&#x6e;&#x69;&#x65;&#100;&#101;&#114;sac&#x68;&#x73;&#x65;&#x6e;&#x2e;&#x64;&#101;&gt;. R\u00fcckfragen beantwortet die Klartext-Redaktion unter &lt;&#x72;&#x65;&#x64;&#x61;&#107;&#116;&#105;&#111;n&#64;k&#x6c;&#x61;&#x72;&#x74;&#x65;&#120;&#116;&#45;blo&#x67;&#x2e;&#x64;&#x65;&gt;.<\/p>\n\n\n\n<p>Die Klartext-Redaktion ist gleichzeitig das Fortbildungsteam um Andreas Ulrich (Ernst-Reuter-Schule Pattensen), Heiko Eichenberg (Wilhelm-Raabe-Schule Hannover), Ben Quinkenstein (Medienp\u00e4dagogische Beratung, NLQ\/Hannah-Arendt-Gymnasium Barsinghausen) und Hans-Jakob Erchinger (Fachbereich Medienbildung, NLQ\/Marie Curie Schule &#8211; KGS Ronnenberg).<\/p>\n\n\n\n<p><\/p>\n\n\n\n<p>Blog einfach &#8211; mit Klartext!<\/p>\n","protected":false},"excerpt":{"rendered":"<p>Was ist der Klartext-Blog? Dieser Blog dient als Schaufenster, um gelungene Beispiele f\u00fcr Sch\u00fcler:innenzeitungsbeitr\u00e4ge zu zeigen. Der Blog begleitet die gleichnamige Fortbildungsma\u00dfnahme f\u00fcr Sch\u00fcler:innenzeitungen des nieders. Kultusministeriums. Dar\u00fcber hinaus sollen sich hier die Lehrkr\u00e4fte vernetzen k\u00f6nnen, die in Niedersachsen Sch\u00fcler:innenzeitungs-Blogs betreuen. In diesem Schuljahr l\u00e4uft ein weiterer Durchgang des Projekts Blog einfach &#8211; mit Klartext! [&hellip;]<\/p>\n","protected":false},"author":9192202,"featured_media":1801,"parent":0,"menu_order":0,"comment_status":"closed","ping_status":"closed","template":"","meta":{"footnotes":""},"class_list":["post-1120","page","type-page","status-publish","has-post-thumbnail","hentry"],"_links":{"self":[{"href":"https:\/\/wordpress.nibis.de\/klartext\/wp-json\/wp\/v2\/pages\/1120","targetHints":{"allow":["GET"]}}],"collection":[{"href":"https:\/\/wordpress.nibis.de\/klartext\/wp-json\/wp\/v2\/pages"}],"about":[{"href":"https:\/\/wordpress.nibis.de\/klartext\/wp-json\/wp\/v2\/types\/page"}],"author":[{"embeddable":true,"href":"https:\/\/wordpress.nibis.de\/klartext\/wp-json\/wp\/v2\/users\/9192202"}],"replies":[{"embeddable":true,"href":"https:\/\/wordpress.nibis.de\/klartext\/wp-json\/wp\/v2\/comments?post=1120"}],"version-history":[{"count":20,"href":"https:\/\/wordpress.nibis.de\/klartext\/wp-json\/wp\/v2\/pages\/1120\/revisions"}],"predecessor-version":[{"id":1911,"href":"https:\/\/wordpress.nibis.de\/klartext\/wp-json\/wp\/v2\/pages\/1120\/revisions\/1911"}],"wp:featuredmedia":[{"embeddable":true,"href":"https:\/\/wordpress.nibis.de\/klartext\/wp-json\/wp\/v2\/media\/1801"}],"wp:attachment":[{"href":"https:\/\/wordpress.nibis.de\/klartext\/wp-json\/wp\/v2\/media?parent=1120"}],"curies":[{"name":"wp","href":"https:\/\/api.w.org\/{rel}","templated":true}]}}