{"id":1970,"date":"2026-05-04T22:55:06","date_gmt":"2026-05-04T20:55:06","guid":{"rendered":"https:\/\/wordpress.nibis.de\/klartext\/?page_id=1970"},"modified":"2026-05-04T22:56:22","modified_gmt":"2026-05-04T20:56:22","slug":"ausschreibung-schuljahr-26-27","status":"publish","type":"page","link":"https:\/\/wordpress.nibis.de\/klartext\/ausschreibung-schuljahr-26-27\/","title":{"rendered":"Ausschreibung Schuljahr 26\/27"},"content":{"rendered":"\n<p><em>Nachfolgend ver\u00f6ffentlichen wir die aktuelle Ausschreibung aus dem Schulverwaltungsblatt Mai 2026, in der wir teilnehmende Schulen f\u00fcr das neue Schuljahr suchen:<\/em><\/p>\n\n\n\n<p><strong>Blog einfach &#8211; mit Klartext!<\/strong><\/p>\n\n\n\n<p>Workshops f\u00fcr Lehrkr\u00e4fte und Sch\u00fcler:innenzeitungsredaktionen<\/p>\n\n\n\n<p>Das in diesem Schuljahr bereits wiederholt angebotene Projekt geht in eine weitere Neuauflage.<\/p>\n\n\n\n<p><strong>Die Zielgruppe<\/strong><\/p>\n\n\n\n<p>Das Angebot richtet sich wieder vorrangig an Schulen aller Schulformen (von der Grundschule bis zum Gymnasium), die an der Gr\u00fcndung einer Sch\u00fcler:innenzeitung als Internet-Blog interessiert sind. Schulen mit einer \u201etraditionellen&#8220; Print-Sch\u00fcler:innenzeitung, die \u00fcber eine Ausweitung oder einen Umzug ins Digitale nachdenken, sind ebenfalls angesprochen. Gesucht werden Sch\u00fcler:innenredaktionen, die jeweils mit 3-5 Sch\u00fclerinnen und Sch\u00fclern sowie der betreuenden Lehrkraft teilnehmen.<\/p>\n\n\n\n<p><strong>Termine und Inhalte<\/strong><\/p>\n\n\n\n<p>Es wird zwei eint\u00e4gige Pr\u00e4senzveranstaltungen (einmal Auftakt und einmal zum Abschluss) im Raum Hannover geben. Zudem wird es drei Online-Workshops geben. Diese umfassen folgende Schwerpunkte:<\/p>\n\n\n\n<p>\u2022&nbsp;&nbsp;&nbsp;&nbsp;&nbsp;&nbsp;&nbsp;&nbsp;&nbsp;&nbsp;&nbsp;&nbsp; Technik \/ Know How mit dem Content Management System &#8222;WordPress&#8220;,<\/p>\n\n\n\n<p>\u2022&nbsp;&nbsp;&nbsp;&nbsp;&nbsp;&nbsp;&nbsp;&nbsp;&nbsp;&nbsp;&nbsp;&nbsp; Organisationstipps (Aufbau einer Redaktion) und<\/p>\n\n\n\n<p>\u2022&nbsp;&nbsp;&nbsp;&nbsp;&nbsp;&nbsp;&nbsp;&nbsp;&nbsp;&nbsp;&nbsp;&nbsp; Journalistisches Schreiben (Interviews, Berichte etc.).<\/p>\n\n\n\n<p>Die Terminierung wird zu Schuljahresbeginn bekanntgegeben. Die Teilnahme f\u00fcr Lehrkr\u00e4fte ist an allen Terminen verpflichtend, das Einverst\u00e4ndnis der jeweiligen Schulleitung wird vorausgesetzt. Die Teilnahme von Sch\u00fcler:innen an allen Terminen ausdr\u00fccklich erw\u00fcnscht und beim letzten Termin sogar Teil des Programms.<\/p>\n\n\n\n<p>Durch die Zusammenarbeit mit dem Landesprojekt n-report.de k\u00f6nnen Teilnehmende zudem an einem Modul des Journalismuskurses teilnehmen (Schreiben, Foto, Video, Audio, Online).<\/p>\n\n\n\n<p><strong>Der Klartext Blog &#8230;<\/strong><\/p>\n\n\n\n<p>&#8230; ist eine landesweite Plattform f\u00fcr Sch\u00fcler:innenbeitr\u00e4ge und unter <a href=\"http:\/\/www.klartext-blog.de\">www.klartext-blog.de<\/a> erreichbar. Die Mitarbeit am Klartext Blog sowie die Teilnahme an zwei Pr\u00e4senzveranstaltungen und drei Online-Workshops ist Teilnahmevoraussetzung. Damit wird die Netzwerkbildung unter Sch\u00fcler:innenzeitungen gest\u00e4rkt. Die betreuende Lehrkraft erh\u00e4lt im Schuljahr 2026\/2027 vorbehaltlich zur Verf\u00fcgung stehender Ressourcen eine Anrechnungsstunde auf ihre Unterrichtsverpflichtung.<\/p>\n\n\n\n<p><strong>Bewerbungsvoraussetzungen<\/strong><\/p>\n\n\n\n<p>Teilnehmende Schulen verf\u00fcgen \u00fcber einen Internetanschluss &gt; 6Mbit sowie die M\u00f6glichkeit zur Arbeit auf digitalen Endger\u00e4ten (PC, Laptop oder Tablet). Einverst\u00e4ndniserkl\u00e4rungen der Erziehungsberechtigten zur Teilnahme an den Workshops liegen der teilnehmenden Schule vor. Das Einverst\u00e4ndnis der Teilnehmerinnen oder Teilnehmer bzw. der Erziehungsberechtigten f\u00fcr die Verwendung von Fotos, Videos und Arbeitsergebnissen w\u00e4hrend der Workshops zum Zwecke der Ver\u00f6ffentlichung auf dem Klartext Blog ist ebenfalls vorhanden. Das Einverst\u00e4ndnis der Schulleitung f\u00fcr die Teilnahme der Lehrkraft an den Pr\u00e4senzveranstaltungen und Online-Workshops muss vorliegen.<\/p>\n\n\n\n<p><strong>Bewerbung<\/strong><\/p>\n\n\n\n<p>Bewerbungen erfolgen formlos bis <strong>Mittwoch, 03.06.2026 <\/strong>an bewerbungen&#64;&#107;&#108;&#97;&#114;&#116;&#101;&#120;&#116;&#45;&#98;&#108;&#111;&#103;&#46;&#100;&#x65;. Die Anzahl der Teilnehmenden ist begrenzt.<\/p>\n\n\n\n<p>F\u00fcr die Bewerbung sind Angaben zu folgenden Kriterien wichtig:<\/p>\n\n\n\n<p>Ggf. seit wann gibt es Pl\u00e4ne \/ gibt es den Plan zur Gr\u00fcndung einer Sch\u00fcler:innenzeitungsredaktion? Ggf. auf welchen Plattformen wird ver\u00f6ffentlicht (Print, Blog etc.)? Hat die betreuende Lehrkraft Vorerfahrungen mit Sch\u00fcler:innenzeitungen, mit Sch\u00fcler:innen\u00adblogs und \/ oder mit WordPress? Kontaktdaten der betreuenden Lehrkraft (Schule, Name, Telefon, E-Mail) \/ Liegt das Einverst\u00e4ndnis der Schulleitung vor?.<\/p>\n\n\n\n<p>Die Auswahl und Benachrichtigung der Teilnehmer:innen durch die das Projekt betreuenden Lehrkr\u00e4fte erfolgt unter Einbeziehung der o. g. Kriterien bis Mittwoch, 01.07.26.<\/p>\n\n\n\n<p><strong>Kontakt<\/strong><\/p>\n\n\n\n<p>Fragen zur Bewerbung k\u00f6nnen an b&#101;&#x77;&#x65;&#x72;b&#117;&#x6e;&#x67;&#x65;n&#64;&#x6b;&#x6c;&#x61;r&#116;&#x65;&#x78;&#x74;-&#98;&#x6c;&#x6f;&#x67;&#46;&#100;&#x65; gerichtet werden. Ausk\u00fcnfte erteilt dar\u00fcber hinaus Frau Katja Bauer, Nds. Kultusministerium, Tel.: 0511 120-7218, E-Mail: &#x4b;a&#x74;&#106;&#x61;&#46;B&#x61;&#117;&#x65;&#114;&#64;&#x6d;&#107;&#x2e;&#110;i&#x65;d&#x65;&#114;&#x73;&#x61;c&#x68;&#115;&#x65;&#110;&#46;&#x64;&#101;.<\/p>\n","protected":false},"excerpt":{"rendered":"<p>Nachfolgend ver\u00f6ffentlichen wir die aktuelle Ausschreibung aus dem Schulverwaltungsblatt Mai 2026, in der wir teilnehmende Schulen f\u00fcr das neue Schuljahr suchen: Blog einfach &#8211; mit Klartext! Workshops f\u00fcr Lehrkr\u00e4fte und Sch\u00fcler:innenzeitungsredaktionen Das in diesem Schuljahr bereits wiederholt angebotene Projekt geht in eine weitere Neuauflage. Die Zielgruppe Das Angebot richtet sich wieder vorrangig an Schulen aller [&hellip;]<\/p>\n","protected":false},"author":9192202,"featured_media":0,"parent":0,"menu_order":0,"comment_status":"closed","ping_status":"closed","template":"","meta":{"footnotes":""},"class_list":["post-1970","page","type-page","status-publish","hentry"],"_links":{"self":[{"href":"https:\/\/wordpress.nibis.de\/klartext\/wp-json\/wp\/v2\/pages\/1970","targetHints":{"allow":["GET"]}}],"collection":[{"href":"https:\/\/wordpress.nibis.de\/klartext\/wp-json\/wp\/v2\/pages"}],"about":[{"href":"https:\/\/wordpress.nibis.de\/klartext\/wp-json\/wp\/v2\/types\/page"}],"author":[{"embeddable":true,"href":"https:\/\/wordpress.nibis.de\/klartext\/wp-json\/wp\/v2\/users\/9192202"}],"replies":[{"embeddable":true,"href":"https:\/\/wordpress.nibis.de\/klartext\/wp-json\/wp\/v2\/comments?post=1970"}],"version-history":[{"count":2,"href":"https:\/\/wordpress.nibis.de\/klartext\/wp-json\/wp\/v2\/pages\/1970\/revisions"}],"predecessor-version":[{"id":1974,"href":"https:\/\/wordpress.nibis.de\/klartext\/wp-json\/wp\/v2\/pages\/1970\/revisions\/1974"}],"wp:attachment":[{"href":"https:\/\/wordpress.nibis.de\/klartext\/wp-json\/wp\/v2\/media?parent=1970"}],"curies":[{"name":"wp","href":"https:\/\/api.w.org\/{rel}","templated":true}]}}