{"id":52,"date":"2017-05-05T20:42:46","date_gmt":"2017-05-05T18:42:46","guid":{"rendered":"http:\/\/wordpress.nibis.de\/klartext\/?page_id=52"},"modified":"2026-03-06T19:35:27","modified_gmt":"2026-03-06T18:35:27","slug":"impressum","status":"publish","type":"page","link":"https:\/\/wordpress.nibis.de\/klartext\/impressum\/","title":{"rendered":"Impressum"},"content":{"rendered":"\n<h3 class=\"wp-block-heading\"><strong>Anbieterin im Sinne des \u00a7 18 MStV, \u00a7 5 DDG:<\/strong>\u00a0<\/h3>\n\n\n\n<p><strong>Nieders\u00e4chsisches Kultusministerium<\/strong><br>Presse- und \u00d6ffentlichkeitsarbeit<br>Hans-B\u00f6ckler-Allee 5<br>30173 Hannover<\/p>\n\n\n\n<p>Telefon: <a href=\"tel:05111207146\">0511&nbsp;120-7146<\/a><br>Fax: 0511&nbsp;120 -7451<br>E-Mail:&nbsp;<a href=\"&#x6d;a&#x69;&#108;&#x74;&#x6f;:&#x70;&#114;&#x65;&#x73;s&#x65;&#115;&#x74;&#x65;l&#x6c;&#101;&#x40;&#x6d;k&#x2e;&#110;&#x69;&#x65;d&#x65;&#114;&#x73;&#x61;c&#x68;&#115;&#x65;&#x6e;&#46;&#x64;&#101;\" target=\"_blank\" rel=\"noreferrer noopener\">&#x70;&#x72;&#x65;&#115;&#115;&#101;st&#x65;&#x6c;&#x6c;&#x65;&#64;&#109;k&#46;&#x6e;&#x69;&#x65;&#x64;&#101;&#114;sa&#x63;&#x68;&#x73;&#x65;&#110;&#46;&#100;e<\/a><\/p>\n\n\n\n<h4 class=\"wp-block-heading\"><strong>Vertretungsberechtigt:<\/strong><\/h4>\n\n\n\n<p>Staatssekret\u00e4rin Andrea Hoops<\/p>\n\n\n\n<p>F\u00fcr den Inhalt im Sinne des \u00a7 18 Abs. 2 MStV verantwortlich:\u00a0<br>Britta L\u00fcers, Leitung Pressestelle Nieders\u00e4chsisches Kultusministerium<\/p>\n\n\n\n<h4 class=\"wp-block-heading\"><strong>Chefredaktion:<\/strong><\/h4>\n\n\n\n<p><strong>Nds. Kultusministerium (MK):<\/strong><br>Katja Bauer (Referat 25 | Ganztagsschule, Kulturelle Bildung, Berufliche Orientierung; Sachgebiet: Literarische Bildung)<\/p>\n\n\n\n<p><strong>Nds. Landesinstitut f\u00fcr schulische Qualit\u00e4tsentwicklung (NLQ):<\/strong><br>Ben Quinkenstein, Hans-Jakob Erchinger<\/p>\n\n\n\n<p><strong>Klartext-Redaktion<\/strong>:<br>Ben Quinkenstein, Hans-Jakob Erchinger, Andreas Ulrich, Heiko Eichenberg<\/p>\n\n\n\n<h4 class=\"wp-block-heading\"><strong>Technischer Betrieb, Gestaltung &amp; Realisierung:<\/strong><\/h4>\n\n\n\n<p>Nieders\u00e4chsisches Landesinstitut f\u00fcr schulische Qualit\u00e4tsentwicklung (NLQ)&nbsp;<br>Ke\u00dflerstra\u00dfe 52<br>31134 Hildesheim<\/p>\n\n\n\n<h4 class=\"wp-block-heading\"><br><strong>Beh\u00f6rdlicher Datenschutzbeauftragte:<\/strong><\/h4>\n\n\n\n<p>Beh\u00f6rdliche Datenschutzbeauftragte<br>Hans-B\u00f6ckler-Allee 5<br>30169 Hannover<br>Tel.: 0511 120-7342<br>E-Mail: <a href=\"&#109;&#x61;&#105;&#x6c;t&#x6f;:&#100;&#x61;&#116;&#x65;n&#x73;c&#104;&#x75;&#116;&#x7a;b&#x65;a&#117;&#x66;&#116;&#x72;a&#x67;t&#101;&#x40;&#109;&#x6b;&#46;&#x6e;i&#101;&#x64;&#101;&#x72;s&#x61;c&#104;&#x73;&#101;&#x6e;&#46;&#x64;e\">d&#97;&#x74;&#x65;n&#115;&#99;&#x68;&#x75;t&#122;&#98;&#x65;&#x61;u&#102;&#x74;&#x72;&#x61;g&#116;&#x65;&#x40;m&#107;&#46;&#x6e;&#x69;e&#100;&#101;&#x72;&#x73;a&#99;&#x68;&#x73;&#x65;n&#46;&#x64;&#x65;<\/a><\/p>\n\n\n\n<h4 class=\"wp-block-heading\"><br><strong>Missbr\u00e4uchliche Nutzung:<\/strong><\/h4>\n\n\n\n<p>Sollten Sie missbr\u00e4uchliche Nutzungen aus dem IP-Adressbereich des Bildungsportals Niedersachsen feststellen, senden Sie bitte eine E-Mail an die Adresse <a href=\"m&#97;&#x69;&#x6c;t&#111;&#58;&#x61;&#x62;u&#115;&#x65;&#x40;n&#105;&#98;&#x69;&#x73;&#46;&#100;&#x65;\">&#97;&#x62;&#117;&#x73;&#101;&#x40;n&#x69;b&#x69;s&#46;&#x64;&#101;<\/a>.<\/p>\n\n\n\n<h4 class=\"wp-block-heading\"><strong>Haftungsausschluss:<\/strong><\/h4>\n\n\n\n<p>1. Inhalt des Onlineangebotes<\/p>\n\n\n\n<p>Der Autor \u00fcbernimmt keinerlei Gew\u00e4hr f\u00fcr die Aktualit\u00e4t, Korrektheit, Vollst\u00e4ndigkeit oder Qualit\u00e4t der bereitgestellten Informationen. Haftungsanspr\u00fcche gegen den Autor, welche sich auf Sch\u00e4den materieller oder ideeller Art beziehen, die durch die Nutzung oder Nichtnutzung der dargebotenen Informationen bzw. durch die Nutzung fehlerhafter und unvollst\u00e4ndiger Informationen verursacht wurden, sind grunds\u00e4tzlich ausgeschlossen, sofern seitens des Autors kein nachweislich vors\u00e4tzliches oder grob fahrl\u00e4ssiges Verschulden vorliegt.<\/p>\n\n\n\n<p>Alle Angebote sind freibleibend und unverbindlich. Der Autor beh\u00e4lt es sich ausdr\u00fccklich vor, Teile der Seiten oder das gesamte Angebot ohne gesonderte Ank\u00fcndigung zu ver\u00e4ndern, zu erg\u00e4nzen, zu l\u00f6schen oder die Ver\u00f6ffentlichung zeitweise oder endg\u00fcltig einzustellen.<\/p>\n\n\n\n<p>2. Verweise und Links<\/p>\n\n\n\n<p>Bei direkten oder indirekten Verweisen auf fremde Internetseiten (&#8222;Links&#8220;), die au\u00dferhalb des Verantwortungsbereiches des Autors liegen, w\u00fcrde eine Haftungsverpflichtung ausschlie\u00dflich in dem Fall in Kraft treten, in dem der Autor von den Inhalten Kenntnis hat und es ihm technisch m\u00f6glich und zumutbar w\u00e4re, die Nutzung im Falle rechtswidriger Inhalte zu verhindern.<\/p>\n\n\n\n<p>Der Autor erkl\u00e4rt hiermit ausdr\u00fccklich, dass zum Zeitpunkt der Linksetzung keine illegalen Inhalte auf den zu verlinkenden Seiten erkennbar waren. Auf die aktuelle und zuk\u00fcnftige Gestaltung, die Inhalte oder die Urheberschaft der gelinkten\/verkn\u00fcpften Seiten hat der Autor keinerlei Einfluss. Deshalb distanziert er sich hiermit ausdr\u00fccklich von allen Inhalten aller gelinkten \/verkn\u00fcpften Seiten, die nach der Linksetzung ver\u00e4ndert wurden. Diese Feststellung gilt f\u00fcr alle innerhalb des eigenen Internetangebotes gesetzten Links und Verweise sowie f\u00fcr Fremdeintr\u00e4ge in vom Autor eingerichteten G\u00e4steb\u00fcchern, Diskussionsforen und Mailinglisten. F\u00fcr illegale, fehlerhafte oder unvollst\u00e4ndige Inhalte und insbesondere f\u00fcr Sch\u00e4den, die aus der Nutzung oder Nichtnutzung solcherart dargebotener Informationen entstehen, haftet allein der Anbieter der Seite, auf welche verwiesen wurde, nicht derjenige, der \u00fcber Links auf die jeweilige Ver\u00f6ffentlichung lediglich verweist.<\/p>\n\n\n\n<p>3. Urheber- und Kennzeichenrecht<\/p>\n\n\n\n<p>Der Autor ist bestrebt, in allen Publikationen die Urheberrechte der verwendeten Grafiken, Tondokumente, Videosequenzen und Texte zu beachten, von ihm selbst erstellte Grafiken, Tondokumente, Videosequenzen und Texte zu nutzen oder auf lizenzfreie Grafiken, Tondokumente, Videosequenzen und Texte zur\u00fcckzugreifen.<\/p>\n\n\n\n<p>Alle innerhalb des Internetangebotes genannten und ggf. durch Dritte gesch\u00fctzten Marken- und Warenzeichen unterliegen uneingeschr\u00e4nkt den Bestimmungen des jeweils g\u00fcltigen Kennzeichenrechts und den Besitzrechten der jeweiligen eingetragenen Eigent\u00fcmer. Allein aufgrund der blo\u00dfen Nennung ist nicht der Schlu\u00df zu ziehen, dass Markenzeichen nicht durch Rechte Dritter gesch\u00fctzt sind!<\/p>\n\n\n\n<p>Das Copyright f\u00fcr ver\u00f6ffentlichte, vom Autor selbst erstellte Objekte bleibt allein beim Autor der Seiten. Eine Vervielf\u00e4ltigung oder Verwendung solcher Grafiken, Tondokumente, Videosequenzen und Texte in anderen elektronischen oder gedruckten Publikationen ist ohne ausdr\u00fcckliche Zustimmung des Autors nicht gestattet.<\/p>\n\n\n\n<p>4. Rechtswirksamkeit dieses Haftungsausschlusses<\/p>\n\n\n\n<p>Dieser Haftungsausschluss ist als Teil des Internetangebotes zu betrachten, von dem aus auf diese Seite verwiesen wurde. Sofern Teile oder einzelne Formulierungen dieses Textes der geltenden Rechtslage nicht, nicht mehr oder nicht vollst\u00e4ndig entsprechen sollten, bleiben die \u00fcbrigen Teile des Dokumentes in ihrem Inhalt und ihrer G\u00fcltigkeit davon unber\u00fchrt.<\/p>\n","protected":false},"excerpt":{"rendered":"<p>Anbieterin im Sinne des \u00a7 18 MStV, \u00a7 5 DDG:\u00a0 Nieders\u00e4chsisches KultusministeriumPresse- und \u00d6ffentlichkeitsarbeitHans-B\u00f6ckler-Allee 530173 Hannover Telefon: 0511&nbsp;120-7146Fax: 0511&nbsp;120 -7451E-Mail:&nbsp;pre&#115;&#115;&#101;&#115;&#x74;&#x65;&#x6c;&#x6c;&#x65;&#x40;&#x6d;k&#46;n&#105;&#101;&#100;&#101;&#114;&#x73;&#x61;&#x63;&#x68;&#x73;&#x65;n&#46;de Vertretungsberechtigt: Staatssekret\u00e4rin Andrea Hoops F\u00fcr den Inhalt im Sinne des \u00a7 18 Abs. 2 MStV verantwortlich:\u00a0Britta L\u00fcers, Leitung Pressestelle Nieders\u00e4chsisches Kultusministerium Chefredaktion: Nds. Kultusministerium (MK):Katja Bauer (Referat 25 | Ganztagsschule, Kulturelle Bildung, Berufliche Orientierung; Sachgebiet: [&hellip;]<\/p>\n","protected":false},"author":1415,"featured_media":0,"parent":0,"menu_order":0,"comment_status":"closed","ping_status":"closed","template":"","meta":{"footnotes":""},"class_list":["post-52","page","type-page","status-publish","hentry"],"_links":{"self":[{"href":"https:\/\/wordpress.nibis.de\/klartext\/wp-json\/wp\/v2\/pages\/52","targetHints":{"allow":["GET"]}}],"collection":[{"href":"https:\/\/wordpress.nibis.de\/klartext\/wp-json\/wp\/v2\/pages"}],"about":[{"href":"https:\/\/wordpress.nibis.de\/klartext\/wp-json\/wp\/v2\/types\/page"}],"author":[{"embeddable":true,"href":"https:\/\/wordpress.nibis.de\/klartext\/wp-json\/wp\/v2\/users\/1415"}],"replies":[{"embeddable":true,"href":"https:\/\/wordpress.nibis.de\/klartext\/wp-json\/wp\/v2\/comments?post=52"}],"version-history":[{"count":28,"href":"https:\/\/wordpress.nibis.de\/klartext\/wp-json\/wp\/v2\/pages\/52\/revisions"}],"predecessor-version":[{"id":1856,"href":"https:\/\/wordpress.nibis.de\/klartext\/wp-json\/wp\/v2\/pages\/52\/revisions\/1856"}],"wp:attachment":[{"href":"https:\/\/wordpress.nibis.de\/klartext\/wp-json\/wp\/v2\/media?parent=52"}],"curies":[{"name":"wp","href":"https:\/\/api.w.org\/{rel}","templated":true}]}}