{"id":883,"date":"2017-12-05T11:18:30","date_gmt":"2017-12-05T10:18:30","guid":{"rendered":"http:\/\/wordpress.nibis.de\/klartext\/?page_id=883"},"modified":"2026-03-07T07:12:14","modified_gmt":"2026-03-07T06:12:14","slug":"schuelerblogs-in-niedersachsen","status":"publish","type":"page","link":"https:\/\/wordpress.nibis.de\/klartext\/schuelerblogs-in-niedersachsen\/","title":{"rendered":"Sch\u00fcler:innenblogs in Niedersachsen"},"content":{"rendered":"<h2><em>Was machen die anderen?<\/em><\/h2>\n<p>Hier ist eine Linkliste zu anderen Sch\u00fcler:innenzeitungen und Sch\u00fcler:innenblogs aus Niedersachsen.<\/p>\n<ul class=\"linkliste\">\n<li><a title=\"Link zu: &quot;Blinklicht&quot;, Sch\u00fclerzeitung der Grundschule Pfaffenstieg, Hildesheim\" href=\"http:\/\/www.gs-pfaffenstieg.de\/index.php?option=com_content&amp;view=category&amp;id=38&amp;Itemid=64\" target=\"_blank\" rel=\"noopener noreferrer\">&#8222;Blinklicht&#8220;, Sch\u00fclerzeitung der Grundschule Pfaffenstieg, Hildesheim<\/a><\/li>\n<li><a title=\"Link zu: GGbloggt - Sch\u00fclerblog des Gymnaisums Georgianum in Lingen\" href=\"http:\/\/wordpress.nibis.de\/gymgeorg\/\" target=\"_blank\" rel=\"noopener noreferrer\">GGbloggt &#8211; Sch\u00fclerblog des Gymnaisums Georgianum in Lingen<\/a><\/li>\n<li><a title=\"Link zu: Laurentinews - Sch\u00fclerblog des Laurentius-Siemer-Gymnasiums Ramsloh\" href=\"http:\/\/www.laurentinews.de\/\" target=\"_blank\" rel=\"noopener noreferrer\">Laurentinews &#8211; Sch\u00fclerblog des Laurentius-Siemer-Gymnasiums Ramsloh<\/a><\/li>\n<li><a title=\"Link zu: flash - Sch\u00fclerblog der IGS Garbsen\" href=\"http:\/\/flash.youthpress.de\/\" target=\"_blank\" rel=\"noopener noreferrer\">flash &#8211; Sch\u00fclerblog der IGS Garbsen<\/a><\/li>\n<li><a title=\"Link zu: Siegfrieds Bote - Sch\u00fclerzeitung der Nibelungen-Realschule Braunschweig\" href=\"http:\/\/files.nibelungen-realschule.de\/sz\/Aktuell.pdf\" target=\"_blank\" rel=\"noopener noreferrer\">Siegfrieds Bote &#8211; Sch\u00fclerzeitung der Nibelungen-Realschule Braunschweig<\/a><\/li>\n<li><a href=\"https:\/\/reutertimes.de\/\">ReuterTimes &#8211; Digitale Sch\u00fcler:innenzeitung der Ernst-Reuter-Schule Pattensen (KGS)<\/a><\/li>\n<li><a title=\"Link zu: &quot;Profil&quot;, Sch\u00fclerzeitung des Werner-von-Siemens-Gymnasiums Bad Harzburg\" href=\"http:\/\/www.wvsharzburg.de\/index.php\/arbeitsgemeinschaften\/205-profil-die-arbeitsgemeinschaft\" target=\"_blank\" rel=\"noopener noreferrer\">&#8222;Profil&#8220;, Sch\u00fclerzeitung des Werner-von-Siemens-Gymnasiums Bad Harzburg<\/a><\/li>\n<li><a title=\"Link zu: &quot;Kepler Times&quot;, Sch\u00fclerzeitung des Johannes-Kepler-Gymnasiums Garbsen\" href=\"http:\/\/keplertimes.youthpress.de\/\" target=\"_blank\" rel=\"noopener noreferrer\">&#8222;Kepler Times&#8220;, Sch\u00fclerzeitung des Johannes-Kepler-Gymnasiums Garbsen<\/a><\/li>\n<li><a href=\"http:\/\/www.sophienschule.net\/\">&#8222;Sophies Blog&#8220;, Sch\u00fclerzeitung des Gymnasiums Sophienschule Hannover<\/a><\/li>\n<li><a title=\"Link zu: &quot;Der Spargel&quot;, Sch\u00fclerzeitung des Erich-K\u00e4stner-Gymnasiums Laatzen\" href=\"http:\/\/derspargel.de\/\" target=\"_blank\" rel=\"noopener noreferrer\">&#8222;Der Spargel&#8220;, Sch\u00fclerzeitung des Erich-K\u00e4stner-Gymnasiums Laatzen<\/a><\/li>\n<li><a title=\"Link zu: &quot;Stadtmitte Aktuell&quot;, Schulzeitung der Oberschule am Wasserturm, L\u00fcneburg\" href=\"http:\/\/www.saw-lueneburg.de\/schulzeitung\/\" target=\"_blank\" rel=\"noopener noreferrer\">&#8222;Stadtmitte Aktuell&#8220;, Schulzeitung der Oberschule am Wasserturm, L\u00fcneburg<\/a><\/li>\n<li><a title=\"Link zu: &quot;Aber HALLO&quot;, Sch\u00fclerzeitung der Oberschule Nordenham\" href=\"http:\/\/www.aberhallo.news\/news\/\" target=\"_blank\" rel=\"noopener noreferrer\">&#8222;Aber HALLO&#8220;, Sch\u00fclerzeitung der Oberschule Nordenham<\/a><\/li>\n<li><a title=\"Link zu: &quot;Sch\u00fclerfloh&quot;, Sch\u00fclerzeitung der Grundschulen in Varel\" href=\"http:\/\/www.schuelerfloh.net\/\" target=\"_blank\" rel=\"noopener noreferrer\">&#8222;Sch\u00fclerfloh&#8220;, Sch\u00fclerzeitung der Grundschulen in Varel<\/a><\/li>\n<li><a title=\"Link zu: &quot;Zwischen Himmel und H\u00f6lle&quot;, Sch\u00fclerzeitung am H\u00f6lty-Gymnasium Wunstorf\" href=\"http:\/\/www.szamhgw.de\/\" target=\"_blank\" rel=\"noopener noreferrer\">&#8222;Zwischen Himmel und H\u00f6lle&#8220;, Sch\u00fclerzeitung am H\u00f6lty-Gymnasium Wunstorf<\/a><\/li>\n<li><a title=\"Link zu: &quot;Sch\u00fclerexpress&quot;, Sch\u00fclerblog der Grundschule Nienst\u00e4dt\" href=\"https:\/\/schuelerexpress.com\/\" target=\"_blank\" rel=\"noopener noreferrer\">&#8222;Sch\u00fclerexpress&#8220;, Sch\u00fclerblog der Grundschule Nienst\u00e4dt<\/a><\/li>\n<li><a title=\"Link zu: Yellowpost, Sch\u00fclerblog der IGS Roderbruch\" href=\"https:\/\/yellowpost.de\/\" target=\"_blank\" rel=\"noopener noreferrer\">Yellowpost, Sch\u00fclerblog der IGS Roderbruch<\/a><\/li>\n<li><a href=\"https:\/\/raabenfeder.org\" target=\"_blank\" rel=\"noopener noreferrer\">Raabenfeder &#8211; Der Sch\u00fclerzeitungs-Blog der <\/a><a href=\"https:\/\/raabenfeder.org\" target=\"_blank\" rel=\"noopener noreferrer\">Wilhelm-Raabe Schule Hannover<\/a><\/li>\n<li><a href=\"https:\/\/schollz.de\/\">SchollZ &#8211; Sch\u00fclerblog des Geschwister-Scholl-Gymnasiums Garbsen<\/a><\/li>\n<li><a href=\"https:\/\/wordpress.nibis.de\/strompost\/\">Strompost &#8211; Die Online-Schulzeitung der Grundschule Iprump-Stickgras<\/a><\/li>\n<li><a href=\"https:\/\/wordpress.nibis.de\/bloggi\/aktuelles\/\">bloGGIng &#8211; Sch\u00fclerblog des Gymnasiums Gro\u00df Ilsede<\/a><\/li>\n<\/ul>\n","protected":false},"excerpt":{"rendered":"<p>Was machen die anderen? Hier ist eine Linkliste zu anderen Sch\u00fcler:innenzeitungen und Sch\u00fcler:innenblogs aus Niedersachsen. &#8222;Blinklicht&#8220;, Sch\u00fclerzeitung der Grundschule Pfaffenstieg, Hildesheim GGbloggt &#8211; Sch\u00fclerblog des Gymnaisums Georgianum in Lingen Laurentinews &#8211; Sch\u00fclerblog des Laurentius-Siemer-Gymnasiums Ramsloh flash &#8211; Sch\u00fclerblog der IGS Garbsen Siegfrieds Bote &#8211; Sch\u00fclerzeitung der Nibelungen-Realschule Braunschweig ReuterTimes &#8211; Digitale Sch\u00fcler:innenzeitung der Ernst-Reuter-Schule Pattensen [&hellip;]<\/p>\n","protected":false},"author":1415,"featured_media":1801,"parent":0,"menu_order":0,"comment_status":"closed","ping_status":"closed","template":"","meta":{"footnotes":""},"class_list":["post-883","page","type-page","status-publish","has-post-thumbnail","hentry"],"_links":{"self":[{"href":"https:\/\/wordpress.nibis.de\/klartext\/wp-json\/wp\/v2\/pages\/883","targetHints":{"allow":["GET"]}}],"collection":[{"href":"https:\/\/wordpress.nibis.de\/klartext\/wp-json\/wp\/v2\/pages"}],"about":[{"href":"https:\/\/wordpress.nibis.de\/klartext\/wp-json\/wp\/v2\/types\/page"}],"author":[{"embeddable":true,"href":"https:\/\/wordpress.nibis.de\/klartext\/wp-json\/wp\/v2\/users\/1415"}],"replies":[{"embeddable":true,"href":"https:\/\/wordpress.nibis.de\/klartext\/wp-json\/wp\/v2\/comments?post=883"}],"version-history":[{"count":11,"href":"https:\/\/wordpress.nibis.de\/klartext\/wp-json\/wp\/v2\/pages\/883\/revisions"}],"predecessor-version":[{"id":1693,"href":"https:\/\/wordpress.nibis.de\/klartext\/wp-json\/wp\/v2\/pages\/883\/revisions\/1693"}],"wp:featuredmedia":[{"embeddable":true,"href":"https:\/\/wordpress.nibis.de\/klartext\/wp-json\/wp\/v2\/media\/1801"}],"wp:attachment":[{"href":"https:\/\/wordpress.nibis.de\/klartext\/wp-json\/wp\/v2\/media?parent=883"}],"curies":[{"name":"wp","href":"https:\/\/api.w.org\/{rel}","templated":true}]}}