{"id":195,"date":"2025-12-11T08:40:27","date_gmt":"2025-12-11T07:40:27","guid":{"rendered":"https:\/\/wordpress.nibis.de\/klartext2025-26test1\/?page_id=195"},"modified":"2025-12-23T12:19:03","modified_gmt":"2025-12-23T11:19:03","slug":"impressum","status":"publish","type":"page","link":"https:\/\/wordpress.nibis.de\/klartext2025-26test1\/impressum\/","title":{"rendered":"Impressum"},"content":{"rendered":"\n<h3 class=\"wp-block-heading\">1. Angaben gem\u00e4\u00df \u00a75 Telemediengesetz (TMG)<\/h3>\n\n\n\n<p><strong>Grundschule Rethmar<\/strong><br>Osterkamp 26<br>31319 Sehnde<\/p>\n\n\n\n<p>Telefon: 05138 8812<br>E-Mail: <a>&#114;&#x65;t&#104;&#x6d;a&#114;&#x40;g&#114;&#x75;n&#100;&#x73;c&#104;&#x75;l&#101;&#x6e;-&#115;&#x65;h&#110;&#x64;e&#46;&#x64;e<\/a><\/p>\n\n\n\n<hr class=\"wp-block-separator has-alpha-channel-opacity\" \/>\n\n\n\n<h3 class=\"wp-block-heading\">Vertretungsberechtigte Person<\/h3>\n\n\n\n<p>Die Grundschule Rethmar ist eine \u00f6ffentliche Schule.<br>Sie wird gesetzlich vertreten durch die Schulleitung:<\/p>\n\n\n\n<p>Frau Mellentin<\/p>\n\n\n\n<hr class=\"wp-block-separator has-alpha-channel-opacity\" \/>\n\n\n\n<h3 class=\"wp-block-heading\">Verantwortlich f\u00fcr den Inhalt nach \u00a7 18 Abs. 2 MStV<\/h3>\n\n\n\n<p>Frau Catharina Kahler<br>Grundschule Rethmar<br>Osterkamp 26<br>31319 Sehnde<\/p>\n\n\n\n<p>E-Mail: <a>&#x63;&#97;t&#x68;&#97;r&#x69;&#110;a&#x2e;&#x6b;&#97;&#x68;&#x6c;&#101;r&#x40;&#103;s&#x2d;&#114;e&#x74;&#x68;&#109;&#x61;&#x72;&#46;d&#x65;<\/a><\/p>\n\n\n\n<hr class=\"wp-block-separator has-alpha-channel-opacity\" \/>\n\n\n\n<h3 class=\"wp-block-heading\">Haftung f\u00fcr Inhalte<\/h3>\n\n\n\n<p>Als Diensteanbieter sind wir gem\u00e4\u00df \u00a7 7 Abs. 1 TMG f\u00fcr eigene Inhalte auf diesen Seiten nach den allgemeinen Gesetzen verantwortlich.<br>Nach \u00a7\u00a7 8 bis 10 TMG sind wir als Diensteanbieter jedoch nicht verpflichtet, \u00fcbermittelte oder gespeicherte fremde Informationen zu \u00fcberwachen oder nach Umst\u00e4nden zu forschen, die auf eine rechtswidrige T\u00e4tigkeit hinweisen.<\/p>\n\n\n\n<p>Verpflichtungen zur Entfernung oder Sperrung der Nutzung von Informationen nach den allgemeinen Gesetzen bleiben hiervon unber\u00fchrt.<br>Eine Haftung ist jedoch erst ab dem Zeitpunkt der Kenntnis einer konkreten Rechtsverletzung m\u00f6glich. Bei Bekanntwerden entsprechender Rechtsverletzungen werden wir diese Inhalte umgehend entfernen.<\/p>\n\n\n\n<p><strong>Hinweis zum Schulblog:<\/strong><br>Beitr\u00e4ge, insbesondere von Sch\u00fclerinnen und Sch\u00fclern, werden von der verantwortlichen Lehrkraft sorgf\u00e4ltig gepr\u00fcft. Eine Haftung f\u00fcr die Richtigkeit, Vollst\u00e4ndigkeit und Aktualit\u00e4t der Inhalte kann dennoch nicht \u00fcbernommen werden.<\/p>\n\n\n\n<hr class=\"wp-block-separator has-alpha-channel-opacity\" \/>\n\n\n\n<h3 class=\"wp-block-heading\">Urheberrecht<\/h3>\n\n\n\n<p>Die durch die Grundschule Rethmar erstellten Inhalte und Werke auf diesen Seiten unterliegen dem deutschen Urheberrecht. Die Vervielf\u00e4ltigung, Bearbeitung, Verbreitung und jede Art der Verwertung au\u00dferhalb der Grenzen des Urheberrechtes bed\u00fcrfen der schriftlichen Zustimmung der jeweiligen Autorin\/des jeweiligen Autors bzw. Erstellers. Downloads und Kopien dieser Seite sind nur f\u00fcr den privaten, nicht kommerziellen Gebrauch gestattet. Soweit die Inhalte auf dieser Seite nicht von der Grundschule Rethmar erstellt wurden, werden die Urheberrechte Dritter beachtet. Insbesondere werden Inhalte Dritter als solche gekennzeichnet. Sollten Sie trotzdem auf eine Urheberrechtsverletzung aufmerksam werden, bitten wir um einen entsprechenden Hinweis. Bei Bekanntwerden von Rechtsverletzungen werden wir derartige Inhalte umgehend entfernen.<\/p>\n","protected":false},"excerpt":{"rendered":"<p>1. Angaben gem\u00e4\u00df \u00a75 Telemediengesetz (TMG) Grundschule RethmarOsterkamp 2631319 Sehnde Telefon: 05138 8812E-Mail: &#114;e&#x74;h&#x6d;a&#x72;&#64;&#x67;&#114;&#x75;&#110;&#x64;&#115;&#x63;&#104;u&#108;e&#x6e;-&#x73;e&#x68;&#110;&#x64;&#101;&#x2e;&#100;&#x65; Vertretungsberechtigte Person Die Grundschule Rethmar ist eine \u00f6ffentliche Schule.Sie wird gesetzlich vertreten durch die Schulleitung: Frau Mellentin Verantwortlich f\u00fcr den Inhalt nach \u00a7 18 Abs. 2 MStV Frau Catharina KahlerGrundschule RethmarOsterkamp 2631319 Sehnde E-Mail: &#99;&#x61;&#116;&#x68;&#97;&#x72;&#105;&#x6e;&#97;&#x2e;&#107;&#x61;&#104;&#x6c;&#101;&#x72;&#64;&#x67;&#115;&#x2d;&#114;&#x65;&#116;&#x68;&#109;&#x61;&#114;&#x2e;&#100;&#x65; Haftung f\u00fcr Inhalte Als Diensteanbieter sind wir gem\u00e4\u00df \u00a7 7 Abs. 1 TMG f\u00fcr eigene Inhalte auf diesen Seiten nach den allgemeinen Gesetzen verantwortlich.Nach \u00a7\u00a7 8 bis 10 TMG sind wir&#8230;<\/p>\n<p class=\"read-more\"><a class=\"btn btn-default\" href=\"https:\/\/wordpress.nibis.de\/klartext2025-26test1\/impressum\/\">Weiterlesen<span class=\"screen-reader-text\"> Weiterlesen<\/span><\/a><\/p>\n","protected":false},"author":9194685,"featured_media":0,"parent":0,"menu_order":0,"comment_status":"closed","ping_status":"closed","template":"","meta":{"footnotes":""},"class_list":["post-195","page","type-page","status-publish","hentry"],"_links":{"self":[{"href":"https:\/\/wordpress.nibis.de\/klartext2025-26test1\/wp-json\/wp\/v2\/pages\/195","targetHints":{"allow":["GET"]}}],"collection":[{"href":"https:\/\/wordpress.nibis.de\/klartext2025-26test1\/wp-json\/wp\/v2\/pages"}],"about":[{"href":"https:\/\/wordpress.nibis.de\/klartext2025-26test1\/wp-json\/wp\/v2\/types\/page"}],"author":[{"embeddable":true,"href":"https:\/\/wordpress.nibis.de\/klartext2025-26test1\/wp-json\/wp\/v2\/users\/9194685"}],"replies":[{"embeddable":true,"href":"https:\/\/wordpress.nibis.de\/klartext2025-26test1\/wp-json\/wp\/v2\/comments?post=195"}],"version-history":[{"count":4,"href":"https:\/\/wordpress.nibis.de\/klartext2025-26test1\/wp-json\/wp\/v2\/pages\/195\/revisions"}],"predecessor-version":[{"id":272,"href":"https:\/\/wordpress.nibis.de\/klartext2025-26test1\/wp-json\/wp\/v2\/pages\/195\/revisions\/272"}],"wp:attachment":[{"href":"https:\/\/wordpress.nibis.de\/klartext2025-26test1\/wp-json\/wp\/v2\/media?parent=195"}],"curies":[{"name":"wp","href":"https:\/\/api.w.org\/{rel}","templated":true}]}}