{"id":80,"date":"2025-09-30T13:52:29","date_gmt":"2025-09-30T11:52:29","guid":{"rendered":"https:\/\/wordpress.nibis.de\/klartext2025-26test1\/?page_id=80"},"modified":"2026-03-11T14:55:58","modified_gmt":"2026-03-11T13:55:58","slug":"ueber-uns-2","status":"publish","type":"page","link":"https:\/\/wordpress.nibis.de\/klartext2025-26test1\/ueber-uns-2\/","title":{"rendered":"\u00dcber uns"},"content":{"rendered":"\n<p>Das sind wir: Die Redakteure des Schulblogs der Grundschule Rethmar.<\/p>\n\n\n\n<p>Wir treffen uns einmal in der Woche w\u00e4hrend der AG-Zeit, denken \u00fcber neue Ideen f\u00fcr den Blog nach und setzen sie um.<\/p>\n\n\n\n<p>Gut, dass ihr vorbeischaut! \ud83d\udc4d<\/p>\n\n\n\n<!--more-->\n\n\n\n<h2 class=\"wp-block-heading has-text-align-center\">Unsere Teams <\/h2>\n\n\n\n<div class=\"wp-block-columns is-layout-flex wp-container-core-columns-is-layout-abceabcf wp-block-columns-is-layout-flex\">\n<div class=\"wp-block-column is-layout-flow wp-block-column-is-layout-flow\">\n<h2 class=\"wp-block-heading has-text-align-center\">24\/25<\/h2>\n\n\n\n<figure class=\"wp-block-image size-large\"><img loading=\"lazy\" decoding=\"async\" width=\"768\" height=\"1024\" src=\"https:\/\/wordpress.nibis.de\/klartext2025-26test1\/files\/2025\/09\/Foto-Kinder-24-768x1024.jpg\" alt=\"\" class=\"wp-image-70\" srcset=\"https:\/\/wordpress.nibis.de\/klartext2025-26test1\/files\/2025\/09\/Foto-Kinder-24-768x1024.jpg 768w, https:\/\/wordpress.nibis.de\/klartext2025-26test1\/files\/2025\/09\/Foto-Kinder-24-225x300.jpg 225w, https:\/\/wordpress.nibis.de\/klartext2025-26test1\/files\/2025\/09\/Foto-Kinder-24-1152x1536.jpg 1152w, https:\/\/wordpress.nibis.de\/klartext2025-26test1\/files\/2025\/09\/Foto-Kinder-24-1536x2048.jpg 1536w, https:\/\/wordpress.nibis.de\/klartext2025-26test1\/files\/2025\/09\/Foto-Kinder-24-203x270.jpg 203w, https:\/\/wordpress.nibis.de\/klartext2025-26test1\/files\/2025\/09\/Foto-Kinder-24-scaled.jpg 1920w\" sizes=\"auto, (max-width: 768px) 100vw, 768px\" \/><\/figure>\n\n\n\n<p>3b: Lina und Greta<\/p>\n\n\n\n<p>4a: Mathilda, Jonas, Carlson, Phil, Pascal und Carla<\/p>\n\n\n\n<p>4b: Lukas, Sten und Julius<\/p>\n<\/div>\n\n\n\n<div class=\"wp-block-column is-layout-flow wp-block-column-is-layout-flow\">\n<h2 class=\"wp-block-heading has-text-align-center\">2025<\/h2>\n\n\n\n<figure class=\"wp-block-image size-large\"><img loading=\"lazy\" decoding=\"async\" width=\"768\" height=\"1024\" src=\"https:\/\/wordpress.nibis.de\/klartext2025-26test1\/files\/2025\/09\/IMG_20250319_130109-768x1024.jpg\" alt=\"\" class=\"wp-image-71\" srcset=\"https:\/\/wordpress.nibis.de\/klartext2025-26test1\/files\/2025\/09\/IMG_20250319_130109-768x1024.jpg 768w, https:\/\/wordpress.nibis.de\/klartext2025-26test1\/files\/2025\/09\/IMG_20250319_130109-225x300.jpg 225w, https:\/\/wordpress.nibis.de\/klartext2025-26test1\/files\/2025\/09\/IMG_20250319_130109-1152x1536.jpg 1152w, https:\/\/wordpress.nibis.de\/klartext2025-26test1\/files\/2025\/09\/IMG_20250319_130109-1536x2048.jpg 1536w, https:\/\/wordpress.nibis.de\/klartext2025-26test1\/files\/2025\/09\/IMG_20250319_130109-203x270.jpg 203w, https:\/\/wordpress.nibis.de\/klartext2025-26test1\/files\/2025\/09\/IMG_20250319_130109-scaled.jpg 1920w\" sizes=\"auto, (max-width: 768px) 100vw, 768px\" \/><\/figure>\n\n\n\n<p>3a: Lian, Charlotte, Valentina, Jiyan, Melvin, Aik und Willi<\/p>\n\n\n\n<p>4a: Tom, Pascal, Jesse <\/p>\n\n\n\n<p>4b: Jasper und Lucas <\/p>\n<\/div>\n\n\n\n<div class=\"wp-block-column is-layout-flow wp-block-column-is-layout-flow\">\n<h2 class=\"wp-block-heading has-text-align-center\">25\/26<\/h2>\n\n\n<div class=\"wp-block-image is-resized\">\n<figure class=\"aligncenter size-large\"><img loading=\"lazy\" decoding=\"async\" width=\"768\" height=\"1024\" src=\"https:\/\/wordpress.nibis.de\/klartext2025-26test1\/files\/2025\/12\/IMG_0716-768x1024.jpeg\" alt=\"\" class=\"wp-image-154\" srcset=\"https:\/\/wordpress.nibis.de\/klartext2025-26test1\/files\/2025\/12\/IMG_0716-768x1024.jpeg 768w, https:\/\/wordpress.nibis.de\/klartext2025-26test1\/files\/2025\/12\/IMG_0716-225x300.jpeg 225w, https:\/\/wordpress.nibis.de\/klartext2025-26test1\/files\/2025\/12\/IMG_0716-1152x1536.jpeg 1152w, https:\/\/wordpress.nibis.de\/klartext2025-26test1\/files\/2025\/12\/IMG_0716-1536x2048.jpeg 1536w, https:\/\/wordpress.nibis.de\/klartext2025-26test1\/files\/2025\/12\/IMG_0716-203x270.jpeg 203w, https:\/\/wordpress.nibis.de\/klartext2025-26test1\/files\/2025\/12\/IMG_0716-scaled.jpeg 1920w\" sizes=\"auto, (max-width: 768px) 100vw, 768px\" \/><\/figure>\n<\/div>\n\n\n<p>3b: Henry, Theo, Daan, Lina, Laurenz, Leon und Jochen <\/p>\n\n\n\n<p>4a: Taluma, Willi, Aik, Theo und Valentina<\/p>\n<\/div>\n<\/div>\n\n\n\n<hr class=\"wp-block-separator has-alpha-channel-opacity\" \/>\n\n\n\n<div class=\"wp-block-columns are-vertically-aligned-center is-layout-flex wp-container-core-columns-is-layout-abceabcf wp-block-columns-is-layout-flex\">\n<div class=\"wp-block-column is-vertically-aligned-center is-layout-flow wp-block-column-is-layout-flow\" style=\"--col-width:33.34%;flex-basis:33.34%\">\n<h2 class=\"wp-block-heading has-text-align-center\" style=\"font-size:27px\">26<\/h2>\n\n\n\n<figure class=\"wp-block-image size-large\"><img loading=\"lazy\" decoding=\"async\" width=\"768\" height=\"1024\" src=\"https:\/\/wordpress.nibis.de\/klartext2025-26test1\/files\/2026\/03\/IMG_7565-768x1024.jpeg\" alt=\"\" class=\"wp-image-458\" srcset=\"https:\/\/wordpress.nibis.de\/klartext2025-26test1\/files\/2026\/03\/IMG_7565-768x1024.jpeg 768w, https:\/\/wordpress.nibis.de\/klartext2025-26test1\/files\/2026\/03\/IMG_7565-225x300.jpeg 225w, https:\/\/wordpress.nibis.de\/klartext2025-26test1\/files\/2026\/03\/IMG_7565-100x133.jpeg 100w, https:\/\/wordpress.nibis.de\/klartext2025-26test1\/files\/2026\/03\/IMG_7565-1152x1536.jpeg 1152w, https:\/\/wordpress.nibis.de\/klartext2025-26test1\/files\/2026\/03\/IMG_7565-1536x2048.jpeg 1536w, https:\/\/wordpress.nibis.de\/klartext2025-26test1\/files\/2026\/03\/IMG_7565-203x270.jpeg 203w, https:\/\/wordpress.nibis.de\/klartext2025-26test1\/files\/2026\/03\/IMG_7565-scaled.jpeg 1920w\" sizes=\"auto, (max-width: 768px) 100vw, 768px\" \/><\/figure>\n<\/div>\n\n\n\n<div class=\"wp-block-column is-vertically-aligned-center is-layout-flow wp-block-column-is-layout-flow\" style=\"--col-width:33.34%;flex-basis:33.34%\"><\/div>\n\n\n\n<div class=\"wp-block-column is-vertically-aligned-center is-layout-flow wp-block-column-is-layout-flow\" style=\"--col-width:33.33%;flex-basis:33.33%\"><\/div>\n<\/div>\n\n\n\n<div class=\"wp-block-columns is-layout-flex wp-container-core-columns-is-layout-abceabcf wp-block-columns-is-layout-flex\">\n<div class=\"wp-block-column is-layout-flow wp-block-column-is-layout-flow\" style=\"--col-width:33.34%;flex-basis:33.34%\">\n<p>3a: Roman, Ole, Felix<\/p>\n\n\n\n<p>4a: Carter, Linus, Leo, Chiara<\/p>\n\n\n\n<p>4b: Lea, Joshua<\/p>\n<\/div>\n\n\n\n<div class=\"wp-block-column is-layout-flow wp-block-column-is-layout-flow\" style=\"--col-width:33.34%;flex-basis:33.34%\"><\/div>\n\n\n\n<div class=\"wp-block-column is-layout-flow wp-block-column-is-layout-flow\" style=\"--col-width:33.33%;flex-basis:33.33%\"><\/div>\n<\/div>\n","protected":false},"excerpt":{"rendered":"<p>Das sind wir: Die Redakteure des Schulblogs der Grundschule Rethmar. Wir treffen uns einmal in der Woche w\u00e4hrend der AG-Zeit, denken \u00fcber neue Ideen f\u00fcr den Blog nach und setzen sie um. Gut, dass ihr vorbeischaut! \ud83d\udc4d<\/p>\n","protected":false},"author":9194685,"featured_media":0,"parent":0,"menu_order":0,"comment_status":"closed","ping_status":"closed","template":"","meta":{"footnotes":""},"class_list":["post-80","page","type-page","status-publish","hentry"],"_links":{"self":[{"href":"https:\/\/wordpress.nibis.de\/klartext2025-26test1\/wp-json\/wp\/v2\/pages\/80","targetHints":{"allow":["GET"]}}],"collection":[{"href":"https:\/\/wordpress.nibis.de\/klartext2025-26test1\/wp-json\/wp\/v2\/pages"}],"about":[{"href":"https:\/\/wordpress.nibis.de\/klartext2025-26test1\/wp-json\/wp\/v2\/types\/page"}],"author":[{"embeddable":true,"href":"https:\/\/wordpress.nibis.de\/klartext2025-26test1\/wp-json\/wp\/v2\/users\/9194685"}],"replies":[{"embeddable":true,"href":"https:\/\/wordpress.nibis.de\/klartext2025-26test1\/wp-json\/wp\/v2\/comments?post=80"}],"version-history":[{"count":16,"href":"https:\/\/wordpress.nibis.de\/klartext2025-26test1\/wp-json\/wp\/v2\/pages\/80\/revisions"}],"predecessor-version":[{"id":460,"href":"https:\/\/wordpress.nibis.de\/klartext2025-26test1\/wp-json\/wp\/v2\/pages\/80\/revisions\/460"}],"wp:attachment":[{"href":"https:\/\/wordpress.nibis.de\/klartext2025-26test1\/wp-json\/wp\/v2\/media?parent=80"}],"curies":[{"name":"wp","href":"https:\/\/api.w.org\/{rel}","templated":true}]}}