{"id":104,"date":"2019-09-18T08:46:13","date_gmt":"2019-09-18T06:46:13","guid":{"rendered":"https:\/\/wordpress.nibis.de\/klunkau\/?page_id=104"},"modified":"2026-04-09T09:25:44","modified_gmt":"2026-04-09T07:25:44","slug":"schulsozialarbeit","status":"publish","type":"page","link":"https:\/\/wordpress.nibis.de\/klunkau\/schulsozialarbeit\/","title":{"rendered":"Schulsozialarbeit"},"content":{"rendered":"\n<h3 style=\"text-align: center\"><strong>Schulsozialarbeit an der Hauptschule An der Klunkau<\/strong><\/h3>\n<p>\u00a0<\/p>\n<p>Liebe Sch\u00fclerinnen und Sch\u00fcler, liebe Eltern und Erziehungsberechtigte und liebe Interessierte,<\/p>\n<p>Zu unseren T\u00e4tigkeiten geh\u00f6ren:<\/p>\n<ul>\n<li>Beratung und Begleitung einzelner Sch\u00fclerInnen, deren Eltern und\/oder Erziehungsberechtigten, der Lehrkr\u00e4fte und der Schulleitung: <em>Die Beratungsgespr\u00e4che unterliegen der Schweigepflicht und sind auf freiwilliger Basis.<\/em><\/li>\n<li>Klassen- und Gruppenprozesse begleiten.<\/li>\n<li>Netzwerkarbeit mit au\u00dferschulischen Partnern: Beratungsstellen, Jugendamt, Jugend-und Familienhilfe, Polizei, \u00c4rzte, Therapeuten und religi\u00f6se Einrichtungen unterschiedlicher Glaubensrichtungen.<\/li>\n<li>Pr\u00e4ventionsarbeit: Vorbeugende Ma\u00dfnahmen zum Thema Sucht, Gewalt, Kriminalit\u00e4t und Sexualit\u00e4t.<\/li>\n<li>Integration- und Inklusionsarbeit in Form von Begleitung und Beratung aller Involvierten.<\/li>\n<\/ul>\n<p>Erreichbar sind wir\u00a0 von Montag-Donnerstag von 8:30 bis 13:10 Uhr und Freitag von 8:30 bis 12:30 Uhr oder nach Vereinbarung. Telefonisch zu erreichen sind wir unter 05341\/4091783 oder \u00fcber unsere Sekret\u00e4rin Frau Barr\u00e9 unter 05341\/178675.<\/p>\n<p>Wir freuen uns auf eine gute Zusammenarbeit.<\/p>\n<p>Eure\/Ihre<\/p>\n<p>Sozialarbeiter\/innen<\/p>\n<p>\u00a0<\/p>\n\n\n\n<p><\/p>\n","protected":false},"excerpt":{"rendered":"<p>Schulsozialarbeit an der Hauptschule An der Klunkau \u00a0 Liebe Sch\u00fclerinnen und Sch\u00fcler, liebe Eltern und Erziehungsberechtigte und liebe Interessierte, Zu unseren T\u00e4tigkeiten geh\u00f6ren: Beratung und Begleitung einzelner Sch\u00fclerInnen, deren Eltern und\/oder Erziehungsberechtigten, der Lehrkr\u00e4fte und der Schulleitung: Die Beratungsgespr\u00e4che unterliegen der Schweigepflicht und sind auf freiwilliger Basis. Klassen- und Gruppenprozesse begleiten. Netzwerkarbeit mit au\u00dferschulischen Partnern: [&hellip;]<\/p>\n","protected":false},"author":9192891,"featured_media":0,"parent":0,"menu_order":0,"comment_status":"closed","ping_status":"closed","template":"template-sidebar-right.php","meta":{"footnotes":""},"class_list":["post-104","page","type-page","status-publish","hentry"],"_links":{"self":[{"href":"https:\/\/wordpress.nibis.de\/klunkau\/wp-json\/wp\/v2\/pages\/104","targetHints":{"allow":["GET"]}}],"collection":[{"href":"https:\/\/wordpress.nibis.de\/klunkau\/wp-json\/wp\/v2\/pages"}],"about":[{"href":"https:\/\/wordpress.nibis.de\/klunkau\/wp-json\/wp\/v2\/types\/page"}],"author":[{"embeddable":true,"href":"https:\/\/wordpress.nibis.de\/klunkau\/wp-json\/wp\/v2\/users\/9192891"}],"replies":[{"embeddable":true,"href":"https:\/\/wordpress.nibis.de\/klunkau\/wp-json\/wp\/v2\/comments?post=104"}],"version-history":[{"count":18,"href":"https:\/\/wordpress.nibis.de\/klunkau\/wp-json\/wp\/v2\/pages\/104\/revisions"}],"predecessor-version":[{"id":1979,"href":"https:\/\/wordpress.nibis.de\/klunkau\/wp-json\/wp\/v2\/pages\/104\/revisions\/1979"}],"wp:attachment":[{"href":"https:\/\/wordpress.nibis.de\/klunkau\/wp-json\/wp\/v2\/media?parent=104"}],"curies":[{"name":"wp","href":"https:\/\/api.w.org\/{rel}","templated":true}]}}