{"id":113,"date":"2019-09-18T09:16:29","date_gmt":"2019-09-18T07:16:29","guid":{"rendered":"https:\/\/wordpress.nibis.de\/klunkau\/?page_id=113"},"modified":"2023-03-17T21:20:38","modified_gmt":"2023-03-17T20:20:38","slug":"datenschutzerklaerung","status":"publish","type":"page","link":"https:\/\/wordpress.nibis.de\/klunkau\/datenschutzerklaerung\/","title":{"rendered":"Datenschutzerkl\u00e4rung"},"content":{"rendered":"\n<h3>I. Name und Anschrift des Verantwortlichen<\/h3>\n<p>Hauptschule An der Klunkau<br \/>Klunkau 5-7<br \/>38226 Salzgitter-Lebenstedt<br \/>Telefon: 05341 178675 \u00a0<\/p>\n<p>Email: &#x68;&#x73;&#x2d;&#x6b;&#x6c;&#x75;&#x6e;&#x6b;&#x61;&#x75;&#x40;&#119;&#101;&#98;&#46;&#100;&#101;<\/p>\n<p>Vertretungsberechtigt:<\/p>\n<p>Miriam Batel, komm. Schulleiterin<\/p>\n<h3>II. Name und Anschrift des Datenschutzbeauftragten<\/h3>\n<p>Die Datenschutzbeauftragte des Verantwortlichen ist:<\/p>\n<p>Mariano Pineiro-Neubeck<\/p>\n<p>Tel.: 05341 178675<br \/>E-Mail: <a href=\"&#x6d;&#x61;&#105;l&#x74;&#x6f;&#58;hs&#x2d;&#x6b;&#108;u&#x6e;&#x6b;&#97;&#117;&#64;&#x77;&#x65;&#98;&#46;&#x64;&#x65;\">&#104;&#x73;&#45;&#x6b;&#108;&#x75;&#110;&#x6b;&#97;&#x75;&#64;&#x77;e&#x62;&#46;&#x64;e<\/a><\/p>\n<p>t\u00e4glich von 8-12 Uhr erreichbar<\/p>\n<h3>III. Bereitstellung der Website und Erstellung von Logfiles<\/h3>\n<p>Bei jedem Aufruf unserer Internetseite erfasst unser System automatisiert Daten und Informationen vom Computersystem des aufrufenden Rechners. Folgende Daten werden hierbei erhoben:<\/p>\n<ol>\n<li>Datum und Uhrzeit des Zugriffes<br \/>\u00a0<\/li>\n<li>Die IP-Adresse des Nutzers<br \/>\u00a0<\/li>\n<li>Die Betriebssystemversion des Nutzers<br \/>\u00a0<\/li>\n<li>Die Browsertyp des Nutzers<br \/>\u00a0<\/li>\n<li>Die vom Nutzer aufgerufene Seite<br \/>\u00a0<\/li>\n<\/ol>\n<p>Die Daten werden in den Logfiles unseres Systems gespeichert. Eine Speicherung dieser Daten zusammen mit anderen personenbezogenen Daten des Nutzers findet nicht statt. Zweck der Datenspeicherung ist die technische Optimierung unserer Internetseite. Rechtsgrundlage f\u00fcr die vor\u00fcbergehende Speicherung der Daten ist Art. 6 Abs.1 lit.f DSGVO.<\/p>\n<p>Die Daten werden f\u00fcr zwei Monate gespeichert, sie werden lediglich statistisch ausgewertet.<\/p>\n<h3>IV. Verwendung von Cookies<\/h3>\n<p>Unsere Website verwendet Cookies. Dies sind kleine Textdateien, die automatisch von Ihrem Browser auf Ihrem Rechner gespeichert werden. Diese dienen folgenden Zwecken: z.B. Optimierung der Benutzerfreundlichkeit. Einige Funktionen unserer Internetseite k\u00f6nnen ohne den Einsatz von Cookies nicht angeboten werden. F\u00fcr diese ist es erforderlich, dass der Browser auch in einer neuen Sitzung wiedererkannt wird.<\/p>\n<p>Die durch diese Cookies verarbeiteten Daten sind f\u00fcr die genannten Zwecke zur Wahrung unserer berechtigten Interessen nach Art. 6 Abs. 1 S. 1 lit. f DSGVO erforderlich. Diese bestehen in einer technischen Optimierung der Bereitstellung unserer Internetseite.<\/p>\n<p>Es besteht die M\u00f6glichkeit, den Browser so einzustellen, dass keine Cookies gespeichert werden. In diesem Fall besteht allerdings die M\u00f6glichkeit, dass Sie nicht den vollen Funktionsumfang unserer Internetseiten nutzen k\u00f6nnen.<\/p>\n<h3>V. Speicherung personenbezogener Daten bei Kontaktaufnahme<\/h3>\n<p>Sofern Sie per E-Mail den Kontakt mit uns aufnehmen, werden die von Ihnen \u00fcbermittelten personenbezogenen Daten automatisch gespeichert. Diese Daten werden f\u00fcr Zwecke der Bearbeitung Ihres Anliegens und der Kontaktaufnahme mit Ihnen gespeichert. \u00a0<\/p>\n<p>Wenn Sie Gebrauch von unserem Kontaktformular machen, werden die folgenden personenbezogenen Daten von Ihnen gespeichert: Ihr Name, Ihre Anschrift, \u00a0Ihre E-Mail-Adresse.<\/p>\n<p>Die L\u00f6schung der Daten erfolgt, sobald deren Speicherung f\u00fcr die Bearbeitung Ihres Anliegens nicht mehr erforderlich ist.<\/p>\n<p><strong>VI. Betroffenenrechte<\/strong><\/p>\n<p>Sie k\u00f6nnen folgende Rechte geltend machen:<\/p>\n<h3>Auskunft\/ Akteneinsicht<\/h3>\n<p>Gem. Art. 15 DSGVO haben Sie das Recht, Auskunft bzw. Akteneinsicht \u00fcber die von uns verarbeiteten personenbezogenen Daten zu erhalten.<\/p>\n<h3>Berichtigung \u00a0<\/h3>\n<p>Sind bei uns gespeicherte personenbezogene Daten unrichtig oder unvollst\u00e4ndig, haben Sie gem. Art. 16 DSGVO das Recht, diese berichtigen bzw. vervollst\u00e4ndigen zu lassen. \u00a0<\/p>\n<h3>L\u00f6schung \u00a0<\/h3>\n<p>Art. 17 DSGVO normiert das Recht auf L\u00f6schung personenbezogener Daten. Dieses Recht steht Ihnen insbesondere dann zu, wenn die Speicherung der personenbezogenen Daten zur Erf\u00fcllung unserer gesetzlichen Aufgaben nicht mehr erforderlich ist oder Sie Ihre Einwilligung zur Datenverarbeitung mit Wirkung f\u00fcr die Zukunft widerrufen haben.<\/p>\n<h3>Einschr\u00e4nkung der Verarbeitung \u00a0<\/h3>\n<p>Gem. Art. 18 DSGVO k\u00f6nnen Sie die Einschr\u00e4nkung der personenbezogenen Daten verlangen, wenn<\/p>\n<ul>\n<li>die Richtigkeit der Daten von Ihnen bestritten wird \u00a0<br \/>\u00a0<\/li>\n<li>die Verarbeitung unrechtm\u00e4\u00dfig ist, Sie aber deren L\u00f6schung ablehnen<br \/>\u00a0<\/li>\n<li>wir die Daten nicht mehr ben\u00f6tigen, Sie jedoch diese zur Geltendmachung, Aus\u00fcbung oder Verteidigung von Rechtsanspr\u00fcchen ben\u00f6tigen<br \/>\u00a0<\/li>\n<li>oder Sie gem\u00e4\u00df Art. 21 DSGVO Widerspruch gegen die Verarbeitung eingelegt haben<br \/>\u00a0<\/li>\n<\/ul>\n<h3>Widerspruch<\/h3>\n<p>Sie k\u00f6nnen bei Gr\u00fcnden, die sich aus Ihrer besonderen Situation ergeben, ein Widerspruchsrecht geltend machen. Gem. Art. 21 DSGVO ist jedoch zu ber\u00fccksichtigten, ob schutzw\u00fcrdige Gr\u00fcnde f\u00fcr die Verarbeitung vorliegen oder die Verarbeitung der Geltendmachung, Aus\u00fcbung oder Verteidigung von Rechtsanspr\u00fcchen dient.<\/p>\n<h3>Daten\u00fcbertragbarkeit<\/h3>\n<p>Ist die Verarbeitung Ihrer Daten mit Hilfe eines automatisierten Verfahrens erfolgt, haben Sie gem. Art. 20 DSGVO das Recht, die Daten in einem g\u00e4ngigen und maschinenlesbaren Format zu erhalten und an eine andere Schule zu \u00fcbermitteln bzw. durch uns \u00fcbermitteln zu lassen.<\/p>\n<h3>Widerruf der Einwilligung<\/h3>\n<p>Sie haben gem. Art. 7 Absatz 3 DSGVO das Recht, uns erteilte Einwilligungen jederzeit mit Wirkung f\u00fcr die Zukunft zu widerrufen.<\/p>\n<h3>Beschwerde \u00a0<\/h3>\n<p>Art. 77 DSGVO normiert ein Beschwerderecht bei der Aufsichtsbeh\u00f6rde. Die f\u00fcr uns zust\u00e4ndige Aufsichtsbeh\u00f6rde ist die Landesbeauftragte f\u00fcr den Datenschutz Niedersachsen, Prinzenstra\u00dfe 5, 30159 Hannover. E-Mail: <a href=\"&#x6d;&#x61;&#x69;&#x6c;&#116;&#111;&#58;&#112;ost&#x73;&#x74;&#x65;&#x6c;&#x6c;&#101;&#64;&#108;fd&#46;&#x6e;&#x69;&#x65;&#x64;&#x65;&#114;&#115;&#97;chs&#x65;&#x6e;&#x2e;&#x64;&#x65;\">&#x70;&#x6f;&#115;t&#x73;&#x74;&#x65;&#108;l&#x65;&#x40;&#x6c;&#102;d&#x2e;&#x6e;&#x69;&#101;d&#x65;&#x72;&#x73;&#97;c&#x68;&#x73;&#x65;&#110;&#46;&#x64;&#x65;<\/a><\/p>\n<p><strong>Google Analytics<\/strong><\/p>\n<p>Diese Website benutzt Google Analytics, einen Webanalysedienst der Google Inc. (\u201eGoogle\u201c). Google Analytics verwendet sog. \u201eCookies\u201c, Textdateien, die auf Ihrem Computer gespeichert werden und die eine Analyse der Benutzung der Website durch Sie erm\u00f6glichen. Die durch den Cookie erzeugten Informationen \u00fcber Ihre Benutzung dieser Website werden in der Regel an einen Server von Google in den USA \u00fcbertragen und dort gespeichert.<\/p>\n<p>Im Falle der Aktivierung der IP-Anonymisierung auf dieser Webseite wird Ihre IP-Adresse von Google jedoch innerhalb von Mitgliedstaaten der Europ\u00e4ischen Union oder in anderen Vertragsstaaten des Abkommens \u00fcber den Europ\u00e4ischen Wirtschaftsraum zuvor gek\u00fcrzt. Nur in Ausnahmef\u00e4llen wird die volle IP-Adresse an einen Server von Google in den USA \u00fcbertragen und dort gek\u00fcrzt. Im Auftrag des Betreibers dieser Website wird Google diese Informationen benutzen, um Ihre Nutzung der Website auszuwerten, um Reports \u00fcber die Websiteaktivit\u00e4ten zusammenzustellen und um weitere mit der Websitenutzung und der Internetnutzung verbundene Dienstleistungen gegen\u00fcber dem Websitebetreiber zu erbringen. Die im Rahmen von Google Analytics von Ihrem Browser \u00fcbermittelte IP-Adresse wird nicht mit anderen Daten von Google zusammengef\u00fchrt. Sie k\u00f6nnen die Speicherung der Cookies durch eine entsprechende Einstellung Ihrer Browser-Software verhindern; wir weisen Sie jedoch darauf hin, dass Sie in diesem Fall gegebenenfalls nicht s\u00e4mtliche Funktionen dieser Website vollumf\u00e4nglich werden nutzen k\u00f6nnen. Sie k\u00f6nnen dar\u00fcber hinaus die Erfassung der durch das Cookie erzeugten und auf Ihre Nutzung der Website bezogenen Daten (inkl. Ihrer IP-Adresse) an Google sowie die Verarbeitung dieser Daten durch Google verhindern, indem sie das unter dem folgenden Link verf\u00fcgbare Browser-Plugin herunterladen und installieren: <a href=\"http:\/\/tools.google.com\/dlpage\/gaoptout?hl=de\">http:\/\/tools.google.com\/dlpage\/gaoptout?hl=de<\/a>.<\/p>\n<p>Sie k\u00f6nnen die Erfassung durch Google Analytics verhindern, indem Sie hier klicken. Es wird ein Opt-Out-Cookie gesetzt, der die zuk\u00fcnftige Erfassung Ihrer Daten beim Besuch dieser Website verhindert.<\/p>\n<p>N\u00e4here Informationen zu Nutzungsbedingungen und Datenschutz finden Sie unter den <a href=\"https:\/\/www.google.com\/analytics\/terms\/de.html\">Google Analytics Bedingungen<\/a> bzw. unter der <a href=\"https:\/\/www.google.com\/intl\/de\/policies\/privacy\/index.html#Datenschutzerkl%C3%A4rung\">Google Analytics \u00dcbersicht<\/a>. Wir weisen Sie darauf hin, dass auf dieser Webseite Google Analytics um den Code &#8222;gat._anonymizeIp();&#8220; erweitert wurde, um eine anonymisierte Erfassung von IP-Adressen (sog. IP-Masking) zu gew\u00e4hrleisten.<\/p>\n","protected":false},"excerpt":{"rendered":"<p>I. Name und Anschrift des Verantwortlichen Hauptschule An der KlunkauKlunkau 5-738226 Salzgitter-LebenstedtTelefon: 05341 178675 \u00a0 Email: h&#115;&#x2d;&#x6b;l&#117;&#x6e;&#x6b;a&#117;&#x40;&#x77;e&#98;&#x2e;&#x64;e Vertretungsberechtigt: Miriam Batel, komm. Schulleiterin II. Name und Anschrift des Datenschutzbeauftragten Die Datenschutzbeauftragte des Verantwortlichen ist: Mariano Pineiro-Neubeck Tel.: 05341 178675E-Mail: &#104;&#x73;-&#107;&#x6c;u&#110;&#x6b;a&#x75;&#x40;&#119;&#x65;b&#46;&#x64;e t\u00e4glich von 8-12 Uhr erreichbar III. Bereitstellung der Website und Erstellung von Logfiles Bei jedem Aufruf [&hellip;]<\/p>\n","protected":false},"author":9192891,"featured_media":0,"parent":0,"menu_order":0,"comment_status":"closed","ping_status":"closed","template":"","meta":{"footnotes":""},"class_list":["post-113","page","type-page","status-publish","hentry"],"_links":{"self":[{"href":"https:\/\/wordpress.nibis.de\/klunkau\/wp-json\/wp\/v2\/pages\/113","targetHints":{"allow":["GET"]}}],"collection":[{"href":"https:\/\/wordpress.nibis.de\/klunkau\/wp-json\/wp\/v2\/pages"}],"about":[{"href":"https:\/\/wordpress.nibis.de\/klunkau\/wp-json\/wp\/v2\/types\/page"}],"author":[{"embeddable":true,"href":"https:\/\/wordpress.nibis.de\/klunkau\/wp-json\/wp\/v2\/users\/9192891"}],"replies":[{"embeddable":true,"href":"https:\/\/wordpress.nibis.de\/klunkau\/wp-json\/wp\/v2\/comments?post=113"}],"version-history":[{"count":3,"href":"https:\/\/wordpress.nibis.de\/klunkau\/wp-json\/wp\/v2\/pages\/113\/revisions"}],"predecessor-version":[{"id":1459,"href":"https:\/\/wordpress.nibis.de\/klunkau\/wp-json\/wp\/v2\/pages\/113\/revisions\/1459"}],"wp:attachment":[{"href":"https:\/\/wordpress.nibis.de\/klunkau\/wp-json\/wp\/v2\/media?parent=113"}],"curies":[{"name":"wp","href":"https:\/\/api.w.org\/{rel}","templated":true}]}}