{"id":124,"date":"2019-09-18T12:07:46","date_gmt":"2019-09-18T10:07:46","guid":{"rendered":"https:\/\/wordpress.nibis.de\/klunkau\/?page_id=124"},"modified":"2026-03-04T11:19:50","modified_gmt":"2026-03-04T10:19:50","slug":"impressum","status":"publish","type":"page","link":"https:\/\/wordpress.nibis.de\/klunkau\/impressum\/","title":{"rendered":"Impressum"},"content":{"rendered":"\n<div class=\"wD_Iu f8ElW css-1c375l0\">\n<section class=\"_1AraQ\">\n<div class=\"_2CtTI\">\n<div class=\"_10jJV\">\n<div class=\"Te80D\">\n<div class=\"css-2vo0gs _3l4Fr\">\n<div class=\"\">\n<p>Hauptschule An der Klunkau<\/p>\n<p>Hauptschule<\/p>\n<p>Klunkau 5-7 &nbsp;<\/p>\n<p>38226 Salzgitter Lebenstedt &nbsp;<\/p>\n<p>05341 178675 &nbsp;<\/p>\n<p>0151 74467976 &nbsp;<\/p>\n<p>Email: &#x73;&#x63;&#104;u&#x6c;&#x6c;&#101;it&#x75;&#x6e;&#103;&#64;&#x68;&#x73;&#107;&#108;u&#x6e;&#x6b;&#97;u&#x2e;&#x64;&#101;<\/p>\n<p><strong>Schulleitung:<\/strong><\/p>\n<p>Miriam Batel, Schulleiterin<\/p>\n<p><strong>Schultr\u00e4ger:<\/strong><\/p>\n<p>Stadt Salzgitter<\/p>\n<p>Fachdienst Bildung<\/p>\n<p>Schulverwaltung<\/p>\n<p>38226 Salzgitter<\/p>\n<p>Telefon: 05341\/839-0<\/p>\n<p>Telefax: 05341\/839-4943<\/p>\n<p>E-Mail: &#x53;&#x63;&#x68;&#x75;&#x6c;&#x76;&#x65;&#x72;&#119;&#97;&#108;&#116;&#117;&#110;&#103;&#64;sta&#x64;&#x74;&#x2e;&#x73;&#x61;&#x6c;&#x7a;&#x67;&#x69;&#116;&#116;&#101;&#114;<\/p>\n<p><strong>Pflege der Homepage:<\/strong><\/p>\n<p>Ramon Hoffmann \/ R. Aydin<\/p>\n<p>Klunkau 5-7<\/p>\n<p>38226 Salzgitter Lebenstedt<\/p>\n<p>05341 178675<\/p>\n<p>1. Haftungsbeschr\u00e4nkung<\/p>\n<p>Die Inhalte des Internetauftritts wurden mit gr\u00f6\u00dftm\u00f6glicher Sorgfalt und nach bestem Gewissen erstellt. Dennoch \u00fcbernimmt der Anbieter dieser Webseite keine Gew\u00e4hr f\u00fcr die Aktualit\u00e4t, Vollst\u00e4ndigkeit und Richtigkeit der bereitgestellten Seiten und Inhalte.<\/p>\n<p>Als Diensteanbieter ist der Anbieter dieser Webseite gem\u00e4\u00df \u00a7 7 Abs. 1 TMG f\u00fcr eigene Inhalte und bereitgestellte Informationen auf diesen Seiten nach den allgemeinen Gesetzen verantwortlich; nach den \u00a7\u00a7 8 bis 10 TMG jedoch nicht verpflichtet, die \u00fcbermittelten oder gespeicherten fremden Informationen zu \u00fcberwachen. Eine Entfernung oder Sperrung dieser Inhalte erfolgt umgehend ab dem Zeitpunkt der Kenntnis einer konkreten Rechtsverletzung. Eine Haftung ist erst ab dem Zeitpunkt der Kenntniserlangung m\u00f6glich.<\/p>\n<p>2. Externe Links<\/p>\n<p>Die Webseite enth\u00e4lt sog. \u201eexterne Links\u201c (Verlinkungen) zu anderen Webseiten, auf deren Inhalt der Anbieter der Webseite keinen Einfluss hat. Aus diesem Grund kann der Anbieter f\u00fcr diese Inhalte auch keine Gew\u00e4hr \u00fcbernehmen.<\/p>\n<p>F\u00fcr die Inhalte und Richtigkeit der bereitgestellten Informationen ist der jeweilige Anbieter der verlinkten Webseite verantwortlich. Zum Zeitpunkt der Verlinkung waren keine Rechtsverst\u00f6\u00dfe erkennbar. Bei Bekanntwerden einer solchen Rechtsverletzung wird der Link umgehend entfernen.<\/p>\n<p>3. Urheberrecht\/Leistungsschutzrecht<\/p>\n<p>Die auf dieser Webseite ver\u00f6ffentlichten Inhalte, Werke und bereitgestellten Informationen unterliegen dem deutschen Urheberrecht und Leistungsschutzrecht. Jede Art der Vervielf\u00e4ltigung, Bearbeitung, Verbreitung, Einspeicherung und jede Art der Verwertung au\u00dferhalb der Grenzen des Urheberrechts bedarf der vorherigen schriftlichen Zustimmung des jeweiligen Rechteinhabers. Das unerlaubte Kopieren\/Speichern der bereitgestellten Informationen auf diesen Webseiten ist nicht gestattet und strafbar.<\/p>\n<\/div>\n<\/div>\n<\/div>\n<\/div>\n<\/div>\n<\/section>\n<\/div>\n<div class=\"wD_Iu f8ElW\">\n<div class=\"_2CtTI\">\n<div class=\"_2tdC-\">Bildnachweis: <a href=\"https:\/\/maps.google.com\/maps\/contrib\/105772069741520945461\/photos?utm_source=jimdo_dolphin&amp;utm_medium=referral\" target=\"_blank\" rel=\"noreferrer noopener\">Simon Zoltan<\/a><\/div>\n<\/div>\n<\/div>\n","protected":false},"excerpt":{"rendered":"<p>Hauptschule An der Klunkau Hauptschule Klunkau 5-7 &nbsp; 38226 Salzgitter Lebenstedt &nbsp; 05341 178675 &nbsp; 0151 74467976 &nbsp; Email: &#x73;&#x63;&#104;ul&#x6c;&#x65;&#105;&#116;u&#x6e;&#x67;&#64;&#104;s&#x6b;&#x6c;&#x75;&#110;ka&#x75;&#x2e;&#100;&#101; Schulleitung: Miriam Batel, Schulleiterin Schultr\u00e4ger: Stadt Salzgitter Fachdienst Bildung Schulverwaltung 38226 Salzgitter Telefon: 05341\/839-0 Telefax: 05341\/839-4943 E-Mail: &#83;&#x63;&#104;&#x75;&#108;&#x76;e&#x72;w&#97;&#x6c;&#116;&#x75;&#110;&#x67;&#64;&#x73;t&#97;&#x64;&#116;&#x2e;&#115;&#x61;&#108;&#x7a;g&#x69;t&#116;&#x65;&#114; Pflege der Homepage: Ramon Hoffmann \/ R. Aydin Klunkau 5-7 38226 Salzgitter Lebenstedt 05341 178675 1. Haftungsbeschr\u00e4nkung [&hellip;]<\/p>\n","protected":false},"author":9192891,"featured_media":0,"parent":0,"menu_order":0,"comment_status":"closed","ping_status":"closed","template":"","meta":{"footnotes":""},"class_list":["post-124","page","type-page","status-publish","hentry"],"_links":{"self":[{"href":"https:\/\/wordpress.nibis.de\/klunkau\/wp-json\/wp\/v2\/pages\/124","targetHints":{"allow":["GET"]}}],"collection":[{"href":"https:\/\/wordpress.nibis.de\/klunkau\/wp-json\/wp\/v2\/pages"}],"about":[{"href":"https:\/\/wordpress.nibis.de\/klunkau\/wp-json\/wp\/v2\/types\/page"}],"author":[{"embeddable":true,"href":"https:\/\/wordpress.nibis.de\/klunkau\/wp-json\/wp\/v2\/users\/9192891"}],"replies":[{"embeddable":true,"href":"https:\/\/wordpress.nibis.de\/klunkau\/wp-json\/wp\/v2\/comments?post=124"}],"version-history":[{"count":8,"href":"https:\/\/wordpress.nibis.de\/klunkau\/wp-json\/wp\/v2\/pages\/124\/revisions"}],"predecessor-version":[{"id":1906,"href":"https:\/\/wordpress.nibis.de\/klunkau\/wp-json\/wp\/v2\/pages\/124\/revisions\/1906"}],"wp:attachment":[{"href":"https:\/\/wordpress.nibis.de\/klunkau\/wp-json\/wp\/v2\/media?parent=124"}],"curies":[{"name":"wp","href":"https:\/\/api.w.org\/{rel}","templated":true}]}}