{"id":1778,"date":"2025-05-05T08:31:14","date_gmt":"2025-05-05T06:31:14","guid":{"rendered":"https:\/\/wordpress.nibis.de\/klunkau\/?page_id=1778"},"modified":"2025-05-05T08:31:14","modified_gmt":"2025-05-05T06:31:14","slug":"klassenfahrt-der-6a","status":"publish","type":"page","link":"https:\/\/wordpress.nibis.de\/klunkau\/klassenfahrt-der-6a\/","title":{"rendered":"Klassenfahrt der 6a"},"content":{"rendered":"\n<p>Wir \u2013 die Klasse 6a und unsere Lehrer:innen \u2013 waren vom 23.04.25 bis zum 25.04.25 auf Klassenfahrt in Sankt Andreasberg. <\/p>\n\n\n\n<p>Das ist ein Ort im Harz. Wir trafen uns am 23.04. um 8:25 Uhr am Bahnhof und fuhren um 8:40 Uhr mit dem Zug von Salzgitter Lebenstedt los. Die Zugfahrt war sehr lustig und wir hatten viel Spa\u00df. Wir a\u00dfen, tranken, quatschten, spielten am Handy und machten Fotos. In Braunschweig stiegen wir um und nahmen den Zug nach Bad Harzburg. Von dort aus fuhren wir weiter mit dem Bus nach Sankt Andreasberg. Zur Jugendherberge mussten wir noch ungef\u00e4hr 10 Minuten zu Fu\u00df laufen. Als wir ankamen, bezogen wir unsere Betten und dann gab es leckeres Mittagessen. Nach dem Essen ging es zu Fu\u00df zur Sommerrodelbahn. Am Anfang wanderten wir steil bergab. Bei der Sommerrodelbahn waren viele Menschen. Die Tickets waren recht g\u00fcnstig, sodass jeder zwei Mal fahren konnte. Zuerst fuhren wir mit einem Sessellift den Berg hinauf. Anschlie\u00dfend rasten wir mit einem Bob auf der Sommerrodelbahn herunter. Das war sehr aufregend und hat uns allen richtig viel Spa\u00df gemacht. Der Weg zur\u00fcck zur Jugendherberge war ganz sch\u00f6n anstrengend, weil es nur bergauf ging. Aber auch das meisterten wir alle mit Bravour! Nach dem Abendessen machten wir mit der Klasse einen Sitzkreis und besprachen, was wir noch so machen k\u00f6nnen. Torsten (ein Erlebnisp\u00e4dagoge), Herr Mulkau, Frau Achilles und ein paar Sch\u00fcler entfachten ein Feuer mit Feuerstahl. Am Anfang war das Feuer noch klein, aber durch das Reinlegen von getrocknetem Gras und Holz wurde es schnell zu einem sch\u00f6nen Lagerfeuer. Dirsam erz\u00e4hlte eine Gruselgeschichte und Bedriye machte dazu passende Ger\u00e4usche. Das war wirklich gruselig. Dann spielten wir noch Wahrheit oder Pflicht. In der Jugendherberge gab es ein Spielzimmer. Dort gab es eine Tischtennisplatte, einen Billiard-Tisch und einen Kicker. Mustafa, Emir, Nuredin und Laith spielten gegen Frau Ciesielski Tischtennis. In der ersten Runde verloren sie hoch gegen Frau Ciesielski, doch in einer zweiten Runde gewann Mustafa gegen Frau Ciesielski. Das \u00fcberraschte und begeisterte Frau Ciesielski sehr.Am zweiten Tag spielten wir hinter dem Haus auf der Wiese Vertrauensspiele. Diese Spiele hatte Torsten mitgebracht. Torsten war richtig lustig, nett und cool. Wir hatten sehr viel Spa\u00df mit ihm und haben auch als Team gut zusammengearbeitet. Nach dem Abendessen schrieben wir noch flei\u00dfig Postkarten an unsere Familien. Am 25.04. wurden wir um 7:30 Uhr geweckt. Wir packten unsere Koffer und machten uns auf den Heimweg. Wir gingen zu einer Bushaltestelle und warteten dort auf den Bus. Vorher machten wir noch ein Gruppenbild zur Erinnerung. Weil wir noch genug Umsteigzeit hatten, besuchten wir ein Museum \u00fcber die Natur und Tiere im Harz. Als es weiterging, sahen wir nochmal die sch\u00f6ne Landschaft des Gebirges. Insgesamt hatten wir eine richtig tolle Klassenfahrt. Wir konnten wertvolle Momente mit der Klasse erleben, die wir nie vergessen werden.<\/p>\n\n\n\n<figure class=\"wp-block-gallery has-nested-images columns-default is-cropped wp-block-gallery-1 is-layout-flex wp-block-gallery-is-layout-flex\">\n<figure class=\"wp-block-image size-large\"><img loading=\"lazy\" decoding=\"async\" width=\"1192\" height=\"839\" data-id=\"1764\" src=\"https:\/\/wordpress.nibis.de\/klunkau\/files\/2025\/05\/Achilles_001.jpg\" alt=\"\" class=\"wp-image-1764\" srcset=\"https:\/\/wordpress.nibis.de\/klunkau\/files\/2025\/05\/Achilles_001.jpg 1192w, https:\/\/wordpress.nibis.de\/klunkau\/files\/2025\/05\/Achilles_001-300x211.jpg 300w, https:\/\/wordpress.nibis.de\/klunkau\/files\/2025\/05\/Achilles_001-1024x721.jpg 1024w, https:\/\/wordpress.nibis.de\/klunkau\/files\/2025\/05\/Achilles_001-768x541.jpg 768w\" sizes=\"auto, (max-width: 1192px) 100vw, 1192px\" \/><\/figure>\n\n\n\n<figure class=\"wp-block-image size-large\"><img loading=\"lazy\" decoding=\"async\" width=\"1155\" height=\"866\" data-id=\"1762\" src=\"https:\/\/wordpress.nibis.de\/klunkau\/files\/2025\/05\/Achilles_020.jpg\" alt=\"\" class=\"wp-image-1762\" srcset=\"https:\/\/wordpress.nibis.de\/klunkau\/files\/2025\/05\/Achilles_020.jpg 1155w, https:\/\/wordpress.nibis.de\/klunkau\/files\/2025\/05\/Achilles_020-300x225.jpg 300w, https:\/\/wordpress.nibis.de\/klunkau\/files\/2025\/05\/Achilles_020-1024x768.jpg 1024w, https:\/\/wordpress.nibis.de\/klunkau\/files\/2025\/05\/Achilles_020-768x576.jpg 768w\" sizes=\"auto, (max-width: 1155px) 100vw, 1155px\" \/><\/figure>\n\n\n\n<figure class=\"wp-block-image size-large\"><img loading=\"lazy\" decoding=\"async\" width=\"1155\" height=\"866\" data-id=\"1777\" src=\"https:\/\/wordpress.nibis.de\/klunkau\/files\/2025\/05\/Achilles_014.jpg\" alt=\"\" class=\"wp-image-1777\" srcset=\"https:\/\/wordpress.nibis.de\/klunkau\/files\/2025\/05\/Achilles_014.jpg 1155w, https:\/\/wordpress.nibis.de\/klunkau\/files\/2025\/05\/Achilles_014-300x225.jpg 300w, https:\/\/wordpress.nibis.de\/klunkau\/files\/2025\/05\/Achilles_014-1024x768.jpg 1024w, https:\/\/wordpress.nibis.de\/klunkau\/files\/2025\/05\/Achilles_014-768x576.jpg 768w\" sizes=\"auto, (max-width: 1155px) 100vw, 1155px\" \/><\/figure>\n\n\n\n<figure class=\"wp-block-image size-large\"><img loading=\"lazy\" decoding=\"async\" width=\"1155\" height=\"866\" data-id=\"1776\" src=\"https:\/\/wordpress.nibis.de\/klunkau\/files\/2025\/05\/Achilles_013.jpg\" alt=\"\" class=\"wp-image-1776\" srcset=\"https:\/\/wordpress.nibis.de\/klunkau\/files\/2025\/05\/Achilles_013.jpg 1155w, https:\/\/wordpress.nibis.de\/klunkau\/files\/2025\/05\/Achilles_013-300x225.jpg 300w, https:\/\/wordpress.nibis.de\/klunkau\/files\/2025\/05\/Achilles_013-1024x768.jpg 1024w, https:\/\/wordpress.nibis.de\/klunkau\/files\/2025\/05\/Achilles_013-768x576.jpg 768w\" sizes=\"auto, (max-width: 1155px) 100vw, 1155px\" \/><\/figure>\n\n\n\n<figure class=\"wp-block-image size-large\"><img loading=\"lazy\" decoding=\"async\" width=\"1155\" height=\"866\" data-id=\"1775\" src=\"https:\/\/wordpress.nibis.de\/klunkau\/files\/2025\/05\/Achilles_012.jpg\" alt=\"\" class=\"wp-image-1775\" srcset=\"https:\/\/wordpress.nibis.de\/klunkau\/files\/2025\/05\/Achilles_012.jpg 1155w, https:\/\/wordpress.nibis.de\/klunkau\/files\/2025\/05\/Achilles_012-300x225.jpg 300w, https:\/\/wordpress.nibis.de\/klunkau\/files\/2025\/05\/Achilles_012-1024x768.jpg 1024w, https:\/\/wordpress.nibis.de\/klunkau\/files\/2025\/05\/Achilles_012-768x576.jpg 768w\" sizes=\"auto, (max-width: 1155px) 100vw, 1155px\" \/><\/figure>\n\n\n\n<figure class=\"wp-block-image size-large\"><img loading=\"lazy\" decoding=\"async\" width=\"866\" height=\"1155\" data-id=\"1774\" src=\"https:\/\/wordpress.nibis.de\/klunkau\/files\/2025\/05\/Achilles_011.jpg\" alt=\"\" class=\"wp-image-1774\" srcset=\"https:\/\/wordpress.nibis.de\/klunkau\/files\/2025\/05\/Achilles_011.jpg 866w, https:\/\/wordpress.nibis.de\/klunkau\/files\/2025\/05\/Achilles_011-225x300.jpg 225w, https:\/\/wordpress.nibis.de\/klunkau\/files\/2025\/05\/Achilles_011-768x1024.jpg 768w\" sizes=\"auto, (max-width: 866px) 100vw, 866px\" \/><\/figure>\n\n\n\n<figure class=\"wp-block-image size-large\"><img loading=\"lazy\" decoding=\"async\" width=\"866\" height=\"1155\" data-id=\"1773\" src=\"https:\/\/wordpress.nibis.de\/klunkau\/files\/2025\/05\/Achilles_010.jpg\" alt=\"\" class=\"wp-image-1773\" srcset=\"https:\/\/wordpress.nibis.de\/klunkau\/files\/2025\/05\/Achilles_010.jpg 866w, https:\/\/wordpress.nibis.de\/klunkau\/files\/2025\/05\/Achilles_010-225x300.jpg 225w, https:\/\/wordpress.nibis.de\/klunkau\/files\/2025\/05\/Achilles_010-768x1024.jpg 768w\" sizes=\"auto, (max-width: 866px) 100vw, 866px\" \/><\/figure>\n\n\n\n<figure class=\"wp-block-image size-large\"><img loading=\"lazy\" decoding=\"async\" width=\"866\" height=\"1155\" data-id=\"1772\" src=\"https:\/\/wordpress.nibis.de\/klunkau\/files\/2025\/05\/Achilles_009.jpg\" alt=\"\" class=\"wp-image-1772\" srcset=\"https:\/\/wordpress.nibis.de\/klunkau\/files\/2025\/05\/Achilles_009.jpg 866w, https:\/\/wordpress.nibis.de\/klunkau\/files\/2025\/05\/Achilles_009-225x300.jpg 225w, https:\/\/wordpress.nibis.de\/klunkau\/files\/2025\/05\/Achilles_009-768x1024.jpg 768w\" sizes=\"auto, (max-width: 866px) 100vw, 866px\" \/><\/figure>\n\n\n\n<figure class=\"wp-block-image size-large\"><img loading=\"lazy\" decoding=\"async\" width=\"866\" height=\"1155\" data-id=\"1771\" src=\"https:\/\/wordpress.nibis.de\/klunkau\/files\/2025\/05\/Achilles_008.jpg\" alt=\"\" class=\"wp-image-1771\" srcset=\"https:\/\/wordpress.nibis.de\/klunkau\/files\/2025\/05\/Achilles_008.jpg 866w, https:\/\/wordpress.nibis.de\/klunkau\/files\/2025\/05\/Achilles_008-225x300.jpg 225w, https:\/\/wordpress.nibis.de\/klunkau\/files\/2025\/05\/Achilles_008-768x1024.jpg 768w\" sizes=\"auto, (max-width: 866px) 100vw, 866px\" \/><\/figure>\n\n\n\n<figure class=\"wp-block-image size-large\"><img loading=\"lazy\" decoding=\"async\" width=\"866\" height=\"1155\" data-id=\"1770\" src=\"https:\/\/wordpress.nibis.de\/klunkau\/files\/2025\/05\/Achilles_007.jpg\" alt=\"\" class=\"wp-image-1770\" srcset=\"https:\/\/wordpress.nibis.de\/klunkau\/files\/2025\/05\/Achilles_007.jpg 866w, https:\/\/wordpress.nibis.de\/klunkau\/files\/2025\/05\/Achilles_007-225x300.jpg 225w, https:\/\/wordpress.nibis.de\/klunkau\/files\/2025\/05\/Achilles_007-768x1024.jpg 768w\" sizes=\"auto, (max-width: 866px) 100vw, 866px\" \/><\/figure>\n\n\n\n<figure class=\"wp-block-image size-large\"><img loading=\"lazy\" decoding=\"async\" width=\"1160\" height=\"862\" data-id=\"1769\" src=\"https:\/\/wordpress.nibis.de\/klunkau\/files\/2025\/05\/Achilles_006.jpg\" alt=\"\" class=\"wp-image-1769\" srcset=\"https:\/\/wordpress.nibis.de\/klunkau\/files\/2025\/05\/Achilles_006.jpg 1160w, https:\/\/wordpress.nibis.de\/klunkau\/files\/2025\/05\/Achilles_006-300x223.jpg 300w, https:\/\/wordpress.nibis.de\/klunkau\/files\/2025\/05\/Achilles_006-1024x761.jpg 1024w, https:\/\/wordpress.nibis.de\/klunkau\/files\/2025\/05\/Achilles_006-768x571.jpg 768w\" sizes=\"auto, (max-width: 1160px) 100vw, 1160px\" \/><\/figure>\n\n\n\n<figure class=\"wp-block-image size-large\"><img loading=\"lazy\" decoding=\"async\" width=\"1155\" height=\"866\" data-id=\"1768\" src=\"https:\/\/wordpress.nibis.de\/klunkau\/files\/2025\/05\/Achilles_005.jpg\" alt=\"\" class=\"wp-image-1768\" srcset=\"https:\/\/wordpress.nibis.de\/klunkau\/files\/2025\/05\/Achilles_005.jpg 1155w, https:\/\/wordpress.nibis.de\/klunkau\/files\/2025\/05\/Achilles_005-300x225.jpg 300w, https:\/\/wordpress.nibis.de\/klunkau\/files\/2025\/05\/Achilles_005-1024x768.jpg 1024w, https:\/\/wordpress.nibis.de\/klunkau\/files\/2025\/05\/Achilles_005-768x576.jpg 768w\" sizes=\"auto, (max-width: 1155px) 100vw, 1155px\" \/><\/figure>\n\n\n\n<figure class=\"wp-block-image size-large\"><img loading=\"lazy\" decoding=\"async\" width=\"1155\" height=\"866\" data-id=\"1767\" src=\"https:\/\/wordpress.nibis.de\/klunkau\/files\/2025\/05\/Achilles_004.jpg\" alt=\"\" class=\"wp-image-1767\" srcset=\"https:\/\/wordpress.nibis.de\/klunkau\/files\/2025\/05\/Achilles_004.jpg 1155w, https:\/\/wordpress.nibis.de\/klunkau\/files\/2025\/05\/Achilles_004-300x225.jpg 300w, https:\/\/wordpress.nibis.de\/klunkau\/files\/2025\/05\/Achilles_004-1024x768.jpg 1024w, https:\/\/wordpress.nibis.de\/klunkau\/files\/2025\/05\/Achilles_004-768x576.jpg 768w\" sizes=\"auto, (max-width: 1155px) 100vw, 1155px\" \/><\/figure>\n\n\n\n<figure class=\"wp-block-image size-large\"><img loading=\"lazy\" decoding=\"async\" width=\"1155\" height=\"866\" data-id=\"1766\" src=\"https:\/\/wordpress.nibis.de\/klunkau\/files\/2025\/05\/Achilles_003.jpg\" alt=\"\" class=\"wp-image-1766\" srcset=\"https:\/\/wordpress.nibis.de\/klunkau\/files\/2025\/05\/Achilles_003.jpg 1155w, https:\/\/wordpress.nibis.de\/klunkau\/files\/2025\/05\/Achilles_003-300x225.jpg 300w, https:\/\/wordpress.nibis.de\/klunkau\/files\/2025\/05\/Achilles_003-1024x768.jpg 1024w, https:\/\/wordpress.nibis.de\/klunkau\/files\/2025\/05\/Achilles_003-768x576.jpg 768w\" sizes=\"auto, (max-width: 1155px) 100vw, 1155px\" \/><\/figure>\n\n\n\n<figure class=\"wp-block-image size-large\"><img loading=\"lazy\" decoding=\"async\" width=\"866\" height=\"1155\" data-id=\"1765\" src=\"https:\/\/wordpress.nibis.de\/klunkau\/files\/2025\/05\/Achilles_002.jpg\" alt=\"\" class=\"wp-image-1765\" srcset=\"https:\/\/wordpress.nibis.de\/klunkau\/files\/2025\/05\/Achilles_002.jpg 866w, https:\/\/wordpress.nibis.de\/klunkau\/files\/2025\/05\/Achilles_002-225x300.jpg 225w, https:\/\/wordpress.nibis.de\/klunkau\/files\/2025\/05\/Achilles_002-768x1024.jpg 768w\" sizes=\"auto, (max-width: 866px) 100vw, 866px\" \/><\/figure>\n\n\n\n<figure class=\"wp-block-image size-large\"><img loading=\"lazy\" decoding=\"async\" width=\"1155\" height=\"866\" data-id=\"1763\" src=\"https:\/\/wordpress.nibis.de\/klunkau\/files\/2025\/05\/Achilles_021.jpg\" alt=\"\" class=\"wp-image-1763\" srcset=\"https:\/\/wordpress.nibis.de\/klunkau\/files\/2025\/05\/Achilles_021.jpg 1155w, https:\/\/wordpress.nibis.de\/klunkau\/files\/2025\/05\/Achilles_021-300x225.jpg 300w, https:\/\/wordpress.nibis.de\/klunkau\/files\/2025\/05\/Achilles_021-1024x768.jpg 1024w, https:\/\/wordpress.nibis.de\/klunkau\/files\/2025\/05\/Achilles_021-768x576.jpg 768w\" sizes=\"auto, (max-width: 1155px) 100vw, 1155px\" \/><\/figure>\n<\/figure>\n","protected":false},"excerpt":{"rendered":"<p>Wir \u2013 die Klasse 6a und unsere Lehrer:innen \u2013 waren vom 23.04.25 bis zum 25.04.25 auf Klassenfahrt in Sankt Andreasberg. Das ist ein Ort im Harz. Wir trafen uns am 23.04. um 8:25 Uhr am Bahnhof und fuhren um 8:40 Uhr mit dem Zug von Salzgitter Lebenstedt los. Die Zugfahrt war sehr lustig und wir [&hellip;]<\/p>\n","protected":false},"author":9192891,"featured_media":0,"parent":0,"menu_order":0,"comment_status":"closed","ping_status":"closed","template":"","meta":{"footnotes":""},"class_list":["post-1778","page","type-page","status-publish","hentry"],"_links":{"self":[{"href":"https:\/\/wordpress.nibis.de\/klunkau\/wp-json\/wp\/v2\/pages\/1778","targetHints":{"allow":["GET"]}}],"collection":[{"href":"https:\/\/wordpress.nibis.de\/klunkau\/wp-json\/wp\/v2\/pages"}],"about":[{"href":"https:\/\/wordpress.nibis.de\/klunkau\/wp-json\/wp\/v2\/types\/page"}],"author":[{"embeddable":true,"href":"https:\/\/wordpress.nibis.de\/klunkau\/wp-json\/wp\/v2\/users\/9192891"}],"replies":[{"embeddable":true,"href":"https:\/\/wordpress.nibis.de\/klunkau\/wp-json\/wp\/v2\/comments?post=1778"}],"version-history":[{"count":3,"href":"https:\/\/wordpress.nibis.de\/klunkau\/wp-json\/wp\/v2\/pages\/1778\/revisions"}],"predecessor-version":[{"id":1781,"href":"https:\/\/wordpress.nibis.de\/klunkau\/wp-json\/wp\/v2\/pages\/1778\/revisions\/1781"}],"wp:attachment":[{"href":"https:\/\/wordpress.nibis.de\/klunkau\/wp-json\/wp\/v2\/media?parent=1778"}],"curies":[{"name":"wp","href":"https:\/\/api.w.org\/{rel}","templated":true}]}}