{"id":1941,"date":"2026-03-24T09:03:54","date_gmt":"2026-03-24T08:03:54","guid":{"rendered":"https:\/\/wordpress.nibis.de\/klunkau\/?page_id=1941"},"modified":"2026-03-24T10:00:51","modified_gmt":"2026-03-24T09:00:51","slug":"startseite","status":"publish","type":"page","link":"https:\/\/wordpress.nibis.de\/klunkau\/","title":{"rendered":"Startseite"},"content":{"rendered":"\n<div class=\"wp-block-cover is-light\"><img loading=\"lazy\" decoding=\"async\" width=\"768\" height=\"1024\" sizes=\"auto, (max-width: 799px) 200vw, (max-width: 768px) 100vw, 768px\" class=\"wp-block-cover__image-background wp-image-1944 size-full\" alt=\"\" src=\"https:\/\/wordpress.nibis.de\/klunkau\/files\/2026\/03\/20200713_111246.jpg\" data-object-fit=\"cover\" srcset=\"https:\/\/wordpress.nibis.de\/klunkau\/files\/2026\/03\/20200713_111246.jpg 768w, https:\/\/wordpress.nibis.de\/klunkau\/files\/2026\/03\/20200713_111246-225x300.jpg 225w, https:\/\/wordpress.nibis.de\/klunkau\/files\/2026\/03\/20200713_111246-100x133.jpg 100w\" \/><span aria-hidden=\"true\" class=\"wp-block-cover__background has-background-dim\" style=\"background-color:#798aa6\"><\/span><div class=\"wp-block-cover__inner-container is-layout-constrained wp-block-cover-is-layout-constrained\">\n<p class=\"has-text-align-center has-large-font-size\"><\/p>\n<\/div><\/div>\n\n\n\n<p class=\"has-text-align-center\"><strong>Hauptschule an der Klunkau<\/strong><br>Gemeinsam lernen \u2013 gemeinsam wachsen<\/p>\n\n\n\n<p>Die Hauptschule an der Klunkau in Salzgitter ist eine Schule mit Herz. Bei uns lernen Sch\u00fclerinnen und Sch\u00fcler der Jahrg\u00e4nge 5\u201310 gemeinsam in einem offenen und wertsch\u00e4tzenden Umfeld. Wir legen Wert auf individuelle F\u00f6rderung, ein starkes Miteinander und eine gute Vorbereitung auf das Berufsleben.<\/p>\n\n\n\n<figure class=\"wp-block-video\"><video height=\"1024\" style=\"aspect-ratio: 1280 \/ 1024;\" width=\"1280\" controls src=\"https:\/\/wordpress.nibis.de\/klunkau\/files\/2023\/09\/Willkommen-an-der-HSK_klein_converted.mp4\"><\/video><\/figure>\n\n\n\n<div class=\"wp-block-columns is-layout-flex wp-container-core-columns-is-layout-abceabcf wp-block-columns-is-layout-flex\">\n<div class=\"wp-block-column is-layout-flow wp-block-column-is-layout-flow\">\n<p>\ud83d\udcc5 <strong>Termine &amp; Aktuelles<\/strong><\/p>\n\n\n\n<div class=\"wp-block-buttons is-layout-flex wp-block-buttons-is-layout-flex\">\n<div class=\"wp-block-button\"><a class=\"wp-block-button__link wp-element-button\" href=\"https:\/\/wordpress.nibis.de\/klunkau\/home\/\">Zu den Terminen<\/a><\/div>\n<\/div>\n<\/div>\n\n\n\n<div class=\"wp-block-column is-layout-flow wp-block-column-is-layout-flow\">\n<p>\ud83d\udccb <strong>Anmeldung<\/strong><\/p>\n\n\n\n<div class=\"wp-block-buttons is-layout-flex wp-block-buttons-is-layout-flex\">\n<div class=\"wp-block-button\"><a class=\"wp-block-button__link wp-element-button\" href=\"\/\/wordpress.nibis.de\/klunkau\/anmeldung\/\">\ud83d\udccb Zur Anmeldung<\/a><\/div>\n<\/div>\n<\/div>\n\n\n\n<div class=\"wp-block-column is-layout-flow wp-block-column-is-layout-flow\">\n<p>\u2709\ufe0f <strong>Kontakt<\/strong><\/p>\n\n\n\n<div class=\"wp-block-buttons is-layout-flex wp-block-buttons-is-layout-flex\">\n<div class=\"wp-block-button\"><a class=\"wp-block-button__link wp-element-button\" href=\"https:\/\/wordpress.nibis.de\/klunkau\/kontakt\/\">Kontakt<\/a><\/div>\n<\/div>\n<\/div>\n<\/div>\n\n\n<ul class=\"wp-block-latest-posts__list wp-block-latest-posts\"><\/ul>\n\n\n<p><\/p>\n","protected":false},"excerpt":{"rendered":"<p>Hauptschule an der KlunkauGemeinsam lernen \u2013 gemeinsam wachsen Die Hauptschule an der Klunkau in Salzgitter ist eine Schule mit Herz. Bei uns lernen Sch\u00fclerinnen und Sch\u00fcler der Jahrg\u00e4nge 5\u201310 gemeinsam in einem offenen und wertsch\u00e4tzenden Umfeld. Wir legen Wert auf individuelle F\u00f6rderung, ein starkes Miteinander und eine gute Vorbereitung auf das Berufsleben. \ud83d\udcc5 Termine &amp; [&hellip;]<\/p>\n","protected":false},"author":9192891,"featured_media":0,"parent":0,"menu_order":0,"comment_status":"closed","ping_status":"closed","template":"","meta":{"footnotes":""},"class_list":["post-1941","page","type-page","status-publish","hentry"],"_links":{"self":[{"href":"https:\/\/wordpress.nibis.de\/klunkau\/wp-json\/wp\/v2\/pages\/1941","targetHints":{"allow":["GET"]}}],"collection":[{"href":"https:\/\/wordpress.nibis.de\/klunkau\/wp-json\/wp\/v2\/pages"}],"about":[{"href":"https:\/\/wordpress.nibis.de\/klunkau\/wp-json\/wp\/v2\/types\/page"}],"author":[{"embeddable":true,"href":"https:\/\/wordpress.nibis.de\/klunkau\/wp-json\/wp\/v2\/users\/9192891"}],"replies":[{"embeddable":true,"href":"https:\/\/wordpress.nibis.de\/klunkau\/wp-json\/wp\/v2\/comments?post=1941"}],"version-history":[{"count":10,"href":"https:\/\/wordpress.nibis.de\/klunkau\/wp-json\/wp\/v2\/pages\/1941\/revisions"}],"predecessor-version":[{"id":1964,"href":"https:\/\/wordpress.nibis.de\/klunkau\/wp-json\/wp\/v2\/pages\/1941\/revisions\/1964"}],"wp:attachment":[{"href":"https:\/\/wordpress.nibis.de\/klunkau\/wp-json\/wp\/v2\/media?parent=1941"}],"curies":[{"name":"wp","href":"https:\/\/api.w.org\/{rel}","templated":true}]}}