{"id":2,"date":"2018-12-20T12:29:00","date_gmt":"2018-12-20T11:29:00","guid":{"rendered":"https:\/\/wordpress.nibis.de\/klunkau\/?page_id=2"},"modified":"2026-03-24T10:12:09","modified_gmt":"2026-03-24T09:12:09","slug":"home","status":"publish","type":"page","link":"https:\/\/wordpress.nibis.de\/klunkau\/home\/","title":{"rendered":"Aktuelles"},"content":{"rendered":"\n<h2 class=\"wp-block-heading\"><strong>Tag der offenen T\u00fcr<\/strong><\/h2>\n\n\n\n<p>Am 22. April von 14:00 bis 16:00 Uhr \u00f6ffnen wir unsere T\u00fcren f\u00fcr alle interessierten Sch\u00fclerinnen und Eltern. Nutzen Sie die Gelegenheit, unsere Schule kennenzulernen, einen Einblick in den Unterricht zu erhalten und mit Lehrkr\u00e4ften sowie Sch\u00fclerinnen ins Gespr\u00e4ch zu kommen. Entdecken Sie unsere Klassenr\u00e4ume, erfahren Sie mehr \u00fcber unsere Angebote und lernen Sie das Schulleben aus n\u00e4chster N\u00e4he kennen.<\/p>\n\n\n\n<p>Wir freuen uns auf Ihren Besuch!<\/p>\n\n\n\n<p>Lieben Dank und liebe Gr\u00fc\u00dfe<br>Sedat<br><\/p>\n\n\n\n<figure class=\"wp-block-image size-large\"><a href=\"https:\/\/wordpress.nibis.de\/klunkau\/files\/2026\/03\/TdoT-2026-HSK.pdf\"><img loading=\"lazy\" decoding=\"async\" width=\"723\" height=\"1024\" src=\"https:\/\/wordpress.nibis.de\/klunkau\/files\/2026\/03\/grafik-723x1024.png\" alt=\"\" class=\"wp-image-1934\" srcset=\"https:\/\/wordpress.nibis.de\/klunkau\/files\/2026\/03\/grafik-723x1024.png 723w, https:\/\/wordpress.nibis.de\/klunkau\/files\/2026\/03\/grafik-212x300.png 212w, https:\/\/wordpress.nibis.de\/klunkau\/files\/2026\/03\/grafik-100x142.png 100w, https:\/\/wordpress.nibis.de\/klunkau\/files\/2026\/03\/grafik.png 754w\" sizes=\"auto, (max-width: 723px) 100vw, 723px\" \/><\/a><\/figure>\n\n\n\n<p><br><br><\/p>\n\n\n\n<p><\/p>\n\n\n\n<p><\/p>\n\n\n\n<figure class=\"wp-block-image size-large\"><img loading=\"lazy\" decoding=\"async\" width=\"1024\" height=\"688\" src=\"https:\/\/wordpress.nibis.de\/klunkau\/files\/2025\/08\/IMG-20250816-WA0026-1024x688.jpg\" alt=\"\" class=\"wp-image-1824\" srcset=\"https:\/\/wordpress.nibis.de\/klunkau\/files\/2025\/08\/IMG-20250816-WA0026-1024x688.jpg 1024w, https:\/\/wordpress.nibis.de\/klunkau\/files\/2025\/08\/IMG-20250816-WA0026-300x201.jpg 300w, https:\/\/wordpress.nibis.de\/klunkau\/files\/2025\/08\/IMG-20250816-WA0026-768x516.jpg 768w, https:\/\/wordpress.nibis.de\/klunkau\/files\/2025\/08\/IMG-20250816-WA0026-1536x1031.jpg 1536w, https:\/\/wordpress.nibis.de\/klunkau\/files\/2025\/08\/IMG-20250816-WA0026-75x50.jpg 75w, https:\/\/wordpress.nibis.de\/klunkau\/files\/2025\/08\/IMG-20250816-WA0026.jpg 2048w\" sizes=\"auto, (max-width: 1024px) 100vw, 1024px\" \/><\/figure>\n\n\n\n<p>Willkommen, liebe neue F\u00fcnftkl\u00e4ssler*innen! \ud83c\udf89<br>Mit einer festlichen Einschulungsfeier haben wir unsere neuen F\u00fcnftkl\u00e4sslerinnen an unserer Schule begr\u00fc\u00dft. Die Feier wurde in diesem Jahr von den Patinnen aus dem Abschlussjahrgang 10 vorbereitet und organisiert. Mit viel Engagement gestalteten sie eine kreative Fotowand, planten den Ablauf und sorgten daf\u00fcr, dass sich alle neuen Sch\u00fcler*innen sofort willkommen f\u00fchlten.<br>Ein herzliches Dankesch\u00f6n gilt auch den Eltern, die die Feier mit liebevoller Dekoration, Kaffee und Kuchen bereicherten. Gemeinsam haben wir so einen sch\u00f6nen Rahmen geschaffen, der den Start an unserer Schule zu einem besonderen Erlebnis machte.<br>Wir freuen uns auf die kommenden Jahre mit euch und w\u00fcnschen allen neuen F\u00fcnftkl\u00e4ssler*innen eine erfolgreiche und gl\u00fcckliche Schulzeit! \ud83c\udf1f<\/p>\n\n\n\n<p style=\"text-align: center\"><a href=\"https:\/\/wordpress.nibis.de\/klunkau\/post-vom-bundespraesidenten\/\" target=\"_blank\" rel=\"noopener\">Post vom Bundespr\u00e4sidenten<\/a> <img loading=\"lazy\" decoding=\"async\" class=\"aligncenter wp-image-1804 size-full\" src=\"https:\/\/wordpress.nibis.de\/klunkau\/files\/2025\/06\/adler.jpg\" alt=\"\" width=\"350\" height=\"350\" srcset=\"https:\/\/wordpress.nibis.de\/klunkau\/files\/2025\/06\/adler.jpg 350w, https:\/\/wordpress.nibis.de\/klunkau\/files\/2025\/06\/adler-300x300.jpg 300w, https:\/\/wordpress.nibis.de\/klunkau\/files\/2025\/06\/adler-150x150.jpg 150w\" sizes=\"auto, (max-width: 350px) 100vw, 350px\" \/><\/p>\n<p>&nbsp;<\/p>\n\n\n\n<p><\/p>\n\n\n\n<p><strong>Zweiter Platz beim Schul-Fu\u00dfball-Cup 2025! <\/strong><\/p>\n\n\n\n<p>Unsere Fu\u00dfballmannschaft hat beim diesj\u00e4hrigen \u201eSalzgitter kickt\u201c Schul-Fu\u00dfball-Cup 2025 gro\u00dfartig abgeschnitten und den <strong>zweiten Platz<\/strong> belegt!<br>Wir sind stolz auf das Team und gratulieren herzlich zu dieser starken Leistung \u2013 weiter so! <br> <\/p>\n\n\n<div class=\"wp-block-image\">\n<figure class=\"aligncenter size-full is-resized\"><img loading=\"lazy\" decoding=\"async\" width=\"1000\" height=\"957\" src=\"https:\/\/wordpress.nibis.de\/klunkau\/files\/2025\/06\/Bild123-1.jpg\" alt=\"\" class=\"wp-image-1798\" style=\"width:473px;height:452px\" srcset=\"https:\/\/wordpress.nibis.de\/klunkau\/files\/2025\/06\/Bild123-1.jpg 1000w, https:\/\/wordpress.nibis.de\/klunkau\/files\/2025\/06\/Bild123-1-300x287.jpg 300w, https:\/\/wordpress.nibis.de\/klunkau\/files\/2025\/06\/Bild123-1-768x735.jpg 768w\" sizes=\"auto, (max-width: 1000px) 100vw, 1000px\" \/><\/figure>\n<\/div>\n\n\n<p>#Teamgeist #FairPlay #Schulsport<\/p>\n\n\n\n<h2 class=\"wp-block-heading\"><br><br><a href=\"https:\/\/wordpress.nibis.de\/klunkau\/klassenfahrt-der-6a\/\">Hier ein sch\u00f6ner Bericht \u00fcber die Klassenfahrt der 6a!<\/a><br><br><\/h2>\n\n\n\n<p>Gemeinsames Fastenbrechen \u2013 ein Abend der Gemeinschaft<\/p>\n\n\n\n<p>Am 26. M\u00e4rz 2025 haben wir an unserer Schule ein gemeinsames Fastenbrechen gefeiert. Die Sch\u00fcler*innen der Jahrg\u00e4nge 9 und 10 haben diesen besonderen Abend organisiert und mit viel Engagement eine herzliche Atmosph\u00e4re geschaffen.<\/p>\n\n\n\n<p>Lehrkr\u00e4fte, Sch\u00fcler*innen und Mitglieder des F\u00f6rdervereins kamen zusammen, um die Tradition des Ramadan zu w\u00fcrdigen und bei einem vielf\u00e4ltigen Buffet ins Gespr\u00e4ch zu kommen. Ein gro\u00dfer Dank geht an die Jahrg\u00e4nge 9 und 10 f\u00fcr die tolle Organisation, an den F\u00f6rderverein f\u00fcr Ihre Unterst\u00fctzung und Teilnahme sowie an die Schulleitung f\u00fcr ihre Begleitung.<\/p>\n\n\n\n<p>Dieser Abend hat gezeigt, wie wertvoll Zusammenhalt und interkultureller Austausch in unserer Schulgemeinschaft sind.<\/p>\n\n\n\n<figure class=\"wp-block-image size-large\"><img loading=\"lazy\" decoding=\"async\" width=\"1024\" height=\"622\" src=\"https:\/\/wordpress.nibis.de\/klunkau\/files\/2025\/03\/IMG_5972-1024x622.jpeg\" alt=\"\" class=\"wp-image-1754\" srcset=\"https:\/\/wordpress.nibis.de\/klunkau\/files\/2025\/03\/IMG_5972-1024x622.jpeg 1024w, https:\/\/wordpress.nibis.de\/klunkau\/files\/2025\/03\/IMG_5972-300x182.jpeg 300w, https:\/\/wordpress.nibis.de\/klunkau\/files\/2025\/03\/IMG_5972-768x466.jpeg 768w, https:\/\/wordpress.nibis.de\/klunkau\/files\/2025\/03\/IMG_5972.jpeg 1290w\" sizes=\"auto, (max-width: 1024px) 100vw, 1024px\" \/><\/figure>\n\n\n\n<figure class=\"wp-block-pullquote\"><blockquote><p><\/p><\/blockquote><\/figure>\n\n\n\n<figure class=\"wp-block-embed is-type-wp-embed is-provider-hauptschule-an-der-klunkau wp-block-embed-hauptschule-an-der-klunkau\"><div class=\"wp-block-embed__wrapper\">\n<blockquote class=\"wp-embedded-content\" data-secret=\"wMHoGs9f3i\"><a href=\"https:\/\/wordpress.nibis.de\/klunkau\/grenzen-ueberwinden-unsere-schuelerinnen-erzaehlen-ihre-geschichte\/\">Grenzen \u00fcberwinden \u2013 Unsere Sch\u00fcler*innen erz\u00e4hlen ihre Geschichte!<\/a><\/blockquote><iframe loading=\"lazy\" class=\"wp-embedded-content\" sandbox=\"allow-scripts\" security=\"restricted\" style=\"position: absolute; visibility: hidden;\" title=\"&#8222;Grenzen \u00fcberwinden \u2013 Unsere Sch\u00fcler*innen erz\u00e4hlen ihre Geschichte!&#8220; &#8211; Hauptschule An der Klunkau\" src=\"https:\/\/wordpress.nibis.de\/klunkau\/grenzen-ueberwinden-unsere-schuelerinnen-erzaehlen-ihre-geschichte\/embed\/#?secret=ivSdpTCd78#?secret=wMHoGs9f3i\" data-secret=\"wMHoGs9f3i\" width=\"600\" height=\"338\" frameborder=\"0\" marginwidth=\"0\" marginheight=\"0\" scrolling=\"no\"><\/iframe>\n<\/div><\/figure>\n\n\n\n<p class=\"has-text-align-center has-large-font-size\"><strong>Willkommen an der Hauptschule an der Klunkau!<\/strong><\/p>\n\n\n\n<figure class=\"wp-block-embed is-type-rich is-provider-handler-einbetten wp-block-embed-handler-einbetten\"><div class=\"wp-block-embed__wrapper\">\n<div style=\"width: 600px;\" class=\"wp-video\"><video class=\"wp-video-shortcode\" id=\"video-2-1\" width=\"600\" height=\"338\" preload=\"metadata\" controls=\"controls\"><source type=\"video\/mp4\" src=\"https:\/\/wordpress.nibis.de\/klunkau\/files\/2023\/09\/Willkommen-an-der-HSK_klein_converted.mp4?_=1\" \/><a href=\"https:\/\/wordpress.nibis.de\/klunkau\/files\/2023\/09\/Willkommen-an-der-HSK_klein_converted.mp4\">https:\/\/wordpress.nibis.de\/klunkau\/files\/2023\/09\/Willkommen-an-der-HSK_klein_converted.mp4<\/a><\/video><\/div>\n<\/div><\/figure>\n\n\n<p><img loading=\"lazy\" decoding=\"async\" class=\"aligncenter size-full wp-image-1678\" src=\"https:\/\/wordpress.nibis.de\/klunkau\/files\/2024\/09\/MX-4060V_20240913_094439_0001-scaled.jpg\" alt=\"\" width=\"1811\" height=\"2560\" srcset=\"https:\/\/wordpress.nibis.de\/klunkau\/files\/2024\/09\/MX-4060V_20240913_094439_0001-scaled.jpg 1811w, https:\/\/wordpress.nibis.de\/klunkau\/files\/2024\/09\/MX-4060V_20240913_094439_0001-212x300.jpg 212w, https:\/\/wordpress.nibis.de\/klunkau\/files\/2024\/09\/MX-4060V_20240913_094439_0001-724x1024.jpg 724w, https:\/\/wordpress.nibis.de\/klunkau\/files\/2024\/09\/MX-4060V_20240913_094439_0001-768x1086.jpg 768w, https:\/\/wordpress.nibis.de\/klunkau\/files\/2024\/09\/MX-4060V_20240913_094439_0001-1086x1536.jpg 1086w, https:\/\/wordpress.nibis.de\/klunkau\/files\/2024\/09\/MX-4060V_20240913_094439_0001-1448x2048.jpg 1448w\" sizes=\"auto, (max-width: 1811px) 100vw, 1811px\" \/><\/p>\n\n\n<div class=\"wp-block-group\"><div class=\"wp-block-group__inner-container is-layout-constrained wp-block-group-is-layout-constrained\"><\/div><\/div>\n\n\n\n<p><\/p>\n\n\n\n<p class=\"has-text-align-center\"><strong>Hof Lauenroth in Adenstedt beliefert unsere Schule am Montag und Mittwoch mit einem Obst-\/Gem\u00fcsekorb f\u00fcr jede 5. und 6. Klasse.<\/strong><\/p>\n\n\n\n<figure class=\"wp-block-image size-full\"><img loading=\"lazy\" decoding=\"async\" width=\"1024\" height=\"268\" src=\"https:\/\/wordpress.nibis.de\/klunkau\/files\/2023\/08\/logo-Obst-uns-Gemuese-1024x268-1.jpg\" alt=\"\" class=\"wp-image-1502\" srcset=\"https:\/\/wordpress.nibis.de\/klunkau\/files\/2023\/08\/logo-Obst-uns-Gemuese-1024x268-1.jpg 1024w, https:\/\/wordpress.nibis.de\/klunkau\/files\/2023\/08\/logo-Obst-uns-Gemuese-1024x268-1-300x79.jpg 300w, https:\/\/wordpress.nibis.de\/klunkau\/files\/2023\/08\/logo-Obst-uns-Gemuese-1024x268-1-768x201.jpg 768w\" sizes=\"auto, (max-width: 1024px) 100vw, 1024px\" \/><\/figure>\n\n\n\n<p><br><br>Das EU-Schulprogramm unterst\u00fctzt die kostenlose Verteilung von Obst, Gem\u00fcse und Milch in der gesamten Europ\u00e4ischen Union und ist Teil eines umfassenderen Bildungsprogramms zur europ\u00e4ischen Landwirtschaft und zu den Vorteilen gesunder Ern\u00e4hrung. Das EU-Schulprogramm wird in Niedersachsen fl\u00e4chendeckend angeboten.<br><br><\/p>\n\n\n\n<p><\/p>\n\n\n\n<p><\/p>\n\n\n\n<p class=\"has-large-font-size\">Danke an den F\u00f6rderverein und den freiwilligen Helfern !!!<\/p>\n\n\n\n<p>Mit Hilfe des F\u00f6rdervereins hat die HSK mehrere Lerninseln bekommen. Einge freiwillige Helfer haben f\u00fcr den n\u00f6tigen Feinschliff gesorgt und die Lerninseln in der Aula in ein tolles Licht ger\u00fcckt. Auch daf\u00fcr sind die SchulerInnen dankbar.<\/p>\n\n\n\n<p><img loading=\"lazy\" decoding=\"async\" width=\"2048\" height=\"1536\" class=\"wp-image-1487\" style=\"width: 500px\" src=\"https:\/\/wordpress.nibis.de\/klunkau\/files\/2023\/07\/WhatsApp-Image-2023-06-29-at-12.36.50-1.jpeg\" alt=\"\" srcset=\"https:\/\/wordpress.nibis.de\/klunkau\/files\/2023\/07\/WhatsApp-Image-2023-06-29-at-12.36.50-1.jpeg 2048w, https:\/\/wordpress.nibis.de\/klunkau\/files\/2023\/07\/WhatsApp-Image-2023-06-29-at-12.36.50-1-300x225.jpeg 300w, https:\/\/wordpress.nibis.de\/klunkau\/files\/2023\/07\/WhatsApp-Image-2023-06-29-at-12.36.50-1-1024x768.jpeg 1024w, https:\/\/wordpress.nibis.de\/klunkau\/files\/2023\/07\/WhatsApp-Image-2023-06-29-at-12.36.50-1-768x576.jpeg 768w, https:\/\/wordpress.nibis.de\/klunkau\/files\/2023\/07\/WhatsApp-Image-2023-06-29-at-12.36.50-1-1536x1152.jpeg 1536w\" sizes=\"auto, (max-width: 2048px) 100vw, 2048px\" \/><img loading=\"lazy\" decoding=\"async\" width=\"2000\" height=\"1500\" class=\"wp-image-1486\" style=\"width: 500px\" src=\"https:\/\/wordpress.nibis.de\/klunkau\/files\/2023\/07\/WhatsApp-Image-2023-07-04-at-15.10.20-1.jpeg\" alt=\"\" srcset=\"https:\/\/wordpress.nibis.de\/klunkau\/files\/2023\/07\/WhatsApp-Image-2023-07-04-at-15.10.20-1.jpeg 2000w, https:\/\/wordpress.nibis.de\/klunkau\/files\/2023\/07\/WhatsApp-Image-2023-07-04-at-15.10.20-1-300x225.jpeg 300w, https:\/\/wordpress.nibis.de\/klunkau\/files\/2023\/07\/WhatsApp-Image-2023-07-04-at-15.10.20-1-1024x768.jpeg 1024w, https:\/\/wordpress.nibis.de\/klunkau\/files\/2023\/07\/WhatsApp-Image-2023-07-04-at-15.10.20-1-768x576.jpeg 768w, https:\/\/wordpress.nibis.de\/klunkau\/files\/2023\/07\/WhatsApp-Image-2023-07-04-at-15.10.20-1-1536x1152.jpeg 1536w\" sizes=\"auto, (max-width: 2000px) 100vw, 2000px\" \/><\/p>\n\n\n\n<p><\/p>\n\n\n\n<p><\/p>\n\n\n\n<h2><strong>Liebe Eltern, liebe Erziehungsberechtige<\/strong>,<\/h2>\n<p>immer mehr Sch\u00fclerInnen kommen mit einem E-Scooter zur Schule. H\u00e4ufig werden dabei die E-Scooter der Firma TIER benutzt.<\/p>\n<p>Wir beobachten, dass die E-Scooter verkehrswidrig abgestellt werden. Zudem gibt es ein weiteres Problem. <span class=\"ILfuVd\" lang=\"de\"><span class=\"hgKElc\">Laut den allgemeinen Gesch\u00e4ftsbedingungen der Firma TIER sind zum F\u00fchren von TIER E-Scootern nur Personen berechtigt, die ein Mindestalter von <strong>18 Jahren<\/strong> vollendet haben.<\/span><\/span><\/p>\n<p>Das Ordnugsamt ist informiert, wir bitten im Interesse Ihrer Kinder um Beachtung.<\/p>\n<p>&nbsp;<\/p>\n<p>&nbsp;<\/p>\n\n\n\n<p class=\"has-text-align-center has-medium-font-size\"><strong>Wir haben gewonnen!!!<\/strong><br>Die Erkl\u00e4rvideos AG geh\u00f6rte zu den besten Projekten in &#8222;Eure Vision -unsere Aktion&#8220; von der PSD Bank. Wir wurden mit einem Preisgeld und einer Urkunde bedacht. <br><a href=\"https:\/\/wordpress.nibis.de\/klunkau\/files\/2022\/06\/DankeschoenVideo_640.mp4\">Hier unsere Sieger!<\/a><br><br><\/p>\n\n\n\n<p class=\"has-large-font-size\"><strong>Abschlusstreich 2022<\/strong><\/p>\n\n\n\n<p class=\"has-text-align-center\">Wir waren sehr \u00fcberrascht und erfreut, dass sich die Abschlussklassen f\u00fcr einen Abschlusstreich entschlossen haben. Seit Jahren haben wir so etwas nicht erlebt! <br>Im Folgenden Video bekommt ihr einen kurzen Einblick, was so geschah.<br><a rel=\"noreferrer noopener\" href=\"https:\/\/wordpress.nibis.de\/klunkau\/files\/2022\/06\/Abschluss.mp4\" data-type=\"URL\" data-id=\"https:\/\/wordpress.nibis.de\/klunkau\/files\/2022\/06\/Abschluss.mp4\" target=\"_blank\">Video<\/a><br>TOLL GEMACHT !!!<br><br><br><\/p>\n\n\n\n<p><\/p>\n\n\n\n<p><\/p>\n\n\n\n<p><\/p>\n\n\n\n<p><\/p>\n\n\n\n<p>&nbsp;<\/p>\n<p>&nbsp;<\/p>\n<p>&nbsp;<\/p>\n\n\n\n<p class=\"has-medium-font-size\"><\/p>\n\n\n\n<p><\/p>\n\n\n\n<p class=\"has-text-align-center\"><\/p>\n\n\n\n<p><\/p>\n\n\n\n<p><\/p>\n\n\n\n<p><\/p>\n\n\n\n<h1 style=\"text-align: center\">&nbsp;<\/h1>\n<p>&nbsp;<\/p>\n<p>&nbsp;<\/p>\n\n\n\n<div class=\"wp-block-columns has-2-columns is-layout-flex wp-container-core-columns-is-layout-abceabcf wp-block-columns-is-layout-flex\">\n<div class=\"wp-block-column is-layout-flow wp-block-column-is-layout-flow\"><\/div>\n\n\n\n<div class=\"wp-block-column is-layout-flow wp-block-column-is-layout-flow\"><\/div>\n<\/div>\n\n\n\n<div class=\"wp-block-columns has-2-columns is-layout-flex wp-container-core-columns-is-layout-abceabcf wp-block-columns-is-layout-flex\">\n<div class=\"wp-block-column is-layout-flow wp-block-column-is-layout-flow\"><\/div>\n\n\n\n<div class=\"wp-block-column is-layout-flow wp-block-column-is-layout-flow\"><\/div>\n<\/div>\n\n\n\n<div class=\"wp-block-columns has-2-columns is-layout-flex wp-container-core-columns-is-layout-abceabcf wp-block-columns-is-layout-flex\">\n<div class=\"wp-block-column is-layout-flow wp-block-column-is-layout-flow\"><\/div>\n<\/div>\n","protected":false},"excerpt":{"rendered":"<p>Tag der offenen T\u00fcr Am 22. April von 14:00 bis 16:00 Uhr \u00f6ffnen wir unsere T\u00fcren f\u00fcr alle interessierten Sch\u00fclerinnen und Eltern. Nutzen Sie die Gelegenheit, unsere Schule kennenzulernen, einen Einblick in den Unterricht zu erhalten und mit Lehrkr\u00e4ften sowie Sch\u00fclerinnen ins Gespr\u00e4ch zu kommen. Entdecken Sie unsere Klassenr\u00e4ume, erfahren Sie mehr \u00fcber unsere Angebote [&hellip;]<\/p>\n","protected":false},"author":9192891,"featured_media":0,"parent":0,"menu_order":0,"comment_status":"closed","ping_status":"closed","template":"template-sidebar-right.php","meta":{"footnotes":""},"class_list":["post-2","page","type-page","status-publish","hentry"],"_links":{"self":[{"href":"https:\/\/wordpress.nibis.de\/klunkau\/wp-json\/wp\/v2\/pages\/2","targetHints":{"allow":["GET"]}}],"collection":[{"href":"https:\/\/wordpress.nibis.de\/klunkau\/wp-json\/wp\/v2\/pages"}],"about":[{"href":"https:\/\/wordpress.nibis.de\/klunkau\/wp-json\/wp\/v2\/types\/page"}],"author":[{"embeddable":true,"href":"https:\/\/wordpress.nibis.de\/klunkau\/wp-json\/wp\/v2\/users\/9192891"}],"replies":[{"embeddable":true,"href":"https:\/\/wordpress.nibis.de\/klunkau\/wp-json\/wp\/v2\/comments?post=2"}],"version-history":[{"count":294,"href":"https:\/\/wordpress.nibis.de\/klunkau\/wp-json\/wp\/v2\/pages\/2\/revisions"}],"predecessor-version":[{"id":1969,"href":"https:\/\/wordpress.nibis.de\/klunkau\/wp-json\/wp\/v2\/pages\/2\/revisions\/1969"}],"wp:attachment":[{"href":"https:\/\/wordpress.nibis.de\/klunkau\/wp-json\/wp\/v2\/media?parent=2"}],"curies":[{"name":"wp","href":"https:\/\/api.w.org\/{rel}","templated":true}]}}