{"id":36,"date":"2019-09-17T20:10:30","date_gmt":"2019-09-17T18:10:30","guid":{"rendered":"https:\/\/wordpress.nibis.de\/klunkau\/?page_id=36"},"modified":"2020-07-09T17:30:22","modified_gmt":"2020-07-09T15:30:22","slug":"impressionen-leitbild","status":"publish","type":"page","link":"https:\/\/wordpress.nibis.de\/klunkau\/impressionen-leitbild\/","title":{"rendered":"Impressionen \/ Leitbild"},"content":{"rendered":"\n<section class=\"_1AraQ css-514zhe\">\n<div class=\"_2CtTI\">\n<div class=\"Te80D\">\n<div class=\"css-2vo0gs _3l4Fr\">\n<div class=\"\">\n<h1 class=\"text-align-center\" style=\"text-align: center\">Unser Leitbild<\/h1>\n<\/div>\n<\/div>\n<\/div>\n<div class=\"_3gHX_\">\n<div class=\"Te80D\">\n<div class=\"css-2vo0gs _3l4Fr\">\n<div class=\"\">\n<p class=\"text-align-center\" style=\"text-align: center\">&nbsp;<strong>&nbsp;Wohlf\u00fchlen als Basis<br><br>&nbsp;Integration mit Erfahrung<br><br>Verschiedenheit als St\u00e4rke<br><br>&nbsp;Lernen mit Freude<br><br>&nbsp;Berufsorientierung im Netzwerk<br><br>Fach- und Sozialkompetenz als Summe<\/strong><\/p>\n<p style=\"text-align: center\"><br>Mit fortschreitendem Kindesalter werden neue Entwicklungsstufen erreicht. Damit sind ebenfalls neue Herausforderungen, Interessen und&nbsp; das Erreichen weiterer K\u00f6nnensstufen verbunden. Somit stehen an der Hauptschule An der Klunkau&nbsp; jahrgangsweise Schwerpunkte im Mittelpunkt des erzieherischen und lehrenden Handelns.<\/p>\n<p style=\"text-align: center\">In den j\u00fcngeren Jahrg\u00e4ngen liegt der Fokus auf dem Arbeitsverhalten und den damit verbundenen Werten wie P\u00fcnktlichkeit, Verl\u00e4sslichkeit und Verantwortungs\u00fcbernahme. Die Grundlage hierf\u00fcr ist, dass sich jede Sch\u00fclerin und jeder Sch\u00fcler an unserer Schule wohl f\u00fchlt (<strong>Wohlf\u00fchlen als Basis<\/strong>).<\/p>\n<p style=\"text-align: center\">Dies gelingt durch eine ausgepr\u00e4gte Beziehungsarbeit unserer Lehrerinnen und Lehrer, Schulsozialarbeiterinnen und professionellen externen Sozialarbeitern, welche uns durch die Stadt Salzgitter als Unterst\u00fctzer an die Seite gestellt werden. Diese f\u00fchren regelm\u00e4\u00dfig&nbsp; innerhalb des Klassenverbandes&nbsp; verschiedene Formen des Sozialtrainings durch. Ziele sind die Integration aller Sch\u00fclerinnen und Sch\u00fcler, die St\u00e4rkung des Klassengef\u00fcges und die Herausbildung eines positiven \u201eWir-Gef\u00fchls\u201c. Dabei wird auf individuelle Bed\u00fcrfnisse mit entsprechenden F\u00f6rderma\u00dfnahmen R\u00fccksicht genommen, was fest in unseren F\u00f6rder- und Integrationskonzepten verankert ist (<strong>Integration mit Erfahrung<\/strong>).<\/p>\n<p style=\"text-align: center\">Durch ein starkes Netzwerk k\u00f6nnen wir auf viele externe Partner als Integrationshelfer zur\u00fcckgreifen. Die aktive Auseinandersetzung einer Gruppe bzw. einer Klasse mit individuellen Bed\u00fcrfnissen findet in der Schule, und dar\u00fcber hinaus auch mittels erlebnisp\u00e4dagogischer Elemente an au\u00dferschulischen Lernorten statt. Dabei wird den Sch\u00fclerinnen und Sch\u00fclern ihre Verschiedenheit verdeutlicht, welche die gegenseitige R\u00fccksichtnahme, gegenseitigen Respekt und gegenseitige Unterst\u00fctzung erfordert, um p\u00e4dagogische Herausforderungen zu meistern (<strong>Verschiedenheit als St\u00e4rke<\/strong>).&nbsp;<\/p>\n<p style=\"text-align: center\">Der Wechsel der Lernorte und Sozialformen, Praktika, Projekte, Klassen- und Tagesfahrten sowie unser lebendiger Unterricht erm\u00f6glichen den Sch\u00fclerinnen und Sch\u00fclern einen positiven und freudvollen Zugang zu den Unterrichtsinhalten (<strong>Lernen mit Freude<\/strong>). Insbesondere ab Ende des siebenten Jahrganges lernen die Sch\u00fclerinnen und Sch\u00fcler verst\u00e4rkt Projektarbeit kennen. Hier sind sie bereits Handlungssicher und k\u00f6nnen auf die Basiskompetenzen eines guten Arbeits- und Sozialverhaltens zur\u00fcckgreifen. Mit ersten<\/p>\n<p style=\"text-align: center\">Interessentests werden sie im Rahmen einer umfassenden Berufsorientierung an das Erkunden der eigenen Neigungen, Interessen und St\u00e4rken herangef\u00fchrt&nbsp; (<strong>Berufsorientierung im Netzwerk<\/strong>). Wahlweise werden im Waldeinsatz oder in Form einer Kooperation mit der Handwerkskammer Braunschweig erste Praktikumserfahrungen gesammelt. Diese werden sehr eng durch die Lehr- und Fachkr\u00e4fte begleitet und bilden die Orientierungsgrundlage f\u00fcr das sich anschlie\u00dfende Betriebspraktikum. In Zusammenarbeit mit der Bundesagentur f\u00fcr Arbeit, dem BNW, BONA-SZ u. v. a erhalten die Sch\u00fclerinnen und Sch\u00fcler individuelle Beratung und Unterst\u00fctzung. Schnuppertage an den Berufsbildenden Schulen runden die Vorbereitungen auf das Berufsleben ab.<\/p>\n<p style=\"text-align: center\">Am Ende von Jahrgang neun haben die Sch\u00fclerinnen und Sch\u00fcler unserer Schule durch viele kleine H\u00fcrden und Herausforderungen, einer positiven Beziehung zu ihren Mitsch\u00fclern und Lehrkr\u00e4ften und vielf\u00e4ltigen Erfahrungen, auch in der Zusammenarbeit mit Externen, eine starke Basis an Fach- und Sozialkompetenz erworben, sodass der Grundstein f\u00fcr einen sich anschlie\u00dfenden positiven Werdegang in der Schule gelegt wurde (<strong>Fach- und Sozialkompetenz als Summe<\/strong>).<\/p>\n<\/div>\n<\/div>\n<\/div>\n<\/div>\n<\/div>\n<\/section>\n\n\n\n<h1 class=\"text-align-center\" style=\"text-align: center\">Weitere Eindr\u00fccke<\/h1>\n\n\n\n<ul class=\"wp-block-gallery alignfull columns-3 is-cropped wp-block-gallery-1 is-layout-flex wp-block-gallery-is-layout-flex\"><li class=\"blocks-gallery-item\"><figure><img loading=\"lazy\" decoding=\"async\" width=\"1024\" height=\"768\" src=\"https:\/\/wordpress.nibis.de\/klunkau\/files\/2019\/09\/9ce1fbbc-f927-4eca-bacd-e386e3d6c143-1024x768.jpg\" alt=\"\" data-id=\"183\" data-link=\"https:\/\/wordpress.nibis.de\/klunkau\/impressionen-leitbild\/9ce1fbbc-f927-4eca-bacd-e386e3d6c143\/#main\" class=\"wp-image-183\" srcset=\"https:\/\/wordpress.nibis.de\/klunkau\/files\/2019\/09\/9ce1fbbc-f927-4eca-bacd-e386e3d6c143.jpg 1024w, https:\/\/wordpress.nibis.de\/klunkau\/files\/2019\/09\/9ce1fbbc-f927-4eca-bacd-e386e3d6c143-300x225.jpg 300w, https:\/\/wordpress.nibis.de\/klunkau\/files\/2019\/09\/9ce1fbbc-f927-4eca-bacd-e386e3d6c143-768x576.jpg 768w\" sizes=\"auto, (max-width: 1024px) 100vw, 1024px\" \/><\/figure><\/li><li class=\"blocks-gallery-item\"><figure><img loading=\"lazy\" decoding=\"async\" width=\"1024\" height=\"768\" src=\"https:\/\/wordpress.nibis.de\/klunkau\/files\/2019\/09\/c680cbdf-eee9-4d17-98df-7d9329d92f23-1024x768.jpg\" alt=\"\" data-id=\"184\" data-link=\"https:\/\/wordpress.nibis.de\/klunkau\/impressionen-leitbild\/c680cbdf-eee9-4d17-98df-7d9329d92f23\/#main\" class=\"wp-image-184\" srcset=\"https:\/\/wordpress.nibis.de\/klunkau\/files\/2019\/09\/c680cbdf-eee9-4d17-98df-7d9329d92f23.jpg 1024w, https:\/\/wordpress.nibis.de\/klunkau\/files\/2019\/09\/c680cbdf-eee9-4d17-98df-7d9329d92f23-300x225.jpg 300w, https:\/\/wordpress.nibis.de\/klunkau\/files\/2019\/09\/c680cbdf-eee9-4d17-98df-7d9329d92f23-768x576.jpg 768w\" sizes=\"auto, (max-width: 1024px) 100vw, 1024px\" \/><\/figure><\/li><li class=\"blocks-gallery-item\"><figure><img loading=\"lazy\" decoding=\"async\" width=\"800\" height=\"600\" src=\"https:\/\/wordpress.nibis.de\/klunkau\/files\/2019\/09\/f84edfde-9579-4155-b665-3160de320c3f.jpg\" alt=\"\" data-id=\"185\" data-link=\"https:\/\/wordpress.nibis.de\/klunkau\/impressionen-leitbild\/f84edfde-9579-4155-b665-3160de320c3f\/#main\" class=\"wp-image-185\" srcset=\"https:\/\/wordpress.nibis.de\/klunkau\/files\/2019\/09\/f84edfde-9579-4155-b665-3160de320c3f.jpg 800w, https:\/\/wordpress.nibis.de\/klunkau\/files\/2019\/09\/f84edfde-9579-4155-b665-3160de320c3f-300x225.jpg 300w, https:\/\/wordpress.nibis.de\/klunkau\/files\/2019\/09\/f84edfde-9579-4155-b665-3160de320c3f-768x576.jpg 768w\" sizes=\"auto, (max-width: 800px) 100vw, 800px\" \/><\/figure><\/li><\/ul>\n","protected":false},"excerpt":{"rendered":"<p>Unser Leitbild &nbsp;&nbsp;Wohlf\u00fchlen als Basis &nbsp;Integration mit Erfahrung Verschiedenheit als St\u00e4rke &nbsp;Lernen mit Freude &nbsp;Berufsorientierung im Netzwerk Fach- und Sozialkompetenz als Summe Mit fortschreitendem Kindesalter werden neue Entwicklungsstufen erreicht. Damit sind ebenfalls neue Herausforderungen, Interessen und&nbsp; das Erreichen weiterer K\u00f6nnensstufen verbunden. Somit stehen an der Hauptschule An der Klunkau&nbsp; jahrgangsweise Schwerpunkte im Mittelpunkt des erzieherischen [&hellip;]<\/p>\n","protected":false},"author":9192891,"featured_media":0,"parent":0,"menu_order":0,"comment_status":"closed","ping_status":"closed","template":"template-sidebar-right.php","meta":{"footnotes":""},"class_list":["post-36","page","type-page","status-publish","hentry"],"_links":{"self":[{"href":"https:\/\/wordpress.nibis.de\/klunkau\/wp-json\/wp\/v2\/pages\/36","targetHints":{"allow":["GET"]}}],"collection":[{"href":"https:\/\/wordpress.nibis.de\/klunkau\/wp-json\/wp\/v2\/pages"}],"about":[{"href":"https:\/\/wordpress.nibis.de\/klunkau\/wp-json\/wp\/v2\/types\/page"}],"author":[{"embeddable":true,"href":"https:\/\/wordpress.nibis.de\/klunkau\/wp-json\/wp\/v2\/users\/9192891"}],"replies":[{"embeddable":true,"href":"https:\/\/wordpress.nibis.de\/klunkau\/wp-json\/wp\/v2\/comments?post=36"}],"version-history":[{"count":7,"href":"https:\/\/wordpress.nibis.de\/klunkau\/wp-json\/wp\/v2\/pages\/36\/revisions"}],"predecessor-version":[{"id":1899,"href":"https:\/\/wordpress.nibis.de\/klunkau\/wp-json\/wp\/v2\/pages\/36\/revisions\/1899"}],"wp:attachment":[{"href":"https:\/\/wordpress.nibis.de\/klunkau\/wp-json\/wp\/v2\/media?parent=36"}],"curies":[{"name":"wp","href":"https:\/\/api.w.org\/{rel}","templated":true}]}}