{"id":421,"date":"2020-04-20T16:09:29","date_gmt":"2020-04-20T14:09:29","guid":{"rendered":"https:\/\/wordpress.nibis.de\/klunkau\/?page_id=421"},"modified":"2020-12-15T08:21:33","modified_gmt":"2020-12-15T07:21:33","slug":"lernen-zu-hause-homeschooling","status":"publish","type":"page","link":"https:\/\/wordpress.nibis.de\/klunkau\/lernen-zu-hause-homeschooling\/","title":{"rendered":"Lernen zu Hause &#8211; Homeschooling"},"content":{"rendered":"<table style=\"height: 378px\">\n<tbody>\n<tr>\n<td style=\"width: 208.317px;text-align: center\">H\u00f6rspiele<\/td>\n<td style=\"width: 351.683px;text-align: center\"><a href=\"https:\/\/kinder.wdr.de\/radio\/kiraka\/hoeren\/hoerspiele\/kinderhoerspiel-podcast-102.html\">Ausgew\u00e4hlte Produktionen aus der H\u00f6rspiel-Redaktion von WDR5-KiRaKa.<\/a><\/p>\n<p><a href=\"https:\/\/www.ohrka.de\/elternbereich\/ueber-ohrka\/alle-hoerabenteuer\/\">OHRKA e.V<\/a><\/p>\n<p><a href=\"https:\/\/www.vorleser.net\/\">Vorleser.net<\/a><\/td>\n<\/tr>\n<tr style=\"height: 45px\">\n<td style=\"width: 208.317px;text-align: center;height: 45px\"><a href=\"https:\/\/wordpress.nibis.de\/klunkau\/kollegium-der-hsk\/\">Kollegium der HSK<\/a><\/td>\n<td style=\"width: 351.683px;text-align: center;height: 45px\">Hier finden Sie Ihre\/n Ansprechpartner\/in<\/td>\n<\/tr>\n<tr style=\"height: 45px\">\n<td style=\"width: 208.317px;text-align: center;height: 45px\">\n<p><a href=\"https:\/\/wordpress.nibis.de\/klunkau\/files\/2020\/04\/Leitfaden-f\u00fcr-Eltern-und-Sch\u00fcler.pdf\">Leitfaden Homeschooling<\/a><\/td>\n<td style=\"width: 351.683px;height: 45px;text-align: center\">\n<p>Ein Leitfaden f\u00fcr das Lernen zu Hause f\u00fcr Eltern und Sch\u00fcler\/innen<\/td>\n<\/tr>\n<tr style=\"height: 72px\">\n<td style=\"width: 208.317px;text-align: center;height: 72px\">\n<p><a href=\"https:\/\/wordpress.nibis.de\/klunkau\/files\/2020\/04\/Elternbrief-der-Schule.pdf\">Elternbrief der Schule<\/a><\/td>\n<td style=\"width: 351.683px;height: 72px;text-align: center\">\n<p>Informationen der Hauptschule An der Klunkau f\u00fcr Eltern und Erziehungsberechtigte<\/td>\n<\/tr>\n<tr style=\"height: 72px\">\n<td style=\"width: 208.317px;text-align: center;height: 72px\">\n<p><a href=\"https:\/\/wordpress.nibis.de\/klunkau\/files\/2020\/04\/Elternbrief-der-Schule-MP3.mp3\">Elternbrief der Schule als <\/a><\/p>\n<p><a href=\"https:\/\/wordpress.nibis.de\/klunkau\/files\/2020\/04\/Elternbrief-der-Schule-MP3.mp3\">MP3<\/a><\/td>\n<td style=\"width: 351.683px;height: 72px;text-align: center\">\n<p>Informationen der Hauptschule An der Klunkau f\u00fcr Eltern und Erziehungsberechtigte als MP3 &#8211; H\u00f6rdatei<\/td>\n<\/tr>\n<tr style=\"height: 144px\">\n<td style=\"width: 208.317px;text-align: center;height: 144px\">\n<p><a href=\"https:\/\/www.nibis.de\/lernen-zu-hause---eine-ideensammlung_13560\">Aufgaben f\u00fcr zu Hause<\/a><\/td>\n<td style=\"width: 351.683px;height: 144px\">\n<p style=\"text-align: center\">Hier k\u00f6nnen sie zus\u00e4tzliche Aufgaben f\u00fcr Ihr Kind herunterladen.<\/p>\n<p style=\"text-align: center\">Dies ist eine Ideensammlung des nieders\u00e4chsischen Landesinstitut f\u00fcr schulische Qualit\u00e4tsentwicklung<\/p>\n<\/td>\n<\/tr>\n<\/tbody>\n<\/table>\n","protected":false},"excerpt":{"rendered":"<p>H\u00f6rspiele Ausgew\u00e4hlte Produktionen aus der H\u00f6rspiel-Redaktion von WDR5-KiRaKa. OHRKA e.V Vorleser.net Kollegium der HSK Hier finden Sie Ihre\/n Ansprechpartner\/in Leitfaden Homeschooling Ein Leitfaden f\u00fcr das Lernen zu Hause f\u00fcr Eltern und Sch\u00fcler\/innen Elternbrief der Schule Informationen der Hauptschule An der Klunkau f\u00fcr Eltern und Erziehungsberechtigte Elternbrief der Schule als MP3 Informationen der Hauptschule An der [&hellip;]<\/p>\n","protected":false},"author":9192891,"featured_media":0,"parent":0,"menu_order":0,"comment_status":"closed","ping_status":"closed","template":"template-sidebar-right.php","meta":{"footnotes":""},"class_list":["post-421","page","type-page","status-publish","hentry"],"_links":{"self":[{"href":"https:\/\/wordpress.nibis.de\/klunkau\/wp-json\/wp\/v2\/pages\/421","targetHints":{"allow":["GET"]}}],"collection":[{"href":"https:\/\/wordpress.nibis.de\/klunkau\/wp-json\/wp\/v2\/pages"}],"about":[{"href":"https:\/\/wordpress.nibis.de\/klunkau\/wp-json\/wp\/v2\/types\/page"}],"author":[{"embeddable":true,"href":"https:\/\/wordpress.nibis.de\/klunkau\/wp-json\/wp\/v2\/users\/9192891"}],"replies":[{"embeddable":true,"href":"https:\/\/wordpress.nibis.de\/klunkau\/wp-json\/wp\/v2\/comments?post=421"}],"version-history":[{"count":8,"href":"https:\/\/wordpress.nibis.de\/klunkau\/wp-json\/wp\/v2\/pages\/421\/revisions"}],"predecessor-version":[{"id":787,"href":"https:\/\/wordpress.nibis.de\/klunkau\/wp-json\/wp\/v2\/pages\/421\/revisions\/787"}],"wp:attachment":[{"href":"https:\/\/wordpress.nibis.de\/klunkau\/wp-json\/wp\/v2\/media?parent=421"}],"curies":[{"name":"wp","href":"https:\/\/api.w.org\/{rel}","templated":true}]}}