{"id":945,"date":"2021-06-05T17:45:48","date_gmt":"2021-06-05T15:45:48","guid":{"rendered":"https:\/\/wordpress.nibis.de\/klunkau\/?page_id=945"},"modified":"2023-05-08T08:55:41","modified_gmt":"2023-05-08T06:55:41","slug":"hsk-starterpaket","status":"publish","type":"page","link":"https:\/\/wordpress.nibis.de\/klunkau\/hsk-starterpaket\/","title":{"rendered":"HSK-Starterpaket"},"content":{"rendered":"<p><img loading=\"lazy\" decoding=\"async\" class=\"aligncenter\" src=\"https:\/\/wordpress.nibis.de\/klunkau\/files\/2021\/06\/Starterpack_1.png\" width=\"448\" height=\"898\" \/><\/p>\n<h1 style=\"text-align: center\">HSK-Starterpaket<\/h1>\n<p>Wir sind eine Hauptschule in Salzgitter und werden in diesen Zeiten mit ganz besonderen Herausforderungen konfrontiert.<\/p>\n<p>Circa ein Drittel unserer Sch\u00fclerInnen sind aus einem Krisengebiet geflohen. Ein Teil unserer Sch\u00fclerInnen haben einen festgestellten sonderp\u00e4dagogischen Unterst\u00fctzungsbedarf. Oft kommen Sch\u00fclerInnen ohne Schulsachen in den Unterricht. Dies hat unterschiedliche Ursachen.<\/p>\n<p>Wir wollen den Sch\u00fclerInnen einen unbeschwerten Start ins Schulleben erm\u00f6glichen. Deshalb ben\u00f6tigen wir Ihre Unterst\u00fctzung.<\/p>\n<p><img loading=\"lazy\" decoding=\"async\" class=\"aligncenter  wp-image-951\" src=\"https:\/\/wordpress.nibis.de\/klunkau\/files\/2021\/06\/Unbenannt-2.png\" alt=\"\" width=\"312\" height=\"313\" srcset=\"https:\/\/wordpress.nibis.de\/klunkau\/files\/2021\/06\/Unbenannt-2.png 2799w, https:\/\/wordpress.nibis.de\/klunkau\/files\/2021\/06\/Unbenannt-2-300x300.png 300w, https:\/\/wordpress.nibis.de\/klunkau\/files\/2021\/06\/Unbenannt-2-1024x1024.png 1024w, https:\/\/wordpress.nibis.de\/klunkau\/files\/2021\/06\/Unbenannt-2-150x150.png 150w, https:\/\/wordpress.nibis.de\/klunkau\/files\/2021\/06\/Unbenannt-2-768x769.png 768w, https:\/\/wordpress.nibis.de\/klunkau\/files\/2021\/06\/Unbenannt-2-1536x1536.png 1536w, https:\/\/wordpress.nibis.de\/klunkau\/files\/2021\/06\/Unbenannt-2-2048x2048.png 2048w\" sizes=\"auto, (max-width: 312px) 100vw, 312px\" \/><\/p>\n<p>In den Schuljahren 2019\/20, 2020\/21, 2021\/22 haben Sponsoren, der F\u00f6rderverein und viele Helfer Sachspenden in Form HSK-Starterpakete zusammengestellt und an allen Sch\u00fclerInnen der neuen f\u00fcnften Klassen \u00fcbergeben. Die Freude war jedes Mal riesig!<\/p>\n<p>Auch Sch\u00fclerInnen anderer Klassenstufen, die neu bei uns beginnen, bekommen ein HSK-Starterpaket.<\/p>\n<p>Das HSK-Starterpaket beinhaltet die wichtigsten Schulutensilien: F\u00fcller, Buntstifte, Bleistift, Anspitzer, Radiergummi, Lineal, Schere, Marker, Klebezettel, Geodreieck, Post-Mappe.<\/p>\n<p>\u00a0<\/p>\n<p><img loading=\"lazy\" decoding=\"async\" class=\"wp-image-953 aligncenter\" src=\"https:\/\/wordpress.nibis.de\/klunkau\/files\/2021\/06\/2_klein.jpg\" alt=\"\" width=\"319\" height=\"303\" srcset=\"https:\/\/wordpress.nibis.de\/klunkau\/files\/2021\/06\/2_klein.jpg 1640w, https:\/\/wordpress.nibis.de\/klunkau\/files\/2021\/06\/2_klein-300x284.jpg 300w, https:\/\/wordpress.nibis.de\/klunkau\/files\/2021\/06\/2_klein-1024x969.jpg 1024w, https:\/\/wordpress.nibis.de\/klunkau\/files\/2021\/06\/2_klein-768x727.jpg 768w, https:\/\/wordpress.nibis.de\/klunkau\/files\/2021\/06\/2_klein-1536x1454.jpg 1536w\" sizes=\"auto, (max-width: 319px) 100vw, 319px\" \/><\/p>\n<p>\u00a0<\/p>\n<p>Ein HSK-Starterpaket kostete in den letzten Jahren ca. 20\u20ac, mittlerweile sind die Kosten auf ca. 25\u20ac gestiegen. Sie k\u00f6nnen nat\u00fcrlich auch mehrere Pakete f\u00fcr die Sch\u00fclerInnen erwerben.<\/p>\n<p>Bitte \u00fcberweisen Sie den entsprechenden Betrag auf das Konto des F\u00f6rdervereins.<\/p>\n<p>\u00a0<\/p>\n<p><strong>Bankverbindung<\/strong><\/p>\n<p>Freunde der Hauptschule An der Klunkau e.V.<\/p>\n<p>Norddeutsche Landesbank<\/p>\n<p>IBAN DE03 2505 0000 0201 4606 98<\/p>\n<p>BIC NOLADE2HXXX<\/p>\n<p>Betreff: HSK Starterpaket<\/p>\n<p>Der F\u00f6rderverein ist gemeinn\u00fctzig, deshalb k\u00f6nnen Spenden steuerlich geltend gemacht werden.<\/p>\n<p>Um eine Spendenquittung zu erhalten, geben Sie bitte Ihre Adresse im Betreff an.<\/p>\n<p>\u00a0<\/p>\n<p>Registergericht: Amtsgericht Salzgitter<\/p>\n<p>Steuernummer: 51\/200\/20050<\/p>\n<p>\u00a0<\/p>\n<p style=\"text-align: center\">Im Namen der Sch\u00fclerInnen<\/p>\n<p style=\"text-align: center\">bedanken sich alle Beteiligten bei den Spendern !!!<\/p>\n<p>\u00a0<\/p>\n<p><img decoding=\"async\" src=\"https:\/\/wordpress.nibis.de\/klunkau\/files\/2021\/06\/Collage_Fotor_3-scaled.jpg\" \/><\/p>\n<p>\u00a0<\/p>\n\n\n\n<h3 style=\"text-align: center\"><strong>Starterpakete f\u00fcr das Schuljahr 2021\/22<\/strong><\/h3>\n<p>Sch\u00fcler*innen haben vor den Sommerferien bei der Zusammenstellung der Starterpakete geholfen.<\/p>\n\n\t\t<!-- MasterSlider -->\n\t\t<div id=\"P_MS69ee51b072ab3\" class=\"master-slider-parent msl ms-parent-id-5\" style=\"max-width:1000px;\">\n\n\t\t\t\n\t\t\t<!-- MasterSlider Main -->\n\t\t\t<div id=\"MS69ee51b072ab3\" class=\"master-slider ms-skin-default\" >\n\t\t\t\t \t\t\t\t \n\t\t\t\t<div  class=\"ms-slide\" data-delay=\"3\" data-fill-mode=\"fit\"  >\n\t\t\t\t\t<img decoding=\"async\" src=\"https:\/\/wordpress.nibis.de\/klunkau\/wp-content\/plugins\/master-slider\/public\/assets\/css\/blank.gif\" alt=\"\" title=\"\" data-src=\"https:\/\/wordpress.nibis.de\/klunkau\/files\/2021\/09\/Starterpakete_009.jpg\" \/>\n\n\n\t<div class=\"ms-thumb\" ><div class=\"ms-tab-context\"><div class=\"&quot;ms-tab-context&quot;\"><\/div><\/div>\n<\/div>\n\t\t\t\t<\/div>\n\t\t\t\t<div  class=\"ms-slide\" data-delay=\"3\" data-fill-mode=\"fit\"  >\n\t\t\t\t\t<img decoding=\"async\" src=\"https:\/\/wordpress.nibis.de\/klunkau\/wp-content\/plugins\/master-slider\/public\/assets\/css\/blank.gif\" alt=\"\" title=\"\" data-src=\"https:\/\/wordpress.nibis.de\/klunkau\/files\/2021\/09\/Starterpakete_008.jpg\" \/>\n\n\n\t<div class=\"ms-thumb\" ><div class=\"ms-tab-context\"><div class=\"&quot;ms-tab-context&quot;\"><\/div><\/div>\n<\/div>\n\t\t\t\t<\/div>\n\t\t\t\t<div  class=\"ms-slide\" data-delay=\"3\" data-fill-mode=\"fit\"  >\n\t\t\t\t\t<img decoding=\"async\" src=\"https:\/\/wordpress.nibis.de\/klunkau\/wp-content\/plugins\/master-slider\/public\/assets\/css\/blank.gif\" alt=\"\" title=\"\" data-src=\"https:\/\/wordpress.nibis.de\/klunkau\/files\/2021\/09\/Starterpakete_021.jpg\" \/>\n\n\n\t<div class=\"ms-thumb\" ><div class=\"ms-tab-context\"><div class=\"&quot;ms-tab-context&quot;\"><\/div><\/div>\n<\/div>\n\t\t\t\t<\/div>\n\t\t\t\t<div  class=\"ms-slide\" data-delay=\"3\" data-fill-mode=\"fit\"  >\n\t\t\t\t\t<img decoding=\"async\" src=\"https:\/\/wordpress.nibis.de\/klunkau\/wp-content\/plugins\/master-slider\/public\/assets\/css\/blank.gif\" alt=\"\" title=\"\" data-src=\"https:\/\/wordpress.nibis.de\/klunkau\/files\/2021\/09\/Starterpakete_038.jpg\" \/>\n\n\n\t<div class=\"ms-thumb\" ><div class=\"ms-tab-context\"><div class=\"&quot;ms-tab-context&quot;\"><\/div><\/div>\n<\/div>\n\t\t\t\t<\/div>\n\t\t\t\t<div  class=\"ms-slide\" data-delay=\"3\" data-fill-mode=\"fit\"  >\n\t\t\t\t\t<img decoding=\"async\" src=\"https:\/\/wordpress.nibis.de\/klunkau\/wp-content\/plugins\/master-slider\/public\/assets\/css\/blank.gif\" alt=\"\" title=\"\" data-src=\"https:\/\/wordpress.nibis.de\/klunkau\/files\/2021\/09\/Starterpakete_022.jpg\" \/>\n\n\n\t<div class=\"ms-thumb\" ><div class=\"ms-tab-context\"><div class=\"&quot;ms-tab-context&quot;\"><\/div><\/div>\n<\/div>\n\t\t\t\t<\/div>\n\t\t\t\t<div  class=\"ms-slide\" data-delay=\"3\" data-fill-mode=\"fit\"  >\n\t\t\t\t\t<img decoding=\"async\" src=\"https:\/\/wordpress.nibis.de\/klunkau\/wp-content\/plugins\/master-slider\/public\/assets\/css\/blank.gif\" alt=\"\" title=\"\" data-src=\"https:\/\/wordpress.nibis.de\/klunkau\/files\/2021\/09\/Starterpakete_001.jpg\" \/>\n\n\n\t<div class=\"ms-thumb\" ><div class=\"ms-tab-context\"><div class=\"&quot;ms-tab-context&quot;\"><\/div><\/div>\n<\/div>\n\t\t\t\t<\/div>\n\t\t\t\t<div  class=\"ms-slide\" data-delay=\"3\" data-fill-mode=\"fit\"  >\n\t\t\t\t\t<img decoding=\"async\" src=\"https:\/\/wordpress.nibis.de\/klunkau\/wp-content\/plugins\/master-slider\/public\/assets\/css\/blank.gif\" alt=\"\" title=\"\" data-src=\"https:\/\/wordpress.nibis.de\/klunkau\/files\/2021\/09\/Starterpakete_039.jpg\" \/>\n\n\n\t<div class=\"ms-thumb\" ><div class=\"ms-tab-context\"><div class=\"&quot;ms-tab-context&quot;\"><\/div><\/div>\n<\/div>\n\t\t\t\t<\/div>\n\t\t\t\t<div  class=\"ms-slide\" data-delay=\"3\" data-fill-mode=\"fit\"  >\n\t\t\t\t\t<img decoding=\"async\" src=\"https:\/\/wordpress.nibis.de\/klunkau\/wp-content\/plugins\/master-slider\/public\/assets\/css\/blank.gif\" alt=\"\" title=\"\" data-src=\"https:\/\/wordpress.nibis.de\/klunkau\/files\/2021\/09\/Starterpakete_036.jpg\" \/>\n\n\n\t<div class=\"ms-thumb\" ><div class=\"ms-tab-context\"><div class=\"&quot;ms-tab-context&quot;\"><\/div><\/div>\n<\/div>\n\t\t\t\t<\/div>\n\t\t\t\t<div  class=\"ms-slide\" data-delay=\"3\" data-fill-mode=\"fit\"  >\n\t\t\t\t\t<img decoding=\"async\" src=\"https:\/\/wordpress.nibis.de\/klunkau\/wp-content\/plugins\/master-slider\/public\/assets\/css\/blank.gif\" alt=\"\" title=\"\" data-src=\"https:\/\/wordpress.nibis.de\/klunkau\/files\/2021\/09\/Starterpakete_033.jpg\" \/>\n\n\n\t<div class=\"ms-thumb\" ><div class=\"ms-tab-context\"><div class=\"&quot;ms-tab-context&quot;\"><\/div><\/div>\n<\/div>\n\t\t\t\t<\/div>\n\t\t\t\t<div  class=\"ms-slide\" data-delay=\"3\" data-fill-mode=\"fit\"  >\n\t\t\t\t\t<img decoding=\"async\" src=\"https:\/\/wordpress.nibis.de\/klunkau\/wp-content\/plugins\/master-slider\/public\/assets\/css\/blank.gif\" alt=\"\" title=\"\" data-src=\"https:\/\/wordpress.nibis.de\/klunkau\/files\/2021\/09\/Starterpakete_002.jpg\" \/>\n\n\n\t<div class=\"ms-thumb\" ><div class=\"ms-tab-context\"><div class=\"&quot;ms-tab-context&quot;\"><\/div><\/div>\n<\/div>\n\t\t\t\t<\/div>\n\t\t\t\t<div  class=\"ms-slide\" data-delay=\"3\" data-fill-mode=\"fit\"  >\n\t\t\t\t\t<img decoding=\"async\" src=\"https:\/\/wordpress.nibis.de\/klunkau\/wp-content\/plugins\/master-slider\/public\/assets\/css\/blank.gif\" alt=\"\" title=\"\" data-src=\"https:\/\/wordpress.nibis.de\/klunkau\/files\/2021\/09\/Starterpakete_005.jpg\" \/>\n\n\n\t<div class=\"ms-thumb\" ><div class=\"ms-tab-context\"><div class=\"&quot;ms-tab-context&quot;\"><\/div><\/div>\n<\/div>\n\t\t\t\t<\/div>\n\t\t\t\t<div  class=\"ms-slide\" data-delay=\"3\" data-fill-mode=\"fit\"  >\n\t\t\t\t\t<img decoding=\"async\" src=\"https:\/\/wordpress.nibis.de\/klunkau\/wp-content\/plugins\/master-slider\/public\/assets\/css\/blank.gif\" alt=\"\" title=\"\" data-src=\"https:\/\/wordpress.nibis.de\/klunkau\/files\/2021\/09\/Starterpakete_004.jpg\" \/>\n\n\n\t<div class=\"ms-thumb\" ><div class=\"ms-tab-context\"><div class=\"&quot;ms-tab-context&quot;\"><\/div><\/div>\n<\/div>\n\t\t\t\t<\/div>\n\t\t\t\t<div  class=\"ms-slide\" data-delay=\"3\" data-fill-mode=\"fit\"  >\n\t\t\t\t\t<img decoding=\"async\" src=\"https:\/\/wordpress.nibis.de\/klunkau\/wp-content\/plugins\/master-slider\/public\/assets\/css\/blank.gif\" alt=\"\" title=\"\" data-src=\"https:\/\/wordpress.nibis.de\/klunkau\/files\/2021\/09\/Starterpakete_006.jpg\" \/>\n\n\n\t<div class=\"ms-thumb\" ><div class=\"ms-tab-context\"><div class=\"&quot;ms-tab-context&quot;\"><\/div><\/div>\n<\/div>\n\t\t\t\t<\/div>\n\t\t\t\t<div  class=\"ms-slide\" data-delay=\"3\" data-fill-mode=\"fit\"  >\n\t\t\t\t\t<img decoding=\"async\" src=\"https:\/\/wordpress.nibis.de\/klunkau\/wp-content\/plugins\/master-slider\/public\/assets\/css\/blank.gif\" alt=\"\" title=\"\" data-src=\"https:\/\/wordpress.nibis.de\/klunkau\/files\/2021\/09\/Starterpakete_046.jpg\" \/>\n\n\n\t<div class=\"ms-thumb\" ><div class=\"ms-tab-context\"><div class=\"&quot;ms-tab-context&quot;\"><\/div><\/div>\n<\/div>\n\t\t\t\t<\/div>\n\t\t\t\t<div  class=\"ms-slide\" data-delay=\"3\" data-fill-mode=\"fit\"  >\n\t\t\t\t\t<img decoding=\"async\" src=\"https:\/\/wordpress.nibis.de\/klunkau\/wp-content\/plugins\/master-slider\/public\/assets\/css\/blank.gif\" alt=\"\" title=\"\" data-src=\"https:\/\/wordpress.nibis.de\/klunkau\/files\/2021\/09\/Starterpakete_047.jpg\" \/>\n\n\n\t<div class=\"ms-thumb\" ><div class=\"ms-tab-context\"><div class=\"&quot;ms-tab-context&quot;\"><\/div><\/div>\n<\/div>\n\t\t\t\t<\/div>\n\n\t\t\t<\/div>\n\t\t\t<!-- END MasterSlider Main -->\n\n\t\t\t \n\t\t<\/div>\n\t\t<!-- END MasterSlider -->\n\n\t\t<script>\n\t\t(function ( $ ) {\n\t\t\t\"use strict\";\n\n\t\t\t$(function () {\n\t\t\t\tvar masterslider_2ab3 = new MasterSlider();\n\n\t\t\t\t\/\/ slider controls\n\t\t\t\tmasterslider_2ab3.control('arrows'     ,{ autohide:true, overVideo:true  });\t\t\t\tmasterslider_2ab3.control('bullets'    ,{ autohide:true, overVideo:true, dir:'h', align:'bottom' , margin:10  });\n\n\t\t\t\t\/\/ slider setup\n\t\t\t\tmasterslider_2ab3.setup(\"MS69ee51b072ab3\", {\n\t\t\t\t\t\twidth           : 1000,\n\t\t\t\t\t\theight          : 500,\n\t\t\t\t\t\tminHeight       : 0,\n\t\t\t\t\t\tspace           : 0,\n\t\t\t\t\t\tstart           : 1,\n\t\t\t\t\t\tgrabCursor      : true,\n\t\t\t\t\t\tswipe           : true,\n\t\t\t\t\t\tmouse           : true,\n\t\t\t\t\t\tlayout          : \"boxed\",\n\t\t\t\t\t\twheel           : false,\n\t\t\t\t\t\tautoplay        : false,\n\t\t\t\t\t\tinstantStartLayers:false,\n\t\t\t\t\t\tloop            : false,\n\t\t\t\t\t\tshuffle         : false,\n\t\t\t\t\t\tpreload         : 0,\n\t\t\t\t\t\theightLimit     : true,\n\t\t\t\t\t\tautoHeight      : false,\n\t\t\t\t\t\tsmoothHeight    : true,\n\t\t\t\t\t\tendPause        : false,\n\t\t\t\t\t\toverPause       : true,\n\t\t\t\t\t\tfillMode        : \"fill\",\n\t\t\t\t\t\tcenterControls  : true,\n\t\t\t\t\t\tstartOnAppear   : false,\n\t\t\t\t\t\tlayersMode      : \"center\",\n\t\t\t\t\t\thideLayers      : false,\n\t\t\t\t\t\tfullscreenMargin: 0,\n\t\t\t\t\t\tspeed           : 20,\n\t\t\t\t\t\tdir             : \"h\",\n\t\t\t\t\t\tparallaxMode    : 'swipe',\n\t\t\t\t\t\tview            : \"basic\"\n\t\t\t\t});\n\n\t\t\t\t\n\t\t\t\twindow.masterslider_instances = window.masterslider_instances || [];\n\t\t\t\twindow.masterslider_instances.push( masterslider_2ab3 );\n\t\t\t });\n\n\t\t})(jQuery);\n\t\t<\/script>\n\n\n\n\n<p><\/p>\n","protected":false},"excerpt":{"rendered":"<p>HSK-Starterpaket Wir sind eine Hauptschule in Salzgitter und werden in diesen Zeiten mit ganz besonderen Herausforderungen konfrontiert. Circa ein Drittel unserer Sch\u00fclerInnen sind aus einem Krisengebiet geflohen. Ein Teil unserer Sch\u00fclerInnen haben einen festgestellten sonderp\u00e4dagogischen Unterst\u00fctzungsbedarf. Oft kommen Sch\u00fclerInnen ohne Schulsachen in den Unterricht. Dies hat unterschiedliche Ursachen. Wir wollen den Sch\u00fclerInnen einen unbeschwerten Start [&hellip;]<\/p>\n","protected":false},"author":9192891,"featured_media":0,"parent":0,"menu_order":0,"comment_status":"closed","ping_status":"closed","template":"template-full-width.php","meta":{"footnotes":""},"class_list":["post-945","page","type-page","status-publish","hentry"],"_links":{"self":[{"href":"https:\/\/wordpress.nibis.de\/klunkau\/wp-json\/wp\/v2\/pages\/945","targetHints":{"allow":["GET"]}}],"collection":[{"href":"https:\/\/wordpress.nibis.de\/klunkau\/wp-json\/wp\/v2\/pages"}],"about":[{"href":"https:\/\/wordpress.nibis.de\/klunkau\/wp-json\/wp\/v2\/types\/page"}],"author":[{"embeddable":true,"href":"https:\/\/wordpress.nibis.de\/klunkau\/wp-json\/wp\/v2\/users\/9192891"}],"replies":[{"embeddable":true,"href":"https:\/\/wordpress.nibis.de\/klunkau\/wp-json\/wp\/v2\/comments?post=945"}],"version-history":[{"count":8,"href":"https:\/\/wordpress.nibis.de\/klunkau\/wp-json\/wp\/v2\/pages\/945\/revisions"}],"predecessor-version":[{"id":1469,"href":"https:\/\/wordpress.nibis.de\/klunkau\/wp-json\/wp\/v2\/pages\/945\/revisions\/1469"}],"wp:attachment":[{"href":"https:\/\/wordpress.nibis.de\/klunkau\/wp-json\/wp\/v2\/media?parent=945"}],"curies":[{"name":"wp","href":"https:\/\/api.w.org\/{rel}","templated":true}]}}