{"id":1000,"date":"2024-12-05T09:27:46","date_gmt":"2024-12-05T08:27:46","guid":{"rendered":"https:\/\/wordpress.nibis.de\/knieberg\/?page_id=1000"},"modified":"2024-12-05T09:27:58","modified_gmt":"2024-12-05T08:27:58","slug":"betriebspraktikum-1011","status":"publish","type":"page","link":"https:\/\/wordpress.nibis.de\/knieberg\/betriebspraktikum-1011\/","title":{"rendered":"Betriebspraktikum"},"content":{"rendered":"<p>Die Sch\u00fcler*innen absolvieren in der Regel vor oder nach den Osterferien ein zweiw\u00f6chiges Praktikum. Hierbei sollen sich die Sch\u00fcler*innen gerne interessensgeleitet auch in Bereichen ausprobieren, die noch keinen direkten Berufsbezug haben. \u00a0Die Praktika k\u00f6nnen in gesch\u00fctzten Werkst\u00e4tten (Lebenshilfe, Hof Bockum, Birkenhof u.a.), in Tagesf\u00f6rderst\u00e4tten (Lebenshilfe, K\u00fchnau Plus) oder auf dem ersten Arbeitsmarkt absolviert werden. Die Eltern werden bei der Suche nach Praktikumspl\u00e4tzen bei Bedarf von der Schule unterst\u00fctzt, die Praktikumsstellen bei der Lebenshilfe werden von der Schule organisiert. \u00a0<\/p>\n<p>Diese Praktika werden im Unterricht durch individuelle Unterst\u00fctzung, z.B. bei dem Schreiben von Bewerbungen und Lebensl\u00e4ufen, durch Betriebserkundigungen und Besuche am Praktikumsplatz vor- und durch Praktikumsberichte und Reflektionen nachbereitet<\/p>\n\n\n<figure class=\"wp-block-image size-full\"><img loading=\"lazy\" decoding=\"async\" width=\"1010\" height=\"746\" src=\"https:\/\/wordpress.nibis.de\/knieberg\/files\/2024\/12\/Anhang-8_Grafik-Praktikum.png\" alt=\"\" class=\"wp-image-958\" srcset=\"https:\/\/wordpress.nibis.de\/knieberg\/files\/2024\/12\/Anhang-8_Grafik-Praktikum.png 1010w, https:\/\/wordpress.nibis.de\/knieberg\/files\/2024\/12\/Anhang-8_Grafik-Praktikum-300x222.png 300w, https:\/\/wordpress.nibis.de\/knieberg\/files\/2024\/12\/Anhang-8_Grafik-Praktikum-768x567.png 768w, https:\/\/wordpress.nibis.de\/knieberg\/files\/2024\/12\/Anhang-8_Grafik-Praktikum-366x270.png 366w\" sizes=\"auto, (max-width: 1010px) 100vw, 1010px\" \/><\/figure>\n","protected":false},"excerpt":{"rendered":"<p>Die Sch\u00fcler*innen absolvieren in der Regel vor oder nach den Osterferien ein zweiw\u00f6chiges Praktikum. Hierbei sollen sich die Sch\u00fcler*innen gerne interessensgeleitet auch in Bereichen ausprobieren, die noch keinen direkten Berufsbezug haben. \u00a0Die Praktika k\u00f6nnen in gesch\u00fctzten Werkst\u00e4tten (Lebenshilfe, Hof Bockum, Birkenhof u.a.), in Tagesf\u00f6rderst\u00e4tten (Lebenshilfe, K\u00fchnau Plus) oder auf dem ersten Arbeitsmarkt absolviert werden. Die Eltern werden bei der Suche nach Praktikumspl\u00e4tzen bei Bedarf von der Schule unterst\u00fctzt, die Praktikumsstellen bei der Lebenshilfe werden von der Schule organisiert. \u00a0 Diese&#8230;<\/p>\n<p class=\"read-more\"><a class=\"btn btn-default\" href=\"https:\/\/wordpress.nibis.de\/knieberg\/betriebspraktikum-1011\/\">Weiterlesen<span class=\"screen-reader-text\"> Weiterlesen<\/span><\/a><\/p>\n","protected":false},"author":9193665,"featured_media":0,"parent":0,"menu_order":0,"comment_status":"closed","ping_status":"closed","template":"","meta":{"footnotes":""},"class_list":["post-1000","page","type-page","status-publish","hentry"],"_links":{"self":[{"href":"https:\/\/wordpress.nibis.de\/knieberg\/wp-json\/wp\/v2\/pages\/1000","targetHints":{"allow":["GET"]}}],"collection":[{"href":"https:\/\/wordpress.nibis.de\/knieberg\/wp-json\/wp\/v2\/pages"}],"about":[{"href":"https:\/\/wordpress.nibis.de\/knieberg\/wp-json\/wp\/v2\/types\/page"}],"author":[{"embeddable":true,"href":"https:\/\/wordpress.nibis.de\/knieberg\/wp-json\/wp\/v2\/users\/9193665"}],"replies":[{"embeddable":true,"href":"https:\/\/wordpress.nibis.de\/knieberg\/wp-json\/wp\/v2\/comments?post=1000"}],"version-history":[{"count":2,"href":"https:\/\/wordpress.nibis.de\/knieberg\/wp-json\/wp\/v2\/pages\/1000\/revisions"}],"predecessor-version":[{"id":1002,"href":"https:\/\/wordpress.nibis.de\/knieberg\/wp-json\/wp\/v2\/pages\/1000\/revisions\/1002"}],"wp:attachment":[{"href":"https:\/\/wordpress.nibis.de\/knieberg\/wp-json\/wp\/v2\/media?parent=1000"}],"curies":[{"name":"wp","href":"https:\/\/api.w.org\/{rel}","templated":true}]}}