{"id":1004,"date":"2024-12-05T09:29:40","date_gmt":"2024-12-05T08:29:40","guid":{"rendered":"https:\/\/wordpress.nibis.de\/knieberg\/?page_id=1004"},"modified":"2024-12-05T09:29:40","modified_gmt":"2024-12-05T08:29:40","slug":"vorberuflich-1011","status":"publish","type":"page","link":"https:\/\/wordpress.nibis.de\/knieberg\/vorberuflich-1011\/","title":{"rendered":"Vorberufliche Bildung"},"content":{"rendered":"<p>Im Kerncurriculum erwerben die Sch\u00fcler*innen im Kompetenzbereich vorberufliche Bildung grundlegende Kompetenzen in verschiedenen Arbeitsfeldern und setzen sich mit verschiedenen Arbeitsbedingungen auseinander, um auf dieser Basis Entscheidungen zur Aufnahme einer Arbeitsst\u00e4tigkeit zu treffen. Die Vor- und Nachbereitung der Praktika sowie die Arbeit in der Sch\u00fclerfirma sind hierbei grundlegend.<\/p>\n<p>Zur Vorbereitung einer Entscheidungsfindung werden zudem StArk (strukturierte)-Arbeitskisten und ggf. der hamet-e als Testverfahren der beruflichen Diagnostik eingesetzt.<\/p>\n<p>Mit Sch\u00fcler*innen, die ggf. zuk\u00fcnftig eine Besch\u00e4ftigung auf dem ersten Arbeitsmarkt finden k\u00f6nnten, kann gemeinsam mit dem Arbeitsamt das sogenannte BOGE Modul (Berufliche Orientierung Geistige Entwicklung) durchgef\u00fchrt werden.<\/p>\n\n\n<p><\/p>\n","protected":false},"excerpt":{"rendered":"<p>Im Kerncurriculum erwerben die Sch\u00fcler*innen im Kompetenzbereich vorberufliche Bildung grundlegende Kompetenzen in verschiedenen Arbeitsfeldern und setzen sich mit verschiedenen Arbeitsbedingungen auseinander, um auf dieser Basis Entscheidungen zur Aufnahme einer Arbeitsst\u00e4tigkeit zu treffen. Die Vor- und Nachbereitung der Praktika sowie die Arbeit in der Sch\u00fclerfirma sind hierbei grundlegend. Zur Vorbereitung einer Entscheidungsfindung werden zudem StArk (strukturierte)-Arbeitskisten und ggf. der hamet-e als Testverfahren der beruflichen Diagnostik eingesetzt. Mit Sch\u00fcler*innen, die ggf. zuk\u00fcnftig eine Besch\u00e4ftigung auf dem ersten Arbeitsmarkt finden k\u00f6nnten, kann gemeinsam&#8230;<\/p>\n<p class=\"read-more\"><a class=\"btn btn-default\" href=\"https:\/\/wordpress.nibis.de\/knieberg\/vorberuflich-1011\/\">Weiterlesen<span class=\"screen-reader-text\"> Weiterlesen<\/span><\/a><\/p>\n","protected":false},"author":9193665,"featured_media":0,"parent":0,"menu_order":0,"comment_status":"closed","ping_status":"closed","template":"","meta":{"footnotes":""},"class_list":["post-1004","page","type-page","status-publish","hentry"],"_links":{"self":[{"href":"https:\/\/wordpress.nibis.de\/knieberg\/wp-json\/wp\/v2\/pages\/1004","targetHints":{"allow":["GET"]}}],"collection":[{"href":"https:\/\/wordpress.nibis.de\/knieberg\/wp-json\/wp\/v2\/pages"}],"about":[{"href":"https:\/\/wordpress.nibis.de\/knieberg\/wp-json\/wp\/v2\/types\/page"}],"author":[{"embeddable":true,"href":"https:\/\/wordpress.nibis.de\/knieberg\/wp-json\/wp\/v2\/users\/9193665"}],"replies":[{"embeddable":true,"href":"https:\/\/wordpress.nibis.de\/knieberg\/wp-json\/wp\/v2\/comments?post=1004"}],"version-history":[{"count":1,"href":"https:\/\/wordpress.nibis.de\/knieberg\/wp-json\/wp\/v2\/pages\/1004\/revisions"}],"predecessor-version":[{"id":1005,"href":"https:\/\/wordpress.nibis.de\/knieberg\/wp-json\/wp\/v2\/pages\/1004\/revisions\/1005"}],"wp:attachment":[{"href":"https:\/\/wordpress.nibis.de\/knieberg\/wp-json\/wp\/v2\/media?parent=1004"}],"curies":[{"name":"wp","href":"https:\/\/api.w.org\/{rel}","templated":true}]}}