{"id":1009,"date":"2024-12-05T09:39:53","date_gmt":"2024-12-05T08:39:53","guid":{"rendered":"https:\/\/wordpress.nibis.de\/knieberg\/?page_id=1009"},"modified":"2024-12-05T09:39:53","modified_gmt":"2024-12-05T08:39:53","slug":"fachpraxiskurse-12","status":"publish","type":"page","link":"https:\/\/wordpress.nibis.de\/knieberg\/fachpraxiskurse-12\/","title":{"rendered":"Fachpraxiskurse an der BBS"},"content":{"rendered":"\n<p>In der 12. Klasse erfolgt ein Ortswechsel an die BBS II (Georg-Sonnin-Schule L\u00fcneburg). Dort nehmen die Sch\u00fcler*innen an den Fachpraxiskursen der BBS II teil. Folgende Kurse werden in der Regel angeboten:<\/p>\n\n\n\n<ul class=\"wp-block-list\"><li>Metalltechnik<\/li><li>Bautechnik<\/li><li>Holztechnik<\/li><li>Fahrzeugtechnik<\/li><li>K\u00f6rperpflege<\/li><li>Textiltechnik<\/li><li>Farbtechnik und Raumgestaltung<\/li><\/ul>\n\n\n\n<p>Die Teilhabe an der Fachpraxis erfolgt min. 2 Tage w\u00f6chentlich. Dabei werden unsere Sch\u00fcler*innen gemeinsam mit den Sch\u00fcler*innen der Berufseinstiegsklassen der BBS unterrichtet. Der Fachpraxisunterricht wird durch eine Lehrkraft der BBS unterrichtet, unsere Sch\u00fcler*innen werden dabei von unseren Lehrkr\u00e4ften\/ P\u00e4dagogischen Mitarbeiter*Innen begleitet und unterst\u00fctzt.<\/p>\n","protected":false},"excerpt":{"rendered":"<p>In der 12. Klasse erfolgt ein Ortswechsel an die BBS II (Georg-Sonnin-Schule L\u00fcneburg). Dort nehmen die Sch\u00fcler*innen an den Fachpraxiskursen der BBS II teil. Folgende Kurse werden in der Regel angeboten: Metalltechnik Bautechnik Holztechnik Fahrzeugtechnik K\u00f6rperpflege Textiltechnik Farbtechnik und Raumgestaltung Die Teilhabe an der Fachpraxis erfolgt min. 2 Tage w\u00f6chentlich. Dabei werden unsere Sch\u00fcler*innen gemeinsam mit den Sch\u00fcler*innen der Berufseinstiegsklassen der BBS unterrichtet. Der Fachpraxisunterricht wird durch eine Lehrkraft der BBS unterrichtet, unsere Sch\u00fcler*innen werden dabei von unseren Lehrkr\u00e4ften\/ P\u00e4dagogischen&#8230;<\/p>\n<p class=\"read-more\"><a class=\"btn btn-default\" href=\"https:\/\/wordpress.nibis.de\/knieberg\/fachpraxiskurse-12\/\">Weiterlesen<span class=\"screen-reader-text\"> Weiterlesen<\/span><\/a><\/p>\n","protected":false},"author":9193665,"featured_media":0,"parent":0,"menu_order":0,"comment_status":"closed","ping_status":"closed","template":"","meta":{"footnotes":""},"class_list":["post-1009","page","type-page","status-publish","hentry"],"_links":{"self":[{"href":"https:\/\/wordpress.nibis.de\/knieberg\/wp-json\/wp\/v2\/pages\/1009","targetHints":{"allow":["GET"]}}],"collection":[{"href":"https:\/\/wordpress.nibis.de\/knieberg\/wp-json\/wp\/v2\/pages"}],"about":[{"href":"https:\/\/wordpress.nibis.de\/knieberg\/wp-json\/wp\/v2\/types\/page"}],"author":[{"embeddable":true,"href":"https:\/\/wordpress.nibis.de\/knieberg\/wp-json\/wp\/v2\/users\/9193665"}],"replies":[{"embeddable":true,"href":"https:\/\/wordpress.nibis.de\/knieberg\/wp-json\/wp\/v2\/comments?post=1009"}],"version-history":[{"count":1,"href":"https:\/\/wordpress.nibis.de\/knieberg\/wp-json\/wp\/v2\/pages\/1009\/revisions"}],"predecessor-version":[{"id":1010,"href":"https:\/\/wordpress.nibis.de\/knieberg\/wp-json\/wp\/v2\/pages\/1009\/revisions\/1010"}],"wp:attachment":[{"href":"https:\/\/wordpress.nibis.de\/knieberg\/wp-json\/wp\/v2\/media?parent=1009"}],"curies":[{"name":"wp","href":"https:\/\/api.w.org\/{rel}","templated":true}]}}