{"id":101,"date":"2020-12-21T16:51:11","date_gmt":"2020-12-21T15:51:11","guid":{"rendered":"https:\/\/wordpress.nibis.de\/knieberg\/?page_id=101"},"modified":"2025-01-16T07:06:40","modified_gmt":"2025-01-16T06:06:40","slug":"kooperation","status":"publish","type":"page","link":"https:\/\/wordpress.nibis.de\/knieberg\/kooperation\/","title":{"rendered":"Kooperation"},"content":{"rendered":"\n<hr class=\"wp-block-separator has-text-color has-background is-style-wide\" style=\"background-color:#009688;color:#009688\" \/>\n\n\n<p>Die Einrichtung einer Kooperationsklasse der F\u00f6rderschule Schwerpunkt geistige Entwicklung an einer GS\/OBS verfolgt die Zielsetzung, das gemeinsame Lernen von behinderten und nicht behinderten Kindern weiter zu entwickeln.<\/p>\n<p><strong>Die Kooperationsklasse<\/strong>\u00a0<strong>geh\u00f6rt<\/strong>\u00a0organisatorisch weiter\u00a0<strong>zur F\u00f6rderschule<\/strong>. Sie bleibt verantwortlich f\u00fcr alle inhaltlichen und organisatorischen Belange. Lehrkr\u00e4fte und Erzieherinnen, die in der Klasse arbeiten, sind Personal der F\u00f6rderschule.<\/p>\n<p>Die Kooperationsklasse hat an der GS\/OBS\u00a0<strong>eine Partnerklasse<\/strong>, mit der die Zusammenarbeit entwickelt wird.<\/p>\n<p>Zur Durchf\u00fchrung einer Kooperation gibt es keine Bestimmungen oder konkret gefasste Vorgaben, wie z.B. Anzahl der gemeinsamen Unterrichtsstunden, Gruppengr\u00f6\u00dfe etc. Das soll erm\u00f6glichen, dass die beteiligten P\u00e4dagogen\/innen uneingeschr\u00e4nkt alle individuellen Faktoren (z.B. Leistungsst\u00e4rke und Lernbed\u00fcrfnisse der beteiligten Sch\u00fclergruppen oder Unterrichtsstile der Lehrkr\u00e4fte) ber\u00fccksichtigen und ihren Unterricht darauf abstimmen k\u00f6nnen. Es hat sich aber als sinnvoll erwiesen, die Anzahl der Stunden, die gemeinsam unterrichtet werden, festzulegen.<\/p>\n<p>In der Regel wird der gemeinsame Unterricht in\u00a0 F\u00e4chern erteilt, deren Zugangswege nicht schwerpunktartig kognitiv sind. Erfahrungsgem\u00e4\u00df bieten sich\u00a0<strong>Musik, Sport oder Kunst<\/strong>\u00a0in besonderer Weise an, da sich hier vielf\u00e4ltige M\u00f6glichkeiten bieten, an einem Gegenstand auf sehr unterschiedlichem Niveau gemeinsam zu lernen.<\/p>\n<p>In der Kooperationsklasse sind durchgehend\u00a0<strong>zwei P\u00e4dagoginnen<\/strong>\u00a0anwesend. Es ist m\u00f6glich, diese personelle Besetzung methodisch z.B. nutzbar zu machen: f\u00fcr angeleitete Gruppenarbeit, Kooperation von Kleingruppen der Partnerklassen, Kooperation in einzelnen Phasen von Unterrichtsstunden usw. Ebenso erm\u00f6glicht sie flexibles Reagieren in der aktuellen Unterrichtssituation: so ist es zum Beispiel m\u00f6glich, spontan den Unterricht f\u00fcr einzelne Sch\u00fcler abzuk\u00fcrzen, wenn dies p\u00e4dagogisch sinnvoll erscheint.<\/p>\n<p><img loading=\"lazy\" decoding=\"async\" class=\"aligncenter  wp-image-172\" src=\"https:\/\/wordpress.nibis.de\/knieberg\/files\/2021\/01\/L\u00fcne-008-300x225.jpg\" alt=\"\" width=\"460\" height=\"345\" srcset=\"https:\/\/wordpress.nibis.de\/knieberg\/files\/2021\/01\/L\u00fcne-008-300x225.jpg 300w, https:\/\/wordpress.nibis.de\/knieberg\/files\/2021\/01\/L\u00fcne-008-1024x768.jpg 1024w, https:\/\/wordpress.nibis.de\/knieberg\/files\/2021\/01\/L\u00fcne-008-768x576.jpg 768w, https:\/\/wordpress.nibis.de\/knieberg\/files\/2021\/01\/L\u00fcne-008-1536x1152.jpg 1536w, https:\/\/wordpress.nibis.de\/knieberg\/files\/2021\/01\/L\u00fcne-008-2048x1536.jpg 2048w, https:\/\/wordpress.nibis.de\/knieberg\/files\/2021\/01\/L\u00fcne-008-360x270.jpg 360w\" sizes=\"auto, (max-width: 460px) 100vw, 460px\" \/><\/p>\n<p>F\u00fcr die Gruppe der\u00a0<strong>Regelsch\u00fcler<\/strong>\u00a0bietet Kooperation unseres Erachtens die Vorteile\u2026<\/p>\n<ul>\n<li>vielf\u00e4ltige soziale Kontakte zu erm\u00f6glichen<\/li>\n<li>die eigenen Wertma\u00dfst\u00e4be in Bezug auf Leistung und Pers\u00f6nlichkeit zu<\/li>\n<\/ul>\n<p>erweitern<\/p>\n<ul>\n<li>in ver\u00e4nderten Sozialformen zu lernen<\/li>\n<li>durch die erweiterte M\u00f6glichkeit zur \u00d6ffnung von Unterricht zu profitieren.<\/li>\n<\/ul>\n<p>F\u00fcr die Gruppe der\u00a0<strong>Sch\u00fcler mit F\u00f6rderbedarf im Bereich der geistigen Entwicklung<\/strong>\u00a0bietet Kooperation unseres Erachtens die Vorteile\u2026<\/p>\n<ul>\n<li>Lernanl\u00e4sse, die nur in kooperativen Zusammenh\u00e4ngen m\u00f6glich sind<\/li>\n<li>Verhaltens- und Sprachvorbilder der Regelsch\u00fcler<\/li>\n<li>Normalit\u00e4t im Lebensumfeld, Wohnortn\u00e4he, soziale Kontakte,<\/li>\n<li>\u00a0gemeinsame Schule mit Geschwistern<\/li>\n<\/ul>\n<p>erfahren zu k\u00f6nnen.<\/p>\n<p>Die Bildung von Kooperationsklassen ist mittlerweile landesweit ein erfolgreiches Modell zur Weiterentwicklung des gemeinsamen Lernens.<\/p>\n<p>Die Schule am Knieberg verf\u00fcgt \u00fcber langj\u00e4hrige Erfahrungen in diesem Bereich. So startete unsere erste Kooperationsklasse bereits im Schuljahr im Schuljahr 1997\/98 an der Grundschule Adendorf. Nachfolgend ein kurzer \u00dcberblick \u00fcber unsere aktuellen Kooperationen im Schuljahr 2017\/18.<\/p>\n<p><img loading=\"lazy\" decoding=\"async\" class=\"aligncenter  wp-image-171\" src=\"https:\/\/wordpress.nibis.de\/knieberg\/files\/2021\/01\/DSC_0114-300x169.jpg\" alt=\"\" width=\"376\" height=\"212\" srcset=\"https:\/\/wordpress.nibis.de\/knieberg\/files\/2021\/01\/DSC_0114-300x169.jpg 300w, https:\/\/wordpress.nibis.de\/knieberg\/files\/2021\/01\/DSC_0114-1024x576.jpg 1024w, https:\/\/wordpress.nibis.de\/knieberg\/files\/2021\/01\/DSC_0114-768x432.jpg 768w, https:\/\/wordpress.nibis.de\/knieberg\/files\/2021\/01\/DSC_0114-1536x864.jpg 1536w, https:\/\/wordpress.nibis.de\/knieberg\/files\/2021\/01\/DSC_0114-2048x1152.jpg 2048w, https:\/\/wordpress.nibis.de\/knieberg\/files\/2021\/01\/DSC_0114-480x270.jpg 480w\" sizes=\"auto, (max-width: 376px) 100vw, 376px\" \/><\/p>\n<p>\u00a0<\/p>\n<p><strong>Kooperationsklassen an Grundschulen<\/strong><\/p>\n<table>\n<tbody>\n<tr>\n<td width=\"307\">Igelschule Hagen<\/td>\n<td width=\"307\">Klasse 1<\/td>\n<\/tr>\n<tr>\n<td width=\"307\">Grundschule Adendorf<\/td>\n<td width=\"307\">Klasse 2<\/td>\n<\/tr>\n<tr>\n<td width=\"307\">Grundschule Melbeck<\/td>\n<td width=\"307\">Klasse 3<\/td>\n<\/tr>\n<tr>\n<td width=\"307\">Grundschule am Sandberg, Ochtmissen<\/td>\n<td width=\"307\">Klasse 3<\/td>\n<\/tr>\n<tr>\n<td width=\"307\">Grundschule Hagen<\/td>\n<td width=\"307\">Klasse 4<\/td>\n<\/tr>\n<tr>\n<td>Grundschule L\u00fcne<\/td>\n<td>Klasse 4<\/td>\n<\/tr>\n<\/tbody>\n<\/table>\n<p><strong>Kooperationsklassen an Oberschulen<\/strong><\/p>\n<table>\n<tbody>\n<tr>\n<td width=\"307\">Schule am Katzenberg, Adendorf<\/td>\n<td width=\"307\">Klasse 5<\/td>\n<\/tr>\n<tr>\n<td width=\"307\">Hugo-Friedrich-Hartmann-Schule, Bardowick<\/td>\n<td width=\"307\">Klasse 5<\/td>\n<\/tr>\n<tr>\n<td width=\"307\">Hugo-Friedrich-Hartmann-Schule, Bardowick<\/td>\n<td width=\"307\">Klasse 6<\/td>\n<\/tr>\n<tr>\n<td width=\"307\">Schule am Katzenberg, Adendorf<\/td>\n<td width=\"307\">Klasse 6\/7<\/td>\n<\/tr>\n<\/tbody>\n<\/table>\n<p><strong>Kooperationsklassen an Berufsbildenden Schulen<\/strong><\/p>\n<table>\n<tbody>\n<tr>\n<td width=\"307\">Georg-Sonnin-Schule, BBS II<\/td>\n<td width=\"307\">Klasse 12a<\/td>\n<\/tr>\n<tr>\n<td width=\"307\">Georg-Sonnin-Schule, BBS II<\/td>\n<td width=\"307\">Klasse 12b<\/td>\n<\/tr>\n<\/tbody>\n<\/table>\n<p><img loading=\"lazy\" decoding=\"async\" class=\"aligncenter  wp-image-170\" src=\"https:\/\/wordpress.nibis.de\/knieberg\/files\/2021\/01\/DSC_0095-300x169.jpg\" alt=\"\" width=\"463\" height=\"261\" srcset=\"https:\/\/wordpress.nibis.de\/knieberg\/files\/2021\/01\/DSC_0095-300x169.jpg 300w, https:\/\/wordpress.nibis.de\/knieberg\/files\/2021\/01\/DSC_0095-1024x576.jpg 1024w, https:\/\/wordpress.nibis.de\/knieberg\/files\/2021\/01\/DSC_0095-768x432.jpg 768w, https:\/\/wordpress.nibis.de\/knieberg\/files\/2021\/01\/DSC_0095-1536x864.jpg 1536w, https:\/\/wordpress.nibis.de\/knieberg\/files\/2021\/01\/DSC_0095-2048x1152.jpg 2048w, https:\/\/wordpress.nibis.de\/knieberg\/files\/2021\/01\/DSC_0095-480x270.jpg 480w\" sizes=\"auto, (max-width: 463px) 100vw, 463px\" \/><\/p>\n\n\n<hr class=\"wp-block-separator has-text-color has-background is-style-wide\" style=\"background-color:#009688;color:#009688\" \/>\n\n\n","protected":false},"excerpt":{"rendered":"<p>Die Einrichtung einer Kooperationsklasse der F\u00f6rderschule Schwerpunkt geistige Entwicklung an einer GS\/OBS verfolgt die Zielsetzung, das gemeinsame Lernen von behinderten und nicht behinderten Kindern weiter zu entwickeln. Die Kooperationsklasse\u00a0geh\u00f6rt\u00a0organisatorisch weiter\u00a0zur F\u00f6rderschule. Sie bleibt verantwortlich f\u00fcr alle inhaltlichen und organisatorischen Belange. Lehrkr\u00e4fte und Erzieherinnen, die in der Klasse arbeiten, sind Personal der F\u00f6rderschule. Die Kooperationsklasse hat an der GS\/OBS\u00a0eine Partnerklasse, mit der die Zusammenarbeit entwickelt wird. Zur Durchf\u00fchrung einer Kooperation gibt es keine Bestimmungen oder konkret gefasste Vorgaben, wie z.B. Anzahl&#8230;<\/p>\n<p class=\"read-more\"><a class=\"btn btn-default\" href=\"https:\/\/wordpress.nibis.de\/knieberg\/kooperation\/\">Weiterlesen<span class=\"screen-reader-text\"> Weiterlesen<\/span><\/a><\/p>\n","protected":false},"author":9193665,"featured_media":0,"parent":0,"menu_order":0,"comment_status":"closed","ping_status":"closed","template":"","meta":{"footnotes":""},"class_list":["post-101","page","type-page","status-publish","hentry"],"_links":{"self":[{"href":"https:\/\/wordpress.nibis.de\/knieberg\/wp-json\/wp\/v2\/pages\/101","targetHints":{"allow":["GET"]}}],"collection":[{"href":"https:\/\/wordpress.nibis.de\/knieberg\/wp-json\/wp\/v2\/pages"}],"about":[{"href":"https:\/\/wordpress.nibis.de\/knieberg\/wp-json\/wp\/v2\/types\/page"}],"author":[{"embeddable":true,"href":"https:\/\/wordpress.nibis.de\/knieberg\/wp-json\/wp\/v2\/users\/9193665"}],"replies":[{"embeddable":true,"href":"https:\/\/wordpress.nibis.de\/knieberg\/wp-json\/wp\/v2\/comments?post=101"}],"version-history":[{"count":6,"href":"https:\/\/wordpress.nibis.de\/knieberg\/wp-json\/wp\/v2\/pages\/101\/revisions"}],"predecessor-version":[{"id":1040,"href":"https:\/\/wordpress.nibis.de\/knieberg\/wp-json\/wp\/v2\/pages\/101\/revisions\/1040"}],"wp:attachment":[{"href":"https:\/\/wordpress.nibis.de\/knieberg\/wp-json\/wp\/v2\/media?parent=101"}],"curies":[{"name":"wp","href":"https:\/\/api.w.org\/{rel}","templated":true}]}}