{"id":1011,"date":"2024-12-05T09:41:13","date_gmt":"2024-12-05T08:41:13","guid":{"rendered":"https:\/\/wordpress.nibis.de\/knieberg\/?page_id=1011"},"modified":"2024-12-05T09:41:13","modified_gmt":"2024-12-05T08:41:13","slug":"zukunftsplanung-12","status":"publish","type":"page","link":"https:\/\/wordpress.nibis.de\/knieberg\/zukunftsplanung-12\/","title":{"rendered":"Pers\u00f6nliche Zukunftsplanung"},"content":{"rendered":"<ul>\n<li>Was sind meine pers\u00f6nlichen St\u00e4rken und Talente?<\/li>\n<li>Welche Ziele m\u00f6chte ich erreichen?<\/li>\n<li>Welche Unterst\u00fctzung ben\u00f6tige ich, um meine Ziele zu erreichen?<\/li>\n<li>Wer sind die wichtigsten Menschen in meinem Leben, die mir bei der Planung helfen k\u00f6nnen?<\/li>\n<li>Wo kann ich weitere Unterst\u00fctzung erhalten?<\/li>\n<li>Wie gehe ich mit Ver\u00e4nderungen um, wenn meine Pl\u00e4ne nicht wie gew\u00fcnscht verlaufen?<\/li>\n<li>Was sind m\u00f6gliche Schritte, um mein Ziel zu verwirklichen?<\/li>\n<li>Welche F\u00e4higkeiten m\u00f6chte ich weiterentwickeln, um meine Ziele zu erreichen?<\/li>\n<li>Was macht f\u00fcr mich eine gute Lebenssituation aus?<\/li>\n<\/ul>\n<p>Diese Fragen werden beispielhaft im Unterricht im Rahmen der \u201ePers\u00f6nlichen Zukunftsplanung\u201c thematisiert. Die Sch\u00fcler*innen werden dazu angeregt, \u00fcber ihre eigene Zukunft nachzudenken, ihre W\u00fcnsche und Ziele zu formulieren und entsprechende Handlungsschritte zu planen. Dabei stehen die Bereiche Arbeit, Wohnen und Freizeit im Vordergrund.<\/p>\n","protected":false},"excerpt":{"rendered":"<p>Was sind meine pers\u00f6nlichen St\u00e4rken und Talente? Welche Ziele m\u00f6chte ich erreichen? Welche Unterst\u00fctzung ben\u00f6tige ich, um meine Ziele zu erreichen? Wer sind die wichtigsten Menschen in meinem Leben, die mir bei der Planung helfen k\u00f6nnen? Wo kann ich weitere Unterst\u00fctzung erhalten? Wie gehe ich mit Ver\u00e4nderungen um, wenn meine Pl\u00e4ne nicht wie gew\u00fcnscht verlaufen? Was sind m\u00f6gliche Schritte, um mein Ziel zu verwirklichen? Welche F\u00e4higkeiten m\u00f6chte ich weiterentwickeln, um meine Ziele zu erreichen? Was macht f\u00fcr mich eine gute&#8230;<\/p>\n<p class=\"read-more\"><a class=\"btn btn-default\" href=\"https:\/\/wordpress.nibis.de\/knieberg\/zukunftsplanung-12\/\">Weiterlesen<span class=\"screen-reader-text\"> Weiterlesen<\/span><\/a><\/p>\n","protected":false},"author":9193665,"featured_media":0,"parent":0,"menu_order":0,"comment_status":"closed","ping_status":"closed","template":"","meta":{"footnotes":""},"class_list":["post-1011","page","type-page","status-publish","hentry"],"_links":{"self":[{"href":"https:\/\/wordpress.nibis.de\/knieberg\/wp-json\/wp\/v2\/pages\/1011","targetHints":{"allow":["GET"]}}],"collection":[{"href":"https:\/\/wordpress.nibis.de\/knieberg\/wp-json\/wp\/v2\/pages"}],"about":[{"href":"https:\/\/wordpress.nibis.de\/knieberg\/wp-json\/wp\/v2\/types\/page"}],"author":[{"embeddable":true,"href":"https:\/\/wordpress.nibis.de\/knieberg\/wp-json\/wp\/v2\/users\/9193665"}],"replies":[{"embeddable":true,"href":"https:\/\/wordpress.nibis.de\/knieberg\/wp-json\/wp\/v2\/comments?post=1011"}],"version-history":[{"count":1,"href":"https:\/\/wordpress.nibis.de\/knieberg\/wp-json\/wp\/v2\/pages\/1011\/revisions"}],"predecessor-version":[{"id":1012,"href":"https:\/\/wordpress.nibis.de\/knieberg\/wp-json\/wp\/v2\/pages\/1011\/revisions\/1012"}],"wp:attachment":[{"href":"https:\/\/wordpress.nibis.de\/knieberg\/wp-json\/wp\/v2\/media?parent=1011"}],"curies":[{"name":"wp","href":"https:\/\/api.w.org\/{rel}","templated":true}]}}