{"id":1013,"date":"2024-12-05T09:41:58","date_gmt":"2024-12-05T08:41:58","guid":{"rendered":"https:\/\/wordpress.nibis.de\/knieberg\/?page_id=1013"},"modified":"2024-12-05T09:41:58","modified_gmt":"2024-12-05T08:41:58","slug":"berufsvorbereitung-12","status":"publish","type":"page","link":"https:\/\/wordpress.nibis.de\/knieberg\/berufsvorbereitung-12\/","title":{"rendered":"Berufsvorbereitung und Berufsberatung"},"content":{"rendered":"\n<p>Die Berufsvorbereitung erfolgt in der 12. Klasse konkret:<\/p>\n\n\n\n<ul class=\"wp-block-list\"><li>Welche\/n Einrichtung, Institution, Betrieb oder Schule m\u00f6chte ich nach der 12. Klasse besuchen?<\/li><li>Wie und wo kann ich meine W\u00fcnsche realistisch umsetzen?<\/li><li>Wer unterst\u00fctzt mich?<\/li><\/ul>\n\n\n\n<p>Die Sch\u00fcler*innen haben in den vorherigen Klassenstufen schon verschiedene M\u00f6glichkeiten und Berufe kennengelernt \u2013 nun soll der passende nachschulische Weg gefunden werden. Die Informationsangebote (z.B. Markt der M\u00f6glichkeiten), die Pers\u00f6nliche Zukunftsplanung, Betriebsbesichtigungen, das Praktikum und gerne auch privat organisierte Besichtigungen\/ zus\u00e4tzliche Praktika sollen dabei helfen.<\/p>\n\n\n\n<p>Zudem wird dies durch ein Gespr\u00e4ch zur Berufsberatung gemeinsam mit der Reha-Beratung der Agentur f\u00fcr Arbeit, der Sch\u00fcler*in, den Erziehungsberechtigten und den Lehrkr\u00e4ften unterst\u00fctzt. Dieses Gespr\u00e4ch erfolgt etwa zur Mitte des 12. Schuljahres. Sch\u00fcler*innen mit erh\u00f6htem Unterst\u00fctzungsbedarf, die sp\u00e4ter voraussichtlich eine Tagesf\u00f6rderst\u00e4tte besuchen werden, nehmen nicht an dem Beratungsgespr\u00e4ch teil.<\/p>\n","protected":false},"excerpt":{"rendered":"<p>Die Berufsvorbereitung erfolgt in der 12. Klasse konkret: Welche\/n Einrichtung, Institution, Betrieb oder Schule m\u00f6chte ich nach der 12. Klasse besuchen? Wie und wo kann ich meine W\u00fcnsche realistisch umsetzen? Wer unterst\u00fctzt mich? Die Sch\u00fcler*innen haben in den vorherigen Klassenstufen schon verschiedene M\u00f6glichkeiten und Berufe kennengelernt \u2013 nun soll der passende nachschulische Weg gefunden werden. Die Informationsangebote (z.B. Markt der M\u00f6glichkeiten), die Pers\u00f6nliche Zukunftsplanung, Betriebsbesichtigungen, das Praktikum und gerne auch privat organisierte Besichtigungen\/ zus\u00e4tzliche Praktika sollen dabei helfen. Zudem wird&#8230;<\/p>\n<p class=\"read-more\"><a class=\"btn btn-default\" href=\"https:\/\/wordpress.nibis.de\/knieberg\/berufsvorbereitung-12\/\">Weiterlesen<span class=\"screen-reader-text\"> Weiterlesen<\/span><\/a><\/p>\n","protected":false},"author":9193665,"featured_media":0,"parent":0,"menu_order":0,"comment_status":"closed","ping_status":"closed","template":"","meta":{"footnotes":""},"class_list":["post-1013","page","type-page","status-publish","hentry"],"_links":{"self":[{"href":"https:\/\/wordpress.nibis.de\/knieberg\/wp-json\/wp\/v2\/pages\/1013","targetHints":{"allow":["GET"]}}],"collection":[{"href":"https:\/\/wordpress.nibis.de\/knieberg\/wp-json\/wp\/v2\/pages"}],"about":[{"href":"https:\/\/wordpress.nibis.de\/knieberg\/wp-json\/wp\/v2\/types\/page"}],"author":[{"embeddable":true,"href":"https:\/\/wordpress.nibis.de\/knieberg\/wp-json\/wp\/v2\/users\/9193665"}],"replies":[{"embeddable":true,"href":"https:\/\/wordpress.nibis.de\/knieberg\/wp-json\/wp\/v2\/comments?post=1013"}],"version-history":[{"count":1,"href":"https:\/\/wordpress.nibis.de\/knieberg\/wp-json\/wp\/v2\/pages\/1013\/revisions"}],"predecessor-version":[{"id":1014,"href":"https:\/\/wordpress.nibis.de\/knieberg\/wp-json\/wp\/v2\/pages\/1013\/revisions\/1014"}],"wp:attachment":[{"href":"https:\/\/wordpress.nibis.de\/knieberg\/wp-json\/wp\/v2\/media?parent=1013"}],"curies":[{"name":"wp","href":"https:\/\/api.w.org\/{rel}","templated":true}]}}