{"id":1015,"date":"2024-12-05T09:42:59","date_gmt":"2024-12-05T08:42:59","guid":{"rendered":"https:\/\/wordpress.nibis.de\/knieberg\/?page_id=1015"},"modified":"2024-12-05T09:45:13","modified_gmt":"2024-12-05T08:45:13","slug":"betriebspraktikum-12","status":"publish","type":"page","link":"https:\/\/wordpress.nibis.de\/knieberg\/betriebspraktikum-12\/","title":{"rendered":"Betriebspraktikum"},"content":{"rendered":"\n<p>Auch in der 12. Klasse wird ein zweiw\u00f6chiges Praktikum im Fr\u00fchjahr durchgef\u00fchrt. W\u00fcnschenswert ist eine Absolvierung in der Einrichtung oder in dem Betrieb, der sich (gegebenenfalls) an die Schule anschlie\u00dfen soll.<\/p>\n\n\n\n<p>Hierbei wird das Praktikum vor allem im Berufsbildungsbereich der Werkst\u00e4tten f\u00fcr Menschen mit Behinderung absolviert.<\/p>\n\n\n\n<p>Der Berufsbildungsbereich dient jungen Menschen mit Behinderung nach der Schule zur weiteren Berufsvorbereitung und erfolgt i.d.R. wie folgt:<\/p>\n\n\n\n<ul class=\"wp-block-list\"><li>Eingangsverfahren (etwa 3 Monate): Kennenlernen verschiedener Bereiche, Kollegen und Abl\u00e4ufe; F\u00e4higkeiten und Neigungen feststellen<\/li><li>F\u00f6rderung im Berufsbildungsbereich (etwa 24 Monate): Arbeiten in verschiedenen Ausbildungsbereichen<\/li><li>Anschlie\u00dfend Wechsel in einen festen Werkstattplatz<\/li><\/ul>\n\n\n\n<p>Das Praktikum in den 12. Klassen kann auch auf dem 1. Arbeitsmarkt in einem geeigneten Betrieb absolviert werden.<\/p>\n\n\n\n<figure class=\"wp-block-image size-full\"><img loading=\"lazy\" decoding=\"async\" width=\"1010\" height=\"746\" src=\"https:\/\/wordpress.nibis.de\/knieberg\/files\/2024\/12\/Anhang-8_Grafik-Praktikum.png\" alt=\"\" class=\"wp-image-958\" srcset=\"https:\/\/wordpress.nibis.de\/knieberg\/files\/2024\/12\/Anhang-8_Grafik-Praktikum.png 1010w, https:\/\/wordpress.nibis.de\/knieberg\/files\/2024\/12\/Anhang-8_Grafik-Praktikum-300x222.png 300w, https:\/\/wordpress.nibis.de\/knieberg\/files\/2024\/12\/Anhang-8_Grafik-Praktikum-768x567.png 768w, https:\/\/wordpress.nibis.de\/knieberg\/files\/2024\/12\/Anhang-8_Grafik-Praktikum-366x270.png 366w\" sizes=\"auto, (max-width: 1010px) 100vw, 1010px\" \/><\/figure>\n","protected":false},"excerpt":{"rendered":"<p>Auch in der 12. Klasse wird ein zweiw\u00f6chiges Praktikum im Fr\u00fchjahr durchgef\u00fchrt. W\u00fcnschenswert ist eine Absolvierung in der Einrichtung oder in dem Betrieb, der sich (gegebenenfalls) an die Schule anschlie\u00dfen soll. Hierbei wird das Praktikum vor allem im Berufsbildungsbereich der Werkst\u00e4tten f\u00fcr Menschen mit Behinderung absolviert. Der Berufsbildungsbereich dient jungen Menschen mit Behinderung nach der Schule zur weiteren Berufsvorbereitung und erfolgt i.d.R. wie folgt: Eingangsverfahren (etwa 3 Monate): Kennenlernen verschiedener Bereiche, Kollegen und Abl\u00e4ufe; F\u00e4higkeiten und Neigungen feststellen F\u00f6rderung im&#8230;<\/p>\n<p class=\"read-more\"><a class=\"btn btn-default\" href=\"https:\/\/wordpress.nibis.de\/knieberg\/betriebspraktikum-12\/\">Weiterlesen<span class=\"screen-reader-text\"> Weiterlesen<\/span><\/a><\/p>\n","protected":false},"author":9193665,"featured_media":0,"parent":0,"menu_order":0,"comment_status":"closed","ping_status":"closed","template":"","meta":{"footnotes":""},"class_list":["post-1015","page","type-page","status-publish","hentry"],"_links":{"self":[{"href":"https:\/\/wordpress.nibis.de\/knieberg\/wp-json\/wp\/v2\/pages\/1015","targetHints":{"allow":["GET"]}}],"collection":[{"href":"https:\/\/wordpress.nibis.de\/knieberg\/wp-json\/wp\/v2\/pages"}],"about":[{"href":"https:\/\/wordpress.nibis.de\/knieberg\/wp-json\/wp\/v2\/types\/page"}],"author":[{"embeddable":true,"href":"https:\/\/wordpress.nibis.de\/knieberg\/wp-json\/wp\/v2\/users\/9193665"}],"replies":[{"embeddable":true,"href":"https:\/\/wordpress.nibis.de\/knieberg\/wp-json\/wp\/v2\/comments?post=1015"}],"version-history":[{"count":2,"href":"https:\/\/wordpress.nibis.de\/knieberg\/wp-json\/wp\/v2\/pages\/1015\/revisions"}],"predecessor-version":[{"id":1019,"href":"https:\/\/wordpress.nibis.de\/knieberg\/wp-json\/wp\/v2\/pages\/1015\/revisions\/1019"}],"wp:attachment":[{"href":"https:\/\/wordpress.nibis.de\/knieberg\/wp-json\/wp\/v2\/media?parent=1015"}],"curies":[{"name":"wp","href":"https:\/\/api.w.org\/{rel}","templated":true}]}}