{"id":1020,"date":"2024-12-05T09:46:26","date_gmt":"2024-12-05T08:46:26","guid":{"rendered":"https:\/\/wordpress.nibis.de\/knieberg\/?page_id=1020"},"modified":"2024-12-05T09:55:52","modified_gmt":"2024-12-05T08:55:52","slug":"nach-12","status":"publish","type":"page","link":"https:\/\/wordpress.nibis.de\/knieberg\/nach-12\/","title":{"rendered":"Was kommt nach der Schule?"},"content":{"rendered":"<p>Folgende Grafik zeigt m\u00f6gliche berufliche Zukunftswege f\u00fcr unsere Sch\u00fcler*innen auf. Zudem finden Sie <a href=\"https:\/\/wordpress.nibis.de\/knieberg\/adressenliste-12\/\"><strong><u>hier<\/u><\/strong> <\/a>eine Liste mit Einrichtungen, Unterst\u00fctzungsangeboten und Institutionen.<\/p>\n<p>\u00a0<\/p>\n\n\n<figure class=\"wp-block-image size-large\"><img loading=\"lazy\" decoding=\"async\" width=\"1024\" height=\"571\" src=\"https:\/\/wordpress.nibis.de\/knieberg\/files\/2024\/12\/Anhang-7_Grafik-Berufliche-Wege-1024x571.png\" alt=\"\" class=\"wp-image-954\" srcset=\"https:\/\/wordpress.nibis.de\/knieberg\/files\/2024\/12\/Anhang-7_Grafik-Berufliche-Wege-1024x571.png 1024w, https:\/\/wordpress.nibis.de\/knieberg\/files\/2024\/12\/Anhang-7_Grafik-Berufliche-Wege-300x167.png 300w, https:\/\/wordpress.nibis.de\/knieberg\/files\/2024\/12\/Anhang-7_Grafik-Berufliche-Wege-768x429.png 768w, https:\/\/wordpress.nibis.de\/knieberg\/files\/2024\/12\/Anhang-7_Grafik-Berufliche-Wege-1536x857.png 1536w, https:\/\/wordpress.nibis.de\/knieberg\/files\/2024\/12\/Anhang-7_Grafik-Berufliche-Wege-484x270.png 484w, https:\/\/wordpress.nibis.de\/knieberg\/files\/2024\/12\/Anhang-7_Grafik-Berufliche-Wege.png 1957w\" sizes=\"auto, (max-width: 1024px) 100vw, 1024px\" \/><\/figure>\n","protected":false},"excerpt":{"rendered":"<p>Folgende Grafik zeigt m\u00f6gliche berufliche Zukunftswege f\u00fcr unsere Sch\u00fcler*innen auf. Zudem finden Sie hier eine Liste mit Einrichtungen, Unterst\u00fctzungsangeboten und Institutionen. \u00a0<\/p>\n","protected":false},"author":9193665,"featured_media":0,"parent":0,"menu_order":0,"comment_status":"closed","ping_status":"closed","template":"","meta":{"footnotes":""},"class_list":["post-1020","page","type-page","status-publish","hentry"],"_links":{"self":[{"href":"https:\/\/wordpress.nibis.de\/knieberg\/wp-json\/wp\/v2\/pages\/1020","targetHints":{"allow":["GET"]}}],"collection":[{"href":"https:\/\/wordpress.nibis.de\/knieberg\/wp-json\/wp\/v2\/pages"}],"about":[{"href":"https:\/\/wordpress.nibis.de\/knieberg\/wp-json\/wp\/v2\/types\/page"}],"author":[{"embeddable":true,"href":"https:\/\/wordpress.nibis.de\/knieberg\/wp-json\/wp\/v2\/users\/9193665"}],"replies":[{"embeddable":true,"href":"https:\/\/wordpress.nibis.de\/knieberg\/wp-json\/wp\/v2\/comments?post=1020"}],"version-history":[{"count":3,"href":"https:\/\/wordpress.nibis.de\/knieberg\/wp-json\/wp\/v2\/pages\/1020\/revisions"}],"predecessor-version":[{"id":1031,"href":"https:\/\/wordpress.nibis.de\/knieberg\/wp-json\/wp\/v2\/pages\/1020\/revisions\/1031"}],"wp:attachment":[{"href":"https:\/\/wordpress.nibis.de\/knieberg\/wp-json\/wp\/v2\/media?parent=1020"}],"curies":[{"name":"wp","href":"https:\/\/api.w.org\/{rel}","templated":true}]}}