{"id":1084,"date":"2025-05-28T11:14:44","date_gmt":"2025-05-28T09:14:44","guid":{"rendered":"https:\/\/wordpress.nibis.de\/knieberg\/?page_id=1084"},"modified":"2025-05-28T11:14:44","modified_gmt":"2025-05-28T09:14:44","slug":"beratungslehrer-an-der-schule-am-knieberg","status":"publish","type":"page","link":"https:\/\/wordpress.nibis.de\/knieberg\/beratungslehrer-an-der-schule-am-knieberg\/","title":{"rendered":"Beratungslehrer an der Schule am Knieberg"},"content":{"rendered":"\n<p>Unser Beratungslehrer Holger F\u00e4nger absolviert derzeit eine 2-j\u00e4hrige Ausbildung an der Landesschulbeh\u00f6rde.<\/p>\n\n\n\n<figure class=\"wp-block-image size-full is-resized\"><img loading=\"lazy\" decoding=\"async\" src=\"https:\/\/wordpress.nibis.de\/knieberg\/files\/2025\/05\/Holger-1.jpg\" alt=\"\" class=\"wp-image-1088\" width=\"148\" height=\"221\" srcset=\"https:\/\/wordpress.nibis.de\/knieberg\/files\/2025\/05\/Holger-1.jpg 256w, https:\/\/wordpress.nibis.de\/knieberg\/files\/2025\/05\/Holger-1-201x300.jpg 201w, https:\/\/wordpress.nibis.de\/knieberg\/files\/2025\/05\/Holger-1-181x270.jpg 181w\" sizes=\"auto, (max-width: 148px) 100vw, 148px\" \/><\/figure>\n\n\n\n<p><\/p>\n\n\n\n<p><strong>Wer kann kommen?\u00a0 <\/strong><\/p>\n\n\n\n<blockquote class=\"wp-block-quote is-layout-flow wp-block-quote-is-layout-flow\"><p>Das Angebot richtet sich an Sch\u00fclerInnen, Eltern und Erziehungsberechtigte \u00a0 und MitarbeiterInnen<\/p><\/blockquote>\n\n\n\n<p><br><strong>Wann?\u00a0 <\/strong><\/p>\n\n\n\n<blockquote class=\"wp-block-quote is-layout-flow wp-block-quote-is-layout-flow\"><p>Montags 11:00 \u2013 12:00 Uhr in der Schulwohnung oder Kontaktaufnahme \u00fcber: &#x62;&#x65;&#x72;&#x61;&#x74;&#x75;&#x6e;&#x67;&#x40;&#x6b;&#x6e;&#x69;&#x65;&#x62;&#101;&#114;&#103;&#46;&#110;&#101;&#116;<br><\/p><\/blockquote>\n\n\n\n<p><strong>F\u00fcr was?\u00a0 <\/strong><\/p>\n\n\n\n<blockquote class=\"wp-block-quote is-layout-flow wp-block-quote-is-layout-flow\"><p>Der Beratungslehrer kann f\u00fcr alle m\u00f6glichen Probleme im Schulzusammenhang eine erste Anlaufstelle sein.<\/p><\/blockquote>\n\n\n\n<p><strong>Wie?\u00a0 <\/strong><\/p>\n\n\n\n<blockquote class=\"wp-block-quote is-layout-flow wp-block-quote-is-layout-flow\"><p>Gespr\u00e4che in vertrauensvoller Atmosph\u00e4re, Respekt und Wertsch\u00e4tzung, Gemeinsames Suchen nach L\u00f6sungsm\u00f6glichkeiten, Hilfe zur Selbsthilfe<\/p><\/blockquote>\n\n\n\n<p><\/p>\n\n\n\n<h2 class=\"wp-block-heading\">Leitlinien der Beratungst\u00e4tigkeit<\/h2>\n\n\n\n<p><\/p>\n\n\n\n<p><strong>1.Beratung ist freiwillig <\/strong><\/p>\n\n\n\n<p><strong>2.Unabh\u00e4ngigkeit des Beraters <\/strong><\/p>\n\n\n\n<p><strong>3.Verschwiegenheit des Beraters <\/strong><\/p>\n\n\n\n<p><strong>4.Beachten der Verantwortungsstruktur<\/strong><\/p>\n\n\n\n<p><br><\/p>\n","protected":false},"excerpt":{"rendered":"<p>Unser Beratungslehrer Holger F\u00e4nger absolviert derzeit eine 2-j\u00e4hrige Ausbildung an der Landesschulbeh\u00f6rde. Wer kann kommen?\u00a0 Das Angebot richtet sich an Sch\u00fclerInnen, Eltern und Erziehungsberechtigte \u00a0 und MitarbeiterInnen Wann?\u00a0 Montags 11:00 \u2013 12:00 Uhr in der Schulwohnung oder Kontaktaufnahme \u00fcber: b&#101;&#x72;&#x61;&#x74;u&#110;&#103;&#x40;&#x6b;n&#105;&#101;&#x62;&#x65;rg&#46;&#x6e;&#x65;&#x74; F\u00fcr was?\u00a0 Der Beratungslehrer kann f\u00fcr alle m\u00f6glichen Probleme im Schulzusammenhang eine erste Anlaufstelle sein. Wie?\u00a0 Gespr\u00e4che in vertrauensvoller Atmosph\u00e4re, Respekt und Wertsch\u00e4tzung, Gemeinsames Suchen nach L\u00f6sungsm\u00f6glichkeiten, Hilfe zur Selbsthilfe Leitlinien der Beratungst\u00e4tigkeit 1.Beratung ist freiwillig 2.Unabh\u00e4ngigkeit des Beraters 3.Verschwiegenheit&#8230;<\/p>\n<p class=\"read-more\"><a class=\"btn btn-default\" href=\"https:\/\/wordpress.nibis.de\/knieberg\/beratungslehrer-an-der-schule-am-knieberg\/\">Weiterlesen<span class=\"screen-reader-text\"> Weiterlesen<\/span><\/a><\/p>\n","protected":false},"author":9193665,"featured_media":0,"parent":0,"menu_order":0,"comment_status":"closed","ping_status":"closed","template":"","meta":{"footnotes":""},"class_list":["post-1084","page","type-page","status-publish","hentry"],"_links":{"self":[{"href":"https:\/\/wordpress.nibis.de\/knieberg\/wp-json\/wp\/v2\/pages\/1084","targetHints":{"allow":["GET"]}}],"collection":[{"href":"https:\/\/wordpress.nibis.de\/knieberg\/wp-json\/wp\/v2\/pages"}],"about":[{"href":"https:\/\/wordpress.nibis.de\/knieberg\/wp-json\/wp\/v2\/types\/page"}],"author":[{"embeddable":true,"href":"https:\/\/wordpress.nibis.de\/knieberg\/wp-json\/wp\/v2\/users\/9193665"}],"replies":[{"embeddable":true,"href":"https:\/\/wordpress.nibis.de\/knieberg\/wp-json\/wp\/v2\/comments?post=1084"}],"version-history":[{"count":4,"href":"https:\/\/wordpress.nibis.de\/knieberg\/wp-json\/wp\/v2\/pages\/1084\/revisions"}],"predecessor-version":[{"id":1090,"href":"https:\/\/wordpress.nibis.de\/knieberg\/wp-json\/wp\/v2\/pages\/1084\/revisions\/1090"}],"wp:attachment":[{"href":"https:\/\/wordpress.nibis.de\/knieberg\/wp-json\/wp\/v2\/media?parent=1084"}],"curies":[{"name":"wp","href":"https:\/\/api.w.org\/{rel}","templated":true}]}}