{"id":109,"date":"2020-12-21T16:53:15","date_gmt":"2020-12-21T15:53:15","guid":{"rendered":"https:\/\/wordpress.nibis.de\/knieberg\/?page_id=109"},"modified":"2025-07-29T09:10:41","modified_gmt":"2025-07-29T07:10:41","slug":"infos-a-z","status":"publish","type":"page","link":"https:\/\/wordpress.nibis.de\/knieberg\/infos-a-z\/","title":{"rendered":"Infos A-Z"},"content":{"rendered":"\n<hr class=\"wp-block-separator has-text-color has-background is-style-wide\" style=\"background-color:#009688;color:#009688\" \/>\n\n\n<section class=\"nicdark_section\">\n<div class=\"nicdark_container nicdark_clearfix\">\n<div class=\"grid grid_9 percentage nicdark_page_sidebar\">\n<div class=\"nicdark_archive1 nicdark_padding010\"><!--featured image--> <!--end featured image--> <!--information bar--> <!--end information bar--> <!--end title--> <!--start title-->\n<p>\u00a0<\/p>\n<div class=\"nicdark_archive1 nicdark_padding010\"><span style=\"color: inherit;font-size: 1.56em;font-weight: 600\">Adresse und Ansprechpartner<\/span><\/div>\n<section id=\"\" class=\"nicdark_section  vc_row wpb_row vc_row-fluid\">\n<div class=\"nicdark_container nicdark_vc nicdark_clearfix\">\n<div class=\"wpb_column vc_column_container vc_col-sm-12\">\n<div class=\"vc_column-inner \">\n<div class=\"wpb_wrapper\">\n<div id=\"1448118155093-03517a7e-297a\" class=\"vc_toggle vc_toggle_rounded vc_toggle_color_grey  vc_toggle_size_md\">\n<div class=\"vc_toggle_content\">\n<div class=\"vc_tta-panel-body\">\n<div class=\"vc_wp_text wpb_content_element\">\n<div class=\"widget widget_text\">\n<div class=\"textwidget\">\n<blockquote>\n<p><strong>Schule am Knieberg<\/strong><br \/>Oedemer Weg 79<br \/>21335 L\u00fcneburg<br \/>B\u00fcro Tel.: 04131\/9922035 6<br \/>Schulleiter Tel.: 04131\/9922035 8<br \/>Stellvertr. Schulleitung Tel.: 04131\/9922035 7<br \/>Fax: 04131\/407 438<br \/>Internet:\u00a0<a href=\"https:\/\/www.schule-knieberg.de\/\">www.schule-knieberg.de<\/a><br \/>E-Mail:\u00a0<a href=\"m&#97;&#105;&#x6c;&#x74;o&#58;&#118;&#x65;&#x72;&#x77;a&#108;&#116;&#x75;&#x6e;g&#64;&#115;&#x63;&#x68;&#x75;l&#101;&#45;&#x6b;&#x6e;ie&#98;&#x65;&#x72;&#x67;&#46;&#100;&#101;\">verwaltung[at]schule-knieberg.de<\/a><\/p>\n<\/blockquote>\n<h3>Adressen<\/h3>\n<blockquote>\n<p>Gesundheitsamt des Landkreises L\u00fcneburg, Am Graalwall, 21335 L\u00fcneburg, Tel.: 04131\/261470<br \/>Landesschulbeh\u00f6rde, Auf der Hude 2, 21339 L\u00fcneburg, Tel.: 04131\/150<br \/>Jugendamt Landkreis L\u00fcneburg, Auf dem Michaeliskloster 4, 21335 L\u00fcneburg, 04131\/260<br \/>Jugendamt Stadt L\u00fcneburg, Stadt L\u00fcneburg, Am Ochsenmarkt, 21335 L\u00fcneburg, 04131\/309350<\/p>\n<\/blockquote>\n<p><strong>Schulen, an denen wir Kooperationsklassen eingerichtet haben:<\/strong><\/p>\n<blockquote>\n<p>Grundschule Adendorf, Tel.: 04131\/98050<br \/>Grundschule Hagen, Igelschule, Tel.: 04131\/51524<br \/>Grundschule Melbeck, Tel.: 04134\/7005<br \/>Grundschule L\u00fcne , Tel.: 04131\/861210<br \/>Grundschule Ochtmissen, Schule am Sandberg, Tel.: 04131\/62218<br \/>Oberschule Adendorf, Schule am Katzenberg, Tel.: 04131\/991090<br \/>Koop Hanseschule, Tel.: 04131\/762930<br \/>Oberschule Bardowick, Hugo-Friedrich-Hartmann-Schule, Tel.: 04131\/121365<br \/>BBS II, Georg-Sonnin-Schule, Tel.: 04131\/889102<\/p>\n<\/blockquote>\n<h3>Aktuelles<\/h3>\n<blockquote>\n<p>Auf unserer Homepage (<a href=\"https:\/\/www.schule-knieberg.de\/\">www.schule-knieberg.de<\/a>) berichten wir unter \u201eAktuelles\u201c \u00fcber wichtige Ereignisse in unserer Schule.\u00a0 Des Weiteren erhalten die Eltern in unregelm\u00e4\u00dfigen Abst\u00e4nden Elternbriefe von der Schulleitung mit aktuellen Informationen.<\/p>\n<\/blockquote>\n<h3>Arbeitsgemeinschaften<\/h3>\n<blockquote>\n<p>Mittwochs im 3. Block werden in den Klassen 2 bis 11 die Klassenverb\u00e4nde aufgel\u00f6st. Die Sch\u00fcler nehmen an AG-Angeboten teil. Wir versuchen Sch\u00fclerw\u00fcnsche m\u00f6glichst zu ber\u00fccksichtigen. Wir bieten ca. 14 unterschiedliche Arbeitsgemeinschaften an. Die Arbeitsgemeinschaften Band,Fu\u00dfball und\u00a0 Zirkus finden montags statt.<\/p>\n<\/blockquote>\n<h3>Beratung<\/h3>\n<blockquote>\n<p>Zur Beratung stehen Kolleg*innen zu verschiedensten Themenschwerpunkten zur Verf\u00fcgung. Kontaktaufnahme \u00fcber das B\u00fcro 04131\/47064<\/p>\n<\/blockquote>\n<h3>Beschulungszeiten<\/h3>\n<blockquote>\n<p>sind an allen Standorten 8.00 bis 14.10 (+,- 5 Minuten). Freitag endet der Unterricht um 12.45 (+,- 15 Minuten), mit Ausnahme OBS Adendorf.<\/p>\n<\/blockquote>\n<h3>Beschwerden<\/h3>\n<blockquote>\n<p>Wir wollen, dass die Eltern mit unserer Arbeit zufrieden sind. Trotzdem kann es immer auch zu Meinungsverschiedenheiten und Konflikten kommen. Wir bitten Sie, bei Beschwerden zuerst das Gespr\u00e4ch mit den Mitarbeiter*innen zu suchen. Sollte es dann noch Gespr\u00e4chsbedarf geben, besteht auch die M\u00f6glichkeit die Schulleitung hinzuzuziehen.<\/p>\n<\/blockquote>\n<h3>Betriebspraktikum<\/h3>\n<blockquote>\n<p>In den Klassen 10, 11 und 12 f\u00fchren wir jeweils ein zweiw\u00f6chiges Betriebspraktikum durch. Mindestens ein Praktikum soll m\u00f6glichst au\u00dferhalb der Werkstatt der Lebenshilfe stattfinden. N\u00e4here Informationen erhalten Sie durch die Kollegen der Sekundarstufe II.<\/p>\n<\/blockquote>\n<h3>Beurlaubung<\/h3>\n<blockquote>\n<p>Wenn Sie m\u00f6chten, dass Ihr Kind au\u00dferhalb der Ferien aus besonderen Gr\u00fcnden beurlaubt wird, stellen Sie bitte rechtzeitig einen Antrag. F\u00fcr Beurlaubung bis zu drei Tagen entscheidet das Klassenteam. Bei mehr als drei Tagen und bei Ferienverl\u00e4ngerung muss der Antrag schriftlich an die Schulleitung gestellt werden. Dies gilt auch f\u00fcr Kuraufenthalte.<\/p>\n<\/blockquote>\n<h3>Brille<\/h3>\n<blockquote>\n<p>Es kommt schon mal vor, dass Brillen verloren gehen oder zerst\u00f6rt werden. In der Regel erhalten die Eltern einen Schadensausgleich, der den Wert der Brille aber oft nicht vollst\u00e4ndig ersetzt.<\/p>\n<\/blockquote>\n<h3>B\u00fcrozeiten<\/h3>\n<blockquote>\n<p>Das B\u00fcro ist von Montag bis Freitag von 7.15 Uhr bis 13.30 Uhr durch unsere Schulsekret\u00e4rin besetzt.<\/p>\n<\/blockquote>\n<h3>Busfahrkarten<\/h3>\n<blockquote>\n<p>In Einzelf\u00e4llen kann nach R\u00fccksprache mit den Erziehungsberechtigten entschieden werden, dass Sch\u00fcler den \u00f6ffentlichen Bus benutzen. Der Antrag auf Ausstellung einer Sch\u00fclerfahrkarte wird \u00fcber die Schule gestellt. Antr\u00e4ge erhalten Sie \u00fcber die Schule. Ein Passbild muss beigef\u00fcgt werden. Bei Verlust oder Besch\u00e4digung der Karte wird eine Geb\u00fchr von 10,-\u20ac erhoben und es muss ein neuer Antrag gestellt werden.<\/p>\n<\/blockquote>\n<h3>Computer<\/h3>\n<blockquote>\n<p>Computer sind in unserer Schule ein wichtiger Bestandteil der F\u00f6rderung.<\/p>\n<\/blockquote>\n<h3>Elternabend<\/h3>\n<blockquote>\n<p>Mindestens zweimal im Jahr findet ein Elternabend statt. Hier werden wichtige Informationen ausgetauscht.<\/p>\n<\/blockquote>\n<h3>Elterninfotag<\/h3>\n<blockquote>\n<p>Einmal j\u00e4hrlich organisiert der Schulelternrat der Schule einen Elterninfotag zu einem besonderen Thema.<\/p>\n<\/blockquote>\n<h3>Elternmitarbeit<\/h3>\n<blockquote>\n<p>\u2026ist immer erw\u00fcnscht.<\/p>\n<\/blockquote>\n<h3>Elternsprechtag<\/h3>\n<blockquote>\n<p>Mit den Eltern wird mindestens einmal j\u00e4hrlich ein Termin f\u00fcr ein Gespr\u00e4ch vereinbart. Wir k\u00f6nnen unsere p\u00e4dagogischen Ziele nur erreichen, wenn wir eng zusammen arbeiten.<\/p>\n<\/blockquote>\n<h3>Elternvertreter<\/h3>\n<blockquote>\n<p>Die Eltern einer Klasse w\u00e4hlen f\u00fcr 2 Jahre einen Elternsprecher und den Vertreter. Diese beiden sind dann auch Mitglied im Schulelternrat.<\/p>\n<\/blockquote>\n<h3>Entlasszeugnis<\/h3>\n<blockquote>\n<p>Am Ende der Beschulungszeit erhalten unsere Sch\u00fclerinnen und Sch\u00fcler das Entlasszeugnis der F\u00f6rderschule mit dem Schwerpunkt geistige Entwicklung. Wenn wir im Laufe der Beschulung feststellen, dass Sch\u00fcler auch die M\u00f6glichkeit haben, Abschl\u00fcsse anderer Schulen zu erreichen, versuchen wir immer, daf\u00fcr einen geeigneten Weg zu finden.<\/p>\n<\/blockquote>\n<h3>Erlass<\/h3>\n<blockquote>\n<p>Die verbindliche Grundlage unserer Arbeit ist der \u201eErlass zur sonderp\u00e4dagogischen F\u00f6rderung\u201c.<\/p>\n<\/blockquote>\n<h3>Feste und Feiern<\/h3>\n<blockquote>\n<p>Feste und Feiern sind ein nicht weg zu denkender Bestandteil unseres Schullebens. Vor allen gr\u00f6\u00dferen Ferien kommt die Schulgemeinschaft zu einem Fest zusammen. Einmal j\u00e4hrlich feiern wir ein Fest zusammen mit Eltern, Freunden etc.<\/p>\n<\/blockquote>\n<h3>Flyer<\/h3>\n<blockquote>\n<p>Wir haben einen Flyer erstellt, der wichtige Informationen \u00fcber unsere Schule enth\u00e4lt.<\/p>\n<\/blockquote>\n<h3>F\u00f6rderschule<\/h3>\n<blockquote>\n<p>In der Region L\u00fcneburg gibt es noch weitere F\u00f6rderschulen zu folgenden F\u00f6rderschwerpunkten: Lernen, Sprache, k\u00f6rperliche und motorische Entwicklung<\/p>\n<\/blockquote>\n<h3>F\u00f6rderverein<\/h3>\n<blockquote>\n<p>Der F\u00f6rderverein der Schule am Knieberg unterst\u00fctzt die Schule in vielf\u00e4ltiger Art und Weise. Bitte Mitglied werden!<\/p>\n<\/blockquote>\n<h3>Ganztagsschule<\/h3>\n<blockquote>\n<p>Die Schule am Knieberg wird als Ganztagsschule gef\u00fchrt (siehe Unterrichtszeiten).<\/p>\n<\/blockquote>\n<h3>Gesamtkonferenz<\/h3>\n<blockquote>\n<p>Die Gesamtkonferenz besteht aus allen Mitarbeiter\/innen der Schule, 14 Elternvertretern und Sch\u00fclervertretern. Hier werden wichtige Beschl\u00fcsse zum Schulprogramm und zur Schulordnung gefasst.<\/p>\n<\/blockquote>\n<h3>Hausaufgaben<\/h3>\n<blockquote>\n<p>Da wir eine Ganztagsschule sind, werden Hausaufgaben nur nach R\u00fccksprache mit den Eltern gestellt.<\/p>\n<\/blockquote>\n<h3>Hausunterricht<\/h3>\n<blockquote>\n<p>Wenn Sch\u00fcler \u00fcber einen langen Zeitraum erkrankt sind, kann ein Antrag auf Erteilung von Hausunterricht gestellt werden.<\/p>\n<\/blockquote>\n<h3>Individualplan<\/h3>\n<blockquote>\n<p>In einem Individualplan legen wir die F\u00f6rderziele fest, die wir bei der F\u00f6rderung unserer Sch\u00fcler\/innen erreichen wollen. Die Individualpl\u00e4ne werden regelm\u00e4\u00dfig mit den Eltern besprochen.<\/p>\n<\/blockquote>\n<h3>Infektionskrankheiten<\/h3>\n<blockquote>\n<p>Infektionskrankheiten versuchen wir m\u00f6glichst nicht in unsere Schule zu lassen. Alle Personen sollten nach einer Erkrankung ansteckungsfrei sein. Welche Fristen es gibt und welche Krankheiten meldepflichtig sind erf\u00e4hrt man im B\u00fcro.<\/p>\n<\/blockquote>\n<h3>Inklusion<\/h3>\n<blockquote>\n<p>Seit dem 01.08.2013 haben Eltern generell die M\u00f6glichkeit, ihr Kind (aufsteigend beginnend mit den Klassen 1 und 5 im SJ 13\/14) inklusiv beschulen zu lassen. Damit haben sie die Wahl zwischen der inklusiven, wohnortnahen Schule und der Schule am Knieberg, die Unterricht entweder im Oedemer Weg 79 oder in einer Kooperationsklasse anbietet.<\/p>\n<\/blockquote>\n<h3>Internet<\/h3>\n<blockquote>\n<p>Die Homepage der Schule am Knieberg bietet vielf\u00e4ltige Informationen rund um unsere Schule. (<a href=\"https:\/\/www.schule-knieberg.de\/\">www.schule-knieberg.de<\/a>)<\/p>\n<\/blockquote>\n<h3>Klassenelternrat<\/h3>\n<blockquote>\n<p>Die Eltern einer Klasse w\u00e4hlen f\u00fcr 2 Jahre einen Elternsprecher und den Vertreter. Diese beiden sind dann auch Mitglied im Schulelternrat.<\/p>\n<\/blockquote>\n<h3>Klassengeld<\/h3>\n<blockquote>\n<p>In den Klassen wird monatlich Geld f\u00fcr unterschiedlichste Aktivit\u00e4ten eingesammelt (Material, Ausfl\u00fcge, Geburtstagsgeschenke etc.). Die H\u00f6he des Betrages ist in den Klassen unterschiedlich. Hierzu werden mit den Eltern Absprachen getroffen.<\/p>\n<\/blockquote>\n<h3>Klassenreisen<\/h3>\n<blockquote>\n<p>Auf freiwilliger Basis der Klassenteams k\u00f6nnen Klassenfahrten in den geraden Schulbesuchsjahren durchgef\u00fchrt werden.<\/p>\n<\/blockquote>\n<h3>Kooperationsklassen<\/h3>\n<blockquote>\n<p>Viele Klassen unserer Schule werden an anderen Schulen beschult. Auch diese Sch\u00fcler geh\u00f6ren zur Schule am Knieberg und die Eltern nehmen an der Elternarbeit der Schule am Knieberg teil. Wir bieten diese Beschulungsform an, um Raum f\u00fcr mehr gemeinsames Lernen von\u00a0Sch\u00fcler*innen mit und ohne Behinderung zu schaffen<\/p>\n<\/blockquote>\n<h3>Kopfl\u00e4use<\/h3>\n<blockquote>\n<p>Sch\u00fcler, die von Kopfl\u00e4usen befallen sind, d\u00fcrfen die Schule nicht besuchen! Wenn wir einen Befall feststellen, gehen wir wie folgt vor:<\/p>\n<p>1. Verst\u00e4ndigung der Eltern und Aufforderung, ihr Kind abzuholen<br \/>2. Verst\u00e4ndigung der anderen Eltern der Klasse<br \/>3. Verst\u00e4ndigung des Gesundheitsamtes<br \/>4. Der betroffene Sch\u00fcler kann wieder am Unterricht teilnehmen, wenn von den Eltern eine Bescheinigung \u00fcber eine Erstbehandlung gegeben wird<br \/>5. Nach 8 Tagen Vorlage einer Bescheinigung \u00fcber die notwendige Zweitbehandlung<\/p>\n<\/blockquote>\n<h3>Kostenbeitrag f\u00fcr den Hauswirtschaftsunterricht (\u201eKochgeld\u201c)<\/h3>\n<blockquote>\n<p>In Klassen, die w\u00f6chentlich kochen (Hauswirtschaftsunterricht), wird in der Regel \u201cKochgeld\u201d eingesammelt (1,- \u20ac). In einigen Klassen ist das Kochgeld aber schon im Klassengeld enthalten.<\/p>\n<\/blockquote>\n<h3>Krankmeldung<\/h3>\n<blockquote>\n<p>Bei Krankheiten bitten wir um telefonische Mitteilung bis 7.30 Uhr. Die Schulleitung kann \u00e4rztliche Bescheinigungen \u00fcber die Krankheit verlangen.<\/p>\n<\/blockquote>\n<h3>Lernmittel<\/h3>\n<blockquote>\n<p>Wir wollen f\u00fcr unsere Sch\u00fcler Lernmittel einsetzen, die ihrem Bedarf entsprechen. Hierzu sammeln wir von den Eltern einen Betrag von ca. 20,00 \u20ac ein.\u00a0<\/p>\n<\/blockquote>\n<h3>Material<\/h3>\n<blockquote>\n<p>Unsere Sch\u00fcler ben\u00f6tigen sehr unterschiedliches Material. Zum Teil wird dieses Material von der Schule vorgehalten. Immer wieder werden aber die Eltern gebeten, entsprechendes Material zu besorgen.<\/p>\n<\/blockquote>\n<h3>Mittagessen<\/h3>\n<blockquote>\n<p>Wenn Sch\u00fcler den ganzen Tag in die Schule gehen, brauchen sie ein warmes Mittagessen. So ist das Mittagessen bei uns auch Teil des Unterrichts. Am Standort Oedeme kostet das Mittagessen 3,00 \u20ac. So bleibt f\u00fcr die Eltern ein Betrag von 3,30 \u20ac je Essen. Eltern, die staatliche Unterst\u00fctzungsleistungen bekommen sind von den Kosten befreit. Abbuchungserm\u00e4chtigungen erleichtern uns die Arbeit erheblich.<\/p>\n<\/blockquote>\n<h3>Mitteilungsheft<\/h3>\n<blockquote>\n<p>Damit der Informationsaustausch zwischen Schule und Elternhaus funktioniert, f\u00fchren wir Mitteilungshefte. \u00dcber den Umfang der Informationen verst\u00e4ndigen sich Eltern und Mitarbeiter.<\/p>\n<\/blockquote>\n<h3>Pausen<\/h3>\n<blockquote>\n<p>Unsere Sch\u00fcler verbringen ihre Pausen gemeinsam auf unserem Schulgel\u00e4nde. F\u00fcr gen\u00fcgend Aufsicht ist gesorgt.<\/p>\n<\/blockquote>\n<h3>Physiotherapie<\/h3>\n<blockquote>\n<p>Die physiotherapeutische F\u00f6rderung findet entweder im Klassenunterricht oder in Einzelf\u00f6rderung statt. Wer diese F\u00f6rderung erh\u00e4lt, wird von der Schule in Abstimmung mit den Eltern entschieden.<\/p>\n<\/blockquote>\n<h3>St. Nicolai-Kirche<\/h3>\n<blockquote>\n<p>Die Schule hat eine enge Zusammenarbeit mit der St. Nicolai-Gemeinde. Wenn Eltern dies w\u00fcnschen, nehmen Sch\u00fcler am Konfirmandenunterricht teil und werden in der St. Nicolai-Kirche konfirmiert. Einmal j\u00e4hrlich findet in der Kirche ein Erntedankfr\u00fchst\u00fcck statt, an dem die meisten Klassen bzw. Sch\u00fcler teilnehmen.<\/p>\n<\/blockquote>\n<h3>Sch\u00fclerrat<\/h3>\n<blockquote>\n<p>Die Klassensprecher und ihre Vertreter ab der 5. Klasse kommen im Sch\u00fclerrat zusammen. Die Arbeit des Sch\u00fclerrates wird von zwei Kollegen\/innen unterst\u00fctzt.<\/p>\n<\/blockquote>\n<h3>Schulelternrat<\/h3>\n<blockquote>\n<p>Alle gew\u00e4hlten Elternvertreter (Vorsitzender und Vertreter) bilden den Schulelternrat. Der Schulelternrat w\u00e4hlt ebenfalls einen Vorsitzenden und den Vertreter. Der Schulelternrat ist ein wichtiges Gremium zur Weiterentwicklung der Schule.<\/p>\n<\/blockquote>\n<h3>Schulpflicht<\/h3>\n<blockquote>\n<p>Die Schulpflicht endet grunds\u00e4tzlich 12 Jahre nach ihrem Beginn.<\/p>\n<\/blockquote>\n<h3>Schulvorstand<\/h3>\n<blockquote>\n<p>Im Schulvorstand kommen 6 Mitglieder des Kollegiums (incl. Schulleiter), 3 Elternvertreter und 3 Sch\u00fclervertreter zusammen. Der Schulvorstand hat die Aufgabe, die Entwicklung der Schule mitzugestalten. Es ist das wichtigste Entscheidungsgremium der Schule.<\/p>\n<\/blockquote>\n<h3>Sekundarstufe II<\/h3>\n<blockquote>\n<p>Die SEk II umfasst die Schuljahrg\u00e4nge 10,11 und 12. Die Arbeit erfolgt nach einem besonderen Konzept, das sich aus den Bereichen \u201egesellschaftliche Bildung\u201c, personale Bildung\u201c und \u201evorberufliche Bildung\u201c zusammensetzt. N\u00e4here Informationen erhalten sie von den Kollegen der SEK II.<\/p>\n<\/blockquote>\n<h3>Sprachf\u00f6rderung<\/h3>\n<blockquote>\n<p>Die Sprachf\u00f6rderung erfolgt eingebunden in den Unterricht. Zur Beratung der Klassenteams und Eltern sowie zur Absprache von F\u00f6rderzielen mit Therapeuten gibt es an unserer Schule eine Lehrkraft, die f\u00fcr den Bereich Lautsprache und Kommunikation zust\u00e4ndig ist. Zus\u00e4tzlich werden Sprachf\u00f6rdergruppen angeboten.<\/p>\n<\/blockquote>\n<h3>Stundenplan<\/h3>\n<blockquote>\n<p>Durch die Klassenteams erhalten die Eltern zu Beginn eines Schuljahres einen Stundenplan und jede Woche einen Wochenplan. Der Unterricht am Standort Oedeme erstreckt sich \u00fcber 2 Bl\u00f6cke\u00a0 vor dem Mittagessen und einen Unterrichtsblock nach dem Mittagessen. (1 Block = 2 Unterrichtsstunden)<\/p>\n<\/blockquote>\n<h3>Team<\/h3>\n<blockquote>\n<p>Die Mitarbeiter arbeiten in Klassenteams zusammen. Zum Klassenteam geh\u00f6ren: Klassenlehrer\/in, Fachlehrer\/in und p\u00e4dagogische Mitarbeiterin. Die Klassenteams wechseln alle 4 Jahre<\/p>\n<\/blockquote>\n<h3>Telefon<\/h3>\n<blockquote>\n<p>Zu folgenden Zeiten k\u00f6nnen Sie in die Klassen durchgestellt werden:<br \/>9.30 Uhr bis 10.00 Uhr; 11.30 Uhr bis 12.00 Uhr. Die Lehrkr\u00e4fte sind w\u00e4hrend des Unterrichts nicht zu sprechen.<br \/>Ausnahmen werden nur in dringenden F\u00e4llen gemacht!<\/p>\n<\/blockquote>\n<h3>Therapeuten<\/h3>\n<blockquote>\n<p>Unsere Physio- und Ergotherapeutinnen arbeiten eng mit den Klassenteams zusammen.<\/p>\n<\/blockquote>\n<h3>Therapieschwimmen<\/h3>\n<blockquote>\n<p>Unter Anleitung unserer Physio- und Ergotherapeutinnen nehmen die schwerer behinderten Sch\u00fcler einmal w\u00f6chentlich am Therapieschwimmen im Sole-Thermalbad teil.<\/p>\n<\/blockquote>\n<h3>Transport<\/h3>\n<blockquote>\n<p>Die meisten Sch\u00fcler unserer Schule werden von einem Unternehmen bef\u00f6rdert, das damit vom Landkreis L\u00fcneburg beauftragt worden ist. Bei entstehenden Problemen wenden sich die Eltern bitte im Regelfall zun\u00e4chst einmal an das Unternehmen (siehe Adressen).<\/p>\n<\/blockquote>\n<h3>\u00dcberpr\u00fcfungstage<\/h3>\n<blockquote>\n<p>Einmal j\u00e4hrlich begutachten unsere F\u00f6rderschullehrer die Einschulungskinder eines kommenden Schuljahres. Diese Begutachtung ist in der Regel mit Unterrichtsausfall f\u00fcr die Sch\u00fcler verbunden. Die Eltern werden rechtzeitig informiert.<\/p>\n<\/blockquote>\n<h3>Unterrichtsausfall bei besonderen Witterungsbedingungen<\/h3>\n<blockquote>\n<p>Extreme Witterungsbedingungen k\u00f6nnen dazu f\u00fchren, dass der Landkreis L\u00fcneburg die Einstellung des Sch\u00fclertransportes anordnet. Die Information erfolgt \u00fcber das Radio. Die Einstellung des Sch\u00fclertransportes bedeutet dann auch immer Unterrichtsausfall! Ausschlie\u00dflich Am Knieberg gibt es in diesem Fall eine Notgruppe, zu der Sie ihr Kind in eigener Verantwortung bringen k\u00f6nnen.<\/p>\n<\/blockquote>\n<h3>Unterst\u00fctze Kommunikation<\/h3>\n<blockquote>\n<p>Sollten Sch\u00fcler nicht oder schwer verst\u00e4ndlich sprechen, steht den Sch\u00fclern, ihren Eltern und den Klassenteams ein umfangreiches Hilfsmittelangebot und eine Kollegin mit regelm\u00e4\u00dfiger w\u00f6chentlicher Beratungszeit zur Verf\u00fcgung. Im Bedarfsfall koordiniert diese Kollegin die Versorgung mit Kommunikationshilfsmitteln und unterst\u00fctzt besonders die F\u00f6rderung, die im Rahmen des Unterrichts stattfindet. Sch\u00fcler, die elektronische Kommunikationshilfen (Talker) benutzen, werden in Kleinstgruppen zus\u00e4tzlich gef\u00f6rdert.<\/p>\n<\/blockquote>\n<h3>Zeugnisse<\/h3>\n<blockquote>\n<p>Unsere Sch\u00fcler erhalten am Ende eines Schuljahres ein Zeugnis, dass Auskunft gibt \u00fcber die bearbeiteten Inhalte und die Entwicklungsfortschritte unserer Sch\u00fcler. Die Zeugnisse enthalten keine Zensuren.<\/p>\n<\/blockquote>\n<h3>Zusammenarbeit<\/h3>\n<blockquote>\n<p>\u2026ist uns sehr wichtig!<\/p>\n<\/blockquote>\n<\/div>\n<\/div>\n<\/div>\n<\/div>\n<\/div>\n<\/div>\n<\/div>\n<\/div>\n<\/div>\n<\/div>\n<\/section>\n<\/div>\n<section id=\"\" class=\"nicdark_section  vc_row wpb_row vc_row-fluid\">\n<div class=\"nicdark_container nicdark_vc nicdark_clearfix\">\n<div class=\"wpb_column vc_column_container vc_col-sm-12\">\n<div class=\"vc_column-inner \">\n<div class=\"wpb_wrapper\">\n<div class=\"vc_wp_text wpb_content_element\">\n<div class=\"widget widget_text\">\n<div class=\"textwidget\">\n<h3 style=\"text-align: center\"><strong>Und wenn Sie noch Fragen haben, k\u00f6nnen Sie sich gerne an uns wenden!<\/strong><\/h3>\n<\/div>\n<\/div>\n<\/div>\n<\/div>\n<\/div>\n<\/div>\n<\/div>\n<\/section>\n<\/div>\n<\/div>\n<\/section>\n\n\n<hr class=\"wp-block-separator has-text-color has-background is-style-wide\" style=\"background-color:#009688;color:#009688\" \/>\n\n\n","protected":false},"excerpt":{"rendered":"<p>\u00a0 Adresse und Ansprechpartner Schule am KniebergOedemer Weg 7921335 L\u00fcneburgB\u00fcro Tel.: 04131\/9922035 6Schulleiter Tel.: 04131\/9922035 8Stellvertr. Schulleitung Tel.: 04131\/9922035 7Fax: 04131\/407 438Internet:\u00a0www.schule-knieberg.deE-Mail:\u00a0verwaltung[at]schule-knieberg.de Adressen Gesundheitsamt des Landkreises L\u00fcneburg, Am Graalwall, 21335 L\u00fcneburg, Tel.: 04131\/261470Landesschulbeh\u00f6rde, Auf der Hude 2, 21339 L\u00fcneburg, Tel.: 04131\/150Jugendamt Landkreis L\u00fcneburg, Auf dem Michaeliskloster 4, 21335 L\u00fcneburg, 04131\/260Jugendamt Stadt L\u00fcneburg, Stadt L\u00fcneburg, Am Ochsenmarkt, 21335 L\u00fcneburg, 04131\/309350 Schulen, an denen wir Kooperationsklassen eingerichtet haben: Grundschule Adendorf, Tel.: 04131\/98050Grundschule Hagen, Igelschule, Tel.: 04131\/51524Grundschule Melbeck, Tel.: 04134\/7005Grundschule L\u00fcne , Tel.:&#8230;<\/p>\n<p class=\"read-more\"><a class=\"btn btn-default\" href=\"https:\/\/wordpress.nibis.de\/knieberg\/infos-a-z\/\">Weiterlesen<span class=\"screen-reader-text\"> Weiterlesen<\/span><\/a><\/p>\n","protected":false},"author":9193665,"featured_media":0,"parent":0,"menu_order":0,"comment_status":"closed","ping_status":"closed","template":"","meta":{"footnotes":""},"class_list":["post-109","page","type-page","status-publish","hentry"],"_links":{"self":[{"href":"https:\/\/wordpress.nibis.de\/knieberg\/wp-json\/wp\/v2\/pages\/109","targetHints":{"allow":["GET"]}}],"collection":[{"href":"https:\/\/wordpress.nibis.de\/knieberg\/wp-json\/wp\/v2\/pages"}],"about":[{"href":"https:\/\/wordpress.nibis.de\/knieberg\/wp-json\/wp\/v2\/types\/page"}],"author":[{"embeddable":true,"href":"https:\/\/wordpress.nibis.de\/knieberg\/wp-json\/wp\/v2\/users\/9193665"}],"replies":[{"embeddable":true,"href":"https:\/\/wordpress.nibis.de\/knieberg\/wp-json\/wp\/v2\/comments?post=109"}],"version-history":[{"count":17,"href":"https:\/\/wordpress.nibis.de\/knieberg\/wp-json\/wp\/v2\/pages\/109\/revisions"}],"predecessor-version":[{"id":1104,"href":"https:\/\/wordpress.nibis.de\/knieberg\/wp-json\/wp\/v2\/pages\/109\/revisions\/1104"}],"wp:attachment":[{"href":"https:\/\/wordpress.nibis.de\/knieberg\/wp-json\/wp\/v2\/media?parent=109"}],"curies":[{"name":"wp","href":"https:\/\/api.w.org\/{rel}","templated":true}]}}