{"id":1596,"date":"2026-04-13T07:48:15","date_gmt":"2026-04-13T05:48:15","guid":{"rendered":"https:\/\/wordpress.nibis.de\/knieberg\/?page_id=1596"},"modified":"2026-04-20T13:37:58","modified_gmt":"2026-04-20T11:37:58","slug":"kooperationspartner","status":"publish","type":"page","link":"https:\/\/wordpress.nibis.de\/knieberg\/kooperationspartner\/","title":{"rendered":"Kooperationspartner"},"content":{"rendered":"\n<p><strong>Kinderhospiz L\u00f6wenherz<\/strong><\/p>\n\n\n\n<p>Unsere Schule arbeitet mit dem Kinderhospiz L\u00f6wenherz zusammen, um wichtige Themen wie Krankheit, Sterben, Tod und Trauer in den Schulalltag zu integrieren. Ziel dieser Kooperation ist es, Sch\u00fcler*innen Raum zu geben, sich mit diesen zentralen Lebensfragen auseinanderzusetzen und dar\u00fcber ins Gespr\u00e4ch zu kommen. Au\u00dferdem werden die sozialen Kompetenzen der Sch\u00fcler*innen dadurch gest\u00e4rkt. Im Rahmen der Zusammenarbeit unterst\u00fctzt L\u00f6wenherz unsere Schule durch Unterrichtsbesuche, Vortr\u00e4ge, sowie die Bereitstellung von Materialien und erm\u00f6glicht Einblicke vor Ort im Kinder- und Jugendhospiz. Die Kooperation lebt vom gegenseitigen Austausch und gemeinsamen Aktionen, bei denen sich unsere Schulgemeinschaft aktiv engagiert. So leisten wir einen wichtigen Beitrag zu mehr Mitgef\u00fchl, Offenheit und sozialem Lernen im Schulalltag. <\/p>\n\n\n\n<p>Mehr Informationen zum Kinderhospiz: <a href=\"http:\/\/www.loewenherz.de\/\" target=\"_blank\" rel=\"noreferrer noopener\">www.loewenherz.de<\/a><\/p>\n\n\n","protected":false},"excerpt":{"rendered":"<p>Kinderhospiz L\u00f6wenherz Unsere Schule arbeitet mit dem Kinderhospiz L\u00f6wenherz zusammen, um wichtige Themen wie Krankheit, Sterben, Tod und Trauer in den Schulalltag zu integrieren. Ziel dieser Kooperation ist es, Sch\u00fcler*innen Raum zu geben, sich mit diesen zentralen Lebensfragen auseinanderzusetzen und dar\u00fcber ins Gespr\u00e4ch zu kommen. Au\u00dferdem werden die sozialen Kompetenzen der Sch\u00fcler*innen dadurch gest\u00e4rkt. Im Rahmen der Zusammenarbeit unterst\u00fctzt L\u00f6wenherz unsere Schule durch Unterrichtsbesuche, Vortr\u00e4ge, sowie die Bereitstellung von Materialien und erm\u00f6glicht Einblicke vor Ort im Kinder- und Jugendhospiz. Die&#8230;<\/p>\n<p class=\"read-more\"><a class=\"btn btn-default\" href=\"https:\/\/wordpress.nibis.de\/knieberg\/kooperationspartner\/\">Weiterlesen<span class=\"screen-reader-text\"> Weiterlesen<\/span><\/a><\/p>\n","protected":false},"author":9193665,"featured_media":0,"parent":0,"menu_order":0,"comment_status":"closed","ping_status":"closed","template":"","meta":{"footnotes":""},"class_list":["post-1596","page","type-page","status-publish","hentry"],"_links":{"self":[{"href":"https:\/\/wordpress.nibis.de\/knieberg\/wp-json\/wp\/v2\/pages\/1596","targetHints":{"allow":["GET"]}}],"collection":[{"href":"https:\/\/wordpress.nibis.de\/knieberg\/wp-json\/wp\/v2\/pages"}],"about":[{"href":"https:\/\/wordpress.nibis.de\/knieberg\/wp-json\/wp\/v2\/types\/page"}],"author":[{"embeddable":true,"href":"https:\/\/wordpress.nibis.de\/knieberg\/wp-json\/wp\/v2\/users\/9193665"}],"replies":[{"embeddable":true,"href":"https:\/\/wordpress.nibis.de\/knieberg\/wp-json\/wp\/v2\/comments?post=1596"}],"version-history":[{"count":3,"href":"https:\/\/wordpress.nibis.de\/knieberg\/wp-json\/wp\/v2\/pages\/1596\/revisions"}],"predecessor-version":[{"id":1602,"href":"https:\/\/wordpress.nibis.de\/knieberg\/wp-json\/wp\/v2\/pages\/1596\/revisions\/1602"}],"wp:attachment":[{"href":"https:\/\/wordpress.nibis.de\/knieberg\/wp-json\/wp\/v2\/media?parent=1596"}],"curies":[{"name":"wp","href":"https:\/\/api.w.org\/{rel}","templated":true}]}}