{"id":269,"date":"2021-01-12T11:07:50","date_gmt":"2021-01-12T10:07:50","guid":{"rendered":"https:\/\/wordpress.nibis.de\/knieberg\/?page_id=269"},"modified":"2025-10-07T22:13:03","modified_gmt":"2025-10-07T20:13:03","slug":"foerderverein","status":"publish","type":"page","link":"https:\/\/wordpress.nibis.de\/knieberg\/foerderverein\/","title":{"rendered":"F\u00f6rderverein"},"content":{"rendered":"\n<figure class=\"wp-block-image size-large\"><img loading=\"lazy\" decoding=\"async\" width=\"1024\" height=\"724\" src=\"https:\/\/wordpress.nibis.de\/knieberg\/files\/2022\/05\/Foerderverein-2-1024x724.gif\" alt=\"\" class=\"wp-image-584\" srcset=\"https:\/\/wordpress.nibis.de\/knieberg\/files\/2022\/05\/Foerderverein-2-1024x724.gif 1024w, https:\/\/wordpress.nibis.de\/knieberg\/files\/2022\/05\/Foerderverein-2-300x212.gif 300w, https:\/\/wordpress.nibis.de\/knieberg\/files\/2022\/05\/Foerderverein-2-768x543.gif 768w, https:\/\/wordpress.nibis.de\/knieberg\/files\/2022\/05\/Foerderverein-2-1536x1086.gif 1536w, https:\/\/wordpress.nibis.de\/knieberg\/files\/2022\/05\/Foerderverein-2-382x270.gif 382w\" sizes=\"auto, (max-width: 1024px) 100vw, 1024px\" \/><\/figure>\n\n\n\n<p><strong>Verein zur F\u00f6rderung der Schule am Knieberg<br>-F\u00f6rderschule Geistige Entwicklung- e.V.<\/strong><br>Oedemer Weg 79<br>21335 L\u00fcneburg<br>Amtsgericht L\u00fcneburg, VR 1333<br>E-Mail:\u00a0<a href=\"&#109;&#x61;&#105;&#x6c;t&#111;&#x3a;&#102;&#x6f;e&#x72;d&#101;&#x72;&#118;&#x65;r&#x65;&#x69;&#110;&#x40;s&#x63;h&#117;&#x6c;&#101;&#x2d;k&#x6e;i&#101;&#x62;&#101;&#x72;g&#46;&#x64;&#101;\"><a rel=\"noreferrer noopener\" href=\"&#x6d;&#x61;&#x69;&#x6c;&#x74;&#x6f;&#x3a;&#x66;&#x6f;&#x65;&#x72;&#100;&#101;&#114;&#118;&#101;&#114;&#101;in&#64;kni&#x65;&#x62;&#x65;&#x72;&#x67;&#x2e;&#x6e;&#x65;&#x74;\" target=\"_blank\">fo&#101;&#114;&#100;&#x65;&#x72;&#x76;&#x65;re&#105;&#110;&#64;&#x6b;&#x6e;&#x69;&#x65;be&#114;&#103;&#46;&#x6e;&#x65;&#x74;<\/a><\/a><\/p>\n\n\n\n<p><strong>Vorsitzende<\/strong><\/p>\n\n\n\n<p>Sandra K\u00fchsel<\/p>\n\n\n\n<p><strong>Stellvertretende Vorsitzende<\/strong><\/p>\n\n\n\n<p>Marie Just<\/p>\n\n\n\n<p><strong>Mitglied im Gesamtvorstand<\/strong><\/p>\n\n\n\n<p>Silvia Deller<\/p>\n\n\n\n<p><strong>Spendenkonto<\/strong><br>Sparkasse L\u00fcneburg<br>IBAN: DE36 2405 0110 0001 0127 15<\/p>\n","protected":false},"excerpt":{"rendered":"<p>Verein zur F\u00f6rderung der Schule am Knieberg-F\u00f6rderschule Geistige Entwicklung- e.V.Oedemer Weg 7921335 L\u00fcneburgAmtsgericht L\u00fcneburg, VR 1333E-Mail:\u00a0foe&#114;&#100;&#101;&#114;&#x76;&#x65;&#x72;&#x65;&#x69;&#x6e;&#x40;kni&#101;&#98;&#101;&#114;&#103;&#x2e;&#x6e;&#x65;&#x74; Vorsitzende Sandra K\u00fchsel Stellvertretende Vorsitzende Marie Just Mitglied im Gesamtvorstand Silvia Deller SpendenkontoSparkasse L\u00fcneburgIBAN: DE36 2405 0110 0001 0127 15<\/p>\n","protected":false},"author":9193665,"featured_media":0,"parent":0,"menu_order":0,"comment_status":"closed","ping_status":"closed","template":"","meta":{"footnotes":""},"class_list":["post-269","page","type-page","status-publish","hentry"],"_links":{"self":[{"href":"https:\/\/wordpress.nibis.de\/knieberg\/wp-json\/wp\/v2\/pages\/269","targetHints":{"allow":["GET"]}}],"collection":[{"href":"https:\/\/wordpress.nibis.de\/knieberg\/wp-json\/wp\/v2\/pages"}],"about":[{"href":"https:\/\/wordpress.nibis.de\/knieberg\/wp-json\/wp\/v2\/types\/page"}],"author":[{"embeddable":true,"href":"https:\/\/wordpress.nibis.de\/knieberg\/wp-json\/wp\/v2\/users\/9193665"}],"replies":[{"embeddable":true,"href":"https:\/\/wordpress.nibis.de\/knieberg\/wp-json\/wp\/v2\/comments?post=269"}],"version-history":[{"count":12,"href":"https:\/\/wordpress.nibis.de\/knieberg\/wp-json\/wp\/v2\/pages\/269\/revisions"}],"predecessor-version":[{"id":1130,"href":"https:\/\/wordpress.nibis.de\/knieberg\/wp-json\/wp\/v2\/pages\/269\/revisions\/1130"}],"wp:attachment":[{"href":"https:\/\/wordpress.nibis.de\/knieberg\/wp-json\/wp\/v2\/media?parent=269"}],"curies":[{"name":"wp","href":"https:\/\/api.w.org\/{rel}","templated":true}]}}