{"id":281,"date":"2021-01-14T11:55:08","date_gmt":"2021-01-14T10:55:08","guid":{"rendered":"https:\/\/wordpress.nibis.de\/knieberg\/?page_id=281"},"modified":"2023-11-14T07:43:45","modified_gmt":"2023-11-14T06:43:45","slug":"schuelervertretung","status":"publish","type":"page","link":"https:\/\/wordpress.nibis.de\/knieberg\/schuelervertretung\/","title":{"rendered":"Sch\u00fclervertretung"},"content":{"rendered":"\n<p>Unsere Sch\u00fclervertretung (SV) ist in erster Linie f\u00fcr die Mitbestimmung der Sch\u00fclerschaft am Schulleben zust\u00e4ndig. Jede Klasse w\u00e4hlt zu Beginn des neuen Schuljahres zwei Klassensprecher*Innen, die als Ansprechpartner f\u00fcr Sch\u00fclerschaft und Lehrkraft dienen. In regelm\u00e4\u00dfig stattfindenden SV-Sitzungen treffen sich alle Klassensprecher*Innen der Schule und w\u00e4hlen zu Beginn des Jahres zwei Schulsprecher*Innen und ihre Vertreter*Innen.<\/p>\n\n\n\n<p>In diesem Schuljahr wurden <strong>Aymin<\/strong> (2. v.l.) und <strong>Cheyenne<\/strong> (3. v.l.) als Schulsprecher*Innen gew\u00e4hlt. <strong>Louis<\/strong> (1. v.l.), <strong>Leonie<\/strong> (4. v.l.) und <strong>Meyra<\/strong> (5. v.l.) wurden als Vertretungen gew\u00e4hlt.<\/p>\n\n\n\n<figure class=\"wp-block-image size-large\"><img loading=\"lazy\" decoding=\"async\" width=\"1024\" height=\"768\" src=\"https:\/\/wordpress.nibis.de\/knieberg\/files\/2023\/11\/IMG_20230925_123052-1024x768.jpg\" alt=\"\" class=\"wp-image-838\" srcset=\"https:\/\/wordpress.nibis.de\/knieberg\/files\/2023\/11\/IMG_20230925_123052-1024x768.jpg 1024w, https:\/\/wordpress.nibis.de\/knieberg\/files\/2023\/11\/IMG_20230925_123052-300x225.jpg 300w, https:\/\/wordpress.nibis.de\/knieberg\/files\/2023\/11\/IMG_20230925_123052-768x576.jpg 768w, https:\/\/wordpress.nibis.de\/knieberg\/files\/2023\/11\/IMG_20230925_123052-1536x1152.jpg 1536w, https:\/\/wordpress.nibis.de\/knieberg\/files\/2023\/11\/IMG_20230925_123052-2048x1536.jpg 2048w, https:\/\/wordpress.nibis.de\/knieberg\/files\/2023\/11\/IMG_20230925_123052-360x270.jpg 360w\" sizes=\"auto, (max-width: 1024px) 100vw, 1024px\" \/><\/figure>\n\n\n\n<p>Die Schulsprecher*Innen sprechen W\u00fcnsche an, f\u00fchren Gespr\u00e4che mit der Schulleitung und nehmen als stimmberechtigte Mitglieder an Konferenzen teil (Gesamtkonferenz, Schulvorstand). Dabei besprechen sie insbesondere die Punkte, die zuvor in der SV-Sitzung mit allen Klassensprecher*Innen der Schule thematisiert wurden. Die W\u00fcnsche k\u00f6nnen sich dabei beispielsweise um r\u00e4umliche Bedingungen der Schule, die Gestaltung des Schulhofs oder zuk\u00fcnftige Feste drehen.<\/p>\n\n\n\n<p>In der SV-Sitzung werden neben den W\u00fcnschen neue Konzepte und Regelungen der Schule erarbeitet und besprochen. Zudem werden Feste von der SV-Sitzung organisiert, wie bspw. die Karnevalsfeier. Zwei Lehrkr\u00e4fte (Frau Wi\u00dfmann und Frau Akkermann) organisieren die Sitzung und begleiten die Schulsprecher*Innen zu Gespr\u00e4chen und Konferenzen.<\/p>\n","protected":false},"excerpt":{"rendered":"<p>Unsere Sch\u00fclervertretung (SV) ist in erster Linie f\u00fcr die Mitbestimmung der Sch\u00fclerschaft am Schulleben zust\u00e4ndig. Jede Klasse w\u00e4hlt zu Beginn des neuen Schuljahres zwei Klassensprecher*Innen, die als Ansprechpartner f\u00fcr Sch\u00fclerschaft und Lehrkraft dienen. In regelm\u00e4\u00dfig stattfindenden SV-Sitzungen treffen sich alle Klassensprecher*Innen der Schule und w\u00e4hlen zu Beginn des Jahres zwei Schulsprecher*Innen und ihre Vertreter*Innen. In diesem Schuljahr wurden Aymin (2. v.l.) und Cheyenne (3. v.l.) als Schulsprecher*Innen gew\u00e4hlt. Louis (1. v.l.), Leonie (4. v.l.) und Meyra (5. v.l.) wurden als&#8230;<\/p>\n<p class=\"read-more\"><a class=\"btn btn-default\" href=\"https:\/\/wordpress.nibis.de\/knieberg\/schuelervertretung\/\">Weiterlesen<span class=\"screen-reader-text\"> Weiterlesen<\/span><\/a><\/p>\n","protected":false},"author":9193665,"featured_media":0,"parent":0,"menu_order":0,"comment_status":"closed","ping_status":"closed","template":"","meta":{"footnotes":""},"class_list":["post-281","page","type-page","status-publish","hentry"],"_links":{"self":[{"href":"https:\/\/wordpress.nibis.de\/knieberg\/wp-json\/wp\/v2\/pages\/281","targetHints":{"allow":["GET"]}}],"collection":[{"href":"https:\/\/wordpress.nibis.de\/knieberg\/wp-json\/wp\/v2\/pages"}],"about":[{"href":"https:\/\/wordpress.nibis.de\/knieberg\/wp-json\/wp\/v2\/types\/page"}],"author":[{"embeddable":true,"href":"https:\/\/wordpress.nibis.de\/knieberg\/wp-json\/wp\/v2\/users\/9193665"}],"replies":[{"embeddable":true,"href":"https:\/\/wordpress.nibis.de\/knieberg\/wp-json\/wp\/v2\/comments?post=281"}],"version-history":[{"count":3,"href":"https:\/\/wordpress.nibis.de\/knieberg\/wp-json\/wp\/v2\/pages\/281\/revisions"}],"predecessor-version":[{"id":840,"href":"https:\/\/wordpress.nibis.de\/knieberg\/wp-json\/wp\/v2\/pages\/281\/revisions\/840"}],"wp:attachment":[{"href":"https:\/\/wordpress.nibis.de\/knieberg\/wp-json\/wp\/v2\/media?parent=281"}],"curies":[{"name":"wp","href":"https:\/\/api.w.org\/{rel}","templated":true}]}}