{"id":289,"date":"2021-01-14T11:56:26","date_gmt":"2021-01-14T10:56:26","guid":{"rendered":"https:\/\/wordpress.nibis.de\/knieberg\/?page_id=289"},"modified":"2025-03-13T09:05:13","modified_gmt":"2025-03-13T08:05:13","slug":"bundesfreiwilligendienste","status":"publish","type":"page","link":"https:\/\/wordpress.nibis.de\/knieberg\/bundesfreiwilligendienste\/","title":{"rendered":"Bundesfreiwilligendienst"},"content":{"rendered":"<section id=\"\" class=\"nicdark_section  vc_row wpb_row vc_row-fluid\">\n<div class=\"nicdark_container nicdark_vc nicdark_clearfix\">\n<div class=\"wpb_column vc_column_container vc_col-sm-12\">\n<div class=\"vc_column-inner \">\n<div class=\"wpb_wrapper\">\n<div class=\"wpb_single_image wpb_content_element vc_align_center\">\n<figure class=\"wpb_wrapper vc_figure\">\n<div class=\"vc_single_image-wrapper   vc_box_border_grey\">\n<p>Bundesfreiwilligendienst (BFD) an der Schule am Knieberg<\/p>\n<p>Auch im kommenden Schuljahr 2025\/26 gibt es f\u00fcr Interessierte wieder die M\u00f6glichkeit, einen BFD an der Schule am Knieberg zu machen.<\/p>\n<p>In Zusammenarbeit mit Lehrkr\u00e4ften, P\u00e4dagogischen Fachkr\u00e4ften und Therapeutinnen unterst\u00fctzen die Freiwilligen unsere Sch\u00fclerInnen w\u00e4hrend des Unterrichts, in den Pausen, bei verschiedenen Angeboten wie der Fu\u00dfball \u2013 oder Zirkus-AG und anderen Situationen des Schulalltags. So bekommen sie Einblick in unterschiedliche Berufsfelder und p\u00e4dagogische und therapeutische Ans\u00e4tze.<\/p>\n<p>Ein BFD kann neue Perspektiven er\u00f6ffnen und \u00fcberraschende Wege f\u00fcr die eigene Lebensplanung aufzeigen &#8211; und bringt vor allem viel Spa\u00df im Erleben der besonderen Kinder und Jugendlichen, die unsere Schule besuchen!<\/p>\n<p>F\u00fcr weitere Informationen und ein pers\u00f6nliches Gespr\u00e4ch wendet euch bitte an:<\/p>\n<\/div>\n<\/figure>\n<\/div>\n<div class=\"vc_wp_text wpb_content_element\">\n<div class=\"widget widget_text\">\n<blockquote>\n<div class=\"wpb_column vc_column_container vc_col-sm-6\">\n<div class=\"vc_column-inner \">\n<div class=\"wpb_wrapper\">\n<div class=\" nicdark_archive1 nicdark_relative\"><i class=\"icon-phone-outline\"><\/i><\/p>\n<div class=\"nicdark_activity nicdark_marginleft70\">\n<h4>Ansprechpartnerin<\/h4>\n<p>Heide Peuckert<\/p>\n<\/div>\n<\/div>\n<\/div>\n<\/div>\n<\/div>\n<div class=\"wpb_column vc_column_container vc_col-sm-6\">\n<div class=\"vc_column-inner \">\n<div class=\"wpb_wrapper\">\n<div class=\" nicdark_archive1 nicdark_relative\"><i class=\"icon-mail-1\"><\/i><\/p>\n<div class=\"nicdark_activity nicdark_marginleft70\">\n<h4>E-Mail<\/h4>\n<p>&#x68;&#101;&#105;d&#x65;&#x2e;&#112;e&#x75;&#x63;&#107;er&#x74;&#64;&#107;n&#x69;&#x65;&#98;e&#x72;&#x67;&#46;&#110;e&#x74;<\/p>\n<\/div>\n<\/div>\n<\/div>\n<\/div>\n<\/div>\n<\/blockquote>\n<\/div>\n<\/div>\n<\/div>\n<\/div>\n<\/div>\n<\/div>\n<\/section>\n","protected":false},"excerpt":{"rendered":"<p>Bundesfreiwilligendienst (BFD) an der Schule am Knieberg Auch im kommenden Schuljahr 2025\/26 gibt es f\u00fcr Interessierte wieder die M\u00f6glichkeit, einen BFD an der Schule am Knieberg zu machen. In Zusammenarbeit mit Lehrkr\u00e4ften, P\u00e4dagogischen Fachkr\u00e4ften und Therapeutinnen unterst\u00fctzen die Freiwilligen unsere Sch\u00fclerInnen w\u00e4hrend des Unterrichts, in den Pausen, bei verschiedenen Angeboten wie der Fu\u00dfball \u2013 oder Zirkus-AG und anderen Situationen des Schulalltags. So bekommen sie Einblick in unterschiedliche Berufsfelder und p\u00e4dagogische und therapeutische Ans\u00e4tze. Ein BFD kann neue Perspektiven er\u00f6ffnen und&#8230;<\/p>\n<p class=\"read-more\"><a class=\"btn btn-default\" href=\"https:\/\/wordpress.nibis.de\/knieberg\/bundesfreiwilligendienste\/\">Weiterlesen<span class=\"screen-reader-text\"> Weiterlesen<\/span><\/a><\/p>\n","protected":false},"author":9193665,"featured_media":0,"parent":0,"menu_order":0,"comment_status":"closed","ping_status":"closed","template":"","meta":{"footnotes":""},"class_list":["post-289","page","type-page","status-publish","hentry"],"_links":{"self":[{"href":"https:\/\/wordpress.nibis.de\/knieberg\/wp-json\/wp\/v2\/pages\/289","targetHints":{"allow":["GET"]}}],"collection":[{"href":"https:\/\/wordpress.nibis.de\/knieberg\/wp-json\/wp\/v2\/pages"}],"about":[{"href":"https:\/\/wordpress.nibis.de\/knieberg\/wp-json\/wp\/v2\/types\/page"}],"author":[{"embeddable":true,"href":"https:\/\/wordpress.nibis.de\/knieberg\/wp-json\/wp\/v2\/users\/9193665"}],"replies":[{"embeddable":true,"href":"https:\/\/wordpress.nibis.de\/knieberg\/wp-json\/wp\/v2\/comments?post=289"}],"version-history":[{"count":8,"href":"https:\/\/wordpress.nibis.de\/knieberg\/wp-json\/wp\/v2\/pages\/289\/revisions"}],"predecessor-version":[{"id":1070,"href":"https:\/\/wordpress.nibis.de\/knieberg\/wp-json\/wp\/v2\/pages\/289\/revisions\/1070"}],"wp:attachment":[{"href":"https:\/\/wordpress.nibis.de\/knieberg\/wp-json\/wp\/v2\/media?parent=289"}],"curies":[{"name":"wp","href":"https:\/\/api.w.org\/{rel}","templated":true}]}}