{"id":529,"date":"2022-02-24T07:50:32","date_gmt":"2022-02-24T06:50:32","guid":{"rendered":"https:\/\/wordpress.nibis.de\/knieberg\/?page_id=529"},"modified":"2022-02-24T07:50:32","modified_gmt":"2022-02-24T06:50:32","slug":"befoerderung","status":"publish","type":"page","link":"https:\/\/wordpress.nibis.de\/knieberg\/befoerderung\/","title":{"rendered":"Bef\u00f6rderung"},"content":{"rendered":"\n<p><strong>Bustransport<\/strong><\/p>\n\n\n\n<p>Der gr\u00f6\u00dfte Teil der Sch\u00fcler*innen unserer Schule wird mit Bussen der Firma Rollicare bef\u00f6rdert. Die Firma nimmt mit den Eltern vor Schulbeginn Kontakt auf und plant die Fahrtrouten. Sollte es einmal ein Problem geben, k\u00f6nnen die Eltern und Erziehungsberechtigten die Firma unter folgender Telefonnummer erreichen.<\/p>\n\n\n\n<p><strong>04131\/6978070<\/strong><\/p>\n\n\n\n<p><strong>0176\/17757299<\/strong><\/p>\n\n\n\n<p><\/p>\n\n\n\n<p><strong>Witterungsbedingter Unterrichtsausfall:<\/strong><\/p>\n\n\n\n<p>Bei einem Unterrichtsausfall, der auf entsprechenden Internetseiten angek\u00fcndigt wird (<a href=\"https:\/\/www.vmz-niedersachsen.de\/schulausfall\">Schulausf\u00e4lle | (vmz-niedersachsen.de)<\/a>, (<a href=\"https:\/\/www.biwapp.de\/?kommune=landkreis-lueneburg\">BIWAPP \u2013 B\u00fcrger Info &amp; Warn App<\/a>) findet kein Transport der Sch\u00fclerinnen und Sch\u00fcler statt.<\/p>\n\n\n\n<p>F\u00fcr Eltern, die keine M\u00f6glichkeit der Betreuung ihres Kindes sehen und das Risiko des Transports \u00fcbernehmen, bietet die Schule eine Notgruppe am Knieberg an.<\/p>\n\n\n\n<p><a href=\"https:\/\/www.vmz-niedersachsen.de\/schulausfall\/\">Schulausf\u00e4lle VMZ Niedersachsen.url<\/a><\/p>\n\n\n\n<p><a href=\"https:\/\/www.biwapp.de\/?kommune=landkreis-lueneburg\">BIWAPP (Schulausf\u00e4lle).url<\/a><\/p>\n","protected":false},"excerpt":{"rendered":"<p>Bustransport Der gr\u00f6\u00dfte Teil der Sch\u00fcler*innen unserer Schule wird mit Bussen der Firma Rollicare bef\u00f6rdert. Die Firma nimmt mit den Eltern vor Schulbeginn Kontakt auf und plant die Fahrtrouten. Sollte es einmal ein Problem geben, k\u00f6nnen die Eltern und Erziehungsberechtigten die Firma unter folgender Telefonnummer erreichen. 04131\/6978070 0176\/17757299 Witterungsbedingter Unterrichtsausfall: Bei einem Unterrichtsausfall, der auf entsprechenden Internetseiten angek\u00fcndigt wird (Schulausf\u00e4lle | (vmz-niedersachsen.de), (BIWAPP \u2013 B\u00fcrger Info &amp; Warn App) findet kein Transport der Sch\u00fclerinnen und Sch\u00fcler statt. F\u00fcr Eltern, die&#8230;<\/p>\n<p class=\"read-more\"><a class=\"btn btn-default\" href=\"https:\/\/wordpress.nibis.de\/knieberg\/befoerderung\/\">Weiterlesen<span class=\"screen-reader-text\"> Weiterlesen<\/span><\/a><\/p>\n","protected":false},"author":9193665,"featured_media":0,"parent":0,"menu_order":0,"comment_status":"closed","ping_status":"closed","template":"","meta":{"footnotes":""},"class_list":["post-529","page","type-page","status-publish","hentry"],"_links":{"self":[{"href":"https:\/\/wordpress.nibis.de\/knieberg\/wp-json\/wp\/v2\/pages\/529","targetHints":{"allow":["GET"]}}],"collection":[{"href":"https:\/\/wordpress.nibis.de\/knieberg\/wp-json\/wp\/v2\/pages"}],"about":[{"href":"https:\/\/wordpress.nibis.de\/knieberg\/wp-json\/wp\/v2\/types\/page"}],"author":[{"embeddable":true,"href":"https:\/\/wordpress.nibis.de\/knieberg\/wp-json\/wp\/v2\/users\/9193665"}],"replies":[{"embeddable":true,"href":"https:\/\/wordpress.nibis.de\/knieberg\/wp-json\/wp\/v2\/comments?post=529"}],"version-history":[{"count":1,"href":"https:\/\/wordpress.nibis.de\/knieberg\/wp-json\/wp\/v2\/pages\/529\/revisions"}],"predecessor-version":[{"id":530,"href":"https:\/\/wordpress.nibis.de\/knieberg\/wp-json\/wp\/v2\/pages\/529\/revisions\/530"}],"wp:attachment":[{"href":"https:\/\/wordpress.nibis.de\/knieberg\/wp-json\/wp\/v2\/media?parent=529"}],"curies":[{"name":"wp","href":"https:\/\/api.w.org\/{rel}","templated":true}]}}