{"id":634,"date":"2022-06-15T09:59:45","date_gmt":"2022-06-15T07:59:45","guid":{"rendered":"https:\/\/wordpress.nibis.de\/knieberg\/?page_id=634"},"modified":"2022-06-15T09:59:45","modified_gmt":"2022-06-15T07:59:45","slug":"satzung","status":"publish","type":"page","link":"https:\/\/wordpress.nibis.de\/knieberg\/satzung\/","title":{"rendered":"Satzung"},"content":{"rendered":"\n<p>1 \/ 5<\/p>\n\n\n\n<p>F\u00f6rderverein der Schule am Knieberg e.V.<\/p>\n\n\n\n<p>Satzung vom 31. August 2017<\/p>\n\n\n\n<p><strong>\u00a7 1<\/strong><\/p>\n\n\n\n<p><strong>Name, Sitz, Gesch\u00e4ftsjahr<\/strong><\/p>\n\n\n\n<p>(1) Der Verein f\u00fchrt den Namen \u201eF\u00f6rderverein der Schule am Knieberg e.V.\u201c.<\/p>\n\n\n\n<p>(2) Der Sitz des Vereins ist L\u00fcneburg.<\/p>\n\n\n\n<p>(3) Der Verein ist in das Vereinsregister des Amtsgerichts L\u00fcneburg eingetragen.<\/p>\n\n\n\n<p>(4) Das Gesch\u00e4ftsjahr ist das Kalenderjahr.<\/p>\n\n\n\n<p><strong>\u00a7 2<\/strong><\/p>\n\n\n\n<p><strong>Zweck des Vereins<\/strong><\/p>\n\n\n\n<p>(1) 1Zweck des Vereins ist die F\u00f6rderung der Bildung und Erziehung der Sch\u00fclerinnen und<\/p>\n\n\n\n<p>Sch\u00fcler der Schule am Knieberg \u2013 F\u00f6rderschule Schwerpunkt Geistige Entwicklung. 2Der<\/p>\n\n\n\n<p>Verein will dazu beitragen, die Sch\u00fclerinnen und Sch\u00fcler in ihrer k\u00f6rperlichen und geistigen<\/p>\n\n\n\n<p>Entwicklung mit Blick auf ihre gesellschaftliche Teilhabe umfassend zu f\u00f6rdern und anzuregen.<\/p>\n\n\n\n<p>3Dies soll insbesondere durch folgende Aufgaben verwirklicht werden:<\/p>\n\n\n\n<p>1. Aufbringung von Mitteln, die vom Schultr\u00e4ger nicht geleistet werden k\u00f6nnen;<\/p>\n\n\n\n<p>2. Durchf\u00fchrung von Freizeitma\u00dfnahmen;<\/p>\n\n\n\n<p>3. F\u00f6rderung einer p\u00e4dagogischen Freizeitgestaltung;<\/p>\n\n\n\n<p>4. Durchf\u00fchrung von Fortbildungsveranstaltungen f\u00fcr die Erziehungsberechtigten;<\/p>\n\n\n\n<p>5. Unterst\u00fctzung von Sch\u00fclerfirmen, Schulprojekten und allgemeinen schulischen Veranstaltungen.<\/p>\n\n\n\n<p>(2) Bei Klassenreisen oder \u00e4hnlichen Veranstaltungen d\u00fcrfen aus Mitteln des Vereins nur dann<\/p>\n\n\n\n<p>Zuwendungen erfolgen, wenn die oder der Erziehungsberechtigte beziehungsweise die Erziehungsberechtigten nach Aussch\u00f6pfung aller M\u00f6glichkeiten, insbesondere Sozialleistungen,<\/p>\n\n\n\n<p>nicht in der Lage sind, die Kosten selbst zu tragen; Vorsch\u00fcsse sind m\u00f6glich.<\/p>\n\n\n\n<p><strong>\u00a7 3<\/strong><\/p>\n\n\n\n<p><strong>Gemeinn\u00fctzigkeit<\/strong><\/p>\n\n\n\n<p>(1) Der Verein verfolgt ausschlie\u00dflich und unmittelbar gemeinn\u00fctzige Zwecke im Sinne des<\/p>\n\n\n\n<p>Abschnitts \u201eSteuerbeg\u00fcnstige Zwecke\u201c der Abgabenordnung.<\/p>\n\n\n\n<p>(2) 1Der Verein ist selbstlos t\u00e4tig. 2Er verfolgt nicht in erster Linie eigenwirtschaftliche Zwecke.<\/p>\n\n\n\n<p>(3) 1Mittel des Vereins d\u00fcrfen nur f\u00fcr die satzungsm\u00e4\u00dfigen Zwecke verwendet werden. 2Die<\/p>\n\n\n\n<p>Mitglieder erhalten keine Zuwendungen aus Mitteln des Vereins. 3Es darf keine Person durch<\/p>\n\n\n\n<p>2 \/ 5<\/p>\n\n\n\n<p>Ausgaben, die dem Zweck des Vereins fremd sind, oder durch unverh\u00e4ltnism\u00e4\u00dfig hohe<\/p>\n\n\n\n<p>Verg\u00fctungen beg\u00fcnstigt werden.<\/p>\n\n\n\n<p>(4) Bei Aufl\u00f6sung oder Aufhebung des Vereins oder bei Wegfall seines bisherigen Zweckes f\u00e4llt<\/p>\n\n\n\n<p>das Verm\u00f6gen des Vereins dem Landkreis L\u00fcneburg als Schultr\u00e4ger zu, der es ausschlie\u00dflich<\/p>\n\n\n\n<p>und unmittelbar im Sinne des \u00a7 2 dieser Satzung zu verwenden hat.<\/p>\n\n\n\n<p><strong>\u00a7 4<\/strong><\/p>\n\n\n\n<p><strong>Mitgliedschaft<\/strong><\/p>\n\n\n\n<p>(1) Mitglieder des Vereins k\u00f6nnen nat\u00fcrliche und juristische Personen sowie sonstige rechtsf\u00e4hige Personenvereinigungen werden, wenn sie bereit sind, die Ziele und Zwecke des Vereins<\/p>\n\n\n\n<p>zu f\u00f6rdern.<\/p>\n\n\n\n<p>(2) Der Aufnahmeantrag ist schriftlich zu stellen.<\/p>\n\n\n\n<p>(3) 1Von den Mitgliedern werden Jahresbeitr\u00e4ge erhoben. 2Der Mitgliedsbeitrag ist zu Beginn<\/p>\n\n\n\n<p>eines jeden Gesch\u00e4ftsjahres f\u00e4llig.<\/p>\n\n\n\n<p>(4) 1Die Mitgliedschaft endet durch Tod, bei juristischen Personen und sonstigen rechtsf\u00e4higen Personenvereinigungen durch Verlust der Rechtsf\u00e4higkeit, K\u00fcndigung, Streichung<\/p>\n\n\n\n<p>oder Ausschluss. 2Der Austritt aus dem Verein erfolgt durch schriftliche Erkl\u00e4rung gegen\u00fcber<\/p>\n\n\n\n<p>einem vertretungsberechtigten Vorstandsmitglied (\u00a7 7). 3Er kann nur zum Schluss eines<\/p>\n\n\n\n<p>Gesch\u00e4ftsjahres erfolgen und ist bis sp\u00e4testens 30. September zu erkl\u00e4ren.<\/p>\n\n\n\n<p>(5) Der Vorstand (\u00a7 7) kann ein Mitglied streichen, wenn es trotz zweimaliger schriftlicher<\/p>\n\n\n\n<p>Mahnung den Jahresbeitrag nicht oder nicht vollst\u00e4ndig entrichtet.<\/p>\n\n\n\n<p><strong>\u00a7 5<\/strong><\/p>\n\n\n\n<p><strong>Organe<\/strong><\/p>\n\n\n\n<p>Die Organe des Vereins sind<\/p>\n\n\n\n<p>1. die Mitgliederversammlung,<\/p>\n\n\n\n<p>2. der Vorstand,<\/p>\n\n\n\n<p>3. der Gesamtvorstand.<\/p>\n\n\n\n<p><strong>\u00a7 6<\/strong><\/p>\n\n\n\n<p><strong>Mitgliederversammlung<\/strong><\/p>\n\n\n\n<p>(1) 1Die Mitgliederversammlung besteht aus den Mitgliedern des Vereins. 2In ihr hat jedes<\/p>\n\n\n\n<p>Mitglied eine Stimme. 3Die Mitgliedersammlung tritt mindestens einmal j\u00e4hrlich zusammen<\/p>\n\n\n\n<p>und ist von der Vorsitzenden oder dem Vorsitzenden (\u00a7 7) unter Mitteilung der Tagesordnung<\/p>\n\n\n\n<p>mit einer Frist von zwei Wochen schriftlich durch Brief oder E-Mail einzuberufen.<\/p>\n\n\n\n<p>(2) Zu den Aufgaben der Mitgliederversammlung geh\u00f6ren insbesondere<\/p>\n\n\n\n<p>1. die Beschlussfassung \u00fcber Antr\u00e4ge auf Satzungs\u00e4nderung und Aufl\u00f6sung des Vereins,<\/p>\n\n\n\n<p>2. die Wahl der Vorstandsmitglieder (\u00a7 7),<\/p>\n\n\n\n<p>3. die Wahl der Beisitzerinnen und Beisitzer im Gesamtvorstand (\u00a7 8),<\/p>\n\n\n\n<p>3 \/ 5<\/p>\n\n\n\n<p>4. die Entgegennahme des Rechenschaftsberichts des Vorstands (\u00a7 7) und die Entlastung<\/p>\n\n\n\n<p>des Vorstands (\u00a7 7),<\/p>\n\n\n\n<p>5. die Beschlussfassung \u00fcber die Festsetzung des Mitgliedsbeitrags.<\/p>\n\n\n\n<p>(3) 1Jede ordnungsgem\u00e4\u00df einberufene Mitgliederversammlung ist beschlussf\u00e4hig. 2Sie beschlie\u00dft mit einfacher Mehrheit der abgegebenen Stimmen.<\/p>\n\n\n\n<p>(4) \u00dcber die Beschl\u00fcsse der Mitgliederversammlung ist ein Protokoll anzufertigen, das von der<\/p>\n\n\n\n<p>Versammlungsleiterin oder dem Versammlungsleiter und der Protokollf\u00fchrerin oder dem<\/p>\n\n\n\n<p>Protokollf\u00fchrer zu unterzeichnen ist.<\/p>\n\n\n\n<p><strong>\u00a7 7<\/strong><\/p>\n\n\n\n<p><strong>Vorstand<\/strong><\/p>\n\n\n\n<p>(1) Der Vorstand besteht aus<\/p>\n\n\n\n<p>1. der Vorsitzenden oder dem Vorsitzenden,<\/p>\n\n\n\n<p>2. der stellvertretenden Vorsitzenden oder dem stellvertretenden Vorsitzenden.<\/p>\n\n\n\n<p>(2) 1Der Verein wird gerichtlich und au\u00dfergerichtlich durch die Vorsitzende oder den Vorsitzenden und durch die stellvertretende Vorsitzende oder den stellvertretenden Vorsitzenden vertreten. 2Jeder hat Einzelvertretungsbefugnis.<\/p>\n\n\n\n<p>(3) 1Der Vorstand wird auf zwei Jahre gew\u00e4hlt. 2Er bleibt bis zur Neu- beziehungsweise<\/p>\n\n\n\n<p>Wiederwahl des nachfolgenden Vorstands im Amt. 3Eine Wiederwahl der Vorstandsmitglieder<\/p>\n\n\n\n<p>ist m\u00f6glich.<\/p>\n\n\n\n<p>(4) 1Der Vorstand f\u00fchrt die laufenden Gesch\u00e4fte des Vereins. 2Ihm sind alle Aufgaben<\/p>\n\n\n\n<p>\u00fcbertragen, die nicht satzungsgem\u00e4\u00df in die Zust\u00e4ndigkeit des Gesamtvorstands (\u00a7 8) fallen.<\/p>\n\n\n\n<p>3Er ist verpflichtet, in allen wichtigen Angelegenheiten die Meinung des Gesamtvorstands (\u00a7 8)<\/p>\n\n\n\n<p>einzuholen.<\/p>\n\n\n\n<p><strong>\u00a7 8<\/strong><\/p>\n\n\n\n<p><strong>Gesamtvorstand<\/strong><\/p>\n\n\n\n<p>(1) Der Gesamtvorstand besteht aus<\/p>\n\n\n\n<p>1. dem Vorstand (\u00a7 7),<\/p>\n\n\n\n<p>2. bis zu sieben Beisitzern.<\/p>\n\n\n\n<p>(2) 1Die Beisitzerinnen oder Beisitzer werden auf zwei Jahre gew\u00e4hlt. 2Eine Wiederwahl ist<\/p>\n\n\n\n<p>m\u00f6glich.<\/p>\n\n\n\n<p>(3) 1Der Gesamtvorstand gibt sich eine Gesch\u00e4ftsordnung. 2Er beschlie\u00dft in Sitzungen, die vom<\/p>\n\n\n\n<p>Vorstand (\u00a7 7) einberufen und geleitet werden. 3Er ist beschlussf\u00e4hig, wenn mindestens die<\/p>\n\n\n\n<p>H\u00e4lfte seiner Mitglieder und ein vertretungsberechtigtes Vorstandsmitglied (\u00a7 7) anwesend<\/p>\n\n\n\n<p>sind. 4Die Abstimmungen erfolgen mit einfacher Mehrheit der abgegebenen Stimmen.<\/p>\n\n\n\n<p>(4) 1Der Gesamtvorstand entscheidet \u00fcber die satzungsgem\u00e4\u00dfe Verwendung der Mittel. 2Die<\/p>\n\n\n\n<p>Gesch\u00e4ftsordnung kann vorsehen, dass Beschl\u00fcsse \u00fcber die satzungsgem\u00e4\u00dfe Verwendung der<\/p>\n\n\n\n<p>4 \/ 5<\/p>\n\n\n\n<p>Mittel im Umlaufverfahren per E-Mail erfolgen k\u00f6nnen. 3Ferner kann die Gesch\u00e4ftsordnung<\/p>\n\n\n\n<p>dem Vorstand (\u00a7 7) ein Budget f\u00fcr allgemeine Verwaltungsausgaben zuweisen.<\/p>\n\n\n\n<p>(5) Geh\u00f6rt kein Mitglied des Gesamtvorstands dem Schulelternrat an, hat der Schulelternrat<\/p>\n\n\n\n<p>das Recht, eines seiner Mitglieder mit beratender Funktion an den Sitzungen des Gesamtvorstands teilnehmen zu lassen.<\/p>\n\n\n\n<p>(6) 1Geh\u00f6rt kein Mitglied des Gesamtvorstands der Schulleitung an, hat die Schulleiterin oder<\/p>\n\n\n\n<p>der Schulleiter das Recht, mit beratender Funktion an den Sitzungen des Gesamtvorstands<\/p>\n\n\n\n<p>teilzunehmen. 2Entsprechendes gilt f\u00fcr eine Vertreterin oder einen Vertreter des Kollegiums.<\/p>\n\n\n\n<p><strong>\u00a7 9<\/strong><\/p>\n\n\n\n<p><strong>Kassenpr\u00fcfung<\/strong><\/p>\n\n\n\n<p>(1) 1Die Mitgliederversammlung w\u00e4hlt zwei Kassenpr\u00fcferinnen oder Kassenpr\u00fcfer, die weder<\/p>\n\n\n\n<p>dem Gesamtvorstand (\u00a7 8) noch einem vom Gesamtvorstand berufenen Gremium angeh\u00f6ren<\/p>\n\n\n\n<p>d\u00fcrfen. 2Die Amtsdauer der Kassenpr\u00fcferinnen und Kassenpr\u00fcfer betr\u00e4gt zwei Jahre. 3Sie<\/p>\n\n\n\n<p>bleiben jedoch bis zur Wahl der Nachfolger oder Nachfolgerinnen im Amt.<\/p>\n\n\n\n<p>(2) 1Die Kassenpr\u00fcferinnen und Kassenpr\u00fcfer pr\u00fcfen mindestens einmal j\u00e4hrlich die sachliche<\/p>\n\n\n\n<p>und rechnerische Richtigkeit der gesamten Kasse des Vereins mit allen Konten, Buchungsunterlagen und Belegen. 2Sie erstatten dem Vorstand (\u00a7 7) und der Mitgliederversammlung<\/p>\n\n\n\n<p>dar\u00fcber einen Bericht.<\/p>\n\n\n\n<p><strong>\u00a7 10<\/strong><\/p>\n\n\n\n<p><strong>Datenschutz<\/strong><\/p>\n\n\n\n<p>(1) Ausschlie\u00dflich zur Erf\u00fcllung der Zwecke des Vereins werden unter Beachtung der gesetzlichen Vorgaben des Bundesdatenschutzgesetzes (BDSG) personenbezogene Daten \u00fcber<\/p>\n\n\n\n<p>pers\u00f6nliche und sachliche Verh\u00e4ltnisse der Mitglieder im Verein erfasst, gespeichert, \u00fcbermittelt und ver\u00e4ndert.<\/p>\n\n\n\n<p>(2) Jedes Mitglied des Vereins hat das Recht auf:<\/p>\n\n\n\n<p>1. Auskunft \u00fcber die zu seiner Person gespeicherten Daten;<\/p>\n\n\n\n<p>2. Berichtigung \u00fcber die zu seiner Person gespeicherten Daten, wenn sie unrichtig sind;<\/p>\n\n\n\n<p>3. Sperrung der zu seiner Person gespeicherten Daten, wenn sich bei behaupteten Fehlern<\/p>\n\n\n\n<p>weder deren Richtigkeit noch deren Unrichtigkeit feststellen l\u00e4sst;<\/p>\n\n\n\n<p>4. L\u00f6schung der zu seiner Person gespeicherten Daten, wenn die Speicherung unzul\u00e4ssig<\/p>\n\n\n\n<p>war.<\/p>\n\n\n\n<p>(3) 1Den Organen des Vereins oder f\u00fcr den Verein T\u00e4tigen ist es untersagt, personenbezogene<\/p>\n\n\n\n<p>Daten unbefugt zu anderen als dem zur jeweiligen Aufgabenerf\u00fcllung geh\u00f6renden Zweck zu<\/p>\n\n\n\n<p>verarbeiten, bekannt zu geben, Dritten zug\u00e4nglich zu machen oder sonst zu nutzen. 2Diese<\/p>\n\n\n\n<p>Pflicht besteht auch \u00fcber das Ausscheiden der oben genannten Personen aus dem Verein<\/p>\n\n\n\n<p>hinaus.<\/p>\n\n\n\n<p>5 \/ 5<\/p>\n\n\n\n<p><strong>\u00a7 11<\/strong><\/p>\n\n\n\n<p><strong>Aufl\u00f6sung<\/strong><\/p>\n\n\n\n<p>(1) Die Aufl\u00f6sung des Vereins erfolgt durch Beschluss der Mitgliederversammlung.<\/p>\n\n\n\n<p>(2) Der Beschluss zur Aufl\u00f6sung bedarf der Mehrheit von zwei Dritteln der abgegebenen<\/p>\n\n\n\n<p>Stimmen.<\/p>\n\n\n\n<p><strong>\u00a7 12<\/strong><\/p>\n\n\n\n<p><strong>Inkrafttreten<\/strong><\/p>\n\n\n\n<p>Diese Satzung tritt mit der Eintragung in das Vereinsregister des Amtsgericht L\u00fcneburg in<\/p>\n\n\n\n<p>Kraft.<\/p>\n\n\n\n<p>L\u00fcneburg, 31. August 2017<\/p>\n","protected":false},"excerpt":{"rendered":"<p>1 \/ 5 F\u00f6rderverein der Schule am Knieberg e.V. Satzung vom 31. August 2017 \u00a7 1 Name, Sitz, Gesch\u00e4ftsjahr (1) Der Verein f\u00fchrt den Namen \u201eF\u00f6rderverein der Schule am Knieberg e.V.\u201c. (2) Der Sitz des Vereins ist L\u00fcneburg. (3) Der Verein ist in das Vereinsregister des Amtsgerichts L\u00fcneburg eingetragen. (4) Das Gesch\u00e4ftsjahr ist das Kalenderjahr. \u00a7 2 Zweck des Vereins (1) 1Zweck des Vereins ist die F\u00f6rderung der Bildung und Erziehung der Sch\u00fclerinnen und Sch\u00fcler der Schule am Knieberg \u2013&#8230;<\/p>\n<p class=\"read-more\"><a class=\"btn btn-default\" href=\"https:\/\/wordpress.nibis.de\/knieberg\/satzung\/\">Weiterlesen<span class=\"screen-reader-text\"> Weiterlesen<\/span><\/a><\/p>\n","protected":false},"author":9193665,"featured_media":0,"parent":0,"menu_order":0,"comment_status":"closed","ping_status":"closed","template":"","meta":{"footnotes":""},"class_list":["post-634","page","type-page","status-publish","hentry"],"_links":{"self":[{"href":"https:\/\/wordpress.nibis.de\/knieberg\/wp-json\/wp\/v2\/pages\/634","targetHints":{"allow":["GET"]}}],"collection":[{"href":"https:\/\/wordpress.nibis.de\/knieberg\/wp-json\/wp\/v2\/pages"}],"about":[{"href":"https:\/\/wordpress.nibis.de\/knieberg\/wp-json\/wp\/v2\/types\/page"}],"author":[{"embeddable":true,"href":"https:\/\/wordpress.nibis.de\/knieberg\/wp-json\/wp\/v2\/users\/9193665"}],"replies":[{"embeddable":true,"href":"https:\/\/wordpress.nibis.de\/knieberg\/wp-json\/wp\/v2\/comments?post=634"}],"version-history":[{"count":1,"href":"https:\/\/wordpress.nibis.de\/knieberg\/wp-json\/wp\/v2\/pages\/634\/revisions"}],"predecessor-version":[{"id":635,"href":"https:\/\/wordpress.nibis.de\/knieberg\/wp-json\/wp\/v2\/pages\/634\/revisions\/635"}],"wp:attachment":[{"href":"https:\/\/wordpress.nibis.de\/knieberg\/wp-json\/wp\/v2\/media?parent=634"}],"curies":[{"name":"wp","href":"https:\/\/api.w.org\/{rel}","templated":true}]}}