{"id":636,"date":"2022-06-15T12:09:44","date_gmt":"2022-06-15T10:09:44","guid":{"rendered":"https:\/\/wordpress.nibis.de\/knieberg\/?page_id=636"},"modified":"2025-10-07T22:14:25","modified_gmt":"2025-10-07T20:14:25","slug":"kontakte","status":"publish","type":"page","link":"https:\/\/wordpress.nibis.de\/knieberg\/kontakte\/","title":{"rendered":"Kontakte"},"content":{"rendered":"\n<p><strong>Verein zur F\u00f6rderung der Schule am Knieberg<br>-F\u00f6rderschule Geistige Entwicklung- e.V.<\/strong><br>Oedemer Weg 79<br>21335 L\u00fcneburg<br>Amtsgericht L\u00fcneburg, VR 1333<br>E-Mail: <a href=\"&#109;&#x61;i&#x6c;&#x74;&#111;&#x3a;f&#111;&#x65;&#114;&#x64;e&#114;&#x76;e&#x72;e&#105;&#x6e;&#64;&#x73;&#x63;&#104;&#x75;l&#101;&#x2d;&#107;&#x6e;i&#101;&#x62;&#101;&#x72;g&#46;&#x64;e\"><a rel=\"noreferrer noopener\" href=\"&#x6d;&#x61;&#105;&#108;t&#x6f;&#x3a;&#x66;&#111;&#101;r&#x64;&#x65;&#x72;&#118;&#101;r&#x65;&#x69;&#x6e;&#64;&#107;n&#x69;&#x65;&#x62;&#101;rg&#x2e;&#x6e;&#x65;&#116;\" target=\"_blank\">&#102;&#x6f;&#x65;&#114;&#x64;&#x65;&#114;&#x76;&#x65;&#114;&#x65;&#x69;&#110;&#x40;&#x6b;&#110;&#x69;&#x65;&#98;&#x65;&#x72;&#103;&#x2e;&#x6e;&#101;&#x74;<\/a><\/a><\/p>\n\n\n\n<p><\/p>\n\n\n\n<p><strong>Vorsitzende<\/strong><\/p>\n\n\n\n<p>Sandra K\u00fchsel<\/p>\n\n\n\n<p><\/p>\n\n\n\n<p><strong>Stellvertretende Vorsitzende<\/strong><\/p>\n\n\n\n<p>Marie Just<\/p>\n\n\n\n<p><\/p>\n\n\n\n<p><strong>Mitglied im Gesamtvorstand<\/strong><\/p>\n\n\n\n<p>Silvia Deller<\/p>\n\n\n\n<p><\/p>\n\n\n\n<p><strong>Spendenkonto<\/strong><br>Sparkasse L\u00fcneburg<br>IBAN: DE36 2405 0110 0001 0127 15<\/p>\n\n\n\n<figure class=\"wp-block-image size-large\"><img loading=\"lazy\" decoding=\"async\" width=\"1024\" height=\"768\" src=\"https:\/\/wordpress.nibis.de\/knieberg\/files\/2023\/01\/Foto-zu-Kontaktdaten-1024x768.jpeg\" alt=\"\" class=\"wp-image-715\" srcset=\"https:\/\/wordpress.nibis.de\/knieberg\/files\/2023\/01\/Foto-zu-Kontaktdaten-1024x768.jpeg 1024w, https:\/\/wordpress.nibis.de\/knieberg\/files\/2023\/01\/Foto-zu-Kontaktdaten-300x225.jpeg 300w, https:\/\/wordpress.nibis.de\/knieberg\/files\/2023\/01\/Foto-zu-Kontaktdaten-768x576.jpeg 768w, https:\/\/wordpress.nibis.de\/knieberg\/files\/2023\/01\/Foto-zu-Kontaktdaten-1536x1152.jpeg 1536w, https:\/\/wordpress.nibis.de\/knieberg\/files\/2023\/01\/Foto-zu-Kontaktdaten-360x270.jpeg 360w, https:\/\/wordpress.nibis.de\/knieberg\/files\/2023\/01\/Foto-zu-Kontaktdaten.jpeg 1600w\" sizes=\"auto, (max-width: 1024px) 100vw, 1024px\" \/><\/figure>\n","protected":false},"excerpt":{"rendered":"<p>Verein zur F\u00f6rderung der Schule am Knieberg-F\u00f6rderschule Geistige Entwicklung- e.V.Oedemer Weg 7921335 L\u00fcneburgAmtsgericht L\u00fcneburg, VR 1333E-Mail: &#102;&#x6f;&#101;&#x72;&#100;&#x65;&#114;&#x76;&#101;&#x72;&#101;&#x69;n&#x40;k&#x6e;i&#x65;b&#x65;r&#x67;&#46;&#110;&#x65;&#116; Vorsitzende Sandra K\u00fchsel Stellvertretende Vorsitzende Marie Just Mitglied im Gesamtvorstand Silvia Deller SpendenkontoSparkasse L\u00fcneburgIBAN: DE36 2405 0110 0001 0127 15<\/p>\n","protected":false},"author":9193665,"featured_media":0,"parent":0,"menu_order":0,"comment_status":"closed","ping_status":"closed","template":"","meta":{"footnotes":""},"class_list":["post-636","page","type-page","status-publish","hentry"],"_links":{"self":[{"href":"https:\/\/wordpress.nibis.de\/knieberg\/wp-json\/wp\/v2\/pages\/636","targetHints":{"allow":["GET"]}}],"collection":[{"href":"https:\/\/wordpress.nibis.de\/knieberg\/wp-json\/wp\/v2\/pages"}],"about":[{"href":"https:\/\/wordpress.nibis.de\/knieberg\/wp-json\/wp\/v2\/types\/page"}],"author":[{"embeddable":true,"href":"https:\/\/wordpress.nibis.de\/knieberg\/wp-json\/wp\/v2\/users\/9193665"}],"replies":[{"embeddable":true,"href":"https:\/\/wordpress.nibis.de\/knieberg\/wp-json\/wp\/v2\/comments?post=636"}],"version-history":[{"count":4,"href":"https:\/\/wordpress.nibis.de\/knieberg\/wp-json\/wp\/v2\/pages\/636\/revisions"}],"predecessor-version":[{"id":1131,"href":"https:\/\/wordpress.nibis.de\/knieberg\/wp-json\/wp\/v2\/pages\/636\/revisions\/1131"}],"wp:attachment":[{"href":"https:\/\/wordpress.nibis.de\/knieberg\/wp-json\/wp\/v2\/media?parent=636"}],"curies":[{"name":"wp","href":"https:\/\/api.w.org\/{rel}","templated":true}]}}