{"id":643,"date":"2022-06-15T12:58:54","date_gmt":"2022-06-15T10:58:54","guid":{"rendered":"https:\/\/wordpress.nibis.de\/knieberg\/?page_id=643"},"modified":"2023-08-27T09:20:36","modified_gmt":"2023-08-27T07:20:36","slug":"flyer","status":"publish","type":"page","link":"https:\/\/wordpress.nibis.de\/knieberg\/flyer\/","title":{"rendered":"Spenden"},"content":{"rendered":"\n<p>Unser F\u00f6rderverein ist beim Spendenportal Schulengel registriert:<\/p>\n\n\n\n<p><strong><a href=\"https:\/\/www.schulengel.de\/einrichtungen\/details\/13518-foerderverein-der-schule-am-knieberg-ev\" target=\"_blank\" rel=\"noreferrer noopener\">F\u00f6rderverein der Schule am Knieberg e.V. | Schulengel.de<\/a><\/strong><\/p>\n\n\n\n<p><\/p>\n\n\n\n<p>Mit Ihrem Einkauf \u00fcber dieses Portal k\u00f6nnen Sie f\u00fcr Sie <strong>kostenfrei <\/strong>f\u00fcr eine Spende sorgen.<\/p>\n\n\n\n<p><strong><a href=\"https:\/\/www.schulengel.de\/cms\/entdecken\/so-gehts\/\" target=\"_blank\" rel=\"noreferrer noopener\">Kostenfrei Spenden<\/a><\/strong><\/p>\n\n\n\n<p>https:\/\/www.schulengel.de\/cms\/entdecken\/so-gehts\/<\/p>\n","protected":false},"excerpt":{"rendered":"<p>Unser F\u00f6rderverein ist beim Spendenportal Schulengel registriert: F\u00f6rderverein der Schule am Knieberg e.V. | Schulengel.de Mit Ihrem Einkauf \u00fcber dieses Portal k\u00f6nnen Sie f\u00fcr Sie kostenfrei f\u00fcr eine Spende sorgen. Kostenfrei Spenden https:\/\/www.schulengel.de\/cms\/entdecken\/so-gehts\/<\/p>\n","protected":false},"author":9193665,"featured_media":0,"parent":0,"menu_order":0,"comment_status":"closed","ping_status":"closed","template":"","meta":{"footnotes":""},"class_list":["post-643","page","type-page","status-publish","hentry"],"_links":{"self":[{"href":"https:\/\/wordpress.nibis.de\/knieberg\/wp-json\/wp\/v2\/pages\/643","targetHints":{"allow":["GET"]}}],"collection":[{"href":"https:\/\/wordpress.nibis.de\/knieberg\/wp-json\/wp\/v2\/pages"}],"about":[{"href":"https:\/\/wordpress.nibis.de\/knieberg\/wp-json\/wp\/v2\/types\/page"}],"author":[{"embeddable":true,"href":"https:\/\/wordpress.nibis.de\/knieberg\/wp-json\/wp\/v2\/users\/9193665"}],"replies":[{"embeddable":true,"href":"https:\/\/wordpress.nibis.de\/knieberg\/wp-json\/wp\/v2\/comments?post=643"}],"version-history":[{"count":2,"href":"https:\/\/wordpress.nibis.de\/knieberg\/wp-json\/wp\/v2\/pages\/643\/revisions"}],"predecessor-version":[{"id":812,"href":"https:\/\/wordpress.nibis.de\/knieberg\/wp-json\/wp\/v2\/pages\/643\/revisions\/812"}],"wp:attachment":[{"href":"https:\/\/wordpress.nibis.de\/knieberg\/wp-json\/wp\/v2\/media?parent=643"}],"curies":[{"name":"wp","href":"https:\/\/api.w.org\/{rel}","templated":true}]}}